{"id":8232,"date":"2024-07-26T10:58:22","date_gmt":"2024-07-26T08:58:22","guid":{"rendered":"https:\/\/zeodeo.store\/?post_type=product&#038;p=8232"},"modified":"2025-03-04T10:01:51","modified_gmt":"2025-03-04T08:01:51","slug":"extra-paladzini-kaku-pakaisu-kastei","status":"publish","type":"product","link":"https:\/\/zeodeo.store\/lv\/absorbejosie-paladzini\/extra-paladzini-kaku-pakaisu-kastei\/","title":{"rendered":"Absorb\u0113jo\u0161ie paladzi\u0146i &#8211; EXTRA"},"content":{"rendered":"<p><strong>Iepakojum\u0101: 10\/20\/50 gab.<\/strong><\/p>\n<p>Augsti efekt\u012bvs un ekonomisks risin\u0101jums t\u012br\u012bbas un higi\u0113nas uztur\u0113\u0161anai ka\u0137u tualet\u0113s ilgsto\u0161i. To kvalit\u0101te un \u012bpa\u0161\u012bbas nodro\u0161ina ilgsto\u0161u aizsardz\u012bbu un komfortu j\u016bsu m\u0101jdz\u012bvniekiem. Vienam vid\u0113jam ka\u0137im \u0161\u012b liel\u0101 iepakojuma (50 gab.) parasti pietiek gandr\u012bz uz gadu.<\/p>\n<p><strong>Lieto\u0161anas instrukcija<\/strong><\/p>\n<p><strong>Sagatavo\u0161ana lieto\u0161anai:<\/strong><\/p>\n<ol>\n<li>Pa\u0146emiet jaunu auti\u0146u un izkl\u0101jiet to.<\/li>\n<li>Izl\u012bdziniet auti\u0146u ar rok\u0101m, lai izl\u012bdzin\u0101tu krokas uz loc\u012bjumiem.<\/li>\n<li>Auti\u0146\u0161 ir pietiekami elast\u012bgs, un j\u016bs varat to izstiept garum\u0101 un platum\u0101, ja jums \u0161\u0137iet, ka t\u0101 uzs\u016bco\u0161\u0101 da\u013ca ir maz\u0101ka par paletni, kur\u0101 t\u0101 tiks ievietota.<\/li>\n<li>Novietojiet auti\u0146u nor\u0101d\u012btaj\u0101 viet\u0101, uzs\u016bco\u0161\u0101 puse uz aug\u0161u.<\/li>\n<li>Izl\u012bdziniet auti\u0146u t\u0101, lai auti\u0146a mal\u0101m b\u016btu j\u0101skat\u0101s uz aug\u0161u un j\u0101piegu\u013c pie mal\u0101m.<\/li>\n<li>Auti\u0146am j\u0101b\u016bt izkl\u0101tam t\u0101, lai \u0161\u0137idrums nep\u0101rsniegtu auti\u0146a malu.<\/li>\n<\/ol>\n<p><strong>K\u0101 un kad main\u012bt auti\u0146u.<\/strong><\/p>\n<p>Visdr\u012bz\u0101k j\u016bs intuit\u012bvi saprat\u012bsiet, ka auti\u0146u ir nepiecie\u0161ams nomain\u012bt, kad to nov\u0113rosiet.<\/p>\n<p>Ide\u0101li, ir j\u0101no\u0137er br\u012bdis, kad auti\u0146\u0161 jau ir pilns, bet, nomainot to, \u0161\u0137idrums neizpl\u016bst.<\/p>\n<p>Lai saprastu, ka auti\u0146am ir laiks main\u012bties, paceliet auti\u0146a st\u016bri, lai tas saliektos. Ja \u0161\u0137idrums tiek izspiest no absorbenta un to redz, tad auti\u0146\u0161 ir piepild\u012bjies un tas j\u0101maina.<\/p>\n<p>Ja j\u016bs esat nomain\u012bjis auti\u0146u laik\u0101 un pie mai\u0146as nekas nav izpl\u016bdis, tad paleti no auti\u0146a nav j\u0101mazg\u0101, jo ur\u012bns nav sask\u0101ries ar plastiku.<\/p>\n<p>Ja pie mai\u0146as ur\u012bns non\u0101k kast\u0113, nomazg\u0101jiet to ar ziep\u0113m vai dezinfekcijas l\u012bdzekli.<\/p>\n<p><strong>Auti\u0146\u0161 ir 100% \u016bdensnecaurlaid\u012bgs.<\/strong> Ja j\u016bs atkl\u0101jat \u0161\u0137idrumu zem auti\u0146a, tas var noz\u012bm\u0113t tikai vienu no trim variantiem:<\/p>\n<ol>\n<li>Auti\u0146\u0161 nav kvalitat\u012bvi izkl\u0101ts un \u0161\u0137idrums pl\u016bst p\u0101ri auti\u0146a malai. P\u0101rliecinieties, ka, uzst\u0101dot jaunu auti\u0146u, tas ir labi izkl\u0101ts.<\/li>\n<li>J\u016bs aizmirs\u0101t nomain\u012bt auti\u0146u, un tas ir piepild\u012bjies tik daudz, ka \u0161\u0137idrums pl\u016bst p\u0101ri malai.<\/li>\n<li>Apak\u0161\u0113jais, \u016bdensnecaurlaid\u012bgais auti\u0146a sl\u0101nis ir boj\u0101ts un tam ir caurums.<\/li>\n<\/ol>\n<p><strong>Piev\u0113rsiet uzman\u012bbu:<\/strong><\/p>\n<p>Pagrieziet paleti ar auti\u0146u par 180 gr\u0101diem lieto\u0161anas laik\u0101. Parasti ka\u0137is urin\u0113 noteikt\u0101 tualetes da\u013c\u0101, un ur\u012bns non\u0101k tikai vien\u0101 auti\u0146a pus\u0113. Pagrieziet paleti ar auti\u0146u par 180 gr\u0101diem, lai \u0161\u0137idrums tiktu izplat\u012bts pa visu auti\u0146a virsmu vienm\u0113r\u012bg\u0101k.<\/p>\n<p>Kalpo\u0161anas laiks un uzs\u016bktsp\u0113ja var at\u0161\u0137irties katr\u0101 konkr\u0113taj\u0101 gad\u012bjum\u0101. Uzs\u016bktsp\u0113jas iesp\u0113jas ir atkar\u012bgas no gaisa mitruma un temperat\u016bras. Visliel\u0101ko noz\u012bmi sp\u0113l\u0113 dz\u012bvnieka ur\u012bna sast\u0101vs &#8211; s\u0101\u013ci, bakt\u0113rijas un citas piemais\u012bjumi var izn\u012bcin\u0101t absorbentu.<\/p>\n<p>Ja j\u016bs j\u016btat smar\u017eu no auti\u0146a telp\u0101 pirms t\u0101 piepild\u012b\u0161anas, konsult\u0113jieties ar p\u0101rdev\u0113ju. J\u016bs varat izmantot ar\u012b \u012bpa\u0161u dezodorantu auti\u0146iem. Dezodorants izn\u012bcina ur\u012bn\u0101 eso\u0161\u0101s saites, nov\u0113r\u0161 absorbenta izn\u012bcin\u0101\u0161anu un t\u0101d\u0113j\u0101di nov\u0113r\u0161 smaku veido\u0161anos un pagarina auti\u0146a kalpo\u0161anas laiku.<\/p>\n","protected":false},"excerpt":{"rendered":"<p>Lieliski piem\u0113rots Tidy Cats Breeze pakai\u0161u kastei<\/p>\n<p>cena par komplektu 10 gab.<\/p>\n","protected":false},"featured_media":17533,"template":"","meta":[],"product_cat":[321],"product_tag":[228,229,233,232,231,230],"yoast_head":"<!-- This site is optimized with the Yoast SEO Premium plugin v22.2 (Yoast SEO v23.5) - https:\/\/yoast.com\/wordpress\/plugins\/seo\/ -->\n<title>Paladzi\u0146i ar augstu absorb\u0113\u0161anas sp\u0113ju ka\u0137u pakai\u0161u kastei - ZeoDeo<\/title>\n<meta name=\"description\" content=\"Uzlabojiet sava ka\u0137a vidi, izmantojot EXTRA tipa super uzs\u016bco\u0161os paladzi\u0146us, ir pieejami 10, 20, 50 gabalu iepakojumos. M\u0101jdz\u012bvnieku palikt\u0146i nov\u0113rs\u012bs nepat\u012bkamas smakas no ka\u0137u tualetes, k\u0101 ar\u012b nodro\u0161in\u0101s t\u012br\u012bbu un svaigumu m\u0101j\u0101s. Teicams risin\u0101jums ka\u0137a higi\u0113nas uztur\u0113\u0161anai.\" \/>\n<meta name=\"robots\" content=\"index, follow, max-snippet:-1, max-image-preview:large, max-video-preview:-1\" \/>\n<link rel=\"canonical\" href=\"https:\/\/zeodeo.store\/lv\/absorbejosie-paladzini\/extra-paladzini-kaku-pakaisu-kastei\/\" \/>\n<meta property=\"og:locale\" content=\"lv_LV\" \/>\n<meta property=\"og:type\" content=\"article\" \/>\n<meta property=\"og:title\" content=\"Absorb\u0113jo\u0161ie paladzi\u0146i - EXTRA\" \/>\n<meta property=\"og:description\" content=\"Uzlabojiet sava ka\u0137a vidi, izmantojot EXTRA tipa super uzs\u016bco\u0161os paladzi\u0146us, ir pieejami 10, 20, 50 gabalu iepakojumos. M\u0101jdz\u012bvnieku palikt\u0146i nov\u0113rs\u012bs nepat\u012bkamas smakas no ka\u0137u tualetes, k\u0101 ar\u012b nodro\u0161in\u0101s t\u012br\u012bbu un svaigumu m\u0101j\u0101s. Teicams risin\u0101jums ka\u0137a higi\u0113nas uztur\u0113\u0161anai.\" \/>\n<meta property=\"og:url\" content=\"https:\/\/zeodeo.store\/lv\/absorbejosie-paladzini\/extra-paladzini-kaku-pakaisu-kastei\/\" \/>\n<meta property=\"og:site_name\" content=\"Zeodeo\" \/>\n<meta property=\"article:modified_time\" content=\"2025-03-04T08:01:51+00:00\" \/>\n<meta property=\"og:image\" content=\"https:\/\/zeodeo.store\/wp-content\/uploads\/2024\/09\/Extra-3x-1.jpg\" \/>\n\t<meta property=\"og:image:width\" content=\"1563\" \/>\n\t<meta property=\"og:image:height\" content=\"1563\" \/>\n\t<meta property=\"og:image:type\" content=\"image\/jpeg\" \/>\n<meta name=\"twitter:card\" content=\"summary_large_image\" \/>\n<script type=\"application\/ld+json\" class=\"yoast-schema-graph\">{\"@context\":\"https:\/\/schema.org\",\"@graph\":[{\"@type\":\"WebPage\",\"@id\":\"https:\/\/zeodeo.store\/lv\/absorbejosie-paladzini\/extra-paladzini-kaku-pakaisu-kastei\/\",\"url\":\"https:\/\/zeodeo.store\/lv\/absorbejosie-paladzini\/extra-paladzini-kaku-pakaisu-kastei\/\",\"name\":\"Paladzi\u0146i ar augstu absorb\u0113\u0161anas sp\u0113ju ka\u0137u pakai\u0161u kastei - ZeoDeo\",\"isPartOf\":{\"@id\":\"https:\/\/zeodeo.store\/lv\/#website\"},\"primaryImageOfPage\":{\"@id\":\"https:\/\/zeodeo.store\/lv\/absorbejosie-paladzini\/extra-paladzini-kaku-pakaisu-kastei\/#primaryimage\"},\"image\":{\"@id\":\"https:\/\/zeodeo.store\/lv\/absorbejosie-paladzini\/extra-paladzini-kaku-pakaisu-kastei\/#primaryimage\"},\"thumbnailUrl\":\"https:\/\/zeodeo.store\/wp-content\/uploads\/2024\/07\/absorbing-pads-4.png\",\"datePublished\":\"2024-07-26T08:58:22+00:00\",\"dateModified\":\"2025-03-04T08:01:51+00:00\",\"description\":\"Uzlabojiet sava ka\u0137a vidi, izmantojot EXTRA tipa super uzs\u016bco\u0161os paladzi\u0146us, ir pieejami 10, 20, 50 gabalu iepakojumos. M\u0101jdz\u012bvnieku palikt\u0146i nov\u0113rs\u012bs nepat\u012bkamas smakas no ka\u0137u tualetes, k\u0101 ar\u012b nodro\u0161in\u0101s t\u012br\u012bbu un svaigumu m\u0101j\u0101s. Teicams risin\u0101jums ka\u0137a higi\u0113nas uztur\u0113\u0161anai.\",\"breadcrumb\":{\"@id\":\"https:\/\/zeodeo.store\/lv\/absorbejosie-paladzini\/extra-paladzini-kaku-pakaisu-kastei\/#breadcrumb\"},\"inLanguage\":\"lv-LV\",\"potentialAction\":[{\"@type\":\"ReadAction\",\"target\":[\"https:\/\/zeodeo.store\/lv\/absorbejosie-paladzini\/extra-paladzini-kaku-pakaisu-kastei\/\"]}]},{\"@type\":\"ImageObject\",\"inLanguage\":\"lv-LV\",\"@id\":\"https:\/\/zeodeo.store\/lv\/absorbejosie-paladzini\/extra-paladzini-kaku-pakaisu-kastei\/#primaryimage\",\"url\":\"https:\/\/zeodeo.store\/wp-content\/uploads\/2024\/07\/absorbing-pads-4.png\",\"contentUrl\":\"https:\/\/zeodeo.store\/wp-content\/uploads\/2024\/07\/absorbing-pads-4.png\",\"width\":2000,\"height\":2000,\"caption\":\"ZeoDeo absorbing pads extra for dual cat liiter systems use with zeolite mordenite pellets\"},{\"@type\":\"BreadcrumbList\",\"@id\":\"https:\/\/zeodeo.store\/lv\/absorbejosie-paladzini\/extra-paladzini-kaku-pakaisu-kastei\/#breadcrumb\",\"itemListElement\":[{\"@type\":\"ListItem\",\"position\":1,\"name\":\"Home\",\"item\":\"https:\/\/zeodeo.store\/lv\/\"},{\"@type\":\"ListItem\",\"position\":2,\"name\":\"Absorb\u0113jo\u0161ie Paladzi\u0146i\",\"item\":\"https:\/\/zeodeo.store\/lv\/absorbejosie-paladzini\/\"},{\"@type\":\"ListItem\",\"position\":3,\"name\":\"Absorb\u0113jo\u0161ie paladzi\u0146i &#8211; EXTRA\"}]},{\"@type\":\"WebSite\",\"@id\":\"https:\/\/zeodeo.store\/lv\/#website\",\"url\":\"https:\/\/zeodeo.store\/lv\/\",\"name\":\"Zeodeo\",\"description\":\"Zeolite pellets for dual layer cat litter pellets\",\"potentialAction\":[{\"@type\":\"SearchAction\",\"target\":{\"@type\":\"EntryPoint\",\"urlTemplate\":\"https:\/\/zeodeo.store\/lv\/?s={search_term_string}\"},\"query-input\":{\"@type\":\"PropertyValueSpecification\",\"valueRequired\":true,\"valueName\":\"search_term_string\"}}],\"inLanguage\":\"lv-LV\"}]}<\/script>\n<meta property=\"og:availability\" content=\"instock\" \/>\n<meta property=\"product:availability\" content=\"instock\" \/>\n<meta property=\"product:condition\" content=\"new\" \/>\n<!-- \/ Yoast SEO Premium plugin. -->","yoast_head_json":{"title":"Paladzi\u0146i ar augstu absorb\u0113\u0161anas sp\u0113ju ka\u0137u pakai\u0161u kastei - ZeoDeo","description":"Uzlabojiet sava ka\u0137a vidi, izmantojot EXTRA tipa super uzs\u016bco\u0161os paladzi\u0146us, ir pieejami 10, 20, 50 gabalu iepakojumos. M\u0101jdz\u012bvnieku palikt\u0146i nov\u0113rs\u012bs nepat\u012bkamas smakas no ka\u0137u tualetes, k\u0101 ar\u012b nodro\u0161in\u0101s t\u012br\u012bbu un svaigumu m\u0101j\u0101s. Teicams risin\u0101jums ka\u0137a higi\u0113nas uztur\u0113\u0161anai.","robots":{"index":"index","follow":"follow","max-snippet":"max-snippet:-1","max-image-preview":"max-image-preview:large","max-video-preview":"max-video-preview:-1"},"canonical":"https:\/\/zeodeo.store\/lv\/absorbejosie-paladzini\/extra-paladzini-kaku-pakaisu-kastei\/","og_locale":"lv_LV","og_type":"article","og_title":"Absorb\u0113jo\u0161ie paladzi\u0146i - EXTRA","og_description":"Uzlabojiet sava ka\u0137a vidi, izmantojot EXTRA tipa super uzs\u016bco\u0161os paladzi\u0146us, ir pieejami 10, 20, 50 gabalu iepakojumos. M\u0101jdz\u012bvnieku palikt\u0146i nov\u0113rs\u012bs nepat\u012bkamas smakas no ka\u0137u tualetes, k\u0101 ar\u012b nodro\u0161in\u0101s t\u012br\u012bbu un svaigumu m\u0101j\u0101s. Teicams risin\u0101jums ka\u0137a higi\u0113nas uztur\u0113\u0161anai.","og_url":"https:\/\/zeodeo.store\/lv\/absorbejosie-paladzini\/extra-paladzini-kaku-pakaisu-kastei\/","og_site_name":"Zeodeo","article_modified_time":"2025-03-04T08:01:51+00:00","og_image":[{"width":1563,"height":1563,"url":"https:\/\/zeodeo.store\/wp-content\/uploads\/2024\/09\/Extra-3x-1.jpg","type":"image\/jpeg"}],"twitter_card":"summary_large_image","schema":{"@context":"https:\/\/schema.org","@graph":[{"@type":"WebPage","@id":"https:\/\/zeodeo.store\/lv\/absorbejosie-paladzini\/extra-paladzini-kaku-pakaisu-kastei\/","url":"https:\/\/zeodeo.store\/lv\/absorbejosie-paladzini\/extra-paladzini-kaku-pakaisu-kastei\/","name":"Paladzi\u0146i ar augstu absorb\u0113\u0161anas sp\u0113ju ka\u0137u pakai\u0161u kastei - ZeoDeo","isPartOf":{"@id":"https:\/\/zeodeo.store\/lv\/#website"},"primaryImageOfPage":{"@id":"https:\/\/zeodeo.store\/lv\/absorbejosie-paladzini\/extra-paladzini-kaku-pakaisu-kastei\/#primaryimage"},"image":{"@id":"https:\/\/zeodeo.store\/lv\/absorbejosie-paladzini\/extra-paladzini-kaku-pakaisu-kastei\/#primaryimage"},"thumbnailUrl":"https:\/\/zeodeo.store\/wp-content\/uploads\/2024\/07\/absorbing-pads-4.png","datePublished":"2024-07-26T08:58:22+00:00","dateModified":"2025-03-04T08:01:51+00:00","description":"Uzlabojiet sava ka\u0137a vidi, izmantojot EXTRA tipa super uzs\u016bco\u0161os paladzi\u0146us, ir pieejami 10, 20, 50 gabalu iepakojumos. M\u0101jdz\u012bvnieku palikt\u0146i nov\u0113rs\u012bs nepat\u012bkamas smakas no ka\u0137u tualetes, k\u0101 ar\u012b nodro\u0161in\u0101s t\u012br\u012bbu un svaigumu m\u0101j\u0101s. Teicams risin\u0101jums ka\u0137a higi\u0113nas uztur\u0113\u0161anai.","breadcrumb":{"@id":"https:\/\/zeodeo.store\/lv\/absorbejosie-paladzini\/extra-paladzini-kaku-pakaisu-kastei\/#breadcrumb"},"inLanguage":"lv-LV","potentialAction":[{"@type":"ReadAction","target":["https:\/\/zeodeo.store\/lv\/absorbejosie-paladzini\/extra-paladzini-kaku-pakaisu-kastei\/"]}]},{"@type":"ImageObject","inLanguage":"lv-LV","@id":"https:\/\/zeodeo.store\/lv\/absorbejosie-paladzini\/extra-paladzini-kaku-pakaisu-kastei\/#primaryimage","url":"https:\/\/zeodeo.store\/wp-content\/uploads\/2024\/07\/absorbing-pads-4.png","contentUrl":"https:\/\/zeodeo.store\/wp-content\/uploads\/2024\/07\/absorbing-pads-4.png","width":2000,"height":2000,"caption":"ZeoDeo absorbing pads extra for dual cat liiter systems use with zeolite mordenite pellets"},{"@type":"BreadcrumbList","@id":"https:\/\/zeodeo.store\/lv\/absorbejosie-paladzini\/extra-paladzini-kaku-pakaisu-kastei\/#breadcrumb","itemListElement":[{"@type":"ListItem","position":1,"name":"Home","item":"https:\/\/zeodeo.store\/lv\/"},{"@type":"ListItem","position":2,"name":"Absorb\u0113jo\u0161ie Paladzi\u0146i","item":"https:\/\/zeodeo.store\/lv\/absorbejosie-paladzini\/"},{"@type":"ListItem","position":3,"name":"Absorb\u0113jo\u0161ie paladzi\u0146i &#8211; EXTRA"}]},{"@type":"WebSite","@id":"https:\/\/zeodeo.store\/lv\/#website","url":"https:\/\/zeodeo.store\/lv\/","name":"Zeodeo","description":"Zeolite pellets for dual layer cat litter pellets","potentialAction":[{"@type":"SearchAction","target":{"@type":"EntryPoint","urlTemplate":"https:\/\/zeodeo.store\/lv\/?s={search_term_string}"},"query-input":{"@type":"PropertyValueSpecification","valueRequired":true,"valueName":"search_term_string"}}],"inLanguage":"lv-LV"}]},"og_availability":"instock","product_availability":"instock","product_condition":"new"},"_links":{"self":[{"href":"https:\/\/zeodeo.store\/lv\/wp-json\/wp\/v2\/product\/8232"}],"collection":[{"href":"https:\/\/zeodeo.store\/lv\/wp-json\/wp\/v2\/product"}],"about":[{"href":"https:\/\/zeodeo.store\/lv\/wp-json\/wp\/v2\/types\/product"}],"wp:featuredmedia":[{"embeddable":true,"href":"https:\/\/zeodeo.store\/lv\/wp-json\/wp\/v2\/media\/17533"}],"wp:attachment":[{"href":"https:\/\/zeodeo.store\/lv\/wp-json\/wp\/v2\/media?parent=8232"}],"wp:term":[{"taxonomy":"product_cat","embeddable":true,"href":"https:\/\/zeodeo.store\/lv\/wp-json\/wp\/v2\/product_cat?post=8232"},{"taxonomy":"product_tag","embeddable":true,"href":"https:\/\/zeodeo.store\/lv\/wp-json\/wp\/v2\/product_tag?post=8232"}],"curies":[{"name":"wp","href":"https:\/\/api.w.org\/{rel}","templated":true}]}}