{"id":7281,"date":"2024-05-10T20:53:06","date_gmt":"2024-05-10T18:53:06","guid":{"rendered":"https:\/\/zeodeo.store\/?post_type=product&#038;p=7281"},"modified":"2025-01-10T16:08:53","modified_gmt":"2025-01-10T14:08:53","slug":"dezodorants-kaku-pakaisu-kastei-100-ml","status":"publish","type":"product","link":"https:\/\/zeodeo.store\/lv\/absorbejosie-paladzini\/dezodorants-kaku-pakaisu-kastei-100-ml\/","title":{"rendered":"Dezodorants absorb\u0113jo\u0161ajiem paladzi\u0146iem: Paredz\u0113ts 50 gabaliem"},"content":{"rendered":"<p><b>K\u0101du funkciju pilda produkts:\u00a0<\/b><\/p>\n<p><span style=\"font-weight: 400;\">\u0160is l\u012bdzeklis nov\u0113r\u0161 ka\u0137u ur\u012bna smakas ra\u0161anos un pagarina absorb\u0113jo\u0161o paladzi\u0146u darb\u012bbas termi\u0146u. L\u012bdzeklis nav aromatiz\u0113ts un tam nav izteiktas smar\u017eas. Tas tie\u0161i ne\u013cauj smakai rasties, nevis nomask\u0113 to.\u00a0<\/span><\/p>\n<p>&nbsp;<\/p>\n<p><b>K\u0101dos gad\u012bjumos ir vajadz\u012bba to izmantot:<\/b><\/p>\n<p><span style=\"font-weight: 400;\">Gad\u012bjum\u0101, ja ur\u012bnas smaka rodas pirms paladzi\u0146\u0161 ir pilns, tad \u0161is l\u012bdzeklis b\u016bs Jums noder\u012bgs.\u00a0<\/span><\/p>\n<p><span style=\"font-weight: 400;\">Gad\u012bjum\u0101, ja paladzi\u0146\u0161 ir pilns pirms J\u016bs saj\u016btat ur\u012bna smaku no paladzi\u0146a, tad Jums nav vajadz\u012bbas izmantot \u0161o l\u012bdzekli.\u00a0<\/span><\/p>\n<p>&nbsp;<\/p>\n<p><b>K\u0101 lietot:<\/b><\/p>\n<p><span style=\"font-weight: 400;\">PIRMS paladzi\u0146a lieto\u0161anas uzs\u0101k\u0161anas ir nepiecie\u0161ams uzsmidzin\u0101t l\u012bdzekli uz paladzi\u0146a virsmas \u2013 aptuveni 2 ml (10-15 spiedieni uz smidzin\u0101t\u0101ja). Ar \u0161o daudzumu b\u016bs pietieko\u0161i, lai nov\u0113rstu nepat\u012bkamas smakas ra\u0161anos l\u012bdz 7 dien\u0101m, vai maz\u0101k, ja paladzi\u0146\u0161 paliek pilns \u0101tr\u0101k.\u00a0<\/span><\/p>\n<p>&nbsp;<\/p>\n<p><b>K\u0101ds ir \u0161\u012b iepakojuma lieto\u0161anas termi\u0146\u0161:\u00a0<\/b><\/p>\n<p><span style=\"font-weight: 400;\">Iepakojums ietver ne maz\u0101k par 100 ml, ar \u0161o daudzumu b\u016bs pietieko\u0161i, lai to izlietotu 50 paladzi\u0146iem. Ja J\u016bs izmantojat 1 paladzi\u0146u 7 dien\u0101m, tad attiec\u012bgi \u0161is iepakojums Jums kalpos gandr\u012bz viena gada garum\u0101.\u00a0<\/span><\/p>\n<p>&nbsp;<\/p>\n<p><b>Identiski ar jebk\u0101diem citiem l\u012bdzek\u013ciem, produkta lieto\u0161anas laika ir nepiecie\u0161ams iev\u0113rot norm\u0101lus dro\u0161\u012bbas noteikumus:\u00a0<\/b><\/p>\n<p><span style=\"font-weight: 400;\">L\u012bdzekli dr\u012bkst lietot tikai tie\u0161i tam paredz\u0113taj\u0101m nol\u016bkam \u2013 uzmidzin\u0101\u0161anai uz absorb\u0113jo\u0161\u0101 paladzi\u0146a, kas atrodas divl\u012bme\u0146u ka\u0137u tualetes sist\u0113mas apak\u0161\u0113j\u0101 sl\u0101n\u012b.\u00a0<\/span><\/p>\n<p><span style=\"font-weight: 400;\">L\u012bdzekli j\u0101uzglab\u0101 b\u0113rniem nepieejamaj\u0101 viet\u0101.\u00a0<\/span><\/p>\n<p><span style=\"font-weight: 400;\">Ja J\u016bs saj\u016btat diskomfortu, tad l\u012bdzek\u013ca lieto\u0161ana ir j\u0101aptur un j\u0101izv\u0113dina telpa.\u00a0<\/span><\/p>\n<p><span style=\"font-weight: 400;\">Gad\u012bjum\u0101, ja l\u012bdzeklis nok\u013c\u016bst ac\u012bs, t\u0101s j\u0101noskalo ar t\u012bru teko\u0161o \u016bdeni liel\u0101 daudzum\u0101.\u00a0<\/span><\/p>\n<p><span style=\"font-weight: 400;\">Gad\u012bjum\u0101, ja l\u012bdzeklis nok\u013c\u016bst uz \u0101das, j\u0101noskalo attiec\u012bga vieta ar t\u012bru \u016bdeni un ziep\u0113m.<\/span><\/p>\n<p><span style=\"font-weight: 400;\">Gad\u012bjum\u0101, ja min\u0113tas darb\u012bbas nepal\u012bdz, j\u0101v\u0113r\u0161as p\u0113c \u0101rsta pal\u012bdz\u012bbas.\u00a0<\/span><\/p>\n","protected":false},"excerpt":{"rendered":"<p>K\u0101du funkciju pilda produkts:\u00a0 \u0160is l\u012bdzeklis nov\u0113r\u0161 ka\u0137u ur\u012bna smakas ra\u0161anos un pagarina absorb\u0113jo\u0161o paladzi\u0146u darb\u012bbas termi\u0146u. L\u012bdzeklis nav aromatiz\u0113ts un tam nav izteiktas smar\u017eas. Tas tie\u0161i ne\u013cauj smakai rasties, nevis nomask\u0113 to.\u00a0 &nbsp; K\u0101dos gad\u012bjumos ir vajadz\u012bba to izmantot: Gad\u012bjum\u0101, ja ur\u012bnas smaka rodas pirms paladzi\u0146\u0161 ir pilns, tad \u0161is l\u012bdzeklis b\u016bs Jums noder\u012bgs.\u00a0 Gad\u012bjum\u0101, ja paladzi\u0146\u0161 ir pilns pirms J\u016bs saj\u016btat ur\u012bna smaku no paladzi\u0146a, tad Jums nav vajadz\u012bbas izmantot \u0161o l\u012bdzekli.\u00a0 &nbsp; K\u0101 lietot: PIRMS paladzi\u0146a lieto\u0161anas uzs\u0101k\u0161anas ir nepiecie\u0161ams uzsmidzin\u0101t&hellip;<\/p>\n","protected":false},"featured_media":9123,"template":"","meta":[],"product_cat":[321],"product_tag":[],"yoast_head":"<!-- This site is optimized with the Yoast SEO Premium plugin v22.2 (Yoast SEO v23.5) - https:\/\/yoast.com\/wordpress\/plugins\/seo\/ -->\n<title>Dezodorants ka\u0137u pakai\u0161u kastei - 50 absorb\u0113jo\u0161o paladzi\u0146u svaigums<\/title>\n<meta name=\"description\" content=\"Atsvaidzin\u0101t\u0101js ka\u0137u tualetei no ZeoDeo, \u012bpa\u0161i izstr\u0101d\u0101ts ka\u0137u tualet\u0113m un nodro\u0161ina maksim\u0101lu smar\u017eas kontroli 50 vienreizlietojamajiem palikt\u0146iem. \u0160is aerosols pal\u012bdz uztur\u0113t t\u012bru un pat\u012bkamu vidi jums un j\u016bsu ka\u0137im.\" \/>\n<meta name=\"robots\" content=\"index, follow, max-snippet:-1, max-image-preview:large, max-video-preview:-1\" \/>\n<link rel=\"canonical\" href=\"https:\/\/zeodeo.store\/lv\/absorbejosie-paladzini\/dezodorants-kaku-pakaisu-kastei-100-ml\/\" \/>\n<meta property=\"og:locale\" content=\"lv_LV\" \/>\n<meta property=\"og:type\" content=\"article\" \/>\n<meta property=\"og:title\" content=\"Dezodorants absorb\u0113jo\u0161ajiem paladzi\u0146iem: Paredz\u0113ts 50 gabaliem\" \/>\n<meta property=\"og:description\" content=\"Atsvaidzin\u0101t\u0101js ka\u0137u tualetei no ZeoDeo, \u012bpa\u0161i izstr\u0101d\u0101ts ka\u0137u tualet\u0113m un nodro\u0161ina maksim\u0101lu smar\u017eas kontroli 50 vienreizlietojamajiem palikt\u0146iem. \u0160is aerosols pal\u012bdz uztur\u0113t t\u012bru un pat\u012bkamu vidi jums un j\u016bsu ka\u0137im.\" \/>\n<meta property=\"og:url\" content=\"https:\/\/zeodeo.store\/lv\/absorbejosie-paladzini\/dezodorants-kaku-pakaisu-kastei-100-ml\/\" \/>\n<meta property=\"og:site_name\" content=\"Zeodeo\" \/>\n<meta property=\"article:modified_time\" content=\"2025-01-10T14:08:53+00:00\" \/>\n<meta property=\"og:image\" content=\"https:\/\/zeodeo.store\/wp-content\/uploads\/2024\/09\/\u0414\u0438\u0437\u0430\u0439\u043d-\u0431\u0435\u0437-\u043d\u0430\u0437\u0432\u0430\u043d\u0438\u044f-35.jpg\" \/>\n\t<meta property=\"og:image:width\" content=\"959\" \/>\n\t<meta property=\"og:image:height\" content=\"1600\" \/>\n\t<meta property=\"og:image:type\" content=\"image\/jpeg\" \/>\n<meta name=\"twitter:card\" content=\"summary_large_image\" \/>\n<script type=\"application\/ld+json\" class=\"yoast-schema-graph\">{\"@context\":\"https:\/\/schema.org\",\"@graph\":[{\"@type\":\"WebPage\",\"@id\":\"https:\/\/zeodeo.store\/lv\/absorbejosie-paladzini\/dezodorants-kaku-pakaisu-kastei-100-ml\/\",\"url\":\"https:\/\/zeodeo.store\/lv\/absorbejosie-paladzini\/dezodorants-kaku-pakaisu-kastei-100-ml\/\",\"name\":\"Dezodorants ka\u0137u pakai\u0161u kastei - 50 absorb\u0113jo\u0161o paladzi\u0146u svaigums\",\"isPartOf\":{\"@id\":\"https:\/\/zeodeo.store\/lv\/#website\"},\"primaryImageOfPage\":{\"@id\":\"https:\/\/zeodeo.store\/lv\/absorbejosie-paladzini\/dezodorants-kaku-pakaisu-kastei-100-ml\/#primaryimage\"},\"image\":{\"@id\":\"https:\/\/zeodeo.store\/lv\/absorbejosie-paladzini\/dezodorants-kaku-pakaisu-kastei-100-ml\/#primaryimage\"},\"thumbnailUrl\":\"https:\/\/zeodeo.store\/wp-content\/uploads\/2024\/09\/\u0414\u0438\u0437\u0430\u0439\u043d-\u0431\u0435\u0437-\u043d\u0430\u0437\u0432\u0430\u043d\u0438\u044f-35.jpg\",\"datePublished\":\"2024-05-10T18:53:06+00:00\",\"dateModified\":\"2025-01-10T14:08:53+00:00\",\"description\":\"Atsvaidzin\u0101t\u0101js ka\u0137u tualetei no ZeoDeo, \u012bpa\u0161i izstr\u0101d\u0101ts ka\u0137u tualet\u0113m un nodro\u0161ina maksim\u0101lu smar\u017eas kontroli 50 vienreizlietojamajiem palikt\u0146iem. \u0160is aerosols pal\u012bdz uztur\u0113t t\u012bru un pat\u012bkamu vidi jums un j\u016bsu ka\u0137im.\",\"breadcrumb\":{\"@id\":\"https:\/\/zeodeo.store\/lv\/absorbejosie-paladzini\/dezodorants-kaku-pakaisu-kastei-100-ml\/#breadcrumb\"},\"inLanguage\":\"lv-LV\",\"potentialAction\":[{\"@type\":\"ReadAction\",\"target\":[\"https:\/\/zeodeo.store\/lv\/absorbejosie-paladzini\/dezodorants-kaku-pakaisu-kastei-100-ml\/\"]}]},{\"@type\":\"ImageObject\",\"inLanguage\":\"lv-LV\",\"@id\":\"https:\/\/zeodeo.store\/lv\/absorbejosie-paladzini\/dezodorants-kaku-pakaisu-kastei-100-ml\/#primaryimage\",\"url\":\"https:\/\/zeodeo.store\/wp-content\/uploads\/2024\/09\/\u0414\u0438\u0437\u0430\u0439\u043d-\u0431\u0435\u0437-\u043d\u0430\u0437\u0432\u0430\u043d\u0438\u044f-35.jpg\",\"contentUrl\":\"https:\/\/zeodeo.store\/wp-content\/uploads\/2024\/09\/\u0414\u0438\u0437\u0430\u0439\u043d-\u0431\u0435\u0437-\u043d\u0430\u0437\u0432\u0430\u043d\u0438\u044f-35.jpg\",\"width\":959,\"height\":1600,\"caption\":\"Deodorizer Cat Litter Pads Urina Removel\"},{\"@type\":\"BreadcrumbList\",\"@id\":\"https:\/\/zeodeo.store\/lv\/absorbejosie-paladzini\/dezodorants-kaku-pakaisu-kastei-100-ml\/#breadcrumb\",\"itemListElement\":[{\"@type\":\"ListItem\",\"position\":1,\"name\":\"Home\",\"item\":\"https:\/\/zeodeo.store\/lv\/\"},{\"@type\":\"ListItem\",\"position\":2,\"name\":\"Absorb\u0113jo\u0161ie Paladzi\u0146i\",\"item\":\"https:\/\/zeodeo.store\/lv\/absorbejosie-paladzini\/\"},{\"@type\":\"ListItem\",\"position\":3,\"name\":\"Dezodorants absorb\u0113jo\u0161ajiem paladzi\u0146iem: Paredz\u0113ts 50 gabaliem\"}]},{\"@type\":\"WebSite\",\"@id\":\"https:\/\/zeodeo.store\/lv\/#website\",\"url\":\"https:\/\/zeodeo.store\/lv\/\",\"name\":\"Zeodeo\",\"description\":\"Zeolite pellets for dual layer cat litter pellets\",\"potentialAction\":[{\"@type\":\"SearchAction\",\"target\":{\"@type\":\"EntryPoint\",\"urlTemplate\":\"https:\/\/zeodeo.store\/lv\/?s={search_term_string}\"},\"query-input\":{\"@type\":\"PropertyValueSpecification\",\"valueRequired\":true,\"valueName\":\"search_term_string\"}}],\"inLanguage\":\"lv-LV\"}]}<\/script>\n<meta property=\"product:price:amount\" content=\"7.90\" \/>\n<meta property=\"product:price:currency\" content=\"EUR\" \/>\n<meta property=\"og:availability\" content=\"instock\" \/>\n<meta property=\"product:availability\" content=\"instock\" \/>\n<meta property=\"product:condition\" content=\"new\" \/>\n<!-- \/ Yoast SEO Premium plugin. -->","yoast_head_json":{"title":"Dezodorants ka\u0137u pakai\u0161u kastei - 50 absorb\u0113jo\u0161o paladzi\u0146u svaigums","description":"Atsvaidzin\u0101t\u0101js ka\u0137u tualetei no ZeoDeo, \u012bpa\u0161i izstr\u0101d\u0101ts ka\u0137u tualet\u0113m un nodro\u0161ina maksim\u0101lu smar\u017eas kontroli 50 vienreizlietojamajiem palikt\u0146iem. \u0160is aerosols pal\u012bdz uztur\u0113t t\u012bru un pat\u012bkamu vidi jums un j\u016bsu ka\u0137im.","robots":{"index":"index","follow":"follow","max-snippet":"max-snippet:-1","max-image-preview":"max-image-preview:large","max-video-preview":"max-video-preview:-1"},"canonical":"https:\/\/zeodeo.store\/lv\/absorbejosie-paladzini\/dezodorants-kaku-pakaisu-kastei-100-ml\/","og_locale":"lv_LV","og_type":"article","og_title":"Dezodorants absorb\u0113jo\u0161ajiem paladzi\u0146iem: Paredz\u0113ts 50 gabaliem","og_description":"Atsvaidzin\u0101t\u0101js ka\u0137u tualetei no ZeoDeo, \u012bpa\u0161i izstr\u0101d\u0101ts ka\u0137u tualet\u0113m un nodro\u0161ina maksim\u0101lu smar\u017eas kontroli 50 vienreizlietojamajiem palikt\u0146iem. \u0160is aerosols pal\u012bdz uztur\u0113t t\u012bru un pat\u012bkamu vidi jums un j\u016bsu ka\u0137im.","og_url":"https:\/\/zeodeo.store\/lv\/absorbejosie-paladzini\/dezodorants-kaku-pakaisu-kastei-100-ml\/","og_site_name":"Zeodeo","article_modified_time":"2025-01-10T14:08:53+00:00","og_image":[{"width":959,"height":1600,"url":"https:\/\/zeodeo.store\/wp-content\/uploads\/2024\/09\/\u0414\u0438\u0437\u0430\u0439\u043d-\u0431\u0435\u0437-\u043d\u0430\u0437\u0432\u0430\u043d\u0438\u044f-35.jpg","type":"image\/jpeg"}],"twitter_card":"summary_large_image","schema":{"@context":"https:\/\/schema.org","@graph":[{"@type":"WebPage","@id":"https:\/\/zeodeo.store\/lv\/absorbejosie-paladzini\/dezodorants-kaku-pakaisu-kastei-100-ml\/","url":"https:\/\/zeodeo.store\/lv\/absorbejosie-paladzini\/dezodorants-kaku-pakaisu-kastei-100-ml\/","name":"Dezodorants ka\u0137u pakai\u0161u kastei - 50 absorb\u0113jo\u0161o paladzi\u0146u svaigums","isPartOf":{"@id":"https:\/\/zeodeo.store\/lv\/#website"},"primaryImageOfPage":{"@id":"https:\/\/zeodeo.store\/lv\/absorbejosie-paladzini\/dezodorants-kaku-pakaisu-kastei-100-ml\/#primaryimage"},"image":{"@id":"https:\/\/zeodeo.store\/lv\/absorbejosie-paladzini\/dezodorants-kaku-pakaisu-kastei-100-ml\/#primaryimage"},"thumbnailUrl":"https:\/\/zeodeo.store\/wp-content\/uploads\/2024\/09\/\u0414\u0438\u0437\u0430\u0439\u043d-\u0431\u0435\u0437-\u043d\u0430\u0437\u0432\u0430\u043d\u0438\u044f-35.jpg","datePublished":"2024-05-10T18:53:06+00:00","dateModified":"2025-01-10T14:08:53+00:00","description":"Atsvaidzin\u0101t\u0101js ka\u0137u tualetei no ZeoDeo, \u012bpa\u0161i izstr\u0101d\u0101ts ka\u0137u tualet\u0113m un nodro\u0161ina maksim\u0101lu smar\u017eas kontroli 50 vienreizlietojamajiem palikt\u0146iem. \u0160is aerosols pal\u012bdz uztur\u0113t t\u012bru un pat\u012bkamu vidi jums un j\u016bsu ka\u0137im.","breadcrumb":{"@id":"https:\/\/zeodeo.store\/lv\/absorbejosie-paladzini\/dezodorants-kaku-pakaisu-kastei-100-ml\/#breadcrumb"},"inLanguage":"lv-LV","potentialAction":[{"@type":"ReadAction","target":["https:\/\/zeodeo.store\/lv\/absorbejosie-paladzini\/dezodorants-kaku-pakaisu-kastei-100-ml\/"]}]},{"@type":"ImageObject","inLanguage":"lv-LV","@id":"https:\/\/zeodeo.store\/lv\/absorbejosie-paladzini\/dezodorants-kaku-pakaisu-kastei-100-ml\/#primaryimage","url":"https:\/\/zeodeo.store\/wp-content\/uploads\/2024\/09\/\u0414\u0438\u0437\u0430\u0439\u043d-\u0431\u0435\u0437-\u043d\u0430\u0437\u0432\u0430\u043d\u0438\u044f-35.jpg","contentUrl":"https:\/\/zeodeo.store\/wp-content\/uploads\/2024\/09\/\u0414\u0438\u0437\u0430\u0439\u043d-\u0431\u0435\u0437-\u043d\u0430\u0437\u0432\u0430\u043d\u0438\u044f-35.jpg","width":959,"height":1600,"caption":"Deodorizer Cat Litter Pads Urina Removel"},{"@type":"BreadcrumbList","@id":"https:\/\/zeodeo.store\/lv\/absorbejosie-paladzini\/dezodorants-kaku-pakaisu-kastei-100-ml\/#breadcrumb","itemListElement":[{"@type":"ListItem","position":1,"name":"Home","item":"https:\/\/zeodeo.store\/lv\/"},{"@type":"ListItem","position":2,"name":"Absorb\u0113jo\u0161ie Paladzi\u0146i","item":"https:\/\/zeodeo.store\/lv\/absorbejosie-paladzini\/"},{"@type":"ListItem","position":3,"name":"Dezodorants absorb\u0113jo\u0161ajiem paladzi\u0146iem: Paredz\u0113ts 50 gabaliem"}]},{"@type":"WebSite","@id":"https:\/\/zeodeo.store\/lv\/#website","url":"https:\/\/zeodeo.store\/lv\/","name":"Zeodeo","description":"Zeolite pellets for dual layer cat litter pellets","potentialAction":[{"@type":"SearchAction","target":{"@type":"EntryPoint","urlTemplate":"https:\/\/zeodeo.store\/lv\/?s={search_term_string}"},"query-input":{"@type":"PropertyValueSpecification","valueRequired":true,"valueName":"search_term_string"}}],"inLanguage":"lv-LV"}]},"product_price_amount":"7.90","product_price_currency":"EUR","og_availability":"instock","product_availability":"instock","product_condition":"new"},"_links":{"self":[{"href":"https:\/\/zeodeo.store\/lv\/wp-json\/wp\/v2\/product\/7281"}],"collection":[{"href":"https:\/\/zeodeo.store\/lv\/wp-json\/wp\/v2\/product"}],"about":[{"href":"https:\/\/zeodeo.store\/lv\/wp-json\/wp\/v2\/types\/product"}],"wp:featuredmedia":[{"embeddable":true,"href":"https:\/\/zeodeo.store\/lv\/wp-json\/wp\/v2\/media\/9123"}],"wp:attachment":[{"href":"https:\/\/zeodeo.store\/lv\/wp-json\/wp\/v2\/media?parent=7281"}],"wp:term":[{"taxonomy":"product_cat","embeddable":true,"href":"https:\/\/zeodeo.store\/lv\/wp-json\/wp\/v2\/product_cat?post=7281"},{"taxonomy":"product_tag","embeddable":true,"href":"https:\/\/zeodeo.store\/lv\/wp-json\/wp\/v2\/product_tag?post=7281"}],"curies":[{"name":"wp","href":"https:\/\/api.w.org\/{rel}","templated":true}]}}