{"id":3374,"date":"2023-06-29T17:04:31","date_gmt":"2023-06-29T15:04:31","guid":{"rendered":"https:\/\/zeodeo.store\/?post_type=product&#038;p=3374"},"modified":"2025-03-04T09:58:52","modified_gmt":"2025-03-04T07:58:52","slug":"ceolita-3-6-kg","status":"publish","type":"product","link":"https:\/\/zeodeo.store\/lv\/ceolita-granulas\/ceolita-3-6-kg\/","title":{"rendered":"Ceol\u012bta granulas ka\u0137u pakai\u0161u kastei 3,6kg"},"content":{"rendered":"<h2><strong>ZeoDeo \u2013 dab\u012bg\u0101 ceol\u012bta granulas ka\u0137u pakai\u0161u kast\u0113m<\/strong><\/h2>\n<p><b>Svars:<\/b><span style=\"font-weight: 400;\">\u00a03,6 kg (8 m\u0101rci\u0146as) \u2013 divas porcijas<\/span><\/p>\n<p><span style=\"font-weight: 400;\">Divi ZeoDeo granulu iepakojumi pa 1,8 kg katrs.<\/span><\/p>\n<p><span style=\"font-weight: 400;\">Ar \u0161o daudzumu pietiks 2 m\u0113ne\u0161iem, ja Jums ir viens vai divi mazi ka\u0137i. Granulu iepakojumi neaiz\u0146em daudz vietas, viegli var ievietot pakom\u0101t\u0101. \u0112rts komplekts, ja Jums jau ir absorb\u0113jo\u0161o paladzi\u0146u rezerves, un J\u016bs v\u0113laties ieg\u016bt nelielu granulu rezerves daudzumu uz p\u0101ris m\u0113ne\u0161iem.<\/span><\/p>\n<p><b>Baudiet t\u012br\u012bbu!<\/b><\/p>\n<ul>\n<li><span style=\"font-weight: 400;\">Mainiet granulas tikai reizi 30 dien\u0101s un baudiet t\u012br\u012bbu.\u00a0<\/span><\/li>\n<li><span style=\"font-weight: 400;\">Granulas nodro\u0161ina smakas kontroli, uzs\u016bcot ur\u012bna un f\u0113\u010du iztvaiko\u0161anu.\u00a0<\/span><\/li>\n<li><span style=\"font-weight: 400;\">Granulas gandr\u012bz nepaliek slapjas un J\u016bsu ka\u0137im vienm\u0113r b\u016bs t\u012bras un sausas \u0137epas.\u00a0<\/span><\/li>\n<li><span style=\"font-weight: 400;\">Granul\u0101m nav putek\u013cu un drupa\u010du, t\u0101p\u0113c t\u0101s neb\u016bs j\u0101v\u0101c ar putek\u013cu s\u016bc\u0113ju pa visu dz\u012bvokli.<\/span><\/li>\n<\/ul>\n<p><b>Lieto\u0161anas instrukcija:<\/b><\/p>\n<p><span style=\"font-weight: 400;\">ZeoDeo granulas ir paredz\u0113tas lieto\u0161anai tikai divl\u012bme\u0146u ka\u0137u tualet\u0113s!<\/span><\/p>\n<ol>\n<li>Granulas j\u0101izber uz restes \u2013 aug\u0161\u0113j\u0101 l\u012bmen\u012b. Iepakojums 1,8 kg ir nepiecie\u0161ama porcija ar rezervi pat\u0113ri\u0146a gad\u012bjum\u0101. Sl\u0101nim j\u0101b\u016bt ap 2-3 centimetriem.<\/li>\n<li>Apak\u0161\u0113j\u0101 l\u012bmen\u012b j\u0101ievieto speci\u0101ls paladzi\u0146\u0161 ar superabsorbcijas \u012bpa\u0161\u012bb\u0101m.<\/li>\n<li>Ciet\u0101s ka\u0137u \u201clietas\u201d j\u0101iz\u0146em no kastes ar speci\u0101lu l\u0101psti\u0146u p\u0113c to ra\u0161anas.<\/li>\n<li>Granulas, kas palika net\u012bras vai pielipa f\u0113c\u0113m, j\u0101sav\u0101c un j\u0101izmet.<\/li>\n<li>Pieberiet granulas p\u0113c nepiecie\u0161am\u012bbas.<\/li>\n<li>Granulas nedr\u012bkst mest tualetes pod\u0101.<\/li>\n<\/ol>\n<p><b>Cik bie\u017ei j\u0101maina granulas:<\/b><\/p>\n<p><span style=\"font-weight: 400;\">Galvenais ir sekot, lai kaste b\u016btu t\u012bra!<\/span><\/p>\n<ul>\n<li><span style=\"font-weight: 400;\">Granulas j\u0101maina reizi 30 dien\u0101s, ja kasti izmanto viens ka\u0137is l\u012bdz 8 kg vai divi mazi ka\u0137i.<\/span><\/li>\n<li><span style=\"font-weight: 400;\">Ja kasti izmanto viens \u013coti mazs un \u013coti k\u0101rt\u012bgs ka\u0137is (ap 3 kg), tad granulas var nomain\u012bt p\u0113c 45-60 dien\u0101m.<\/span><\/li>\n<li><span style=\"font-weight: 400;\">P\u0113c J\u016bsu ieskatiem granulas var main\u012bt ar\u012b ret\u0101k k\u0101 reizi 30 dien\u0101s, ja ka\u0137im ir otra kaste, kuru vi\u0146\u0161 izmanto vienlaikus, vai ja ka\u0137is bie\u017ei iet tualet\u0113 \u0101r\u0101 un neizmanto \u0161o kasti regul\u0101ri.<\/span><\/li>\n<li><span style=\"font-weight: 400;\">Ja kasti izmanto divi vai tr\u012bs lieli ka\u0137i, granulas j\u0101maina reizi 15 dien\u0101s vai bie\u017e\u0101k, ja t\u0101s paliek net\u012bras.<\/span><\/li>\n<li>Ja ka\u0137im ir caureja, tad visas net\u012br\u0101s granulas ir j\u0101izmet un j\u0101pieber t\u012bras.<\/li>\n<\/ul>\n<p><b>Uzman\u012bbu!<\/b><\/p>\n<ul>\n<li>Granulas piln\u012bb\u0101 j\u0101nomaina ne v\u0113l\u0101k k\u0101 60 dienas p\u0113c lieto\u0161anas uzs\u0101k\u0161anas kast\u0113.<br \/>\nPat ja granulas ir t\u012bras un nav smakas. Granulu izmanto\u0161ana ilg\u0101k par 60 dien\u0101m ir b\u012bstama ka\u0137a un cilv\u0113ka vesel\u012bbai. Tas var izrais\u012bt ar bakteri\u0101lo infekciju saist\u012btas slim\u012bbas!<br \/>\nM\u0113s iesak\u0101m main\u012bt granulas reizi 30 dien\u0101s, bet ne ret\u0101k k\u0101 reizi 60 dien\u0101s.<\/li>\n<li>Granulas nedr\u012bkst mazg\u0101t un izmantot atk\u0101rtoti. Nav iesp\u0113jams nomazg\u0101t ur\u012bnu un citas vielas, ko absorb\u0113ja granulas. Granul\u0101m ir poraina strukt\u016bra, kas ir l\u012bdz\u012bga silikagelam vai aktiv\u0113tajai oglei. T\u0101s nav iesp\u0113jams not\u012br\u012bt.<br \/>\nGranulu mazg\u0101\u0161ana un to atk\u0101rtota izmanto\u0161ana ir b\u012bstama dz\u012bvnieka vesel\u012bbai.<\/li>\n<\/ul>\n<p><b>Granulu mai\u0146as k\u0101rt\u012bba:<\/b><\/p>\n<ol>\n<li style=\"font-weight: 400;\" aria-level=\"1\"><span style=\"font-weight: 400;\">No\u0146emiet kastes v\u0101ku, izberiet granulas atkritumu mais\u0101.<\/span><\/li>\n<li style=\"font-weight: 400;\" aria-level=\"1\"><span style=\"font-weight: 400;\">R\u016bp\u012bgi nomazg\u0101jiet resti un citas kastes da\u013cas ar ziep\u0113m vai dezinfekcijas l\u012bdzekli.<\/span><\/li>\n<li style=\"font-weight: 400;\" aria-level=\"1\"><span style=\"font-weight: 400;\">Noslauciet ar sausu pap\u012bra dvieli un salieciet kasti.<\/span><\/li>\n<li style=\"font-weight: 400;\" aria-level=\"1\"><span style=\"font-weight: 400;\">Ieberiet granulas no jauna iepakojuma uz restes, ievietojiet jaunu paladzi\u0146u speci\u0101laj\u0101 paliktn\u012b apak\u0161\u0113j\u0101 l\u012bmen\u012b.<\/span><\/li>\n<li style=\"font-weight: 400;\" aria-level=\"1\">Kaste atkal gatava lieto\u0161anai.<\/li>\n<\/ol>\n<p><b>Dro\u0161\u012bbas pas\u0101kumi:<\/b><\/p>\n<ul>\n<li>Granulas nav \u0113damas. T\u0101 k\u0101 granulas ir ciets priek\u0161mets, nepie\u013caujiet, ka t\u0101s nok\u013c\u016bst bar\u012bbas vad\u0101 un elpce\u013cos. Gad\u012bjum\u0101, ja t\u0101s norij cilv\u0113ks vai dz\u012bvnieks, nekav\u0113joties j\u0101v\u0113r\u0161as p\u0113c medic\u012bnisk\u0101s pal\u012bdz\u012bbas.<\/li>\n<li>Gad\u012bjum\u0101, ja san\u0101ca nok\u013c\u016b\u0161ana ac\u012bs, izskalojiet acis ar lielu daudzumu teko\u0161a \u016bdens un v\u0113rsieties pie \u0101rsta, ja skalo\u0161ana nepal\u012bdz.<\/li>\n<li>\u0160is produkts neiz\u0161\u0137\u012bst \u016bden\u012b, t\u0101p\u0113c to nedr\u012bkst izmest tualetes pod\u0101.<\/li>\n<\/ul>\n<p>Pamatmateri\u0101ls:\u00a0ceol\u012bts (mordenite zeolite), dab\u012bgs miner\u0101ls.<\/p>\n<p>&nbsp;<\/p>\n","protected":false},"excerpt":{"rendered":"<p>ZeoDeo \u2013 dab\u012bg\u0101 ceol\u012bta granulas ka\u0137u pakai\u0161u kast\u0113m Svars:\u00a03,6 kg (8 m\u0101rci\u0146as) \u2013 divas porcijas Divi ZeoDeo granulu iepakojumi pa 1,8 kg katrs. Ar \u0161o daudzumu pietiks 2 m\u0113ne\u0161iem, ja Jums ir viens vai divi mazi ka\u0137i. Granulu iepakojumi neaiz\u0146em daudz vietas, viegli var ievietot pakom\u0101t\u0101. \u0112rts komplekts, ja Jums jau ir absorb\u0113jo\u0161o paladzi\u0146u rezerves, un J\u016bs v\u0113laties ieg\u016bt nelielu granulu rezerves daudzumu uz p\u0101ris m\u0113ne\u0161iem. Baudiet t\u012br\u012bbu! Mainiet granulas tikai reizi 30 dien\u0101s un baudiet t\u012br\u012bbu.\u00a0 Granulas nodro\u0161ina smakas kontroli, uzs\u016bcot ur\u012bna un&hellip;<\/p>\n","protected":false},"featured_media":17467,"template":"","meta":[],"product_cat":[322],"product_tag":[208,204,209,207,206,205],"yoast_head":"<!-- This site is optimized with the Yoast SEO Premium plugin v22.2 (Yoast SEO v23.5) - https:\/\/yoast.com\/wordpress\/plugins\/seo\/ -->\n<title>Dab\u012bg\u0101 ceol\u012bta granulas 3,6kg - Minim\u0101ls putek\u013cu daudzums un bez smar\u017eas<\/title>\n<meta name=\"description\" content=\"Izm\u0113\u0123iniet ZeoDeo klin\u0161u miner\u0101lie\u017eu pakai\u0161u ka\u0137u tualet\u0113m. Absorb\u0113 nepat\u012bkamo smaku, netiek izplat\u012bts pa m\u0101ju un samazina pies\u0101r\u0146ojumu l\u012bdz minimumam (par 99%). T\u0101s ir viegli uzglab\u0101jamas un ir pie\u0146emamu cenu. Ide\u0101li piem\u0113rots garspalvainajiem ka\u0137iem. Noklik\u0161\u0137iniet, lai uzzin\u0101tu vair\u0101k!\" \/>\n<meta name=\"robots\" content=\"index, follow, max-snippet:-1, max-image-preview:large, max-video-preview:-1\" \/>\n<link rel=\"canonical\" href=\"https:\/\/zeodeo.store\/lv\/ceolita-granulas\/ceolita-3-6-kg\/\" \/>\n<meta property=\"og:locale\" content=\"lv_LV\" \/>\n<meta property=\"og:type\" content=\"article\" \/>\n<meta property=\"og:title\" content=\"Ceol\u012bta granulas ka\u0137u pakai\u0161u kastei 3,6kg\" \/>\n<meta property=\"og:description\" content=\"Izm\u0113\u0123iniet ZeoDeo klin\u0161u miner\u0101lie\u017eu pakai\u0161u ka\u0137u tualet\u0113m. Absorb\u0113 nepat\u012bkamo smaku, netiek izplat\u012bts pa m\u0101ju un samazina pies\u0101r\u0146ojumu l\u012bdz minimumam (par 99%). T\u0101s ir viegli uzglab\u0101jamas un ir pie\u0146emamu cenu. Ide\u0101li piem\u0113rots garspalvainajiem ka\u0137iem. Noklik\u0161\u0137iniet, lai uzzin\u0101tu vair\u0101k!\" \/>\n<meta property=\"og:url\" content=\"https:\/\/zeodeo.store\/lv\/ceolita-granulas\/ceolita-3-6-kg\/\" \/>\n<meta property=\"og:site_name\" content=\"Zeodeo\" \/>\n<meta property=\"article:modified_time\" content=\"2025-03-04T07:58:52+00:00\" \/>\n<meta property=\"og:image\" content=\"https:\/\/zeodeo.store\/wp-content\/uploads\/2024\/03\/2-pack-1-crop.jpg\" \/>\n\t<meta property=\"og:image:width\" content=\"1556\" \/>\n\t<meta property=\"og:image:height\" content=\"1573\" \/>\n\t<meta property=\"og:image:type\" content=\"image\/jpeg\" \/>\n<meta name=\"twitter:card\" content=\"summary_large_image\" \/>\n<script type=\"application\/ld+json\" class=\"yoast-schema-graph\">{\"@context\":\"https:\/\/schema.org\",\"@graph\":[{\"@type\":\"WebPage\",\"@id\":\"https:\/\/zeodeo.store\/lv\/ceolita-granulas\/ceolita-3-6-kg\/\",\"url\":\"https:\/\/zeodeo.store\/lv\/ceolita-granulas\/ceolita-3-6-kg\/\",\"name\":\"Dab\u012bg\u0101 ceol\u012bta granulas 3,6kg - Minim\u0101ls putek\u013cu daudzums un bez smar\u017eas\",\"isPartOf\":{\"@id\":\"https:\/\/zeodeo.store\/lv\/#website\"},\"primaryImageOfPage\":{\"@id\":\"https:\/\/zeodeo.store\/lv\/ceolita-granulas\/ceolita-3-6-kg\/#primaryimage\"},\"image\":{\"@id\":\"https:\/\/zeodeo.store\/lv\/ceolita-granulas\/ceolita-3-6-kg\/#primaryimage\"},\"thumbnailUrl\":\"https:\/\/zeodeo.store\/wp-content\/uploads\/2023\/06\/Amazon-pic-1.81X4-1.png\",\"datePublished\":\"2023-06-29T15:04:31+00:00\",\"dateModified\":\"2025-03-04T07:58:52+00:00\",\"description\":\"Izm\u0113\u0123iniet ZeoDeo klin\u0161u miner\u0101lie\u017eu pakai\u0161u ka\u0137u tualet\u0113m. Absorb\u0113 nepat\u012bkamo smaku, netiek izplat\u012bts pa m\u0101ju un samazina pies\u0101r\u0146ojumu l\u012bdz minimumam (par 99%). T\u0101s ir viegli uzglab\u0101jamas un ir pie\u0146emamu cenu. Ide\u0101li piem\u0113rots garspalvainajiem ka\u0137iem. Noklik\u0161\u0137iniet, lai uzzin\u0101tu vair\u0101k!\",\"breadcrumb\":{\"@id\":\"https:\/\/zeodeo.store\/lv\/ceolita-granulas\/ceolita-3-6-kg\/#breadcrumb\"},\"inLanguage\":\"lv-LV\",\"potentialAction\":[{\"@type\":\"ReadAction\",\"target\":[\"https:\/\/zeodeo.store\/lv\/ceolita-granulas\/ceolita-3-6-kg\/\"]}]},{\"@type\":\"ImageObject\",\"inLanguage\":\"lv-LV\",\"@id\":\"https:\/\/zeodeo.store\/lv\/ceolita-granulas\/ceolita-3-6-kg\/#primaryimage\",\"url\":\"https:\/\/zeodeo.store\/wp-content\/uploads\/2023\/06\/Amazon-pic-1.81X4-1.png\",\"contentUrl\":\"https:\/\/zeodeo.store\/wp-content\/uploads\/2023\/06\/Amazon-pic-1.81X4-1.png\",\"width\":2000,\"height\":2000,\"caption\":\"ZeoDeo mordenite zeolite pelletas for dual layer cat litter boxes\"},{\"@type\":\"BreadcrumbList\",\"@id\":\"https:\/\/zeodeo.store\/lv\/ceolita-granulas\/ceolita-3-6-kg\/#breadcrumb\",\"itemListElement\":[{\"@type\":\"ListItem\",\"position\":1,\"name\":\"Home\",\"item\":\"https:\/\/zeodeo.store\/lv\/\"},{\"@type\":\"ListItem\",\"position\":2,\"name\":\"Ceol\u012bta Granulas\",\"item\":\"https:\/\/zeodeo.store\/lv\/ceolita-granulas\/\"},{\"@type\":\"ListItem\",\"position\":3,\"name\":\"Ceol\u012bta granulas ka\u0137u pakai\u0161u kastei 3,6kg\"}]},{\"@type\":\"WebSite\",\"@id\":\"https:\/\/zeodeo.store\/lv\/#website\",\"url\":\"https:\/\/zeodeo.store\/lv\/\",\"name\":\"Zeodeo\",\"description\":\"Zeolite pellets for dual layer cat litter pellets\",\"potentialAction\":[{\"@type\":\"SearchAction\",\"target\":{\"@type\":\"EntryPoint\",\"urlTemplate\":\"https:\/\/zeodeo.store\/lv\/?s={search_term_string}\"},\"query-input\":{\"@type\":\"PropertyValueSpecification\",\"valueRequired\":true,\"valueName\":\"search_term_string\"}}],\"inLanguage\":\"lv-LV\"}]}<\/script>\n<meta property=\"product:price:amount\" content=\"24.99\" \/>\n<meta property=\"product:price:currency\" content=\"EUR\" \/>\n<meta property=\"og:availability\" content=\"instock\" \/>\n<meta property=\"product:availability\" content=\"instock\" \/>\n<meta property=\"product:retailer_item_id\" content=\"4751043510013-X2\" \/>\n<meta property=\"product:condition\" content=\"new\" \/>\n<!-- \/ Yoast SEO Premium plugin. -->","yoast_head_json":{"title":"Dab\u012bg\u0101 ceol\u012bta granulas 3,6kg - Minim\u0101ls putek\u013cu daudzums un bez smar\u017eas","description":"Izm\u0113\u0123iniet ZeoDeo klin\u0161u miner\u0101lie\u017eu pakai\u0161u ka\u0137u tualet\u0113m. Absorb\u0113 nepat\u012bkamo smaku, netiek izplat\u012bts pa m\u0101ju un samazina pies\u0101r\u0146ojumu l\u012bdz minimumam (par 99%). T\u0101s ir viegli uzglab\u0101jamas un ir pie\u0146emamu cenu. Ide\u0101li piem\u0113rots garspalvainajiem ka\u0137iem. Noklik\u0161\u0137iniet, lai uzzin\u0101tu vair\u0101k!","robots":{"index":"index","follow":"follow","max-snippet":"max-snippet:-1","max-image-preview":"max-image-preview:large","max-video-preview":"max-video-preview:-1"},"canonical":"https:\/\/zeodeo.store\/lv\/ceolita-granulas\/ceolita-3-6-kg\/","og_locale":"lv_LV","og_type":"article","og_title":"Ceol\u012bta granulas ka\u0137u pakai\u0161u kastei 3,6kg","og_description":"Izm\u0113\u0123iniet ZeoDeo klin\u0161u miner\u0101lie\u017eu pakai\u0161u ka\u0137u tualet\u0113m. Absorb\u0113 nepat\u012bkamo smaku, netiek izplat\u012bts pa m\u0101ju un samazina pies\u0101r\u0146ojumu l\u012bdz minimumam (par 99%). T\u0101s ir viegli uzglab\u0101jamas un ir pie\u0146emamu cenu. Ide\u0101li piem\u0113rots garspalvainajiem ka\u0137iem. Noklik\u0161\u0137iniet, lai uzzin\u0101tu vair\u0101k!","og_url":"https:\/\/zeodeo.store\/lv\/ceolita-granulas\/ceolita-3-6-kg\/","og_site_name":"Zeodeo","article_modified_time":"2025-03-04T07:58:52+00:00","og_image":[{"width":1556,"height":1573,"url":"https:\/\/zeodeo.store\/wp-content\/uploads\/2024\/03\/2-pack-1-crop.jpg","type":"image\/jpeg"}],"twitter_card":"summary_large_image","schema":{"@context":"https:\/\/schema.org","@graph":[{"@type":"WebPage","@id":"https:\/\/zeodeo.store\/lv\/ceolita-granulas\/ceolita-3-6-kg\/","url":"https:\/\/zeodeo.store\/lv\/ceolita-granulas\/ceolita-3-6-kg\/","name":"Dab\u012bg\u0101 ceol\u012bta granulas 3,6kg - Minim\u0101ls putek\u013cu daudzums un bez smar\u017eas","isPartOf":{"@id":"https:\/\/zeodeo.store\/lv\/#website"},"primaryImageOfPage":{"@id":"https:\/\/zeodeo.store\/lv\/ceolita-granulas\/ceolita-3-6-kg\/#primaryimage"},"image":{"@id":"https:\/\/zeodeo.store\/lv\/ceolita-granulas\/ceolita-3-6-kg\/#primaryimage"},"thumbnailUrl":"https:\/\/zeodeo.store\/wp-content\/uploads\/2023\/06\/Amazon-pic-1.81X4-1.png","datePublished":"2023-06-29T15:04:31+00:00","dateModified":"2025-03-04T07:58:52+00:00","description":"Izm\u0113\u0123iniet ZeoDeo klin\u0161u miner\u0101lie\u017eu pakai\u0161u ka\u0137u tualet\u0113m. Absorb\u0113 nepat\u012bkamo smaku, netiek izplat\u012bts pa m\u0101ju un samazina pies\u0101r\u0146ojumu l\u012bdz minimumam (par 99%). T\u0101s ir viegli uzglab\u0101jamas un ir pie\u0146emamu cenu. Ide\u0101li piem\u0113rots garspalvainajiem ka\u0137iem. Noklik\u0161\u0137iniet, lai uzzin\u0101tu vair\u0101k!","breadcrumb":{"@id":"https:\/\/zeodeo.store\/lv\/ceolita-granulas\/ceolita-3-6-kg\/#breadcrumb"},"inLanguage":"lv-LV","potentialAction":[{"@type":"ReadAction","target":["https:\/\/zeodeo.store\/lv\/ceolita-granulas\/ceolita-3-6-kg\/"]}]},{"@type":"ImageObject","inLanguage":"lv-LV","@id":"https:\/\/zeodeo.store\/lv\/ceolita-granulas\/ceolita-3-6-kg\/#primaryimage","url":"https:\/\/zeodeo.store\/wp-content\/uploads\/2023\/06\/Amazon-pic-1.81X4-1.png","contentUrl":"https:\/\/zeodeo.store\/wp-content\/uploads\/2023\/06\/Amazon-pic-1.81X4-1.png","width":2000,"height":2000,"caption":"ZeoDeo mordenite zeolite pelletas for dual layer cat litter boxes"},{"@type":"BreadcrumbList","@id":"https:\/\/zeodeo.store\/lv\/ceolita-granulas\/ceolita-3-6-kg\/#breadcrumb","itemListElement":[{"@type":"ListItem","position":1,"name":"Home","item":"https:\/\/zeodeo.store\/lv\/"},{"@type":"ListItem","position":2,"name":"Ceol\u012bta Granulas","item":"https:\/\/zeodeo.store\/lv\/ceolita-granulas\/"},{"@type":"ListItem","position":3,"name":"Ceol\u012bta granulas ka\u0137u pakai\u0161u kastei 3,6kg"}]},{"@type":"WebSite","@id":"https:\/\/zeodeo.store\/lv\/#website","url":"https:\/\/zeodeo.store\/lv\/","name":"Zeodeo","description":"Zeolite pellets for dual layer cat litter pellets","potentialAction":[{"@type":"SearchAction","target":{"@type":"EntryPoint","urlTemplate":"https:\/\/zeodeo.store\/lv\/?s={search_term_string}"},"query-input":{"@type":"PropertyValueSpecification","valueRequired":true,"valueName":"search_term_string"}}],"inLanguage":"lv-LV"}]},"product_price_amount":"24.99","product_price_currency":"EUR","og_availability":"instock","product_availability":"instock","product_retailer_item_id":"4751043510013-X2","product_condition":"new"},"_links":{"self":[{"href":"https:\/\/zeodeo.store\/lv\/wp-json\/wp\/v2\/product\/3374"}],"collection":[{"href":"https:\/\/zeodeo.store\/lv\/wp-json\/wp\/v2\/product"}],"about":[{"href":"https:\/\/zeodeo.store\/lv\/wp-json\/wp\/v2\/types\/product"}],"wp:featuredmedia":[{"embeddable":true,"href":"https:\/\/zeodeo.store\/lv\/wp-json\/wp\/v2\/media\/17467"}],"wp:attachment":[{"href":"https:\/\/zeodeo.store\/lv\/wp-json\/wp\/v2\/media?parent=3374"}],"wp:term":[{"taxonomy":"product_cat","embeddable":true,"href":"https:\/\/zeodeo.store\/lv\/wp-json\/wp\/v2\/product_cat?post=3374"},{"taxonomy":"product_tag","embeddable":true,"href":"https:\/\/zeodeo.store\/lv\/wp-json\/wp\/v2\/product_tag?post=3374"}],"curies":[{"name":"wp","href":"https:\/\/api.w.org\/{rel}","templated":true}]}}