{"id":2748,"date":"2023-05-14T14:44:15","date_gmt":"2023-05-14T12:44:15","guid":{"rendered":"https:\/\/zeodeo.store\/?post_type=product&#038;p=2748"},"modified":"2024-12-06T15:11:28","modified_gmt":"2024-12-06T13:11:28","slug":"maza-kaku-tualete-komplekts","status":"publish","type":"product","link":"https:\/\/zeodeo.store\/lv\/divlimenu-kaku-tualetes\/maza-kaku-tualete-komplekts\/","title":{"rendered":"Maz\u0101 ka\u0137u tualete: Starta komplekts"},"content":{"rendered":"<p><iframe loading=\"lazy\" title=\"Small  size dual layer cat litter box and zeolite cat litter pellets\" width=\"1220\" height=\"686\" src=\"https:\/\/www.youtube.com\/embed\/PhHLr_ksW4o?feature=oembed\" frameborder=\"0\" allow=\"accelerometer; autoplay; clipboard-write; encrypted-media; gyroscope; picture-in-picture; web-share\" referrerpolicy=\"strict-origin-when-cross-origin\" allowfullscreen><\/iframe><\/p>\n<p><strong><b>Kastes izm\u0113rs:<\/b><span style=\"font-weight: 400;\"> 43 x 32 x 16 cm<\/span><\/strong><\/p>\n<p style=\"text-align: center;\"><b>Inform\u0101cija par produktu:<\/b><\/p>\n<p><span style=\"font-weight: 400;\">Ide\u0101li piem\u0113rota ka\u0137\u0113niem un maziem ka\u0137iem, kuru svars nep\u0101rsniedz 4 kg. \u0160o kasti var izmantot ar\u012b liel\u0101ks ka\u0137is, ja vi\u0146\u0161 ir pieradis pie nelielas kastes un j\u016btas \u0113rti taj\u0101. \u0160\u012b kaste Jums der\u0113s ar\u012b tad, ja\u00a0ir paredz\u0113ts to izvietot mazaj\u0101 plat\u012bb\u0101, piem\u0113r\u0101m, vannas istab\u0101 utt., jo kaste ir kompakt\u0101 un neaiz\u0146em daudz vietas. Turkl\u0101t \u0161o kasti ir viegli transport\u0113t; to var pa\u0146emt l\u012bdzi ce\u013cojumos, uz izst\u0101d\u0113m vai vasarn\u012bcu.<\/span><\/p>\n<p><b>S\u0101kuma komplekta sast\u0101vs:<\/b><\/p>\n<p><span style=\"font-weight: 400;\">Maza divl\u012bme\u0146u kaste, l\u0101psti\u0146a, 1,6\u00a0kg granulu iepakojums, paladzi\u0146i.<\/span><\/p>\n<p><span style=\"font-weight: 400;\">S\u0101kuma komplekt\u0101 uzreiz ir viss, kas ir nepiecie\u0161ams lieto\u0161anai priek\u0161 J\u016bsu maza ka\u0137\u012b\u0161a vienam m\u0113nesim.<\/span><\/p>\n<p style=\"text-align: center;\"><b>K\u0101 izskat\u012bsies kop\u0161ana:<\/b><\/p>\n<p><span style=\"font-weight: 400;\">Par \u0161\u0137idrumu atbild \u012bpa\u0161s absorb\u0113jo\u0161ais paladzi\u0146\u0161. Par vis\u0101m smak\u0101m un iztvaiko\u0161anu atbild \u012bpa\u0161as granulas no ceol\u012bta bez putek\u013ciem un drupa\u010diem. No J\u016bsu puses b\u016bs nepiecie\u0161ams:<\/span><\/p>\n<ul>\n<li><span style=\"font-weight: 400;\">1 reizi ned\u0113\u013c\u0101 nomain\u012bt paladzi\u0146u,<\/span><\/li>\n<li><span style=\"font-weight: 400;\">1 reizi m\u0113nes\u012b nomain\u012bt granulas,<\/span><\/li>\n<li><span style=\"font-weight: 400;\">\u00a0iz\u0146emt \u201cciet\u0101s lietas\u201d p\u0113c to ra\u0161anas.<\/span><\/li>\n<\/ul>\n<p><span style=\"font-weight: 400;\">Vairs nekad neb\u016bs j\u0101v\u0101c ka\u0137u tualetes smilti\u0146as ar putek\u013cu s\u016bc\u0113ju pa visu dz\u012bvokli kop\u0161 jaun\u0101s kastes uzst\u0101d\u012b\u0161anas. Neb\u016bs ar\u012b nek\u0101du smaku telp\u0101. Baudiet t\u012br\u012bbu!<\/span><\/p>\n<p style=\"text-align: center;\"><b>Divl\u012bme\u0146u ka\u0137u kastes lieto\u0161anas instrukcija:<\/b><\/p>\n<p><b>Sagatavo\u0161ana lieto\u0161anai:<\/b><\/p>\n<ol>\n<li><span style=\"font-weight: 400;\">Izpakot komplektu un salikt kasti.<\/span><\/li>\n<li><span style=\"font-weight: 400;\">Izb\u0113rt pilnu 1,6 kg granulu iepakojumu uz rest\u012btes virsmas. T\u0101 ir vajadz\u012bga porcija.<\/span><\/li>\n<li><span style=\"font-weight: 400;\">Ielikt paladzi\u0146u paliktn\u012b un uzman\u012bgi iztaisnot to. Paladzi\u0146a mali\u0146\u0101m j\u0101b\u016bt pacelt\u0101m uz aug\u0161u, lai \u0161\u0137idrums nenok\u013c\u016btu zem paladzi\u0146a.\u00a0Paliktnim j\u0101paliek sausam.<\/span><\/li>\n<\/ol>\n<p><span style=\"font-weight: 400;\">Kaste gatava lieto\u0161anai!<\/span><\/p>\n<p><span style=\"font-weight: 400;\">\u00a0<\/span><\/p>\n<p style=\"text-align: center;\"><b>Kastes apkalpo\u0161ana:<\/b><\/p>\n<p><span style=\"font-weight: 400;\">Ka\u0137a \u201cciet\u0101s lietas\u201d j\u0101iz\u0146em p\u0113c to ra\u0161anas. Ja v\u0113laties, varat uz br\u012bdi atst\u0101t \u201cciet\u0101s lietas\u201d kast\u0113, lai t\u0101s no\u017e\u016btu un b\u016btu viegl\u0101k atdal\u012bt granulas, kas b\u016bs pie\u0137\u0113ru\u0161\u0101s. \u201cCiet\u0101s lietas\u201d var izmest tualet\u0113, ja kl\u0101t t\u0101m nav pie\u0137\u0113ru\u0161as granulas vai granulas var izsij\u0101t ar l\u0101psti\u0146u. Granulas nedr\u012bkst mest tualet\u0113, jo t\u0101s neiz\u0161\u0137\u012bst \u016bden\u012b.<\/span><\/p>\n<p><span style=\"font-weight: 400;\">Ja ka\u0137im ir caureja, visas net\u012br\u0101s granulas j\u0101izmet. Ja J\u016bsu ka\u0137im bie\u017ei ir caureja, tad pirms kastes ieg\u0101des Jums vajadz\u0113tu pakonsult\u0113ties ar p\u0101rdev\u0113ju.<\/span><\/p>\n<p><span style=\"font-weight: 400;\">Paladzi\u0146us nepiecie\u0161ams main\u012bt reizi ned\u0113\u013c\u0101 vai p\u0113c to piepild\u012b\u0161anas. Uzman\u012bgi iz\u0146emiet paliktni ar paladzi\u0146u no kastes, izmetiet paladzi\u0146u atkritumu mais\u0101. Noslauciet vai nomazg\u0101jiet paliktni, ja t\u0101j\u0101 ir ticis ur\u012bns. Ievietojiet jaunu paladzi\u0146u un iztaisnojiet to. Ievietojiet paliktni ar paladzi\u0146u atpaka\u013c kast\u0113.<\/span><\/p>\n<p><span style=\"font-weight: 400;\">Granulas nepiecie\u0161ams main\u012bt reizi m\u0113nes\u012b. No\u0146emiet aug\u0161\u0113jo kastes da\u013cu. Izberiet granulas atkritumu mais\u0101. Nomazg\u0101jiet rest\u012bti ar \u016bdeni un ziep\u0113m. Ja citas kastes deta\u013cas ir net\u012bras, ar\u012b t\u0101s nepiecie\u0161ams nomazg\u0101t. Noslauciet visas kastes deta\u013cas ar pap\u012bru vai dvieli. Ja v\u0113laties, varat apstr\u0101d\u0101t kastes deta\u013cas ar dezinfekcijas l\u012bdzekli. Salieciet kasti. Izberiet jaunu granulu paci\u0146u uz rest\u012btes virsmas. Ievietojiet paladzi\u0146u paliktn\u012b un p\u0101rliecinieties, ka paladzi\u0146a mali\u0146as ir iztaisnotas un paceltas.<\/span><\/p>\n<p style=\"text-align: center;\"><b>Svar\u012bgi!<\/b><\/p>\n<p><span style=\"font-weight: 400;\">Neatkar\u012bb\u0101 no jebk\u0101diem apst\u0101k\u013ciem, maksim\u0101lais termi\u0146\u0161, p\u0113c kura piln\u012bb\u0101 j\u0101nomaina granulas pret jaun\u0101m, ir 60 dienas. Nedr\u012bkst mazg\u0101t net\u012br\u0101s granulas un izmantot t\u0101s atk\u0101rtoti! Granulu ilg\u0101ka tur\u0113\u0161ana vai mazg\u0101\u0161ana un atk\u0101rtota izmanto\u0161ana ir b\u012bstama dz\u012bvnieka un cilv\u0113ka vesel\u012bbai! Tas ir b\u012bstami no bakteri\u0101las infekcijas ra\u0161anas riska viedok\u013ca.<\/span><\/p>\n<p><b>Izmaksas \u2014 granulu un paladzi\u0146u mai\u0146as bie\u017eums:<\/b><\/p>\n<p><b>Vienam mazam ka\u0137im (2-4 kg) vienam m\u0113nesim nepiecie\u0161ami:<\/b><\/p>\n<ul>\n<li><span style=\"font-weight: 400;\">4 paladzi\u0146i m\u0113nes\u012b (main\u012bt reizi 7-8 dien\u0101s), un<\/span><\/li>\n<li><span style=\"font-weight: 400;\">1 granulu iepakojums (main\u012bt reizi 30-60 dien\u0101s).<\/span><\/li>\n<\/ul>\n<p><b>Vienam vid\u0113ja izm\u0113ra ka\u0137im (5-6 kg) vienam m\u0113nesim nepiecie\u0161ami:<\/b><\/p>\n<ul>\n<li><span style=\"font-weight: 400;\">4-6 paladzi\u0146i m\u0113nes\u012b (main\u012bt reizi 5-7 dien\u0101s), un<\/span><\/li>\n<li><span style=\"font-weight: 400;\">1 granulu iepakojums (main\u012bt reizi m\u0113nes\u012b).<\/span><\/li>\n<\/ul>\n<p><b>Diviem ka\u0137iem, kuri izmanto vienu kasti, vienam m\u0113nesim nepiecie\u0161ami:<\/b><\/p>\n<ul>\n<li><span style=\"font-weight: 400;\">\u00a06-10 paladzi\u0146i m\u0113nes\u012b (main\u012bt reizi 3-5 dien\u0101s), un<\/span><\/li>\n<li><span style=\"font-weight: 400;\">1 granulu iepakojums (main\u012bt reizi m\u0113nes\u012b).<\/span><\/li>\n<\/ul>\n<p><b>Trim ka\u0137iem, kuri izmanto vienu kasti, vienam m\u0113nesim nepiecie\u0161ami:<\/b><\/p>\n<ul>\n<li><span style=\"font-weight: 400;\">8-12 paladzi\u0146i m\u0113nes\u012b (main\u012bt reizi 3-5 dien\u0101s), un<\/span><\/li>\n<li><span style=\"font-weight: 400;\">1-2 granulu iepakojumi (main\u012bt reizi 2-3 ned\u0113\u013c\u0101s).<\/span><\/li>\n<\/ul>\n<p><span style=\"font-weight: 400;\">Paladzi\u0146u mai\u0146as bie\u017eums ir ar\u012b atkar\u012bgs no katra ka\u0137a individu\u0101laj\u0101m \u012bpa\u0161\u012bb\u0101m: vesel\u012bbas, ur\u012bna sast\u0101va, dz\u012bvnieka izm\u0113ra un uztura. Ja J\u016bs j\u016btat smaku no paladzi\u0146a pirms tas piepild\u0101s, konsult\u0113jieties ar p\u0101rdev\u0113ju. J\u016bs varat ar\u012b papildus izmantot \u012bpa\u0161u dezodorantu, kas nov\u0113r\u0161 smaku ra\u0161anos ilg\u0101ku laiku.<\/span><\/p>\n<p style=\"text-align: center;\"><b>K\u0101 pieradin\u0101t ka\u0137i pie jaun\u0101s kastes?<\/b><\/p>\n<p><span style=\"font-weight: 400;\">P\u0101rsvar\u0101 (t.i. 95% gad\u012bjumos) ar to nav nek\u0101du probl\u0113mu, un ka\u0137i vienk\u0101r\u0161i s\u0101k izmantot jauno kasti tikl\u012bdz J\u016bs to novietojat viet\u0101, kur iepriek\u0161 st\u0101v\u0113ja vi\u0146u vec\u0101 kaste. Da\u017ei ka\u0137i var verot jauno kasti un gaid\u012bt pilnu dienu pirms s\u0101k to izmantot. Da\u017ereiz ka\u0137im pal\u012bdz, ja smar\u017eu no vec\u0101s kastes pievieno jaunaj\u0101, lai saprastu ka t\u0101 ir vi\u0146a jauna tualete.<\/span><\/p>\n<p><span style=\"font-weight: 400;\">Ja J\u016bsu ka\u0137is nev\u0113las izmantot jauno kasti, J\u016bs varat m\u0113\u0123in\u0101t pielietot \u0161\u0101du metodi:<\/span><\/p>\n<p><span style=\"font-weight: 400;\">Veiciet \u0161os so\u013cus vienu p\u0113c otra, nevis visas izmai\u0146as vienlaic\u012bgi.<\/span><\/p>\n<ol>\n<li><span style=\"font-weight: 400;\">Iepaz\u012bstiniet ka\u0137i ar granul\u0101m. Ieberiet pietiekamu granulu daudzumu vi\u0146a vecaj\u0101 kast\u0113, sajaucot t\u0101s ar veco pild\u012bjumu. \u013baujiet ka\u0137im pierast pie granul\u0101m.<\/span><\/li>\n<li><span style=\"font-weight: 400;\">Novietojiet jauno kasti ar granul\u0101m blakus vecajai. Varat ar\u012b no\u0146emt kastes augstas mali\u0146as. Ka\u0137im var\u0113tu patikt, ka nav augstu malu.<\/span><\/li>\n<li><span style=\"font-weight: 400;\">P\u0101rtrauciet vec\u0101s kastes t\u012br\u012b\u0161anu. Galu gal\u0101 ka\u0137is izv\u0113l\u0113sies lietot to jauno t\u012bru kasti.<\/span><\/li>\n<li><span style=\"font-weight: 400;\">Pa\u0146emiet nost veco kasti.<\/span><\/li>\n<\/ol>\n<p><span style=\"font-weight: 400;\">J\u0101atceras, ka katram ka\u0137im ir individu\u0101ls raksturs un Jums ir j\u0101izr\u0101da paciet\u012bba! Sazinieties ar p\u0101rdev\u0113ju, lai sa\u0146emtu konsult\u0101ciju un pal\u012bdz\u012bbu, ja tas nepiecie\u0161ams.<\/span><\/p>\n","protected":false},"excerpt":{"rendered":"<p><span style=\"font-weight: 400;\">starta komplekts:<\/span><span style=\"font-weight: 400;\"><br \/>\n<\/span><span style=\"font-weight: 400;\">ka\u0137u pakai\u0161u kaste + izejmateri\u0101li vienam m\u0113nesim\u00a0(1 ceol\u012bta granulu paci\u0146a 1,6 kg un 4 absorb\u0113jo\u0161ie paladzi\u0146i)<\/span><\/p>\n","protected":false},"featured_media":5612,"template":"","meta":[],"product_cat":[323],"product_tag":[255,228,251,252,204,293,254,253,291,292],"yoast_head":"<!-- This site is optimized with the Yoast SEO Premium plugin v22.2 (Yoast SEO v23.5) - https:\/\/yoast.com\/wordpress\/plugins\/seo\/ -->\n<title>Maz\u0101 ka\u0137u tualete ka\u0137\u0113niem un neliela izm\u0113ra ka\u0137iem - Skat\u012bt ZeoDeo<\/title>\n<meta name=\"description\" content=\"Iepaz\u012bstieties ar kompaktu, ori\u0123in\u0101lu divl\u012bme\u0146u sist\u0113mu ka\u0137\u0113niem. Maza izm\u0113ra ka\u0137u pakai\u0161u kaste b\u016bs ide\u0101li ieder\u0113sies nelielos dz\u012bvok\u013cos un \u0161aur\u0101s viet\u0101s. Uzlabojiet sava ka\u0137a higi\u0113nu.\" \/>\n<meta name=\"robots\" content=\"index, follow, max-snippet:-1, max-image-preview:large, max-video-preview:-1\" \/>\n<link rel=\"canonical\" href=\"https:\/\/zeodeo.store\/lv\/divlimenu-kaku-tualetes\/maza-kaku-tualete-komplekts\/\" \/>\n<meta property=\"og:locale\" content=\"lv_LV\" \/>\n<meta property=\"og:type\" content=\"article\" \/>\n<meta property=\"og:title\" content=\"Maz\u0101 ka\u0137u tualete: Starta komplekts\" \/>\n<meta property=\"og:description\" content=\"Iepaz\u012bstieties ar kompaktu, ori\u0123in\u0101lu divl\u012bme\u0146u sist\u0113mu ka\u0137\u0113niem. Maza izm\u0113ra ka\u0137u pakai\u0161u kaste b\u016bs ide\u0101li ieder\u0113sies nelielos dz\u012bvok\u013cos un \u0161aur\u0101s viet\u0101s. Uzlabojiet sava ka\u0137a higi\u0113nu.\" \/>\n<meta property=\"og:url\" content=\"https:\/\/zeodeo.store\/lv\/divlimenu-kaku-tualetes\/maza-kaku-tualete-komplekts\/\" \/>\n<meta property=\"og:site_name\" content=\"Zeodeo\" \/>\n<meta property=\"article:modified_time\" content=\"2024-12-06T13:11:28+00:00\" \/>\n<meta property=\"og:image\" content=\"https:\/\/zeodeo.store\/wp-content\/uploads\/2023\/05\/Obszar-kompozycji-1-kopia-3-e1726036335278.jpg\" \/>\n\t<meta property=\"og:image:width\" content=\"2000\" \/>\n\t<meta property=\"og:image:height\" content=\"2000\" \/>\n\t<meta property=\"og:image:type\" content=\"image\/jpeg\" \/>\n<meta name=\"twitter:card\" content=\"summary_large_image\" \/>\n<script type=\"application\/ld+json\" class=\"yoast-schema-graph\">{\"@context\":\"https:\/\/schema.org\",\"@graph\":[{\"@type\":\"WebPage\",\"@id\":\"https:\/\/zeodeo.store\/lv\/divlimenu-kaku-tualetes\/maza-kaku-tualete-komplekts\/\",\"url\":\"https:\/\/zeodeo.store\/lv\/divlimenu-kaku-tualetes\/maza-kaku-tualete-komplekts\/\",\"name\":\"Maz\u0101 ka\u0137u tualete ka\u0137\u0113niem un neliela izm\u0113ra ka\u0137iem - Skat\u012bt ZeoDeo\",\"isPartOf\":{\"@id\":\"https:\/\/zeodeo.store\/lv\/#website\"},\"primaryImageOfPage\":{\"@id\":\"https:\/\/zeodeo.store\/lv\/divlimenu-kaku-tualetes\/maza-kaku-tualete-komplekts\/#primaryimage\"},\"image\":{\"@id\":\"https:\/\/zeodeo.store\/lv\/divlimenu-kaku-tualetes\/maza-kaku-tualete-komplekts\/#primaryimage\"},\"thumbnailUrl\":\"https:\/\/zeodeo.store\/wp-content\/uploads\/2023\/05\/Obszar-kompozycji-1-kopia-3-e1726036335278.jpg\",\"datePublished\":\"2023-05-14T12:44:15+00:00\",\"dateModified\":\"2024-12-06T13:11:28+00:00\",\"description\":\"Iepaz\u012bstieties ar kompaktu, ori\u0123in\u0101lu divl\u012bme\u0146u sist\u0113mu ka\u0137\u0113niem. Maza izm\u0113ra ka\u0137u pakai\u0161u kaste b\u016bs ide\u0101li ieder\u0113sies nelielos dz\u012bvok\u013cos un \u0161aur\u0101s viet\u0101s. Uzlabojiet sava ka\u0137a higi\u0113nu.\",\"breadcrumb\":{\"@id\":\"https:\/\/zeodeo.store\/lv\/divlimenu-kaku-tualetes\/maza-kaku-tualete-komplekts\/#breadcrumb\"},\"inLanguage\":\"lv-LV\",\"potentialAction\":[{\"@type\":\"ReadAction\",\"target\":[\"https:\/\/zeodeo.store\/lv\/divlimenu-kaku-tualetes\/maza-kaku-tualete-komplekts\/\"]}]},{\"@type\":\"ImageObject\",\"inLanguage\":\"lv-LV\",\"@id\":\"https:\/\/zeodeo.store\/lv\/divlimenu-kaku-tualetes\/maza-kaku-tualete-komplekts\/#primaryimage\",\"url\":\"https:\/\/zeodeo.store\/wp-content\/uploads\/2023\/05\/Obszar-kompozycji-1-kopia-3-e1726036335278.jpg\",\"contentUrl\":\"https:\/\/zeodeo.store\/wp-content\/uploads\/2023\/05\/Obszar-kompozycji-1-kopia-3-e1726036335278.jpg\",\"width\":2000,\"height\":2000,\"caption\":\"ZeoDeo mordernite pellets and dual layer cat litter box small size\"},{\"@type\":\"BreadcrumbList\",\"@id\":\"https:\/\/zeodeo.store\/lv\/divlimenu-kaku-tualetes\/maza-kaku-tualete-komplekts\/#breadcrumb\",\"itemListElement\":[{\"@type\":\"ListItem\",\"position\":1,\"name\":\"Home\",\"item\":\"https:\/\/zeodeo.store\/lv\/\"},{\"@type\":\"ListItem\",\"position\":2,\"name\":\"Ka\u0137u Tualetes\",\"item\":\"https:\/\/zeodeo.store\/lv\/divlimenu-kaku-tualetes\/\"},{\"@type\":\"ListItem\",\"position\":3,\"name\":\"Maz\u0101 ka\u0137u tualete: Starta komplekts\"}]},{\"@type\":\"WebSite\",\"@id\":\"https:\/\/zeodeo.store\/lv\/#website\",\"url\":\"https:\/\/zeodeo.store\/lv\/\",\"name\":\"Zeodeo\",\"description\":\"Zeolite pellets for dual layer cat litter pellets\",\"potentialAction\":[{\"@type\":\"SearchAction\",\"target\":{\"@type\":\"EntryPoint\",\"urlTemplate\":\"https:\/\/zeodeo.store\/lv\/?s={search_term_string}\"},\"query-input\":{\"@type\":\"PropertyValueSpecification\",\"valueRequired\":true,\"valueName\":\"search_term_string\"}}],\"inLanguage\":\"lv-LV\"}]}<\/script>\n<meta property=\"product:price:amount\" content=\"39.00\" \/>\n<meta property=\"product:price:currency\" content=\"EUR\" \/>\n<meta property=\"og:availability\" content=\"instock\" \/>\n<meta property=\"product:availability\" content=\"instock\" \/>\n<meta property=\"product:condition\" content=\"new\" \/>\n<!-- \/ Yoast SEO Premium plugin. -->","yoast_head_json":{"title":"Maz\u0101 ka\u0137u tualete ka\u0137\u0113niem un neliela izm\u0113ra ka\u0137iem - Skat\u012bt ZeoDeo","description":"Iepaz\u012bstieties ar kompaktu, ori\u0123in\u0101lu divl\u012bme\u0146u sist\u0113mu ka\u0137\u0113niem. Maza izm\u0113ra ka\u0137u pakai\u0161u kaste b\u016bs ide\u0101li ieder\u0113sies nelielos dz\u012bvok\u013cos un \u0161aur\u0101s viet\u0101s. Uzlabojiet sava ka\u0137a higi\u0113nu.","robots":{"index":"index","follow":"follow","max-snippet":"max-snippet:-1","max-image-preview":"max-image-preview:large","max-video-preview":"max-video-preview:-1"},"canonical":"https:\/\/zeodeo.store\/lv\/divlimenu-kaku-tualetes\/maza-kaku-tualete-komplekts\/","og_locale":"lv_LV","og_type":"article","og_title":"Maz\u0101 ka\u0137u tualete: Starta komplekts","og_description":"Iepaz\u012bstieties ar kompaktu, ori\u0123in\u0101lu divl\u012bme\u0146u sist\u0113mu ka\u0137\u0113niem. Maza izm\u0113ra ka\u0137u pakai\u0161u kaste b\u016bs ide\u0101li ieder\u0113sies nelielos dz\u012bvok\u013cos un \u0161aur\u0101s viet\u0101s. Uzlabojiet sava ka\u0137a higi\u0113nu.","og_url":"https:\/\/zeodeo.store\/lv\/divlimenu-kaku-tualetes\/maza-kaku-tualete-komplekts\/","og_site_name":"Zeodeo","article_modified_time":"2024-12-06T13:11:28+00:00","og_image":[{"width":2000,"height":2000,"url":"https:\/\/zeodeo.store\/wp-content\/uploads\/2023\/05\/Obszar-kompozycji-1-kopia-3-e1726036335278.jpg","type":"image\/jpeg"}],"twitter_card":"summary_large_image","schema":{"@context":"https:\/\/schema.org","@graph":[{"@type":"WebPage","@id":"https:\/\/zeodeo.store\/lv\/divlimenu-kaku-tualetes\/maza-kaku-tualete-komplekts\/","url":"https:\/\/zeodeo.store\/lv\/divlimenu-kaku-tualetes\/maza-kaku-tualete-komplekts\/","name":"Maz\u0101 ka\u0137u tualete ka\u0137\u0113niem un neliela izm\u0113ra ka\u0137iem - Skat\u012bt ZeoDeo","isPartOf":{"@id":"https:\/\/zeodeo.store\/lv\/#website"},"primaryImageOfPage":{"@id":"https:\/\/zeodeo.store\/lv\/divlimenu-kaku-tualetes\/maza-kaku-tualete-komplekts\/#primaryimage"},"image":{"@id":"https:\/\/zeodeo.store\/lv\/divlimenu-kaku-tualetes\/maza-kaku-tualete-komplekts\/#primaryimage"},"thumbnailUrl":"https:\/\/zeodeo.store\/wp-content\/uploads\/2023\/05\/Obszar-kompozycji-1-kopia-3-e1726036335278.jpg","datePublished":"2023-05-14T12:44:15+00:00","dateModified":"2024-12-06T13:11:28+00:00","description":"Iepaz\u012bstieties ar kompaktu, ori\u0123in\u0101lu divl\u012bme\u0146u sist\u0113mu ka\u0137\u0113niem. Maza izm\u0113ra ka\u0137u pakai\u0161u kaste b\u016bs ide\u0101li ieder\u0113sies nelielos dz\u012bvok\u013cos un \u0161aur\u0101s viet\u0101s. Uzlabojiet sava ka\u0137a higi\u0113nu.","breadcrumb":{"@id":"https:\/\/zeodeo.store\/lv\/divlimenu-kaku-tualetes\/maza-kaku-tualete-komplekts\/#breadcrumb"},"inLanguage":"lv-LV","potentialAction":[{"@type":"ReadAction","target":["https:\/\/zeodeo.store\/lv\/divlimenu-kaku-tualetes\/maza-kaku-tualete-komplekts\/"]}]},{"@type":"ImageObject","inLanguage":"lv-LV","@id":"https:\/\/zeodeo.store\/lv\/divlimenu-kaku-tualetes\/maza-kaku-tualete-komplekts\/#primaryimage","url":"https:\/\/zeodeo.store\/wp-content\/uploads\/2023\/05\/Obszar-kompozycji-1-kopia-3-e1726036335278.jpg","contentUrl":"https:\/\/zeodeo.store\/wp-content\/uploads\/2023\/05\/Obszar-kompozycji-1-kopia-3-e1726036335278.jpg","width":2000,"height":2000,"caption":"ZeoDeo mordernite pellets and dual layer cat litter box small size"},{"@type":"BreadcrumbList","@id":"https:\/\/zeodeo.store\/lv\/divlimenu-kaku-tualetes\/maza-kaku-tualete-komplekts\/#breadcrumb","itemListElement":[{"@type":"ListItem","position":1,"name":"Home","item":"https:\/\/zeodeo.store\/lv\/"},{"@type":"ListItem","position":2,"name":"Ka\u0137u Tualetes","item":"https:\/\/zeodeo.store\/lv\/divlimenu-kaku-tualetes\/"},{"@type":"ListItem","position":3,"name":"Maz\u0101 ka\u0137u tualete: Starta komplekts"}]},{"@type":"WebSite","@id":"https:\/\/zeodeo.store\/lv\/#website","url":"https:\/\/zeodeo.store\/lv\/","name":"Zeodeo","description":"Zeolite pellets for dual layer cat litter pellets","potentialAction":[{"@type":"SearchAction","target":{"@type":"EntryPoint","urlTemplate":"https:\/\/zeodeo.store\/lv\/?s={search_term_string}"},"query-input":{"@type":"PropertyValueSpecification","valueRequired":true,"valueName":"search_term_string"}}],"inLanguage":"lv-LV"}]},"product_price_amount":"39.00","product_price_currency":"EUR","og_availability":"instock","product_availability":"instock","product_condition":"new"},"_links":{"self":[{"href":"https:\/\/zeodeo.store\/lv\/wp-json\/wp\/v2\/product\/2748"}],"collection":[{"href":"https:\/\/zeodeo.store\/lv\/wp-json\/wp\/v2\/product"}],"about":[{"href":"https:\/\/zeodeo.store\/lv\/wp-json\/wp\/v2\/types\/product"}],"wp:featuredmedia":[{"embeddable":true,"href":"https:\/\/zeodeo.store\/lv\/wp-json\/wp\/v2\/media\/5612"}],"wp:attachment":[{"href":"https:\/\/zeodeo.store\/lv\/wp-json\/wp\/v2\/media?parent=2748"}],"wp:term":[{"taxonomy":"product_cat","embeddable":true,"href":"https:\/\/zeodeo.store\/lv\/wp-json\/wp\/v2\/product_cat?post=2748"},{"taxonomy":"product_tag","embeddable":true,"href":"https:\/\/zeodeo.store\/lv\/wp-json\/wp\/v2\/product_tag?post=2748"}],"curies":[{"name":"wp","href":"https:\/\/api.w.org\/{rel}","templated":true}]}}