{"id":2733,"date":"2023-05-14T13:47:46","date_gmt":"2023-05-14T11:47:46","guid":{"rendered":"https:\/\/zeodeo.store\/?post_type=product&#038;p=2733"},"modified":"2024-12-06T15:11:00","modified_gmt":"2024-12-06T13:11:00","slug":"loti-liela-kaku-tualete-komplekts","status":"publish","type":"product","link":"https:\/\/zeodeo.store\/lv\/divlimenu-kaku-tualetes\/loti-liela-kaku-tualete-komplekts\/","title":{"rendered":"Liel\u0101 ka\u0137u tualete: Starta komplekts"},"content":{"rendered":"<p><iframe loading=\"lazy\" title=\"Big XL-king size dual layer cat litter box and zeolite cat litter pellets\" width=\"1220\" height=\"686\" src=\"https:\/\/www.youtube.com\/embed\/eEJtOGCo95U?feature=oembed\" frameborder=\"0\" allow=\"accelerometer; autoplay; clipboard-write; encrypted-media; gyroscope; picture-in-picture; web-share\" referrerpolicy=\"strict-origin-when-cross-origin\" allowfullscreen><\/iframe><\/p>\n<p><strong>XL divl\u012bme\u0146u ka\u0137u tualete<\/strong><\/p>\n<p><strong><b>Kastes izm\u0113rs: <\/b><\/strong>70 x 47 x 35 cm<\/p>\n<p>&nbsp;<\/p>\n<p style=\"text-align: center;\"><b>Inform\u0101cija par produktu:<\/b><\/p>\n<p><span style=\"font-weight: 400;\">\u0160\u012b ir KING SIZE kaste \u2013 liel\u0101k\u0101 kaste \u0161aj\u0101 s\u0113rij\u0101. T\u0101 b\u016bs piem\u0113rota jebkuriem lieliem ka\u0137iem. Ide\u0101li piem\u0113rota lieliem Maine Coon \u0161\u0137irnes ka\u0137iem, me\u017ea ka\u0137iem, lieliem britu \u0161\u0137irnes ka\u0137iem un citiem lieliem ka\u0137iem.<\/span><\/p>\n<p><span style=\"font-weight: 400;\">Augstas mali\u0146as un iespaid\u012bgs kastes izm\u0113rs \u013cauj lielam ka\u0137im justies komfortabli \u0161aj\u0101 kast\u0113. Ka\u0137im ir vieta, kur izpausties!<\/span><\/p>\n<p><span style=\"font-weight: 400;\">\u0160o kasti bez probl\u0113m\u0101m var lietot vair\u0101ki lieli ka\u0137i. Taj\u0101 b\u016bs \u0113rti ka\u0137iem, kas sver 10, 15 vai pat vair\u0101k kg.<\/span><\/p>\n<p><b>S\u0101kuma komplekta sast\u0101vs:<\/b><\/p>\n<p><span style=\"font-weight: 400;\">kaste, l\u0101psti\u0146a, divi granulu iepakojumi pa 1,6 kg, paladzi\u0146i.<\/span><\/p>\n<p><span style=\"font-weight: 400;\">Granulu un paladzi\u0146u daudzums starta komplekt\u0101 b\u016bs pietiekams, lai izmantotu vienam vai diviem ka\u0137iem vienam m\u0113nesim.<\/span><\/p>\n<p>&nbsp;<\/p>\n<p style=\"text-align: center;\"><b>K\u0101 izskat\u012bsies kop\u0161ana:<\/b><\/p>\n<p>Par \u0161\u0137idrumu atbild \u012bpa\u0161s absorb\u0113jo\u0161ais paladzi\u0146\u0161. Par vis\u0101m smak\u0101m un iztvaiko\u0161anu atbild \u012bpa\u0161as granulas no ceol\u012bta bez putek\u013ciem un drupa\u010diem. No J\u016bsu puses b\u016bs nepiecie\u0161ams:<\/p>\n<ul>\n<li>1 reizi ned\u0113\u013c\u0101 nomain\u012bt paladzi\u0146u,<\/li>\n<li>1 reizi m\u0113nes\u012b nomain\u012bt granulas,<\/li>\n<li>\u00a0iz\u0146emt \u201cciet\u0101s lietas\u201d p\u0113c to ra\u0161anas.<\/li>\n<\/ul>\n<p>Vairs nekad neb\u016bs j\u0101v\u0101c ka\u0137u tualetes smilti\u0146as ar putek\u013cu s\u016bc\u0113ju pa visu dz\u012bvokli kop\u0161 jaun\u0101s kastes uzst\u0101d\u012b\u0161anas. Neb\u016bs ar\u012b nek\u0101du smaku telp\u0101. Baudiet t\u012br\u012bbu!<\/p>\n<p>&nbsp;<\/p>\n<p style=\"text-align: center;\"><b>Divl\u012bme\u0146u ka\u0137u kastes lieto\u0161anas instrukcija:<\/b><\/p>\n<p><b>Sagatavo\u0161ana lieto\u0161anai:<\/b><\/p>\n<ol>\n<li>Izpakot komplektu un salikt kasti.<\/li>\n<li>Izb\u0113rt pilnu 1,6 kg granulu iepakojumu uz rest\u012btes virsmas. T\u0101 ir vajadz\u012bga porcija.<\/li>\n<li>Ielikt paladzi\u0146u paliktn\u012b un uzman\u012bgi iztaisnot to. Paladzi\u0146a mali\u0146\u0101m j\u0101b\u016bt pacelt\u0101m uz aug\u0161u, lai \u0161\u0137idrums nenok\u013c\u016btu zem paladzi\u0146a.\u00a0Paliktnim j\u0101paliek sausam.<\/li>\n<\/ol>\n<p>Kaste gatava lieto\u0161anai!<\/p>\n<p>&nbsp;<\/p>\n<p style=\"text-align: center;\"><b>Kastes apkalpo\u0161ana:<\/b><\/p>\n<p>Ka\u0137a \u201cciet\u0101s lietas\u201d j\u0101iz\u0146em p\u0113c to ra\u0161anas. Ja v\u0113laties, varat uz br\u012bdi atst\u0101t \u201cciet\u0101s lietas\u201d kast\u0113, lai t\u0101s no\u017e\u016btu un b\u016btu viegl\u0101k atdal\u012bt granulas, kas b\u016bs pie\u0137\u0113ru\u0161\u0101s. \u201cCiet\u0101s lietas\u201d var izmest tualet\u0113, ja kl\u0101t t\u0101m nav pie\u0137\u0113ru\u0161as granulas vai granulas var izsij\u0101t ar l\u0101psti\u0146u. Granulas nedr\u012bkst mest tualet\u0113, jo t\u0101s neiz\u0161\u0137\u012bst \u016bden\u012b.<\/p>\n<p>Ja ka\u0137im ir caureja, visas net\u012br\u0101s granulas j\u0101izmet. Ja J\u016bsu ka\u0137im bie\u017ei ir caureja, tad pirms kastes ieg\u0101des Jums vajadz\u0113tu pakonsult\u0113ties ar p\u0101rdev\u0113ju.<\/p>\n<p>Paladzi\u0146us nepiecie\u0161ams main\u012bt reizi ned\u0113\u013c\u0101 vai p\u0113c to piepild\u012b\u0161anas. Uzman\u012bgi iz\u0146emiet paliktni ar paladzi\u0146u no kastes, izmetiet paladzi\u0146u atkritumu mais\u0101. Noslauciet vai nomazg\u0101jiet paliktni, ja t\u0101j\u0101 ir ticis ur\u012bns. Ievietojiet jaunu paladzi\u0146u un iztaisnojiet to. Ievietojiet paliktni ar paladzi\u0146u atpaka\u013c kast\u0113.<\/p>\n<p>Granulas nepiecie\u0161ams main\u012bt reizi m\u0113nes\u012b. No\u0146emiet aug\u0161\u0113jo kastes da\u013cu. Izberiet granulas atkritumu mais\u0101. Nomazg\u0101jiet rest\u012bti ar \u016bdeni un ziep\u0113m. Ja citas kastes deta\u013cas ir net\u012bras, ar\u012b t\u0101s nepiecie\u0161ams nomazg\u0101t. Noslauciet visas kastes deta\u013cas ar pap\u012bru vai dvieli. Ja v\u0113laties, varat apstr\u0101d\u0101t kastes deta\u013cas ar dezinfekcijas l\u012bdzekli. Salieciet kasti. Izberiet jaunu granulu paci\u0146u uz rest\u012btes virsmas. Ievietojiet paladzi\u0146u paliktn\u012b un p\u0101rliecinieties, ka paladzi\u0146a mali\u0146as ir iztaisnotas un paceltas.<\/p>\n<p>&nbsp;<\/p>\n<p style=\"text-align: center;\"><b>Svar\u012bgi!<\/b><\/p>\n<p>Neatkar\u012bb\u0101 no jebk\u0101diem apst\u0101k\u013ciem, maksim\u0101lais termi\u0146\u0161, p\u0113c kura piln\u012bb\u0101 j\u0101nomaina granulas pret jaun\u0101m, ir 60 dienas. Nedr\u012bkst mazg\u0101t net\u012br\u0101s granulas un izmantot t\u0101s atk\u0101rtoti! Granulu ilg\u0101ka tur\u0113\u0161ana vai mazg\u0101\u0161ana un atk\u0101rtota izmanto\u0161ana ir b\u012bstama dz\u012bvnieka un cilv\u0113ka vesel\u012bbai! Tas ir b\u012bstami no bakteri\u0101las infekcijas ra\u0161anas riska viedok\u013ca.<\/p>\n<p><b>Izmaksas \u2014 granulu un paladzi\u0146u mai\u0146as bie\u017eums:<\/b><\/p>\n<p><b>Vienam mazam ka\u0137im (2-4 kg) vienam m\u0113nesim nepiecie\u0161ami:<\/b><\/p>\n<ul>\n<li>4 paladzi\u0146i m\u0113nes\u012b (main\u012bt reizi 7-8 dien\u0101s), un<\/li>\n<li>1 granulu iepakojums (main\u012bt reizi 30-60 dien\u0101s).<\/li>\n<\/ul>\n<p><b>Vienam vid\u0113ja izm\u0113ra ka\u0137im (5-6 kg) vienam m\u0113nesim nepiecie\u0161ami:<\/b><\/p>\n<ul>\n<li>4-6 paladzi\u0146i m\u0113nes\u012b (main\u012bt reizi 5-7 dien\u0101s), un<\/li>\n<li>1 granulu iepakojums (main\u012bt reizi m\u0113nes\u012b).<\/li>\n<\/ul>\n<p><b>Diviem ka\u0137iem, kuri izmanto vienu kasti, vienam m\u0113nesim nepiecie\u0161ami:<\/b><\/p>\n<ul>\n<li>\u00a06-10 paladzi\u0146i m\u0113nes\u012b (main\u012bt reizi 3-5 dien\u0101s), un<\/li>\n<li>1 granulu iepakojums (main\u012bt reizi m\u0113nes\u012b).<\/li>\n<\/ul>\n<p><b>Trim ka\u0137iem, kuri izmanto vienu kasti, vienam m\u0113nesim nepiecie\u0161ami:<\/b><\/p>\n<ul>\n<li>8-12 paladzi\u0146i m\u0113nes\u012b (main\u012bt reizi 3-5 dien\u0101s), un<\/li>\n<li>1-2 granulu iepakojumi (main\u012bt reizi 2-3 ned\u0113\u013c\u0101s).<\/li>\n<\/ul>\n<p>Paladzi\u0146u mai\u0146as bie\u017eums ir ar\u012b atkar\u012bgs no katra ka\u0137a individu\u0101laj\u0101m \u012bpa\u0161\u012bb\u0101m: vesel\u012bbas, ur\u012bna sast\u0101va, dz\u012bvnieka izm\u0113ra un uztura. Ja J\u016bs j\u016btat smaku no paladzi\u0146a pirms tas piepild\u0101s, konsult\u0113jieties ar p\u0101rdev\u0113ju. J\u016bs varat ar\u012b papildus izmantot \u012bpa\u0161u dezodorantu, kas nov\u0113r\u0161 smaku ra\u0161anos ilg\u0101ku laiku.<\/p>\n<p style=\"text-align: center;\"><b>K\u0101 pieradin\u0101t ka\u0137i pie jaun\u0101s kastes?<\/b><\/p>\n<p>P\u0101rsvar\u0101 (t.i. 95% gad\u012bjumos) ar to nav nek\u0101du probl\u0113mu, un ka\u0137i vienk\u0101r\u0161i s\u0101k izmantot jauno kasti tikl\u012bdz J\u016bs to novietojat viet\u0101, kur iepriek\u0161 st\u0101v\u0113ja vi\u0146u vec\u0101 kaste. Da\u017ei ka\u0137i var verot jauno kasti un gaid\u012bt pilnu dienu pirms s\u0101k to izmantot. Da\u017ereiz ka\u0137im pal\u012bdz, ja smar\u017eu no vec\u0101s kastes pievieno jaunaj\u0101, lai saprastu ka t\u0101 ir vi\u0146a jauna tualete.<\/p>\n<p>Ja J\u016bsu ka\u0137is nev\u0113las izmantot jauno kasti, J\u016bs varat m\u0113\u0123in\u0101t pielietot \u0161\u0101du metodi:<\/p>\n<p>Veiciet \u0161os so\u013cus vienu p\u0113c otra, nevis visas izmai\u0146as vienlaic\u012bgi.<\/p>\n<ol>\n<li>Iepaz\u012bstiniet ka\u0137i ar granul\u0101m. Ieberiet pietiekamu granulu daudzumu vi\u0146a vecaj\u0101 kast\u0113, sajaucot t\u0101s ar veco pild\u012bjumu. \u013baujiet ka\u0137im pierast pie granul\u0101m.<\/li>\n<li>Novietojiet jauno kasti ar granul\u0101m blakus vecajai. Varat ar\u012b no\u0146emt kastes augstas mali\u0146as. Ka\u0137im var\u0113tu patikt, ka nav augstu malu.<\/li>\n<li>P\u0101rtrauciet vec\u0101s kastes t\u012br\u012b\u0161anu. Galu gal\u0101 ka\u0137is izv\u0113l\u0113sies lietot to jauno t\u012bru kasti.<\/li>\n<li>Pa\u0146emiet nost veco kasti.<\/li>\n<\/ol>\n<p>J\u0101atceras, ka katram ka\u0137im ir individu\u0101ls raksturs un Jums ir j\u0101izr\u0101da paciet\u012bba! Sazinieties ar p\u0101rdev\u0113ju, lai sa\u0146emtu konsult\u0101ciju un pal\u012bdz\u012bbu, ja tas nepiecie\u0161ams.<\/p>\n","protected":false},"excerpt":{"rendered":"<p><span style=\"font-weight: 400;\">starta komplekts:<\/span><span style=\"font-weight: 400;\"><br \/>\n<\/span><span style=\"font-weight: 400;\">ka\u0137u pakai\u0161u kaste + izejmateri\u0101li vienam m\u0113nesim\u00a0(<\/span><span style=\"font-weight: 400;\">2<\/span><span style=\"font-weight: 400;\"> ceol\u012bta granulu paci<\/span><span style=\"font-weight: 400;\">\u0146as<\/span><span style=\"font-weight: 400;\"> 1,6 kg un 4 absorb\u0113jo\u0161ie paladzi\u0146i)<\/span><\/p>\n","protected":false},"featured_media":5602,"template":"","meta":[],"product_cat":[323],"product_tag":[255,228,251,252,204,293,254,253,291,292],"yoast_head":"<!-- This site is optimized with the Yoast SEO Premium plugin v22.2 (Yoast SEO v23.5) - https:\/\/yoast.com\/wordpress\/plugins\/seo\/ -->\n<title>\u013boti liela izm\u0113ra ka\u0137u tualete ar augst\u0101m sien\u0101m - Skat\u012bt ZeoDeo<\/title>\n<meta name=\"description\" content=\"Iepaz\u012bstieties ar divl\u012bme\u0146u XL izm\u0113ra ka\u0137u tualeti! Ide\u0101li piem\u0113rots gan lielajiem ka\u0137iem, gan ar\u012b vair\u0101kiem p\u016bkainajiem m\u012blu\u013ciem vienlaic\u012bgi. Milz\u012bga ka\u0137u pakai\u0161u kaste ar augst\u0101m mal\u0101m nodro\u0161ina t\u0101 vieglu izmanto\u0161anu un t\u012br\u012bbu m\u0101j\u0101s. Uzziniet s\u012bk\u0101ku inform\u0101ciju!\" \/>\n<meta name=\"robots\" content=\"index, follow, max-snippet:-1, max-image-preview:large, max-video-preview:-1\" \/>\n<link rel=\"canonical\" href=\"https:\/\/zeodeo.store\/lv\/divlimenu-kaku-tualetes\/loti-liela-kaku-tualete-komplekts\/\" \/>\n<meta property=\"og:locale\" content=\"lv_LV\" \/>\n<meta property=\"og:type\" content=\"article\" \/>\n<meta property=\"og:title\" content=\"Liel\u0101 ka\u0137u tualete: Starta komplekts\" \/>\n<meta property=\"og:description\" content=\"Iepaz\u012bstieties ar divl\u012bme\u0146u XL izm\u0113ra ka\u0137u tualeti! Ide\u0101li piem\u0113rots gan lielajiem ka\u0137iem, gan ar\u012b vair\u0101kiem p\u016bkainajiem m\u012blu\u013ciem vienlaic\u012bgi. Milz\u012bga ka\u0137u pakai\u0161u kaste ar augst\u0101m mal\u0101m nodro\u0161ina t\u0101 vieglu izmanto\u0161anu un t\u012br\u012bbu m\u0101j\u0101s. Uzziniet s\u012bk\u0101ku inform\u0101ciju!\" \/>\n<meta property=\"og:url\" content=\"https:\/\/zeodeo.store\/lv\/divlimenu-kaku-tualetes\/loti-liela-kaku-tualete-komplekts\/\" \/>\n<meta property=\"og:site_name\" content=\"Zeodeo\" \/>\n<meta property=\"article:modified_time\" content=\"2024-12-06T13:11:00+00:00\" \/>\n<meta property=\"og:image\" content=\"https:\/\/zeodeo.store\/wp-content\/uploads\/2023\/05\/Obszar-kompozycji-1-kopia-e1726039188668.jpg\" \/>\n\t<meta property=\"og:image:width\" content=\"2000\" \/>\n\t<meta property=\"og:image:height\" content=\"2000\" \/>\n\t<meta property=\"og:image:type\" content=\"image\/jpeg\" \/>\n<meta name=\"twitter:card\" content=\"summary_large_image\" \/>\n<script type=\"application\/ld+json\" class=\"yoast-schema-graph\">{\"@context\":\"https:\/\/schema.org\",\"@graph\":[{\"@type\":\"WebPage\",\"@id\":\"https:\/\/zeodeo.store\/lv\/divlimenu-kaku-tualetes\/loti-liela-kaku-tualete-komplekts\/\",\"url\":\"https:\/\/zeodeo.store\/lv\/divlimenu-kaku-tualetes\/loti-liela-kaku-tualete-komplekts\/\",\"name\":\"\u013boti liela izm\u0113ra ka\u0137u tualete ar augst\u0101m sien\u0101m - Skat\u012bt ZeoDeo\",\"isPartOf\":{\"@id\":\"https:\/\/zeodeo.store\/lv\/#website\"},\"primaryImageOfPage\":{\"@id\":\"https:\/\/zeodeo.store\/lv\/divlimenu-kaku-tualetes\/loti-liela-kaku-tualete-komplekts\/#primaryimage\"},\"image\":{\"@id\":\"https:\/\/zeodeo.store\/lv\/divlimenu-kaku-tualetes\/loti-liela-kaku-tualete-komplekts\/#primaryimage\"},\"thumbnailUrl\":\"https:\/\/zeodeo.store\/wp-content\/uploads\/2023\/05\/Obszar-kompozycji-1-kopia-e1726039188668.jpg\",\"datePublished\":\"2023-05-14T11:47:46+00:00\",\"dateModified\":\"2024-12-06T13:11:00+00:00\",\"description\":\"Iepaz\u012bstieties ar divl\u012bme\u0146u XL izm\u0113ra ka\u0137u tualeti! Ide\u0101li piem\u0113rots gan lielajiem ka\u0137iem, gan ar\u012b vair\u0101kiem p\u016bkainajiem m\u012blu\u013ciem vienlaic\u012bgi. Milz\u012bga ka\u0137u pakai\u0161u kaste ar augst\u0101m mal\u0101m nodro\u0161ina t\u0101 vieglu izmanto\u0161anu un t\u012br\u012bbu m\u0101j\u0101s. Uzziniet s\u012bk\u0101ku inform\u0101ciju!\",\"breadcrumb\":{\"@id\":\"https:\/\/zeodeo.store\/lv\/divlimenu-kaku-tualetes\/loti-liela-kaku-tualete-komplekts\/#breadcrumb\"},\"inLanguage\":\"lv-LV\",\"potentialAction\":[{\"@type\":\"ReadAction\",\"target\":[\"https:\/\/zeodeo.store\/lv\/divlimenu-kaku-tualetes\/loti-liela-kaku-tualete-komplekts\/\"]}]},{\"@type\":\"ImageObject\",\"inLanguage\":\"lv-LV\",\"@id\":\"https:\/\/zeodeo.store\/lv\/divlimenu-kaku-tualetes\/loti-liela-kaku-tualete-komplekts\/#primaryimage\",\"url\":\"https:\/\/zeodeo.store\/wp-content\/uploads\/2023\/05\/Obszar-kompozycji-1-kopia-e1726039188668.jpg\",\"contentUrl\":\"https:\/\/zeodeo.store\/wp-content\/uploads\/2023\/05\/Obszar-kompozycji-1-kopia-e1726039188668.jpg\",\"width\":2000,\"height\":2000,\"caption\":\"ZeoDeo mordernite pellets and dual layer cat litter box XL size\"},{\"@type\":\"BreadcrumbList\",\"@id\":\"https:\/\/zeodeo.store\/lv\/divlimenu-kaku-tualetes\/loti-liela-kaku-tualete-komplekts\/#breadcrumb\",\"itemListElement\":[{\"@type\":\"ListItem\",\"position\":1,\"name\":\"Home\",\"item\":\"https:\/\/zeodeo.store\/lv\/\"},{\"@type\":\"ListItem\",\"position\":2,\"name\":\"Ka\u0137u Tualetes\",\"item\":\"https:\/\/zeodeo.store\/lv\/divlimenu-kaku-tualetes\/\"},{\"@type\":\"ListItem\",\"position\":3,\"name\":\"Liel\u0101 ka\u0137u tualete: Starta komplekts\"}]},{\"@type\":\"WebSite\",\"@id\":\"https:\/\/zeodeo.store\/lv\/#website\",\"url\":\"https:\/\/zeodeo.store\/lv\/\",\"name\":\"Zeodeo\",\"description\":\"Zeolite pellets for dual layer cat litter pellets\",\"potentialAction\":[{\"@type\":\"SearchAction\",\"target\":{\"@type\":\"EntryPoint\",\"urlTemplate\":\"https:\/\/zeodeo.store\/lv\/?s={search_term_string}\"},\"query-input\":{\"@type\":\"PropertyValueSpecification\",\"valueRequired\":true,\"valueName\":\"search_term_string\"}}],\"inLanguage\":\"lv-LV\"}]}<\/script>\n<meta property=\"product:price:amount\" content=\"92.00\" \/>\n<meta property=\"product:price:currency\" content=\"EUR\" \/>\n<meta property=\"og:availability\" content=\"instock\" \/>\n<meta property=\"product:availability\" content=\"instock\" \/>\n<meta property=\"product:condition\" content=\"new\" \/>\n<!-- \/ Yoast SEO Premium plugin. -->","yoast_head_json":{"title":"\u013boti liela izm\u0113ra ka\u0137u tualete ar augst\u0101m sien\u0101m - Skat\u012bt ZeoDeo","description":"Iepaz\u012bstieties ar divl\u012bme\u0146u XL izm\u0113ra ka\u0137u tualeti! Ide\u0101li piem\u0113rots gan lielajiem ka\u0137iem, gan ar\u012b vair\u0101kiem p\u016bkainajiem m\u012blu\u013ciem vienlaic\u012bgi. Milz\u012bga ka\u0137u pakai\u0161u kaste ar augst\u0101m mal\u0101m nodro\u0161ina t\u0101 vieglu izmanto\u0161anu un t\u012br\u012bbu m\u0101j\u0101s. Uzziniet s\u012bk\u0101ku inform\u0101ciju!","robots":{"index":"index","follow":"follow","max-snippet":"max-snippet:-1","max-image-preview":"max-image-preview:large","max-video-preview":"max-video-preview:-1"},"canonical":"https:\/\/zeodeo.store\/lv\/divlimenu-kaku-tualetes\/loti-liela-kaku-tualete-komplekts\/","og_locale":"lv_LV","og_type":"article","og_title":"Liel\u0101 ka\u0137u tualete: Starta komplekts","og_description":"Iepaz\u012bstieties ar divl\u012bme\u0146u XL izm\u0113ra ka\u0137u tualeti! Ide\u0101li piem\u0113rots gan lielajiem ka\u0137iem, gan ar\u012b vair\u0101kiem p\u016bkainajiem m\u012blu\u013ciem vienlaic\u012bgi. Milz\u012bga ka\u0137u pakai\u0161u kaste ar augst\u0101m mal\u0101m nodro\u0161ina t\u0101 vieglu izmanto\u0161anu un t\u012br\u012bbu m\u0101j\u0101s. Uzziniet s\u012bk\u0101ku inform\u0101ciju!","og_url":"https:\/\/zeodeo.store\/lv\/divlimenu-kaku-tualetes\/loti-liela-kaku-tualete-komplekts\/","og_site_name":"Zeodeo","article_modified_time":"2024-12-06T13:11:00+00:00","og_image":[{"width":2000,"height":2000,"url":"https:\/\/zeodeo.store\/wp-content\/uploads\/2023\/05\/Obszar-kompozycji-1-kopia-e1726039188668.jpg","type":"image\/jpeg"}],"twitter_card":"summary_large_image","schema":{"@context":"https:\/\/schema.org","@graph":[{"@type":"WebPage","@id":"https:\/\/zeodeo.store\/lv\/divlimenu-kaku-tualetes\/loti-liela-kaku-tualete-komplekts\/","url":"https:\/\/zeodeo.store\/lv\/divlimenu-kaku-tualetes\/loti-liela-kaku-tualete-komplekts\/","name":"\u013boti liela izm\u0113ra ka\u0137u tualete ar augst\u0101m sien\u0101m - Skat\u012bt ZeoDeo","isPartOf":{"@id":"https:\/\/zeodeo.store\/lv\/#website"},"primaryImageOfPage":{"@id":"https:\/\/zeodeo.store\/lv\/divlimenu-kaku-tualetes\/loti-liela-kaku-tualete-komplekts\/#primaryimage"},"image":{"@id":"https:\/\/zeodeo.store\/lv\/divlimenu-kaku-tualetes\/loti-liela-kaku-tualete-komplekts\/#primaryimage"},"thumbnailUrl":"https:\/\/zeodeo.store\/wp-content\/uploads\/2023\/05\/Obszar-kompozycji-1-kopia-e1726039188668.jpg","datePublished":"2023-05-14T11:47:46+00:00","dateModified":"2024-12-06T13:11:00+00:00","description":"Iepaz\u012bstieties ar divl\u012bme\u0146u XL izm\u0113ra ka\u0137u tualeti! Ide\u0101li piem\u0113rots gan lielajiem ka\u0137iem, gan ar\u012b vair\u0101kiem p\u016bkainajiem m\u012blu\u013ciem vienlaic\u012bgi. Milz\u012bga ka\u0137u pakai\u0161u kaste ar augst\u0101m mal\u0101m nodro\u0161ina t\u0101 vieglu izmanto\u0161anu un t\u012br\u012bbu m\u0101j\u0101s. Uzziniet s\u012bk\u0101ku inform\u0101ciju!","breadcrumb":{"@id":"https:\/\/zeodeo.store\/lv\/divlimenu-kaku-tualetes\/loti-liela-kaku-tualete-komplekts\/#breadcrumb"},"inLanguage":"lv-LV","potentialAction":[{"@type":"ReadAction","target":["https:\/\/zeodeo.store\/lv\/divlimenu-kaku-tualetes\/loti-liela-kaku-tualete-komplekts\/"]}]},{"@type":"ImageObject","inLanguage":"lv-LV","@id":"https:\/\/zeodeo.store\/lv\/divlimenu-kaku-tualetes\/loti-liela-kaku-tualete-komplekts\/#primaryimage","url":"https:\/\/zeodeo.store\/wp-content\/uploads\/2023\/05\/Obszar-kompozycji-1-kopia-e1726039188668.jpg","contentUrl":"https:\/\/zeodeo.store\/wp-content\/uploads\/2023\/05\/Obszar-kompozycji-1-kopia-e1726039188668.jpg","width":2000,"height":2000,"caption":"ZeoDeo mordernite pellets and dual layer cat litter box XL size"},{"@type":"BreadcrumbList","@id":"https:\/\/zeodeo.store\/lv\/divlimenu-kaku-tualetes\/loti-liela-kaku-tualete-komplekts\/#breadcrumb","itemListElement":[{"@type":"ListItem","position":1,"name":"Home","item":"https:\/\/zeodeo.store\/lv\/"},{"@type":"ListItem","position":2,"name":"Ka\u0137u Tualetes","item":"https:\/\/zeodeo.store\/lv\/divlimenu-kaku-tualetes\/"},{"@type":"ListItem","position":3,"name":"Liel\u0101 ka\u0137u tualete: Starta komplekts"}]},{"@type":"WebSite","@id":"https:\/\/zeodeo.store\/lv\/#website","url":"https:\/\/zeodeo.store\/lv\/","name":"Zeodeo","description":"Zeolite pellets for dual layer cat litter pellets","potentialAction":[{"@type":"SearchAction","target":{"@type":"EntryPoint","urlTemplate":"https:\/\/zeodeo.store\/lv\/?s={search_term_string}"},"query-input":{"@type":"PropertyValueSpecification","valueRequired":true,"valueName":"search_term_string"}}],"inLanguage":"lv-LV"}]},"product_price_amount":"92.00","product_price_currency":"EUR","og_availability":"instock","product_availability":"instock","product_condition":"new"},"_links":{"self":[{"href":"https:\/\/zeodeo.store\/lv\/wp-json\/wp\/v2\/product\/2733"}],"collection":[{"href":"https:\/\/zeodeo.store\/lv\/wp-json\/wp\/v2\/product"}],"about":[{"href":"https:\/\/zeodeo.store\/lv\/wp-json\/wp\/v2\/types\/product"}],"wp:featuredmedia":[{"embeddable":true,"href":"https:\/\/zeodeo.store\/lv\/wp-json\/wp\/v2\/media\/5602"}],"wp:attachment":[{"href":"https:\/\/zeodeo.store\/lv\/wp-json\/wp\/v2\/media?parent=2733"}],"wp:term":[{"taxonomy":"product_cat","embeddable":true,"href":"https:\/\/zeodeo.store\/lv\/wp-json\/wp\/v2\/product_cat?post=2733"},{"taxonomy":"product_tag","embeddable":true,"href":"https:\/\/zeodeo.store\/lv\/wp-json\/wp\/v2\/product_tag?post=2733"}],"curies":[{"name":"wp","href":"https:\/\/api.w.org\/{rel}","templated":true}]}}