{"id":14463,"date":"2025-09-09T12:34:23","date_gmt":"2025-09-09T10:34:23","guid":{"rendered":"https:\/\/zeodeo.store\/shop\/uncategorized\/cat-urine-collection-kit-for-testing\/"},"modified":"2025-09-12T19:29:07","modified_gmt":"2025-09-12T17:29:07","slug":"cat-urine-collection-kit-for-testing","status":"publish","type":"product","link":"https:\/\/zeodeo.store\/lv\/all-products\/cat-urine-collection-kit-for-testing\/","title":{"rendered":"Komplekts ka\u0137a ur\u012bna sav\u0101k\u0161anai anal\u012bz\u0113m un olbaltumvielu l\u012bme\u0146a kontrolei"},"content":{"rendered":"<h3 data-start=\"79\" data-end=\"147\">Vienk\u0101r\u0161\u0101kais un \u0113rt\u0101kais veids, k\u0101 sav\u0101kt ka\u0137a ur\u012bnu anal\u012bz\u0113m<\/h3>\n<p data-start=\"148\" data-end=\"352\">\u0160is komplekts ir \u012bpa\u0161i izstr\u0101d\u0101ts un lieliski piem\u0113rots ka\u0137a ur\u012bna sav\u0101k\u0161anai m\u016bsu divsl\u0101\u0146u kast\u0113s. Jums pat neb\u016bs j\u0101pieskaras ar rok\u0101m vai j\u0101gaida, kam\u0113r ka\u0137is izmantos kast\u012bti. Viss ir \u013coti vienk\u0101r\u0161i.<\/p>\n<p data-start=\"354\" data-end=\"407\">Komplektu var izmantot ar\u012b ar parasto ka\u0137u kast\u012bti.<\/p>\n<p data-start=\"409\" data-end=\"537\">\u0160is komplekts paredz\u0113ts <strong data-start=\"433\" data-end=\"467\">\u0113rtai lieto\u0161anai l\u012bdz 5 reiz\u0113m<\/strong>.<br data-start=\"468\" data-end=\"471\" \/>P\u0113c tam ieteicams granulas utiliz\u0113t un izmantot jaunu komplektu.<\/p>\n<p data-start=\"539\" data-end=\"694\">\u26a0\ufe0f Svar\u012bgi! Granulu izmanto\u0161ana vair\u0101k nek\u0101 5 reizes var rad\u012bt neprec\u012bzus vai k\u013c\u016bdainus anal\u012bzes rezult\u0101tus granulu virsmas boj\u0101jumu un pies\u0101r\u0146ojuma d\u0113\u013c.<\/p>\n<hr data-start=\"696\" data-end=\"699\" \/>\n<h3 data-start=\"701\" data-end=\"759\">K\u0101 sav\u0101kt ur\u012bna paraugu, ja jums ir divsl\u0101\u0146u kast\u012bte<\/h3>\n<p data-start=\"761\" data-end=\"789\"><strong data-start=\"761\" data-end=\"787\">Lieto\u0161anas instrukcija<\/strong><\/p>\n<ol data-start=\"791\" data-end=\"2097\">\n<li data-start=\"791\" data-end=\"1052\">\n<p data-start=\"794\" data-end=\"1052\"><strong data-start=\"794\" data-end=\"819\">Kast\u012btes sagatavo\u0161ana<\/strong><br data-start=\"819\" data-end=\"822\" \/>Iz\u0146emiet veco pildvielu, r\u016bp\u012bgi izmazg\u0101jiet un piln\u012bb\u0101 nosusiniet kast\u012bti.<br data-start=\"899\" data-end=\"902\" \/><em data-start=\"905\" data-end=\"915\">Svar\u012bgi:<\/em> cen\u0161aties nepieskarties granul\u0101m un ur\u012bna sav\u0101k\u0161anas papl\u0101ksn\u0113m ar rok\u0101m, lai izvair\u012btos no bakt\u0113riju vai net\u012brumu non\u0101k\u0161anas paraug\u0101.<\/p>\n<\/li>\n<li data-start=\"1054\" data-end=\"1291\">\n<p data-start=\"1057\" data-end=\"1291\"><strong data-start=\"1057\" data-end=\"1103\">Granulu ieber\u0161ana un papl\u0101ks\u0146u uzst\u0101d\u012b\u0161ana<\/strong><br data-start=\"1103\" data-end=\"1106\" \/>Ieb\u0113rt komplekta atk\u0101rtoti lietojam\u0101s granulas kast\u012btes aug\u0161\u0113j\u0101 rest\u0113.<br data-start=\"1179\" data-end=\"1182\" \/>Ievietojiet speci\u0101l\u0101s ur\u012bna sav\u0101k\u0161anas papl\u0101ksnes apak\u0161\u0113j\u0101 da\u013c\u0101 (k\u0101 par\u0101d\u012bts ilustr\u0101cij\u0101), uz paladzi\u0146a.<\/p>\n<\/li>\n<li data-start=\"1293\" data-end=\"1538\">\n<p data-start=\"1296\" data-end=\"1538\"><strong data-start=\"1296\" data-end=\"1323\">Ur\u012bna parauga sav\u0101k\u0161ana<\/strong><br data-start=\"1323\" data-end=\"1326\" \/>Kad ka\u0137is izmanto kast\u012bti, sav\u0101ciet ur\u012bnu ar komplekt\u0101 eso\u0161o pipeti un nog\u0101d\u0101jiet paraugu veterin\u0101raj\u0101 laboratorij\u0101.<br data-start=\"1445\" data-end=\"1448\" \/>(Prec\u012bzu glab\u0101\u0161anas laiku un temperat\u016bru jaut\u0101jiet laboratorij\u0101 vai veterin\u0101r\u0101rstam.)<\/p>\n<\/li>\n<li data-start=\"1540\" data-end=\"1719\">\n<p data-start=\"1543\" data-end=\"1719\"><strong data-start=\"1543\" data-end=\"1576\">Olbaltumvielu l\u012bme\u0146a p\u0101rbaude<\/strong><br data-start=\"1576\" data-end=\"1579\" \/>Lai noteiktu olbaltumvielu kl\u0101tb\u016btni, iem\u0113rciet testa str\u0113meli ur\u012bn\u0101 uz 3 sekund\u0113m, iz\u0146emiet un pagaidiet 1 min\u016bti, l\u012bdz par\u0101d\u0101s kr\u0101sa.<br \/>\n<img loading=\"lazy\" decoding=\"async\" class=\"size-medium wp-image-14545\" src=\"https:\/\/zeodeo.store\/wp-content\/uploads\/2025\/09\/Protein-test-strip-rang-360x108.png\" alt=\"\u0421\u0430\u043c\u044b\u0439 \u043f\u0440\u043e\u0441\u0442\u043e\u0439 \u0438 \u043b\u0435\u0433\u043a\u0438\u0439 \u0441\u043f\u043e\u0441\u043e\u0431 \u0441\u043e\u0431\u0440\u0430\u0442\u044c \u043a\u043e\u0448\u0430\u0447\u044c\u044e \u043c\u043e\u0447\u0443 \u0434\u043b\u044f \u0430\u043d\u0430\u043b\u0438\u0437\u043e\u0432. \" width=\"360\" height=\"108\" srcset=\"https:\/\/zeodeo.store\/wp-content\/uploads\/2025\/09\/Protein-test-strip-rang-360x108.png 360w, https:\/\/zeodeo.store\/wp-content\/uploads\/2025\/09\/Protein-test-strip-rang-142x43.png 142w, https:\/\/zeodeo.store\/wp-content\/uploads\/2025\/09\/Protein-test-strip-rang-177x53.png 177w, https:\/\/zeodeo.store\/wp-content\/uploads\/2025\/09\/Protein-test-strip-rang.png 591w\" sizes=\"(max-width: 360px) 100vw, 360px\" \/><\/p>\n<\/li>\n<li data-start=\"1721\" data-end=\"2097\">\n<p data-start=\"1724\" data-end=\"2097\"><strong data-start=\"1724\" data-end=\"1767\">Granulu mazg\u0101\u0161ana atk\u0101rtotai lieto\u0161anai<\/strong><br data-start=\"1767\" data-end=\"1770\" \/>P\u0113c lieto\u0161anas granulas ir r\u016bp\u012bgi j\u0101izmazg\u0101 pirms atk\u0101rtotas lieto\u0161anas.<br data-start=\"1845\" data-end=\"1848\" \/>\u0112rt\u012bbai saberiet izmantot\u0101s granulas no kast\u012btes plastmasas maisi\u0146\u0101 (piem., atkritumu mais\u0101), p\u0113c tam ieb\u0113rt komplekt\u0101 eso\u0161aj\u0101 neilona maisi\u0146\u0101.<br data-start=\"1994\" data-end=\"1997\" \/>R\u016bp\u012bgi izskalojiet granulas zem teko\u0161a \u016bdens un piln\u012bb\u0101 nosusiniet pirms atk\u0101rtotas lieto\u0161anas.<\/p>\n<\/li>\n<\/ol>\n<hr data-start=\"2099\" data-end=\"2102\" \/>\n<h3 data-start=\"2104\" data-end=\"2129\">Svar\u012bga inform\u0101cija<\/h3>\n<p data-start=\"2131\" data-end=\"2192\"><strong data-start=\"2131\" data-end=\"2155\">Anal\u012bzes precizit\u0101te<\/strong><br data-start=\"2155\" data-end=\"2158\" \/>Rezult\u0101ti var b\u016bt sagroz\u012bti, ja:<\/p>\n<ul data-start=\"2193\" data-end=\"2319\">\n<li data-start=\"2193\" data-end=\"2231\">\n<p data-start=\"2195\" data-end=\"2231\">kast\u012bte nebija pien\u0101c\u012bgi izt\u012br\u012bta,<\/p>\n<\/li>\n<li data-start=\"2232\" data-end=\"2265\">\n<p data-start=\"2234\" data-end=\"2265\">paraug\u0101 non\u0101ca sve\u0161as vielas,<\/p>\n<\/li>\n<li data-start=\"2266\" data-end=\"2319\">\n<p data-start=\"2268\" data-end=\"2319\">vai granulas tika p\u0101rm\u0113r\u012bgi atk\u0101rtoti izmantotas.<\/p>\n<\/li>\n<\/ul>\n<p data-start=\"2321\" data-end=\"2522\"><strong data-start=\"2321\" data-end=\"2342\">\u0100tr\u0101 testa noz\u012bme<\/strong><br data-start=\"2342\" data-end=\"2345\" \/>Olbaltumvielu indikatora str\u0113mele <strong data-start=\"2379\" data-end=\"2395\">nav diagnoze<\/strong> un nevar b\u016bt par pamatu \u0101rst\u0113\u0161anai.<br data-start=\"2431\" data-end=\"2434\" \/>T\u0101 kalpo tikai k\u0101 mar\u0137ieris, kas signaliz\u0113 par nepiecie\u0161am\u012bbu apmekl\u0113t veterin\u0101r\u0101rstu.<\/p>\n<hr data-start=\"2524\" data-end=\"2527\" \/>\n<h3 data-start=\"2529\" data-end=\"2583\">K\u0101p\u0113c svar\u012bgi noteikt olbaltumvielas ka\u0137a ur\u012bn\u0101?<\/h3>\n<p data-start=\"2584\" data-end=\"2672\">Vesela ka\u0137a ur\u012bn\u0101 parasti <strong data-start=\"2610\" data-end=\"2631\">olbaltumvielu nav<\/strong>, vai ar\u012b t\u0101s ir \u013coti niec\u012bg\u0101 daudzum\u0101.<\/p>\n<p data-start=\"2674\" data-end=\"2740\">Olbaltumvielu kl\u0101tb\u016btne ur\u012bn\u0101 (<strong data-start=\"2705\" data-end=\"2721\">protein\u016brija<\/strong>) var nor\u0101d\u012bt uz:<\/p>\n<ul data-start=\"2741\" data-end=\"2984\">\n<li data-start=\"2741\" data-end=\"2812\">\n<p data-start=\"2743\" data-end=\"2812\"><strong data-start=\"2743\" data-end=\"2754\">Nier\u0113m:<\/strong> iekaisums, hroniska nieru mazsp\u0113ja, glomerulu boj\u0101jumi.<\/p>\n<\/li>\n<li data-start=\"2813\" data-end=\"2862\">\n<p data-start=\"2815\" data-end=\"2862\"><strong data-start=\"2815\" data-end=\"2837\">Urin\u0101cijas ce\u013ciem:<\/strong> iekaisumi, infekcijas.<\/p>\n<\/li>\n<li data-start=\"2863\" data-end=\"2984\">\n<p data-start=\"2865\" data-end=\"2984\"><strong data-start=\"2865\" data-end=\"2888\">Visp\u0101r\u0113jo st\u0101vokli:<\/strong> stress, drudzis, at\u016bde\u0146o\u0161an\u0101s vai sist\u0113miskas slim\u012bbas (piem., cukura diab\u0113ts, hipertensija).<\/p>\n<\/li>\n<\/ul>\n<p data-start=\"2986\" data-end=\"3109\">T\u0101p\u0113c olbaltumvielu noteik\u0161ana ur\u012bn\u0101 ir svar\u012bgs mar\u0137ieris slim\u012bbu agr\u012bnai diagnostikai, \u012bpa\u0161i nieru saslim\u0161anu gad\u012bjumos.<\/p>\n<hr data-start=\"3111\" data-end=\"3114\" \/>\n<h3 data-start=\"3116\" data-end=\"3160\">Olbaltumvielu l\u012bme\u0146i un interpret\u0101cija<\/h3>\n<ul data-start=\"3162\" data-end=\"3622\">\n<li data-start=\"3162\" data-end=\"3214\">\n<p data-start=\"3164\" data-end=\"3214\"><strong data-start=\"3164\" data-end=\"3184\">Neg. (Negat\u012bvs):<\/strong> Nav olbaltumvielu \u2013 Norm\u0101li<\/p>\n<\/li>\n<li data-start=\"3215\" data-end=\"3282\">\n<p data-start=\"3217\" data-end=\"3282\"><strong data-start=\"3217\" data-end=\"3231\">Trace (\u00b1):<\/strong> Nelielas p\u0113das \u2013 pie\u013caujams, ja nav citu novir\u017eu<\/p>\n<\/li>\n<li data-start=\"3283\" data-end=\"3387\">\n<p data-start=\"3285\" data-end=\"3387\"><strong data-start=\"3285\" data-end=\"3302\">1+ vai maz\u0101k:<\/strong> Nedaudz paaugstin\u0101ts \u2013 ap\u0161aub\u0101ms, ieteicams atk\u0101rtot anal\u012bzi vai noskaidrot c\u0113loni<\/p>\n<\/li>\n<li data-start=\"3388\" data-end=\"3475\">\n<p data-start=\"3390\" data-end=\"3475\"><strong data-start=\"3390\" data-end=\"3408\">2+ un augst\u0101k:<\/strong> Augsts \u2013 nepiecie\u0161ama veterin\u0101r\u0101rsta konsult\u0101cija un diagnostika<\/p>\n<\/li>\n<li data-start=\"3476\" data-end=\"3622\">\n<p data-start=\"3478\" data-end=\"3622\"><strong data-start=\"3478\" data-end=\"3492\">3+ vai 4+:<\/strong> \u013boti augsts \u2013 bie\u017ei saist\u012bts ar nopietn\u0101m nieru slim\u012bb\u0101m vai smagu ur\u012bnce\u013cu iekaisumu, nepiecie\u0161ama veterin\u0101r\u0101rsta konsult\u0101cija<\/p>\n<\/li>\n<\/ul>\n<p><img loading=\"lazy\" decoding=\"async\" class=\"size-medium wp-image-14545\" src=\"https:\/\/zeodeo.store\/wp-content\/uploads\/2025\/09\/Protein-test-strip-rang-360x108.png\" alt=\"\u0421\u0430\u043c\u044b\u0439 \u043f\u0440\u043e\u0441\u0442\u043e\u0439 \u0438 \u043b\u0435\u0433\u043a\u0438\u0439 \u0441\u043f\u043e\u0441\u043e\u0431 \u0441\u043e\u0431\u0440\u0430\u0442\u044c \u043a\u043e\u0448\u0430\u0447\u044c\u044e \u043c\u043e\u0447\u0443 \u0434\u043b\u044f \u0430\u043d\u0430\u043b\u0438\u0437\u043e\u0432. \" width=\"360\" height=\"108\" srcset=\"https:\/\/zeodeo.store\/wp-content\/uploads\/2025\/09\/Protein-test-strip-rang-360x108.png 360w, https:\/\/zeodeo.store\/wp-content\/uploads\/2025\/09\/Protein-test-strip-rang-142x43.png 142w, https:\/\/zeodeo.store\/wp-content\/uploads\/2025\/09\/Protein-test-strip-rang-177x53.png 177w, https:\/\/zeodeo.store\/wp-content\/uploads\/2025\/09\/Protein-test-strip-rang.png 591w\" sizes=\"(max-width: 360px) 100vw, 360px\" \/><\/p>\n","protected":false},"excerpt":{"rendered":"<p>Vienk\u0101r\u0161\u0101kais un \u0113rt\u0101kais veids, k\u0101 sav\u0101kt ka\u0137a ur\u012bnu anal\u012bz\u0113m \u0160is komplekts ir \u012bpa\u0161i izstr\u0101d\u0101ts un lieliski piem\u0113rots ka\u0137a ur\u012bna sav\u0101k\u0161anai m\u016bsu divsl\u0101\u0146u kast\u0113s. Jums pat neb\u016bs j\u0101pieskaras ar rok\u0101m vai j\u0101gaida, kam\u0113r ka\u0137is izmantos kast\u012bti. Viss ir \u013coti vienk\u0101r\u0161i. Komplektu var izmantot ar\u012b ar parasto ka\u0137u kast\u012bti. \u0160is komplekts paredz\u0113ts \u0113rtai lieto\u0161anai l\u012bdz 5 reiz\u0113m.P\u0113c tam ieteicams granulas utiliz\u0113t un izmantot jaunu komplektu. \u26a0\ufe0f Svar\u012bgi! Granulu izmanto\u0161ana vair\u0101k nek\u0101 5 reizes var rad\u012bt neprec\u012bzus vai k\u013c\u016bdainus anal\u012bzes rezult\u0101tus granulu virsmas boj\u0101jumu un pies\u0101r\u0146ojuma d\u0113\u013c.&hellip;<\/p>\n","protected":false},"featured_media":14479,"template":"","meta":[],"product_cat":[321,322],"product_tag":[644],"yoast_head":"<!-- This site is optimized with the Yoast SEO Premium plugin v22.2 (Yoast SEO v23.5) - https:\/\/yoast.com\/wordpress\/plugins\/seo\/ -->\n<title>Komplekts ka\u0137a ur\u012bna sav\u0101k\u0161anai anal\u012bz\u0113m un olbaltumvielu l\u012bme\u0146a kontrolei - Zeodeo<\/title>\n<meta name=\"description\" content=\"easy way to collect cats urine at home. Cat Urine Collection Kit for Testing. How to collect cats urine at home at 5 minutes\" \/>\n<meta name=\"robots\" content=\"index, follow, max-snippet:-1, max-image-preview:large, max-video-preview:-1\" \/>\n<link rel=\"canonical\" href=\"https:\/\/zeodeo.store\/lv\/all-products\/cat-urine-collection-kit-for-testing\/\" \/>\n<meta property=\"og:locale\" content=\"lv_LV\" \/>\n<meta property=\"og:type\" content=\"article\" \/>\n<meta property=\"og:title\" content=\"Komplekts ka\u0137a ur\u012bna sav\u0101k\u0161anai anal\u012bz\u0113m un olbaltumvielu l\u012bme\u0146a kontrolei\" \/>\n<meta property=\"og:description\" content=\"easy way to collect cats urine at home. Cat Urine Collection Kit for Testing. How to collect cats urine at home at 5 minutes\" \/>\n<meta property=\"og:url\" content=\"https:\/\/zeodeo.store\/lv\/all-products\/cat-urine-collection-kit-for-testing\/\" \/>\n<meta property=\"og:site_name\" content=\"Zeodeo\" \/>\n<meta property=\"article:modified_time\" content=\"2025-09-12T17:29:07+00:00\" \/>\n<meta property=\"og:image\" content=\"https:\/\/zeodeo.store\/wp-content\/uploads\/2025\/09\/Reusable-Hydrophobic-Plastic-Granules-2.png\" \/>\n\t<meta property=\"og:image:width\" content=\"1167\" \/>\n\t<meta property=\"og:image:height\" content=\"1180\" \/>\n\t<meta property=\"og:image:type\" content=\"image\/png\" \/>\n<meta name=\"twitter:card\" content=\"summary_large_image\" \/>\n<script type=\"application\/ld+json\" class=\"yoast-schema-graph\">{\"@context\":\"https:\/\/schema.org\",\"@graph\":[{\"@type\":\"WebPage\",\"@id\":\"https:\/\/zeodeo.store\/lv\/all-products\/cat-urine-collection-kit-for-testing\/\",\"url\":\"https:\/\/zeodeo.store\/lv\/all-products\/cat-urine-collection-kit-for-testing\/\",\"name\":\"Komplekts ka\u0137a ur\u012bna sav\u0101k\u0161anai anal\u012bz\u0113m un olbaltumvielu l\u012bme\u0146a kontrolei - Zeodeo\",\"isPartOf\":{\"@id\":\"https:\/\/zeodeo.store\/lv\/#website\"},\"primaryImageOfPage\":{\"@id\":\"https:\/\/zeodeo.store\/lv\/all-products\/cat-urine-collection-kit-for-testing\/#primaryimage\"},\"image\":{\"@id\":\"https:\/\/zeodeo.store\/lv\/all-products\/cat-urine-collection-kit-for-testing\/#primaryimage\"},\"thumbnailUrl\":\"https:\/\/zeodeo.store\/wp-content\/uploads\/2025\/09\/Reusable-Hydrophobic-Plastic-Granules-2.png\",\"datePublished\":\"2025-09-09T10:34:23+00:00\",\"dateModified\":\"2025-09-12T17:29:07+00:00\",\"description\":\"easy way to collect cats urine at home. Cat Urine Collection Kit for Testing. How to collect cats urine at home at 5 minutes\",\"breadcrumb\":{\"@id\":\"https:\/\/zeodeo.store\/lv\/all-products\/cat-urine-collection-kit-for-testing\/#breadcrumb\"},\"inLanguage\":\"lv-LV\",\"potentialAction\":[{\"@type\":\"ReadAction\",\"target\":[\"https:\/\/zeodeo.store\/lv\/all-products\/cat-urine-collection-kit-for-testing\/\"]}]},{\"@type\":\"ImageObject\",\"inLanguage\":\"lv-LV\",\"@id\":\"https:\/\/zeodeo.store\/lv\/all-products\/cat-urine-collection-kit-for-testing\/#primaryimage\",\"url\":\"https:\/\/zeodeo.store\/wp-content\/uploads\/2025\/09\/Reusable-Hydrophobic-Plastic-Granules-2.png\",\"contentUrl\":\"https:\/\/zeodeo.store\/wp-content\/uploads\/2025\/09\/Reusable-Hydrophobic-Plastic-Granules-2.png\",\"width\":1167,\"height\":1180,\"caption\":\"We can offer the best way, how to easy collect cat urine at home\"},{\"@type\":\"BreadcrumbList\",\"@id\":\"https:\/\/zeodeo.store\/lv\/all-products\/cat-urine-collection-kit-for-testing\/#breadcrumb\",\"itemListElement\":[{\"@type\":\"ListItem\",\"position\":1,\"name\":\"Home\",\"item\":\"https:\/\/zeodeo.store\/lv\/\"},{\"@type\":\"ListItem\",\"position\":2,\"name\":\"Visi produkti\",\"item\":\"https:\/\/zeodeo.store\/lv\/visi-produkti\/\"},{\"@type\":\"ListItem\",\"position\":3,\"name\":\"Komplekts ka\u0137a ur\u012bna sav\u0101k\u0161anai anal\u012bz\u0113m un olbaltumvielu l\u012bme\u0146a kontrolei\"}]},{\"@type\":\"WebSite\",\"@id\":\"https:\/\/zeodeo.store\/lv\/#website\",\"url\":\"https:\/\/zeodeo.store\/lv\/\",\"name\":\"Zeodeo\",\"description\":\"Zeolite pellets for dual layer cat litter pellets\",\"potentialAction\":[{\"@type\":\"SearchAction\",\"target\":{\"@type\":\"EntryPoint\",\"urlTemplate\":\"https:\/\/zeodeo.store\/lv\/?s={search_term_string}\"},\"query-input\":{\"@type\":\"PropertyValueSpecification\",\"valueRequired\":true,\"valueName\":\"search_term_string\"}}],\"inLanguage\":\"lv-LV\"}]}<\/script>\n<meta property=\"product:price:amount\" content=\"29.98\" \/>\n<meta property=\"product:price:currency\" content=\"EUR\" \/>\n<meta property=\"og:availability\" content=\"instock\" \/>\n<meta property=\"product:availability\" content=\"instock\" \/>\n<meta property=\"product:condition\" content=\"new\" \/>\n<!-- \/ Yoast SEO Premium plugin. -->","yoast_head_json":{"title":"Komplekts ka\u0137a ur\u012bna sav\u0101k\u0161anai anal\u012bz\u0113m un olbaltumvielu l\u012bme\u0146a kontrolei - Zeodeo","description":"easy way to collect cats urine at home. Cat Urine Collection Kit for Testing. How to collect cats urine at home at 5 minutes","robots":{"index":"index","follow":"follow","max-snippet":"max-snippet:-1","max-image-preview":"max-image-preview:large","max-video-preview":"max-video-preview:-1"},"canonical":"https:\/\/zeodeo.store\/lv\/all-products\/cat-urine-collection-kit-for-testing\/","og_locale":"lv_LV","og_type":"article","og_title":"Komplekts ka\u0137a ur\u012bna sav\u0101k\u0161anai anal\u012bz\u0113m un olbaltumvielu l\u012bme\u0146a kontrolei","og_description":"easy way to collect cats urine at home. Cat Urine Collection Kit for Testing. How to collect cats urine at home at 5 minutes","og_url":"https:\/\/zeodeo.store\/lv\/all-products\/cat-urine-collection-kit-for-testing\/","og_site_name":"Zeodeo","article_modified_time":"2025-09-12T17:29:07+00:00","og_image":[{"width":1167,"height":1180,"url":"https:\/\/zeodeo.store\/wp-content\/uploads\/2025\/09\/Reusable-Hydrophobic-Plastic-Granules-2.png","type":"image\/png"}],"twitter_card":"summary_large_image","schema":{"@context":"https:\/\/schema.org","@graph":[{"@type":"WebPage","@id":"https:\/\/zeodeo.store\/lv\/all-products\/cat-urine-collection-kit-for-testing\/","url":"https:\/\/zeodeo.store\/lv\/all-products\/cat-urine-collection-kit-for-testing\/","name":"Komplekts ka\u0137a ur\u012bna sav\u0101k\u0161anai anal\u012bz\u0113m un olbaltumvielu l\u012bme\u0146a kontrolei - Zeodeo","isPartOf":{"@id":"https:\/\/zeodeo.store\/lv\/#website"},"primaryImageOfPage":{"@id":"https:\/\/zeodeo.store\/lv\/all-products\/cat-urine-collection-kit-for-testing\/#primaryimage"},"image":{"@id":"https:\/\/zeodeo.store\/lv\/all-products\/cat-urine-collection-kit-for-testing\/#primaryimage"},"thumbnailUrl":"https:\/\/zeodeo.store\/wp-content\/uploads\/2025\/09\/Reusable-Hydrophobic-Plastic-Granules-2.png","datePublished":"2025-09-09T10:34:23+00:00","dateModified":"2025-09-12T17:29:07+00:00","description":"easy way to collect cats urine at home. Cat Urine Collection Kit for Testing. How to collect cats urine at home at 5 minutes","breadcrumb":{"@id":"https:\/\/zeodeo.store\/lv\/all-products\/cat-urine-collection-kit-for-testing\/#breadcrumb"},"inLanguage":"lv-LV","potentialAction":[{"@type":"ReadAction","target":["https:\/\/zeodeo.store\/lv\/all-products\/cat-urine-collection-kit-for-testing\/"]}]},{"@type":"ImageObject","inLanguage":"lv-LV","@id":"https:\/\/zeodeo.store\/lv\/all-products\/cat-urine-collection-kit-for-testing\/#primaryimage","url":"https:\/\/zeodeo.store\/wp-content\/uploads\/2025\/09\/Reusable-Hydrophobic-Plastic-Granules-2.png","contentUrl":"https:\/\/zeodeo.store\/wp-content\/uploads\/2025\/09\/Reusable-Hydrophobic-Plastic-Granules-2.png","width":1167,"height":1180,"caption":"We can offer the best way, how to easy collect cat urine at home"},{"@type":"BreadcrumbList","@id":"https:\/\/zeodeo.store\/lv\/all-products\/cat-urine-collection-kit-for-testing\/#breadcrumb","itemListElement":[{"@type":"ListItem","position":1,"name":"Home","item":"https:\/\/zeodeo.store\/lv\/"},{"@type":"ListItem","position":2,"name":"Visi produkti","item":"https:\/\/zeodeo.store\/lv\/visi-produkti\/"},{"@type":"ListItem","position":3,"name":"Komplekts ka\u0137a ur\u012bna sav\u0101k\u0161anai anal\u012bz\u0113m un olbaltumvielu l\u012bme\u0146a kontrolei"}]},{"@type":"WebSite","@id":"https:\/\/zeodeo.store\/lv\/#website","url":"https:\/\/zeodeo.store\/lv\/","name":"Zeodeo","description":"Zeolite pellets for dual layer cat litter pellets","potentialAction":[{"@type":"SearchAction","target":{"@type":"EntryPoint","urlTemplate":"https:\/\/zeodeo.store\/lv\/?s={search_term_string}"},"query-input":{"@type":"PropertyValueSpecification","valueRequired":true,"valueName":"search_term_string"}}],"inLanguage":"lv-LV"}]},"product_price_amount":"29.98","product_price_currency":"EUR","og_availability":"instock","product_availability":"instock","product_condition":"new"},"_links":{"self":[{"href":"https:\/\/zeodeo.store\/lv\/wp-json\/wp\/v2\/product\/14463"}],"collection":[{"href":"https:\/\/zeodeo.store\/lv\/wp-json\/wp\/v2\/product"}],"about":[{"href":"https:\/\/zeodeo.store\/lv\/wp-json\/wp\/v2\/types\/product"}],"wp:featuredmedia":[{"embeddable":true,"href":"https:\/\/zeodeo.store\/lv\/wp-json\/wp\/v2\/media\/14479"}],"wp:attachment":[{"href":"https:\/\/zeodeo.store\/lv\/wp-json\/wp\/v2\/media?parent=14463"}],"wp:term":[{"taxonomy":"product_cat","embeddable":true,"href":"https:\/\/zeodeo.store\/lv\/wp-json\/wp\/v2\/product_cat?post=14463"},{"taxonomy":"product_tag","embeddable":true,"href":"https:\/\/zeodeo.store\/lv\/wp-json\/wp\/v2\/product_tag?post=14463"}],"curies":[{"name":"wp","href":"https:\/\/api.w.org\/{rel}","templated":true}]}}