{"id":2181,"date":"2022-10-26T15:48:59","date_gmt":"2022-10-26T13:48:59","guid":{"rendered":"https:\/\/zeodeo.store\/privatuma-politika\/"},"modified":"2022-11-18T17:18:36","modified_gmt":"2022-11-18T15:18:36","slug":"privatuma-politika","status":"publish","type":"page","link":"https:\/\/zeodeo.store\/lv\/privatuma-politika\/","title":{"rendered":"Priv\u0101tuma politika"},"content":{"rendered":"\n<p>St\u0101jas sp\u0113k\u0101: 05.09.2022<\/p>\n\n<p>Emako LTD (&#8220;m\u0113s&#8221;, &#8220;m\u0113s&#8221; vai &#8220;m\u016bsu&#8221;) p\u0101rvalda vietni https:\/\/zeodeo.store\/ (turpm\u0101k tekst\u0101 &#8220;Pakalpojums&#8221;).<\/p>\n\n<p>\u0160\u012b lapa inform\u0113 j\u016bs par m\u016bsu politik\u0101m attiec\u012bb\u0101 uz personas datu v\u0101k\u0161anu, izmanto\u0161anu un izpau\u0161anu, kad izmantojat m\u016bsu Pakalpojumu, un par izv\u0113l\u0113m, ko esat saist\u012bjis ar \u0161iem datiem.<\/p>\n\n<p>M\u0113s izmantojam j\u016bsu datus, lai nodro\u0161in\u0101tu un uzlabotu Pakalpojumu. Izmantojot Pakalpojumu, j\u016bs piekr\u012btat inform\u0101cijas apkopo\u0161anai un izmanto\u0161anai saska\u0146\u0101 ar \u0161o politiku. Ja vien \u0161aj\u0101 Priv\u0101tuma politik\u0101 nav noteikts cit\u0101di, \u0161aj\u0101 Priv\u0101tuma politik\u0101 lietotajiem terminiem ir t\u0101da pati noz\u012bme k\u0101 m\u016bsu Noteikumos un nosac\u012bjumos, kas pieejami vietn\u0113 https:\/\/zeodeo.store\/<\/p>\n\n<p>Defin\u012bcijas<\/p>\n\n<ul>\n<li><strong> apkalpo\u0161ana<\/strong><\/li>\n<\/ul>\n\n<p>Pakalpojums ir vietne https:\/\/zeodeo.store\/, ko p\u0101rvalda Emako LTD<\/p>\n\n<ul>\n<li><strong> Personas dati<\/strong><\/li>\n<\/ul>\n\n<p>Personas dati ir dati par dz\u012bvu personu, kuru var identific\u0113t p\u0113c \u0161iem datiem (vai no \u0161\u012bs un citas inform\u0101cijas, kas ir m\u016bsu r\u012bc\u012bb\u0101 vai var\u0113tu non\u0101kt m\u016bsu r\u012bc\u012bb\u0101)..<\/p>\n\n<ul>\n<li><strong> Lietojuma dati<\/strong><\/li>\n<\/ul>\n\n<p>Lieto\u0161anas dati ir autom\u0101tiski sav\u0101kti dati, kas tiek \u0123ener\u0113ti, izmantojot Pakalpojumu vai no pa\u0161as Pakalpojuma infrastrukt\u016bras (piem\u0113ram, lapas apmekl\u0113juma ilgums).<\/p>\n\n<ul>\n<li><strong> S\u012bkdatnes<\/strong><\/li>\n<\/ul>\n\n<p>S\u012bkfaili ir nelieli faili, kas tiek saglab\u0101ti j\u016bsu ier\u012bc\u0113 (dator\u0101 vai mobilaj\u0101 ier\u012bc\u0113).<\/p>\n\n<p> Inform\u0101cijas v\u0101k\u0161ana un izmanto\u0161ana<\/p>\n\n<p>M\u0113s apkopojam da\u017e\u0101du veidu inform\u0101ciju da\u017e\u0101diem m\u0113r\u0137iem, lai sniegtu un uzlabotu jums m\u016bsu Pakalpojumu.<\/p>\n\n<p> Sav\u0101kto datu veidi<\/p>\n\n<p>Personas dati<\/p>\n\n<p>Izmantojot m\u016bsu Pakalpojumu, m\u0113s varam l\u016bgt j\u016bs sniegt mums noteiktu personu identific\u0113jo\u0161u inform\u0101ciju, ko var izmantot, lai sazin\u0101tos ar jums vai identific\u0113tu j\u016bs (&#8220;Personas dati&#8221;). Personu identific\u0113jo\u0161\u0101 inform\u0101cija var ietvert, bet ne tikai:<\/p>\n\n<ul>\n<li> Epasta adrese<\/li>\n\n\n\n<li> V\u0101rds un uzv\u0101rds<\/li>\n\n\n\n<li> Telefona numurs<\/li>\n\n\n\n<li> Adrese, \u0161tats, province, pasta indekss, pils\u0113ta<\/li>\n\n\n\n<li> S\u012bkfaili un lieto\u0161anas dati<\/li>\n<\/ul>\n\n<p>M\u0113s varam izmantot j\u016bsu personas datus, lai sazin\u0101tos ar jums, izmantojot informat\u012bvos izdevumus, m\u0101rketinga vai rekl\u0101mas materi\u0101lus un citu inform\u0101ciju, kas j\u016bs var\u0113tu interes\u0113t. J\u016bs varat atteikties no jebkura vai visu \u0161o pazi\u0146ojumu sa\u0146em\u0161anas, sazinoties ar mums.<\/p>\n\n<p>Lietojuma dati<\/p>\n\n<p>M\u0113s varam ar\u012b apkopot inform\u0101ciju par to, k\u0101 tiek piek\u013c\u016bts Pakalpojumam un k\u0101 tas tiek izmantots (&#8220;Lieto\u0161anas dati&#8221;). \u0160ie lieto\u0161anas dati var ietvert t\u0101du inform\u0101ciju k\u0101 j\u016bsu datora interneta protokola adrese (piem\u0113ram, IP adrese), p\u0101rl\u016bkprogrammas veids, p\u0101rl\u016bkprogrammas versija, m\u016bsu apmekl\u0113t\u0101s m\u016bsu pakalpojuma lapas, apmekl\u0113juma laiks un datums, \u0161aj\u0101s lap\u0101s pavad\u012btais laiks, unik\u0101ls ier\u012bces identifikatori un citi diagnostikas dati.<\/p>\n\n<p>Atra\u0161an\u0101s vietas dati<\/p>\n\n<p>M\u0113s varam izmantot un uzglab\u0101t inform\u0101ciju par j\u016bsu atra\u0161an\u0101s vietu, ja j\u016bs mums to at\u013caujat (&#8220;Atra\u0161an\u0101s vietas dati&#8221;). M\u0113s izmantojam \u0161os datus, lai nodro\u0161in\u0101tu m\u016bsu Pakalpojuma funkcijas, uzlabotu un piel\u0101gotu m\u016bsu Pakalpojumu.<\/p>\n\n<p>Izmantojot m\u016bsu Pakalpojumu, jebkur\u0101 laik\u0101 varat iesp\u0113jot vai atsp\u0113jot atra\u0161an\u0101s vietas noteik\u0161anas pakalpojumus, izmantojot savas ier\u012bces iestat\u012bjumus.<\/p>\n\n<p>Izseko\u0161anas un s\u012bkfailu dati<\/p>\n\n<p>M\u0113s izmantojam s\u012bkfailus un l\u012bdz\u012bgas izseko\u0161anas tehnolo\u0123ijas, lai izsekotu darb\u012bb\u0101m m\u016bsu Pakalpojum\u0101, un m\u0113s glab\u0101jam noteiktu inform\u0101ciju.<\/p>\n\n<p>S\u012bkfaili ir faili ar nelielu datu apjomu, kas var ietvert anon\u012bmu unik\u0101lo identifikatoru. S\u012bkfaili tiek nos\u016bt\u012bti uz j\u016bsu p\u0101rl\u016bkprogrammu no vietnes un saglab\u0101ti j\u016bsu ier\u012bc\u0113. Tiek izmantotas ar\u012b citas izseko\u0161anas tehnolo\u0123ijas, piem\u0113ram, b\u0101kas, atz\u012bmes un skripti, lai apkopotu un izsekotu inform\u0101ciju un uzlabotu un analiz\u0113tu m\u016bsu pakalpojumu.<\/p>\n\n<p>J\u016bs varat nor\u0101d\u012bt p\u0101rl\u016bkprogrammai atteikt visus s\u012bkfailus vai nor\u0101d\u012bt, kad s\u012bkfails tiek nos\u016bt\u012bts. Tom\u0113r, ja nepie\u0146emat s\u012bkfailus, iesp\u0113jams, nevar\u0113sit izmantot da\u017eas m\u016bsu Pakalpojuma da\u013cas.<\/p>\n\n<p>M\u016bsu izmantoto s\u012bkfailu piem\u0113ri:<\/p>\n\n<ul>\n<li><strong> Sesijas s\u012bkfaili.<\/strong> M\u0113s izmantojam sesijas s\u012bkfailus, lai nodro\u0161in\u0101tu m\u016bsu pakalpojumu.<\/li>\n\n\n\n<li><strong> Preferences s\u012bkfaili.<\/strong> M\u0113s izmantojam preferen\u010du s\u012bkfailus, lai atcer\u0113tos j\u016bsu preferences un da\u017e\u0101dus iestat\u012bjumus.We use Preference Cookies to remember your preferences and various settings.<\/li>\n\n\n\n<li><strong> Dro\u0161\u012bbas s\u012bkfaili.<\/strong> M\u0113s izmantojam dro\u0161\u012bbas s\u012bkfailus dro\u0161\u012bbas nol\u016bkos.<\/li>\n<\/ul>\n\n<p>Datu izmanto\u0161ana<\/p>\n\n<p>Emako LTD izmanto sav\u0101ktos datus da\u017e\u0101diem m\u0113r\u0137iem:<\/p>\n\n<ul>\n<li> Lai nodro\u0161in\u0101tu un uztur\u0113tu m\u016bsu Pakalpojumu<\/li>\n\n\n\n<li> Lai inform\u0113tu j\u016bs par izmai\u0146\u0101m m\u016bsu Pakalpojum\u0101<\/li>\n\n\n\n<li> Lai \u013cautu jums piedal\u012bties m\u016bsu Pakalpojuma interakt\u012bvaj\u0101s funkcij\u0101s, kad izv\u0113laties to dar\u012bt<\/li>\n\n\n\n<li> Lai nodro\u0161in\u0101tu klientu atbalstu<\/li>\n\n\n\n<li> Lai apkopotu anal\u012bzi vai v\u0113rt\u012bgu inform\u0101ciju, lai m\u0113s var\u0113tu uzlabot m\u016bsu pakalpojumu<\/li>\n\n\n\n<li> Lai uzraudz\u012btu m\u016bsu Pakalpojuma lieto\u0161anu<\/li>\n\n\n\n<li> Lai atkl\u0101tu, nov\u0113rstu un risin\u0101tu tehniskas probl\u0113mas<\/li>\n\n\n\n<li> Lai sniegtu jums jaunumus, \u012bpa\u0161os pied\u0101v\u0101jumus un visp\u0101r\u012bgu inform\u0101ciju par cit\u0101m m\u016bsu pied\u0101v\u0101taj\u0101m prec\u0113m, pakalpojumiem un pas\u0101kumiem, kas ir l\u012bdz\u012bgi tiem, kurus j\u016bs jau esat ieg\u0101d\u0101jies vai par kuriem interes\u0113jies, ja vien neesat izv\u0113l\u0113jies \u0161\u0101du inform\u0101ciju nesa\u0146emt<br\/><strong>VIETN\u0112 IEVAD\u012aTO DATU IZMANTO\u0160ANA UN KONFIDENCIALIT\u0100TE<\/strong><strong><br\/><\/strong><strong><br\/><\/strong>SIA &#8220;Emako&#8221; inform\u0113, ka, nor\u0101dot sava e-pasta adresi, J\u016bs piekr\u012btat, ka t\u0101 tiks iek\u013cauta datu b\u0101z\u0113 un tai no m\u0101jas lapas var tikt nos\u016bt\u012bta zi\u0146a\/atg\u0101din\u0101jums par uzs\u0101ktajiem, bet v\u0113l neizpild\u012btajiem pre\u010du pas\u016bt\u012bjumiem. www.Zeodeo.store<br\/><br\/><br\/>Izmantojot Interneta veikalu, j\u016bs piekr\u012btat, ka SIA &#8220;Emako&#8221; vai jebkura cita tre\u0161\u0101 persona, kas darbojas SIA &#8220;Emako&#8221; v\u0101rd\u0101, var v\u0101kt un uzglab\u0101t datus, kas \u013caus izsekot un atlas\u012bt:<br\/>kop\u0113jais vietnes apmekl\u0113t\u0101ju skaits,<br\/><br\/>apmekl\u0113t\u0101ju skaits katr\u0101 atsevi\u0161\u0137\u0101 t\u012bmek\u013ca vietnes sada\u013c\u0101,<br\/><br\/>interneta pakalpojumu sniedz\u0113ju dom\u0113na v\u0101rdi, kas apkalpoja apmekl\u0113t\u0101jus SIA &#8220;Emako&#8221;,<br\/><br\/>IP adreses,<br\/><br\/>citus datus, kuru izmanto\u0161anas m\u0113r\u0137is ir sist\u0113mas administr\u0113\u0161ana, k\u0101 ar\u012b m\u0101jas lapas www.Zeodeo.store lieto\u0161anas uzraudz\u012bba un lab\u0101ka organiz\u0113\u0161ana<br\/><br\/><br\/>SIA &#8220;Emako&#8221; nesaista lietot\u0101ja IP adresi un e-pastu ar datiem, kas \u013cauj identific\u0113t \u0161o lietot\u0101ju. Tas noz\u012bm\u0113, ka katra lietot\u0101ja sesija tiek re\u0123istr\u0113ta, bet vietnes lietot\u0101js paliek anon\u012bms.<br\/>Visi materi\u0101li, kas tiek nos\u016bt\u012bti vai ievad\u012bti Interneta veikal\u0101, k\u013c\u016bst par SIA &#8220;Emako&#8221; \u012bpa\u0161umu, ko SIA &#8220;Emako&#8221; k\u0101 Internetveikala \u012bpa\u0161niekam ir ties\u012bbas izmantot person\u012bg\u0101m vajadz\u012bb\u0101m, iz\u0146emot fizisko personu datus.<br\/><br\/><\/li>\n<\/ul>\n\n<p>Datu p\u0101rs\u016bt\u012b\u0161ana<\/p>\n\n<p>J\u016bsu inform\u0101cija, tostarp personas dati, var tikt p\u0101rs\u016bt\u012bta un uztur\u0113ta datoros, kas atrodas \u0101rpus j\u016bsu \u0161tata, provinces, valsts vai citas valsts jurisdikcijas, kur datu aizsardz\u012bbas likumi var at\u0161\u0137irties no j\u016bsu jurisdikcijas likumiem.<\/p>\n\n<p>Ja atrodaties \u0101rpus Latvijas un izv\u0113laties mums sniegt inform\u0101ciju, \u0146emiet v\u0113r\u0101, ka m\u0113s nododam datus, tostarp Personas datus, uz Latviju un tur apstr\u0101d\u0101jam.<\/p>\n\n<p>J\u016bsu piekri\u0161ana \u0161ai Priv\u0101tuma politikai, kam seko \u0161\u0101das inform\u0101cijas iesnieg\u0161ana, apliecina j\u016bsu piekri\u0161anu \u0161ai p\u0101rs\u016bt\u012b\u0161anai.<\/p>\n\n<p>Emako LTD veiks visus sapr\u0101t\u012bgi nepiecie\u0161amos pas\u0101kumus, lai nodro\u0161in\u0101tu, ka j\u016bsu dati tiek apstr\u0101d\u0101ti dro\u0161i un saska\u0146\u0101 ar \u0161o Priv\u0101tuma politiku, un j\u016bsu personas dati netiks p\u0101rs\u016bt\u012bti uz organiz\u0101ciju vai valsti, ja vien netiks veiktas atbilsto\u0161as kontroles, tostarp dro\u0161\u012bbas j\u016bsu datus un citu personisko inform\u0101ciju.<\/p>\n\n<p>Datu izpau\u0161ana<\/p>\n\n<p>Juridisk\u0101s pras\u012bbas<\/p>\n\n<p>Emako LTD var izpaust j\u016bsu personas datus, godpr\u0101t\u012bgi ticot, ka \u0161\u0101da darb\u012bba ir nepiecie\u0161ama, lai:<\/p>\n\n<ul>\n<li> Lai izpild\u012btu juridisku pien\u0101kumu<\/li>\n\n\n\n<li> Lai aizsarg\u0101tu un aizst\u0101v\u0113tu Emako LTD ties\u012bbas vai \u012bpa\u0161umu<\/li>\n\n\n\n<li> Lai nov\u0113rstu vai izmekl\u0113tu iesp\u0113jamos p\u0101rk\u0101pumus saist\u012bb\u0101 ar Pakalpojumu<\/li>\n\n\n\n<li> Lai aizsarg\u0101tu Pakalpojuma lietot\u0101ju vai sabiedr\u012bbas person\u012bgo dro\u0161\u012bbu<\/li>\n\n\n\n<li> Lai aizsarg\u0101tu pret juridisko atbild\u012bbu<\/li>\n<\/ul>\n\n<p>Datu dro\u0161\u012bba<\/p>\n\n<p>J\u016bsu datu dro\u0161\u012bba mums ir svar\u012bga, ta\u010du atcerieties, ka neviena p\u0101rs\u016bt\u012b\u0161anas metode internet\u0101 vai elektronisk\u0101s uzglab\u0101\u0161anas metode nav 100% dro\u0161a. Lai gan m\u0113s cen\u0161amies izmantot komerci\u0101li pie\u0146emamus l\u012bdzek\u013cus, lai aizsarg\u0101tu j\u016bsu personas datus, m\u0113s nevaram garant\u0113t to absol\u016btu dro\u0161\u012bbu.<\/p>\n\n<p>Servisa nodro\u0161in\u0101t\u0101ji<\/p>\n\n<p>M\u0113s varam nodarbin\u0101t tre\u0161o pu\u0161u uz\u0146\u0113mumus un personas, lai atvieglotu m\u016bsu Pakalpojumu (&#8220;Pakalpojumu sniedz\u0113ji&#8221;), sniegtu Pakalpojumu m\u016bsu v\u0101rd\u0101, sniegtu ar Pakalpojumu saist\u012btus pakalpojumus vai pal\u012bdz\u0113tu mums analiz\u0113t, k\u0101 m\u016bsu Pakalpojums tiek izmantots.<\/p>\n\n<p>\u0160\u012bm tre\u0161aj\u0101m person\u0101m ir piek\u013cuve j\u016bsu personas datiem tikai, lai m\u016bsu v\u0101rd\u0101 veiktu \u0161os uzdevumus, un t\u0101m ir pien\u0101kums tos neizpaust un neizmantot citiem m\u0113r\u0137iem.<\/p>\n\n<p>Uzved\u012bbas atk\u0101rtotais m\u0101rketings<\/p>\n\n<p>Emako LTD izmanto atk\u0101rtot\u0101 m\u0101rketinga pakalpojumus, lai tre\u0161o pu\u0161u vietn\u0113s reklam\u0113tu j\u016bs p\u0113c tam, kad esat apmekl\u0113jis m\u016bsu pakalpojumu. M\u0113s un m\u016bsu tre\u0161o pu\u0161u pieg\u0101d\u0101t\u0101ji izmantojam s\u012bkfailus, lai inform\u0113tu, optimiz\u0113tu un r\u0101d\u012btu rekl\u0101mas, pamatojoties uz j\u016bsu iepriek\u0161\u0113jiem m\u016bsu pakalpojuma apmekl\u0113jumiem.<\/p>\n\n<ul>\n<li><strong> Google Ads (AdWords)<\/strong><\/li>\n<\/ul>\n\n<p>Google Ads (AdWords) atk\u0101rtot\u0101 m\u0101rketinga pakalpojumu nodro\u0161ina Google Inc.<\/p>\n\n<p>Varat atteikties no Google Analytics rekl\u0101mas t\u012bkla reklam\u0113\u0161anai un piel\u0101got Google rekl\u0101mas t\u012bkla rekl\u0101mas, apmekl\u0113jot Google rekl\u0101mu iestat\u012bjumu lapu: <a href=\"http:\/\/www.google.com\/settings\/ads\">http:\/\/www.google.com\/settings\/ads<\/a>.<\/p>\n\n<p>Google ar\u012b iesaka j\u016bsu t\u012bmek\u013ca p\u0101rl\u016bkprogrammai instal\u0113t Google Analytics Opt-out Browser Add-on \u2014 <a href=\"https:\/\/tools.google.com\/dlpage\/gaoptout\">https:\/\/tools.google.com\/dlpage\/gaoptout.<\/a> Google Analytics atteik\u0161an\u0101s p\u0101rl\u016bkprogrammas papildin\u0101jums nodro\u0161ina apmekl\u0113t\u0101jiem iesp\u0113ju ne\u013caut Google Analytics apkopot un izmantot vi\u0146u datus.<\/p>\n\n<p>Lai ieg\u016btu pla\u0161\u0101ku inform\u0101ciju par Google konfidencialit\u0101tes praksi, l\u016bdzu, apmekl\u0113jiet Google konfidencialit\u0101tes un noteikumu t\u012bmek\u013ca lapu: <a href=\"https:\/\/policies.google.com\/privacy?hl=en\">https:\/\/policies.google.com\/privacy?hl=lv<\/a><\/p>\n\n<ul>\n<li><strong> Facebook<\/strong><\/li>\n<\/ul>\n\n<p>Facebook atk\u0101rtot\u0101 m\u0101rketinga pakalpojumu nodro\u0161ina Facebook Inc.<\/p>\n\n<p>J\u016bs varat uzzin\u0101t vair\u0101k par uz interes\u0113m balst\u012btu reklam\u0113\u0161anu no Facebook, apmekl\u0113jot \u0161o lapu: <a href=\"https:\/\/www.facebook.com\/help\/164968693837950\">https:\/\/www.facebook.com\/help\/164968693837950<\/a><\/p>\n\n<p>Lai atteiktos no Facebook intere\u0161u rekl\u0101m\u0101m, izpildiet \u0161os Facebook nor\u0101d\u012bjumus: <a href=\"https:\/\/www.facebook.com\/help\/568137493302217\">https:\/\/www.facebook.com\/help\/568137493302217<\/a><\/p>\n\n<p>Facebook iev\u0113ro Digit\u0101l\u0101s rekl\u0101mas alianses izveidotos tie\u0161saistes biheivior\u0101l\u0101s rekl\u0101mas pa\u0161regul\u0101cijas principus. Varat ar\u012b atteikties no Facebook un citiem iesaist\u012btajiem uz\u0146\u0113mumiem, izmantojot Digit\u0101l\u0101s rekl\u0101mas aliansi ASV <a href=\"http:\/\/www.aboutads.info\/choices\/\">http:\/\/www.aboutads.info\/choices<\/a>\/, Kan\u0101das digit\u0101l\u0101s rekl\u0101mas aliansi Kan\u0101d\u0101 <a href=\"http:\/\/youradchoices.ca\/\">http:\/\/youradchoices.ca\/<\/a> vai European Interactive Digital Advertising Alliance in Europe <a href=\"http:\/\/www.youronlinechoices.eu\/\">http:\/\/www.youronlinechoices.eu\/<\/a> vai atsakieties, izmantojot mobil\u0101s ier\u012bces iestat\u012bjumus.<\/p>\n\n<p>Lai ieg\u016btu papildinform\u0101ciju par Facebook priv\u0101tuma praksi, l\u016bdzu, apmekl\u0113jiet Facebook datu politiku: https:\/\/www.facebook.com\/privacy\/explanation<a href=\"https:\/\/www.facebook.com\/privacy\/explanation\"><\/a><\/p>\n\n<p><strong>Servisa nodro\u0161in\u0101t\u0101ji<\/strong><\/p>\n\n<p>M\u0113s nodarbin\u0101m tre\u0161o pu\u0161u uz\u0146\u0113mumus un personas, lai atvieglotu m\u016bsu t\u012bmek\u013ca vietni (\u201cpakalpojumu sniedz\u0113ji\u201d), nodro\u0161in\u0101tu m\u016bsu vietni m\u016bsu v\u0101rd\u0101, sniegtu ar vietni saist\u012btus pakalpojumus vai pal\u012bdz\u0113tu mums analiz\u0113t, k\u0101 tiek izmantota m\u016bsu vietne. \u0160\u012bm tre\u0161aj\u0101m person\u0101m ir piek\u013cuve j\u016bsu personas inform\u0101cijai tikai, lai m\u016bsu v\u0101rd\u0101 veiktu \u0161os uzdevumus, un t\u0101m ir pien\u0101kums to neizpaust un neizmantot citiem m\u0113r\u0137iem.<\/p>\n\n<ul>\n<li><strong>&nbsp;&nbsp;&nbsp;&nbsp;Analytics<\/strong>\n<ul>\n<li>Google Analytics ir Google pied\u0101v\u0101tais t\u012bmek\u013ca anal\u012bzes pakalpojums, kas izseko vietnes trafiku un zi\u0146o par to. Google izmanto sav\u0101ktos datus, lai izsekotu un uzraudz\u012btu m\u016bsu Pakalpojuma lieto\u0161anu. \u0160ie dati tiek kop\u012bgoti ar citiem Google pakalpojumiem. Google var izmantot sav\u0101ktos datus, lai kontekstualiz\u0113tu un personaliz\u0113tu sava reklam\u0113\u0161anas t\u012bkla rekl\u0101mas.<\/li>\n<\/ul>\n<\/li>\n<\/ul>\n\n<p>J\u016bs varat atteikties no t\u0101, lai j\u016bsu darb\u012bbas Pakalpojum\u0101 b\u016btu pieejamas Google Analytics, instal\u0113jot Google Analytics atteik\u0161an\u0101s papildin\u0101jumu. Papildin\u0101jums ne\u013cauj Google Analytics JavaScript (ga.js, analytics.js un dc.js) koplietot inform\u0101ciju ar Google Analytics par apmekl\u0113jumu darb\u012bb\u0101m.<\/p>\n\n<p>Lai ieg\u016btu pla\u0161\u0101ku inform\u0101ciju par Google konfidencialit\u0101tes praksi, l\u016bdzu, apmekl\u0113jiet Google konfidencialit\u0101tes un noteikumu t\u012bmek\u013ca lapu: <a href=\"http:\/\/www.google.com\/intl\/en\/policies\/privacy\/\">http:\/\/www.google.com\/intl\/lv\/policies\/privacy\/<\/a><\/p>\n\n<ul>\n<li><strong> Maks\u0101jumu apstr\u0101d\u0101t\u0101ji<\/strong><\/li>\n<\/ul>\n\n<p>M\u0113s pied\u0101v\u0101jam maksas produktus un\/vai pakalpojumus m\u016bsu vietn\u0113. T\u0101d\u0101 gad\u012bjum\u0101 maks\u0101jumu apstr\u0101dei izmantojam tre\u0161o pu\u0161u pakalpojumus (piem\u0113ram, maks\u0101jumu apstr\u0101d\u0101t\u0101jus).<\/p>\n\n<p>M\u0113s neuzglab\u0101sim un neiekas\u0113sim j\u016bsu maks\u0101jumu kartes datus. \u0160\u012b inform\u0101cija tiek sniegta tie\u0161i m\u016bsu tre\u0161o pu\u0161u maks\u0101jumu apstr\u0101d\u0101t\u0101jiem, kuru personas datu izmanto\u0161anu regul\u0113 vi\u0146u konfidencialit\u0101tes politika. \u0160ie maks\u0101jumu apstr\u0101d\u0101t\u0101ji iev\u0113ro PCI-DSS noteiktos standartus, kurus p\u0101rvalda PCI dro\u0161\u012bbas standartu padome.<\/p>\n","protected":false},"excerpt":{"rendered":"<p>St\u0101jas sp\u0113k\u0101: 05.09.2022 Emako LTD (&#8220;m\u0113s&#8221;, &#8220;m\u0113s&#8221; vai &#8220;m\u016bsu&#8221;) p\u0101rvalda vietni https:\/\/zeodeo.store\/ (turpm\u0101k tekst\u0101 &#8220;Pakalpojums&#8221;). \u0160\u012b lapa inform\u0113 j\u016bs par m\u016bsu politik\u0101m attiec\u012bb\u0101 uz personas datu v\u0101k\u0161anu, izmanto\u0161anu un izpau\u0161anu, kad izmantojat m\u016bsu Pakalpojumu, un par izv\u0113l\u0113m, ko esat saist\u012bjis ar \u0161iem datiem. M\u0113s izmantojam j\u016bsu datus, lai nodro\u0161in\u0101tu un uzlabotu Pakalpojumu. Izmantojot Pakalpojumu, j\u016bs piekr\u012btat inform\u0101cijas apkopo\u0161anai un izmanto\u0161anai saska\u0146\u0101 ar \u0161o politiku. Ja vien \u0161aj\u0101 Priv\u0101tuma politik\u0101 nav noteikts cit\u0101di, \u0161aj\u0101 Priv\u0101tuma politik\u0101 lietotajiem terminiem ir t\u0101da pati noz\u012bme k\u0101 m\u016bsu Noteikumos&hellip;<\/p>\n","protected":false},"author":1,"featured_media":0,"parent":0,"menu_order":0,"comment_status":"closed","ping_status":"closed","template":"","meta":{"footnotes":""},"yoast_head":"<!-- This site is optimized with the Yoast SEO Premium plugin v22.2 (Yoast SEO v23.5) - https:\/\/yoast.com\/wordpress\/plugins\/seo\/ -->\n<title>Priv\u0101tuma politika - Zeodeo<\/title>\n<meta name=\"robots\" content=\"index, follow, max-snippet:-1, max-image-preview:large, max-video-preview:-1\" \/>\n<link rel=\"canonical\" href=\"https:\/\/zeodeo.store\/lv\/privatuma-politika\/\" \/>\n<meta property=\"og:locale\" content=\"lv_LV\" \/>\n<meta property=\"og:type\" content=\"article\" \/>\n<meta property=\"og:title\" content=\"Priv\u0101tuma politika\" \/>\n<meta property=\"og:description\" content=\"St\u0101jas sp\u0113k\u0101: 05.09.2022 Emako LTD (&#8220;m\u0113s&#8221;, &#8220;m\u0113s&#8221; vai &#8220;m\u016bsu&#8221;) p\u0101rvalda vietni https:\/\/zeodeo.store\/ (turpm\u0101k tekst\u0101 &#8220;Pakalpojums&#8221;). \u0160\u012b lapa inform\u0113 j\u016bs par m\u016bsu politik\u0101m attiec\u012bb\u0101 uz personas datu v\u0101k\u0161anu, izmanto\u0161anu un izpau\u0161anu, kad izmantojat m\u016bsu Pakalpojumu, un par izv\u0113l\u0113m, ko esat saist\u012bjis ar \u0161iem datiem. M\u0113s izmantojam j\u016bsu datus, lai nodro\u0161in\u0101tu un uzlabotu Pakalpojumu. Izmantojot Pakalpojumu, j\u016bs piekr\u012btat inform\u0101cijas apkopo\u0161anai un izmanto\u0161anai saska\u0146\u0101 ar \u0161o politiku. Ja vien \u0161aj\u0101 Priv\u0101tuma politik\u0101 nav noteikts cit\u0101di, \u0161aj\u0101 Priv\u0101tuma politik\u0101 lietotajiem terminiem ir t\u0101da pati noz\u012bme k\u0101 m\u016bsu Noteikumos&hellip;\" \/>\n<meta property=\"og:url\" content=\"https:\/\/zeodeo.store\/lv\/privatuma-politika\/\" \/>\n<meta property=\"og:site_name\" content=\"Zeodeo\" \/>\n<meta property=\"article:modified_time\" content=\"2022-11-18T15:18:36+00:00\" \/>\n<meta name=\"twitter:card\" content=\"summary_large_image\" \/>\n<script type=\"application\/ld+json\" class=\"yoast-schema-graph\">{\"@context\":\"https:\/\/schema.org\",\"@graph\":[{\"@type\":\"WebPage\",\"@id\":\"https:\/\/zeodeo.store\/lv\/privatuma-politika\/\",\"url\":\"https:\/\/zeodeo.store\/lv\/privatuma-politika\/\",\"name\":\"Priv\u0101tuma politika - Zeodeo\",\"isPartOf\":{\"@id\":\"https:\/\/zeodeo.store\/lv\/#website\"},\"datePublished\":\"2022-10-26T13:48:59+00:00\",\"dateModified\":\"2022-11-18T15:18:36+00:00\",\"breadcrumb\":{\"@id\":\"https:\/\/zeodeo.store\/lv\/privatuma-politika\/#breadcrumb\"},\"inLanguage\":\"lv-LV\",\"potentialAction\":[{\"@type\":\"ReadAction\",\"target\":[\"https:\/\/zeodeo.store\/lv\/privatuma-politika\/\"]}]},{\"@type\":\"BreadcrumbList\",\"@id\":\"https:\/\/zeodeo.store\/lv\/privatuma-politika\/#breadcrumb\",\"itemListElement\":[{\"@type\":\"ListItem\",\"position\":1,\"name\":\"Home\",\"item\":\"https:\/\/zeodeo.store\/lv\/\"},{\"@type\":\"ListItem\",\"position\":2,\"name\":\"Priv\u0101tuma politika\"}]},{\"@type\":\"WebSite\",\"@id\":\"https:\/\/zeodeo.store\/lv\/#website\",\"url\":\"https:\/\/zeodeo.store\/lv\/\",\"name\":\"Zeodeo\",\"description\":\"Zeolite pellets for dual layer cat litter pellets\",\"potentialAction\":[{\"@type\":\"SearchAction\",\"target\":{\"@type\":\"EntryPoint\",\"urlTemplate\":\"https:\/\/zeodeo.store\/lv\/?s={search_term_string}\"},\"query-input\":{\"@type\":\"PropertyValueSpecification\",\"valueRequired\":true,\"valueName\":\"search_term_string\"}}],\"inLanguage\":\"lv-LV\"}]}<\/script>\n<!-- \/ Yoast SEO Premium plugin. -->","yoast_head_json":{"title":"Priv\u0101tuma politika - Zeodeo","robots":{"index":"index","follow":"follow","max-snippet":"max-snippet:-1","max-image-preview":"max-image-preview:large","max-video-preview":"max-video-preview:-1"},"canonical":"https:\/\/zeodeo.store\/lv\/privatuma-politika\/","og_locale":"lv_LV","og_type":"article","og_title":"Priv\u0101tuma politika","og_description":"St\u0101jas sp\u0113k\u0101: 05.09.2022 Emako LTD (&#8220;m\u0113s&#8221;, &#8220;m\u0113s&#8221; vai &#8220;m\u016bsu&#8221;) p\u0101rvalda vietni https:\/\/zeodeo.store\/ (turpm\u0101k tekst\u0101 &#8220;Pakalpojums&#8221;). \u0160\u012b lapa inform\u0113 j\u016bs par m\u016bsu politik\u0101m attiec\u012bb\u0101 uz personas datu v\u0101k\u0161anu, izmanto\u0161anu un izpau\u0161anu, kad izmantojat m\u016bsu Pakalpojumu, un par izv\u0113l\u0113m, ko esat saist\u012bjis ar \u0161iem datiem. M\u0113s izmantojam j\u016bsu datus, lai nodro\u0161in\u0101tu un uzlabotu Pakalpojumu. Izmantojot Pakalpojumu, j\u016bs piekr\u012btat inform\u0101cijas apkopo\u0161anai un izmanto\u0161anai saska\u0146\u0101 ar \u0161o politiku. Ja vien \u0161aj\u0101 Priv\u0101tuma politik\u0101 nav noteikts cit\u0101di, \u0161aj\u0101 Priv\u0101tuma politik\u0101 lietotajiem terminiem ir t\u0101da pati noz\u012bme k\u0101 m\u016bsu Noteikumos&hellip;","og_url":"https:\/\/zeodeo.store\/lv\/privatuma-politika\/","og_site_name":"Zeodeo","article_modified_time":"2022-11-18T15:18:36+00:00","twitter_card":"summary_large_image","schema":{"@context":"https:\/\/schema.org","@graph":[{"@type":"WebPage","@id":"https:\/\/zeodeo.store\/lv\/privatuma-politika\/","url":"https:\/\/zeodeo.store\/lv\/privatuma-politika\/","name":"Priv\u0101tuma politika - Zeodeo","isPartOf":{"@id":"https:\/\/zeodeo.store\/lv\/#website"},"datePublished":"2022-10-26T13:48:59+00:00","dateModified":"2022-11-18T15:18:36+00:00","breadcrumb":{"@id":"https:\/\/zeodeo.store\/lv\/privatuma-politika\/#breadcrumb"},"inLanguage":"lv-LV","potentialAction":[{"@type":"ReadAction","target":["https:\/\/zeodeo.store\/lv\/privatuma-politika\/"]}]},{"@type":"BreadcrumbList","@id":"https:\/\/zeodeo.store\/lv\/privatuma-politika\/#breadcrumb","itemListElement":[{"@type":"ListItem","position":1,"name":"Home","item":"https:\/\/zeodeo.store\/lv\/"},{"@type":"ListItem","position":2,"name":"Priv\u0101tuma politika"}]},{"@type":"WebSite","@id":"https:\/\/zeodeo.store\/lv\/#website","url":"https:\/\/zeodeo.store\/lv\/","name":"Zeodeo","description":"Zeolite pellets for dual layer cat litter pellets","potentialAction":[{"@type":"SearchAction","target":{"@type":"EntryPoint","urlTemplate":"https:\/\/zeodeo.store\/lv\/?s={search_term_string}"},"query-input":{"@type":"PropertyValueSpecification","valueRequired":true,"valueName":"search_term_string"}}],"inLanguage":"lv-LV"}]}},"_links":{"self":[{"href":"https:\/\/zeodeo.store\/lv\/wp-json\/wp\/v2\/pages\/2181"}],"collection":[{"href":"https:\/\/zeodeo.store\/lv\/wp-json\/wp\/v2\/pages"}],"about":[{"href":"https:\/\/zeodeo.store\/lv\/wp-json\/wp\/v2\/types\/page"}],"author":[{"embeddable":true,"href":"https:\/\/zeodeo.store\/lv\/wp-json\/wp\/v2\/users\/1"}],"replies":[{"embeddable":true,"href":"https:\/\/zeodeo.store\/lv\/wp-json\/wp\/v2\/comments?post=2181"}],"version-history":[{"count":1,"href":"https:\/\/zeodeo.store\/lv\/wp-json\/wp\/v2\/pages\/2181\/revisions"}],"predecessor-version":[{"id":2182,"href":"https:\/\/zeodeo.store\/lv\/wp-json\/wp\/v2\/pages\/2181\/revisions\/2182"}],"wp:attachment":[{"href":"https:\/\/zeodeo.store\/lv\/wp-json\/wp\/v2\/media?parent=2181"}],"curies":[{"name":"wp","href":"https:\/\/api.w.org\/{rel}","templated":true}]}}