{"id":2147,"date":"2022-10-26T15:48:20","date_gmt":"2022-10-26T13:48:20","guid":{"rendered":"https:\/\/zeodeo.store\/apmaksas-veids\/"},"modified":"2022-11-17T13:59:01","modified_gmt":"2022-11-17T11:59:01","slug":"apmaksas-veids","status":"publish","type":"page","link":"https:\/\/zeodeo.store\/lv\/apmaksas-veids\/","title":{"rendered":"Apmaksas veids"},"content":{"rendered":"\n<p>J\u016bs varat izv\u0113l\u0113ties maks\u0101juma veidu savam pas\u016bt\u012bjumam.<\/p>\n\n<p>1. metode) Paysera (maks\u0101jiet ar Visa vai MasterCard, Maestro, BankLink)<\/p>\n\n<p><img loading=\"lazy\" decoding=\"async\" width=\"100\" height=\"32\" class=\"wp-image-1448\" style=\"width: 100px;\" src=\"https:\/\/zeodeo.store\/wp-content\/uploads\/2022\/11\/visa.png\" alt=\"\"\/> <img loading=\"lazy\" decoding=\"async\" width=\"73\" height=\"51\" class=\"wp-image-1446\" style=\"width: 73px;\" src=\"https:\/\/zeodeo.store\/wp-content\/uploads\/2022\/11\/mastercard-1.png\" alt=\"\"\/> <img loading=\"lazy\" decoding=\"async\" width=\"203\" height=\"47\" class=\"wp-image-1447\" style=\"width: 150px;\" src=\"https:\/\/zeodeo.store\/wp-content\/uploads\/2022\/11\/paysera.png\" alt=\"\" srcset=\"https:\/\/zeodeo.store\/wp-content\/uploads\/2022\/11\/paysera.png 203w, https:\/\/zeodeo.store\/wp-content\/uploads\/2022\/11\/paysera-142x33.png 142w\" sizes=\"(max-width: 203px) 100vw, 203px\" \/><\/p>\n\n<p>2. metode) Sazinieties ar mums un pieprasiet r\u0113\u0137inu pa e-pastu.<\/p>\n\n<p><img loading=\"lazy\" decoding=\"async\" width=\"322\" height=\"144\" class=\"wp-image-1450\" style=\"width: 150px;\" src=\"https:\/\/zeodeo.store\/wp-content\/uploads\/2022\/11\/images.png\" alt=\"\" srcset=\"https:\/\/zeodeo.store\/wp-content\/uploads\/2022\/11\/images.png 322w, https:\/\/zeodeo.store\/wp-content\/uploads\/2022\/11\/images-142x64.png 142w, https:\/\/zeodeo.store\/wp-content\/uploads\/2022\/11\/images-119x53.png 119w\" sizes=\"(max-width: 322px) 100vw, 322px\" \/><\/p>\n\n<p><\/p>\n","protected":false},"excerpt":{"rendered":"<p>J\u016bs varat izv\u0113l\u0113ties maks\u0101juma veidu savam pas\u016bt\u012bjumam. 1. metode) Paysera (maks\u0101jiet ar Visa vai MasterCard, Maestro, BankLink) 2. metode) Sazinieties ar mums un pieprasiet r\u0113\u0137inu pa e-pastu.<\/p>\n","protected":false},"author":1,"featured_media":0,"parent":0,"menu_order":0,"comment_status":"closed","ping_status":"closed","template":"","meta":{"footnotes":""},"yoast_head":"<!-- This site is optimized with the Yoast SEO Premium plugin v22.2 (Yoast SEO v23.5) - https:\/\/yoast.com\/wordpress\/plugins\/seo\/ -->\n<title>Apmaksas veids - Zeodeo<\/title>\n<meta name=\"robots\" content=\"index, follow, max-snippet:-1, max-image-preview:large, max-video-preview:-1\" \/>\n<link rel=\"canonical\" href=\"https:\/\/zeodeo.store\/lv\/apmaksas-veids\/\" \/>\n<meta property=\"og:locale\" content=\"lv_LV\" \/>\n<meta property=\"og:type\" content=\"article\" \/>\n<meta property=\"og:title\" content=\"Apmaksas veids\" \/>\n<meta property=\"og:description\" content=\"J\u016bs varat izv\u0113l\u0113ties maks\u0101juma veidu savam pas\u016bt\u012bjumam. 1. metode) Paysera (maks\u0101jiet ar Visa vai MasterCard, Maestro, BankLink) 2. metode) Sazinieties ar mums un pieprasiet r\u0113\u0137inu pa e-pastu.\" \/>\n<meta property=\"og:url\" content=\"https:\/\/zeodeo.store\/lv\/apmaksas-veids\/\" \/>\n<meta property=\"og:site_name\" content=\"Zeodeo\" \/>\n<meta property=\"article:modified_time\" content=\"2022-11-17T11:59:01+00:00\" \/>\n<meta property=\"og:image\" content=\"https:\/\/zeodeo.store\/wp-content\/uploads\/2022\/11\/visa.png\" \/>\n<meta name=\"twitter:card\" content=\"summary_large_image\" \/>\n<script type=\"application\/ld+json\" class=\"yoast-schema-graph\">{\"@context\":\"https:\/\/schema.org\",\"@graph\":[{\"@type\":\"WebPage\",\"@id\":\"https:\/\/zeodeo.store\/lv\/apmaksas-veids\/\",\"url\":\"https:\/\/zeodeo.store\/lv\/apmaksas-veids\/\",\"name\":\"Apmaksas veids - Zeodeo\",\"isPartOf\":{\"@id\":\"https:\/\/zeodeo.store\/lv\/#website\"},\"primaryImageOfPage\":{\"@id\":\"https:\/\/zeodeo.store\/lv\/apmaksas-veids\/#primaryimage\"},\"image\":{\"@id\":\"https:\/\/zeodeo.store\/lv\/apmaksas-veids\/#primaryimage\"},\"thumbnailUrl\":\"https:\/\/zeodeo.store\/wp-content\/uploads\/2022\/11\/visa.png\",\"datePublished\":\"2022-10-26T13:48:20+00:00\",\"dateModified\":\"2022-11-17T11:59:01+00:00\",\"breadcrumb\":{\"@id\":\"https:\/\/zeodeo.store\/lv\/apmaksas-veids\/#breadcrumb\"},\"inLanguage\":\"lv-LV\",\"potentialAction\":[{\"@type\":\"ReadAction\",\"target\":[\"https:\/\/zeodeo.store\/lv\/apmaksas-veids\/\"]}]},{\"@type\":\"ImageObject\",\"inLanguage\":\"lv-LV\",\"@id\":\"https:\/\/zeodeo.store\/lv\/apmaksas-veids\/#primaryimage\",\"url\":\"https:\/\/zeodeo.store\/wp-content\/uploads\/2022\/11\/visa.png\",\"contentUrl\":\"https:\/\/zeodeo.store\/wp-content\/uploads\/2022\/11\/visa.png\"},{\"@type\":\"BreadcrumbList\",\"@id\":\"https:\/\/zeodeo.store\/lv\/apmaksas-veids\/#breadcrumb\",\"itemListElement\":[{\"@type\":\"ListItem\",\"position\":1,\"name\":\"Home\",\"item\":\"https:\/\/zeodeo.store\/lv\/\"},{\"@type\":\"ListItem\",\"position\":2,\"name\":\"Apmaksas veids\"}]},{\"@type\":\"WebSite\",\"@id\":\"https:\/\/zeodeo.store\/lv\/#website\",\"url\":\"https:\/\/zeodeo.store\/lv\/\",\"name\":\"Zeodeo\",\"description\":\"Zeolite pellets for dual layer cat litter pellets\",\"potentialAction\":[{\"@type\":\"SearchAction\",\"target\":{\"@type\":\"EntryPoint\",\"urlTemplate\":\"https:\/\/zeodeo.store\/lv\/?s={search_term_string}\"},\"query-input\":{\"@type\":\"PropertyValueSpecification\",\"valueRequired\":true,\"valueName\":\"search_term_string\"}}],\"inLanguage\":\"lv-LV\"}]}<\/script>\n<!-- \/ Yoast SEO Premium plugin. -->","yoast_head_json":{"title":"Apmaksas veids - Zeodeo","robots":{"index":"index","follow":"follow","max-snippet":"max-snippet:-1","max-image-preview":"max-image-preview:large","max-video-preview":"max-video-preview:-1"},"canonical":"https:\/\/zeodeo.store\/lv\/apmaksas-veids\/","og_locale":"lv_LV","og_type":"article","og_title":"Apmaksas veids","og_description":"J\u016bs varat izv\u0113l\u0113ties maks\u0101juma veidu savam pas\u016bt\u012bjumam. 1. metode) Paysera (maks\u0101jiet ar Visa vai MasterCard, Maestro, BankLink) 2. metode) Sazinieties ar mums un pieprasiet r\u0113\u0137inu pa e-pastu.","og_url":"https:\/\/zeodeo.store\/lv\/apmaksas-veids\/","og_site_name":"Zeodeo","article_modified_time":"2022-11-17T11:59:01+00:00","og_image":[{"url":"https:\/\/zeodeo.store\/wp-content\/uploads\/2022\/11\/visa.png"}],"twitter_card":"summary_large_image","schema":{"@context":"https:\/\/schema.org","@graph":[{"@type":"WebPage","@id":"https:\/\/zeodeo.store\/lv\/apmaksas-veids\/","url":"https:\/\/zeodeo.store\/lv\/apmaksas-veids\/","name":"Apmaksas veids - Zeodeo","isPartOf":{"@id":"https:\/\/zeodeo.store\/lv\/#website"},"primaryImageOfPage":{"@id":"https:\/\/zeodeo.store\/lv\/apmaksas-veids\/#primaryimage"},"image":{"@id":"https:\/\/zeodeo.store\/lv\/apmaksas-veids\/#primaryimage"},"thumbnailUrl":"https:\/\/zeodeo.store\/wp-content\/uploads\/2022\/11\/visa.png","datePublished":"2022-10-26T13:48:20+00:00","dateModified":"2022-11-17T11:59:01+00:00","breadcrumb":{"@id":"https:\/\/zeodeo.store\/lv\/apmaksas-veids\/#breadcrumb"},"inLanguage":"lv-LV","potentialAction":[{"@type":"ReadAction","target":["https:\/\/zeodeo.store\/lv\/apmaksas-veids\/"]}]},{"@type":"ImageObject","inLanguage":"lv-LV","@id":"https:\/\/zeodeo.store\/lv\/apmaksas-veids\/#primaryimage","url":"https:\/\/zeodeo.store\/wp-content\/uploads\/2022\/11\/visa.png","contentUrl":"https:\/\/zeodeo.store\/wp-content\/uploads\/2022\/11\/visa.png"},{"@type":"BreadcrumbList","@id":"https:\/\/zeodeo.store\/lv\/apmaksas-veids\/#breadcrumb","itemListElement":[{"@type":"ListItem","position":1,"name":"Home","item":"https:\/\/zeodeo.store\/lv\/"},{"@type":"ListItem","position":2,"name":"Apmaksas veids"}]},{"@type":"WebSite","@id":"https:\/\/zeodeo.store\/lv\/#website","url":"https:\/\/zeodeo.store\/lv\/","name":"Zeodeo","description":"Zeolite pellets for dual layer cat litter pellets","potentialAction":[{"@type":"SearchAction","target":{"@type":"EntryPoint","urlTemplate":"https:\/\/zeodeo.store\/lv\/?s={search_term_string}"},"query-input":{"@type":"PropertyValueSpecification","valueRequired":true,"valueName":"search_term_string"}}],"inLanguage":"lv-LV"}]}},"_links":{"self":[{"href":"https:\/\/zeodeo.store\/lv\/wp-json\/wp\/v2\/pages\/2147"}],"collection":[{"href":"https:\/\/zeodeo.store\/lv\/wp-json\/wp\/v2\/pages"}],"about":[{"href":"https:\/\/zeodeo.store\/lv\/wp-json\/wp\/v2\/types\/page"}],"author":[{"embeddable":true,"href":"https:\/\/zeodeo.store\/lv\/wp-json\/wp\/v2\/users\/1"}],"replies":[{"embeddable":true,"href":"https:\/\/zeodeo.store\/lv\/wp-json\/wp\/v2\/comments?post=2147"}],"version-history":[{"count":1,"href":"https:\/\/zeodeo.store\/lv\/wp-json\/wp\/v2\/pages\/2147\/revisions"}],"predecessor-version":[{"id":2148,"href":"https:\/\/zeodeo.store\/lv\/wp-json\/wp\/v2\/pages\/2147\/revisions\/2148"}],"wp:attachment":[{"href":"https:\/\/zeodeo.store\/lv\/wp-json\/wp\/v2\/media?parent=2147"}],"curies":[{"name":"wp","href":"https:\/\/api.w.org\/{rel}","templated":true}]}}