{"id":2128,"date":"2022-10-24T20:24:15","date_gmt":"2022-10-24T18:24:15","guid":{"rendered":"https:\/\/zeodeo.store\/atmaksas-un-atgriesanas-politika\/"},"modified":"2022-11-17T13:33:45","modified_gmt":"2022-11-17T11:33:45","slug":"atmaksas-un-atgriesanas-politika","status":"publish","type":"page","link":"https:\/\/zeodeo.store\/lv\/atmaksas-un-atgriesanas-politika\/","title":{"rendered":"Atmaksas un atgrie\u0161anas politika"},"content":{"rendered":"\n<p>PRE\u010cU APMAI\u0145A UN ATGRIEZ\u0160ANA<\/p>\n\n<ul>\n<li>SIA &#8220;Emako&#8221; gandr\u012bz vienm\u0113r pie\u0146em atgrie\u0161anai vai mai\u0146ai jebkuru no &#8220;Emako&#8221; ieg\u0101d\u0101to preci bez jebk\u0101da iemesla pras\u012b\u0161anas un atgrie\u017e klientam pirkuma summu piln\u0101 apm\u0113r\u0101.<\/li>\n\n\n\n<li>Klients p\u0101rrunas ar SIA \u201eEmako\u201d par pre\u010du atgrie\u0161anas vai apmai\u0146as veidiem e-past\u0101, izmantojot speci\u0101lu formu vai t\u0101lruni individu\u0101li, katr\u0101 konkr\u0113t\u0101 gad\u012bjum\u0101.<\/li>\n\n\n\n<li>Ja klients v\u0113las atgriezt vai apmain\u012bt preci SIA &#8220;Emako&#8221; k\u013c\u016bdas vai vainas d\u0113\u013c, pirkuma summa tiek atmaks\u0101ta piln\u0101 apm\u0113r\u0101 7 dienu laik\u0101 no br\u012b\u017ea, kad klients atgrie\u017e preci SIA &#8220;Emako&#8221; noliktav\u0101.<\/li>\n\n\n\n<li>Ja preces atgrie\u0161ana vai apmai\u0146a notiek klienta vainas vai k\u013c\u016bdas d\u0113\u013c (vai klients nev\u0113las paskaidrot iemeslu), tad pieg\u0101des atgrie\u0161anas izmaksas sedz klients vai klients atgrie\u017e preci pats .<\/li>\n\n\n\n<li>Vid\u0113jais str\u012bda risin\u0101\u0161anas laiks ir 1 darba diena. Vid\u0113jais pre\u010du nomai\u0146as laiks ir 2-3 darba dienas.<\/li>\n\n\n\n<li>SIA &#8220;Emako&#8221; patur ties\u012bbas atteikties pie\u0146emt preces atgrie\u0161anai vai mai\u0146ai, ja preces iepakojumu ir atv\u0113ris vai saboj\u0101jis pats pirc\u0113js un atgrie\u0161ana notiek pirc\u0113ja vainas d\u0113\u013c vai bez paskaidrojumiem.<\/li>\n\n\n\n<li>SIA &#8220;Emako&#8221; ir gatavs izskat\u012bt jebkuru pas\u016bt\u012bt\u0101ja priek\u0161likumu, lai atrisin\u0101tu jebkuru str\u012bd\u012bgu jaut\u0101jumu.<\/li>\n\n\n\n<li>Pre\u010du atgrie\u0161anas vai apmai\u0146as pieteikums tiek pie\u0146emts pa e-pastu ang\u013cu vai krievu vai latvie\u0161u valod\u0101 br\u012bv\u0101 form\u0101. T\u0101pat jebkuru inform\u0101ciju vai vieno\u0161anos var noform\u0113t pa telefonu ang\u013cu, latvie\u0161u vai krievu valod\u0101.<\/li>\n\n\n\n<li>Pre\u010du atgrie\u0161anas vai apmai\u0146as piepras\u012bjumu varat iesniegt 30 dienu laik\u0101 p\u0113c preces sa\u0146em\u0161anas.<\/li>\n<\/ul>\n\n<p>Pirc\u0113js var izmantot atgrie\u0161anas vai mai\u0146as ties\u012bbas, ja ir izpild\u012bti visi \u0161\u0101di nosac\u012bjumi:<\/p>\n\n<p>\u2013 prece nav boj\u0101ta vai t\u0101s izskats ir b\u016btiski nemain\u012bgs;<\/p>\n\n<p>\u2013 prece nav atv\u0113rta un ir saglab\u0101jusi pat\u0113ri\u0146a \u012bpa\u0161\u012bbas;<\/p>\n\n<p>\u2013 prece tiek atgriezta ar vis\u0101m iek\u0161\u0113j\u0101m un \u0101r\u0113j\u0101m eti\u0137et\u0113m, aizsargpl\u0113v\u0113m u.c., kas bija uz preces ieg\u0101des br\u012bd\u012b, t.i. e. nav griezts, no\u0146emts utt. <\/p>\n\n<ul>\n<li>Ties\u012bbas atgriezt preces ar tr\u016bkumiem<\/li>\n<\/ul>\n\n<p>Ja Pirc\u0113js uzskata, ka sa\u0146emt\u0101 prece ir nekvalitat\u012bva, Pirc\u0113jam ir ties\u012bbas 30 dienu laik\u0101 p\u0113c pieg\u0101des datuma iesniegt P\u0101rdev\u0113jam piepras\u012bjumu. \u0160\u0101d\u0101 gad\u012bjum\u0101 Pirc\u0113jam ir j\u0101sazin\u0101s ar P\u0101rdev\u0113ju pa e-pastu vai telefoniski, izmantojot Interneta veikala m\u0101jaslapas sada\u013c\u0101 \u201cSazinieties ar mums\u201d public\u0113tos rekviz\u012btus un sniedz savus datus, piem\u0113ram, v\u0101rdu, uzv\u0101rdu, atgrie\u0161anas iemeslu. preces, pas\u016bt\u012bjuma numurs vai pre\u010du apmaksu apliecino\u0161a r\u0113\u0137ina numurs, kontaktinform\u0101cija (t\u0101lru\u0146a numurs vai e-pasta adrese) un bankas rekviz\u012bti (konta numurs, bankas nosaukums un kods), ja Pirc\u0113ja samaks\u0101t\u0101 summa (vai t\u0101s da\u013ca) ir j\u0101atmaks\u0101 uz Pirc\u0113ja bankas kontu. Pirc\u0113js var piepras\u012bt, lai P\u0101rdev\u0113js:<\/p>\n\n<p>\u2013 aizst\u0101t nekvalitat\u012bvu preci ar labas kvalit\u0101tes preci; vai<\/p>\n\n<p>\u2013 samazin\u0101t preces cenu; vai<\/p>\n\n<p>&#8211; atmaks\u0101t samaks\u0101to summu.<\/p>\n\n<p>Preces vien\u012bba uzskat\u0101ma par labas kvalit\u0101tes preci, ja (i) prece atbilst Interneta veikal\u0101 sniegtajam aprakstam un \u012bpa\u0161\u012bb\u0101m; ii) prece ir piem\u0113rota parastai lieto\u0161anai t\u0101pat k\u0101 citas t\u0101da pa\u0161a veida preces; un iii) preces kvalit\u0101te un \u012bpa\u0161\u012bbas ir t\u0101das, k\u0101das var sagaid\u012bt no cit\u0101m t\u0101da pa\u0161a veida prec\u0113m.<\/p>\n\n<p>Pirc\u0113js var iesniegt P\u0101rdev\u0113jam piepras\u012bjumu un atgriezt preci ar kurjerpasta starpniec\u012bbu. P\u0101rdev\u0113js r\u016bp\u012bgi p\u0101rbauda atgriezto preci un sapr\u0101t\u012bg\u0101 termi\u0146\u0101 pa e-pastu inform\u0113 Pirc\u0113ju, vai k\u0101ds no iepriek\u0161 nor\u0101d\u012btajiem Pirc\u0113ja piepras\u012bjumiem tiks izpild\u012bts. Atmaksa tiek veikta vai prece tiek apmain\u012bta 30 dienu laik\u0101 no dienas, kad tika nos\u016bt\u012bts e-pasts, kas apstiprina naudas atmaksu\/mai\u0146u.<\/p>\n\n<p>Ja Pirc\u0113js pieprasa naudas atmaksu un \u0161\u0101ds piepras\u012bjums ir pamatots, tiek atmaks\u0101ta visa Pirc\u0113ja samaks\u0101t\u0101 summa, ieskaitot pieg\u0101des izmaksas un atgrie\u0161anas s\u016bt\u012bjuma izmaksas. Naudas atmaksa tiek veikta ar to pa\u0161u metodi, kuru Pirc\u0113js izv\u0113l\u0113jies preces ieg\u0101dei.<\/p>\n\n<ul>\n<li>Atgrie\u0161anas metodes<\/li>\n<\/ul>\n\n<p>Pirc\u0113js var atgriezt preces, nos\u016btot t\u0101s caur jebkuru kurjera pakalpojumu, kas nodro\u0161ina izseko\u0161anas kodu.<\/p>\n\n<ul>\n<li>Pirc\u0113js apmaks\u0101 un pie\u0146em ieg\u0101d\u0101t\u0101s preces \u0161ajos Noteikumos noteiktaj\u0101 k\u0101rt\u012bb\u0101. Ja Pirc\u0113js bez pamatota iemesla atsak\u0101s pie\u0146emt preces pieg\u0101des br\u012bd\u012b, Pirc\u0113js apmaks\u0101 preces atgrie\u0161anas izdevumus p\u0113c P\u0101rdev\u0113ja piepras\u012bjuma. Pirc\u0113js apmaks\u0101 ar\u012b kurjera piepras\u012bt\u0101s izmaksas, ja Pirc\u0113js nepie\u0146em preci ar kurjeru saska\u0146otaj\u0101 laik\u0101.<\/li>\n<\/ul>\n\n<ul>\n<li>Pirc\u0113js sarg\u0101 vi\u0146am pie\u0161\u0137irtos Konta pieteik\u0161an\u0101s datus un neizpau\u017e tos tre\u0161aj\u0101m person\u0101m. Pirc\u0113js ir atbild\u012bgs par \u0161\u0101du datu saglab\u0101\u0161anu un uz\u0146emas atbild\u012bbu par jebk\u0101d\u0101m darb\u012bb\u0101m (datu p\u0101rraidi, veiktajiem pas\u016bt\u012bjumiem, pat\u0113r\u0113t\u0101ju koment\u0101riem utt.), kas tiek veiktas Interneta veikal\u0101, piesakoties Kont\u0101, k\u0101 ar\u012b par \u0161\u0101du darb\u012bbu sek\u0101m. Pieteik\u0161an\u0101s datu nozaud\u0113\u0161anas gad\u012bjum\u0101 Pirc\u0113js nekav\u0113joties inform\u0113 P\u0101rdev\u0113ju pa t\u0101lruni vai pa e-pastu, izmantojot vietnes sada\u013c\u0101 \u201cSazinieties ar mums\u201d nor\u0101d\u012bto inform\u0101ciju.<\/li>\n<\/ul>\n\n<ul>\n<li>Pirc\u0113js ir atbild\u012bgs par to, lai Interneta veikal\u0101 sniegtie Pirc\u0113ja dati b\u016btu prec\u012bzi, pareizi un piln\u012bgi. Ja \u0161ie dati main\u0101s, Pirc\u0113js tos atjaunina sada\u013c\u0101 Mans konts vai inform\u0113 P\u0101rdev\u0113ju par izmai\u0146\u0101m pa t\u0101lruni vai e-past\u0101, izmantojot vietnes sada\u013c\u0101 \u201cSazinieties ar mums\u201d nor\u0101d\u012bto inform\u0101ciju. P\u0101rdev\u0113js nek\u0101d\u0101 gad\u012bjum\u0101 neuz\u0146emas atbild\u012bbu par zaud\u0113jumiem, kas Pirc\u0113jam un\/vai tre\u0161aj\u0101m person\u0101m radu\u0161ies t\u0101d\u0113\u013c, ka Pirc\u0113js nesniedza pa\u0161reiz\u0113jos un\/vai piln\u012bgus personas datus vai nav atjaunin\u0101jis\/papildin\u0101jis datus to izmai\u0146u gad\u012bjum\u0101. Ja Pirc\u0113js Interneta veikala lieto\u0161anas nol\u016bk\u0101 ir sniedzis tre\u0161o personu personas datus, Pirc\u0113js uz\u0146emas atbild\u012bbu par \u0161\u0101du datu snieg\u0161anas un izmanto\u0161anas likum\u012bbu.<\/li>\n<\/ul>\n\n<ul>\n<li>Ja rodas k\u0101das probl\u0113mas saist\u012bb\u0101 ar Internetveikal\u0101 ieg\u0101d\u0101taj\u0101m prec\u0113m, Pirc\u0113js var v\u0113rsties pie P\u0101rdev\u0113ja telefoniski vai pa e-pastu, izmantojot Interneta veikala sada\u013c\u0101 \u201cSazinieties ar mums\u201d nor\u0101d\u012bto inform\u0101ciju. Papildus Pirc\u0113js var iesniegt iesniegumu\/s\u016bdz\u012bbu Valsts pat\u0113r\u0113t\u0101ju ties\u012bbu aizsardz\u012bbas dienest\u0101.<\/li>\n<\/ul>\n","protected":false},"excerpt":{"rendered":"<p>PRE\u010cU APMAI\u0145A UN ATGRIEZ\u0160ANA Pirc\u0113js var izmantot atgrie\u0161anas vai mai\u0146as ties\u012bbas, ja ir izpild\u012bti visi \u0161\u0101di nosac\u012bjumi: \u2013 prece nav boj\u0101ta vai t\u0101s izskats ir b\u016btiski nemain\u012bgs; \u2013 prece nav atv\u0113rta un ir saglab\u0101jusi pat\u0113ri\u0146a \u012bpa\u0161\u012bbas; \u2013 prece tiek atgriezta ar vis\u0101m iek\u0161\u0113j\u0101m un \u0101r\u0113j\u0101m eti\u0137et\u0113m, aizsargpl\u0113v\u0113m u.c., kas bija uz preces ieg\u0101des br\u012bd\u012b, t.i. e. nav griezts, no\u0146emts utt. Ja Pirc\u0113js uzskata, ka sa\u0146emt\u0101 prece ir nekvalitat\u012bva, Pirc\u0113jam ir ties\u012bbas 30 dienu laik\u0101 p\u0113c pieg\u0101des datuma iesniegt P\u0101rdev\u0113jam piepras\u012bjumu. \u0160\u0101d\u0101 gad\u012bjum\u0101 Pirc\u0113jam ir&hellip;<\/p>\n","protected":false},"author":1,"featured_media":0,"parent":0,"menu_order":0,"comment_status":"closed","ping_status":"closed","template":"","meta":{"footnotes":""},"yoast_head":"<!-- This site is optimized with the Yoast SEO Premium plugin v22.2 (Yoast SEO v23.5) - https:\/\/yoast.com\/wordpress\/plugins\/seo\/ -->\n<title>Atmaksas un atgrie\u0161anas politika - Zeodeo<\/title>\n<meta name=\"robots\" content=\"index, follow, max-snippet:-1, max-image-preview:large, max-video-preview:-1\" \/>\n<link rel=\"canonical\" href=\"https:\/\/zeodeo.store\/lv\/atmaksas-un-atgriesanas-politika\/\" \/>\n<meta property=\"og:locale\" content=\"lv_LV\" \/>\n<meta property=\"og:type\" content=\"article\" \/>\n<meta property=\"og:title\" content=\"Atmaksas un atgrie\u0161anas politika\" \/>\n<meta property=\"og:description\" content=\"PRE\u010cU APMAI\u0145A UN ATGRIEZ\u0160ANA Pirc\u0113js var izmantot atgrie\u0161anas vai mai\u0146as ties\u012bbas, ja ir izpild\u012bti visi \u0161\u0101di nosac\u012bjumi: \u2013 prece nav boj\u0101ta vai t\u0101s izskats ir b\u016btiski nemain\u012bgs; \u2013 prece nav atv\u0113rta un ir saglab\u0101jusi pat\u0113ri\u0146a \u012bpa\u0161\u012bbas; \u2013 prece tiek atgriezta ar vis\u0101m iek\u0161\u0113j\u0101m un \u0101r\u0113j\u0101m eti\u0137et\u0113m, aizsargpl\u0113v\u0113m u.c., kas bija uz preces ieg\u0101des br\u012bd\u012b, t.i. e. nav griezts, no\u0146emts utt. Ja Pirc\u0113js uzskata, ka sa\u0146emt\u0101 prece ir nekvalitat\u012bva, Pirc\u0113jam ir ties\u012bbas 30 dienu laik\u0101 p\u0113c pieg\u0101des datuma iesniegt P\u0101rdev\u0113jam piepras\u012bjumu. \u0160\u0101d\u0101 gad\u012bjum\u0101 Pirc\u0113jam ir&hellip;\" \/>\n<meta property=\"og:url\" content=\"https:\/\/zeodeo.store\/lv\/atmaksas-un-atgriesanas-politika\/\" \/>\n<meta property=\"og:site_name\" content=\"Zeodeo\" \/>\n<meta property=\"article:modified_time\" content=\"2022-11-17T11:33:45+00:00\" \/>\n<meta name=\"twitter:card\" content=\"summary_large_image\" \/>\n<script type=\"application\/ld+json\" class=\"yoast-schema-graph\">{\"@context\":\"https:\/\/schema.org\",\"@graph\":[{\"@type\":\"WebPage\",\"@id\":\"https:\/\/zeodeo.store\/lv\/atmaksas-un-atgriesanas-politika\/\",\"url\":\"https:\/\/zeodeo.store\/lv\/atmaksas-un-atgriesanas-politika\/\",\"name\":\"Atmaksas un atgrie\u0161anas politika - Zeodeo\",\"isPartOf\":{\"@id\":\"https:\/\/zeodeo.store\/lv\/#website\"},\"datePublished\":\"2022-10-24T18:24:15+00:00\",\"dateModified\":\"2022-11-17T11:33:45+00:00\",\"breadcrumb\":{\"@id\":\"https:\/\/zeodeo.store\/lv\/atmaksas-un-atgriesanas-politika\/#breadcrumb\"},\"inLanguage\":\"lv-LV\",\"potentialAction\":[{\"@type\":\"ReadAction\",\"target\":[\"https:\/\/zeodeo.store\/lv\/atmaksas-un-atgriesanas-politika\/\"]}]},{\"@type\":\"BreadcrumbList\",\"@id\":\"https:\/\/zeodeo.store\/lv\/atmaksas-un-atgriesanas-politika\/#breadcrumb\",\"itemListElement\":[{\"@type\":\"ListItem\",\"position\":1,\"name\":\"Home\",\"item\":\"https:\/\/zeodeo.store\/lv\/\"},{\"@type\":\"ListItem\",\"position\":2,\"name\":\"Atmaksas un atgrie\u0161anas politika\"}]},{\"@type\":\"WebSite\",\"@id\":\"https:\/\/zeodeo.store\/lv\/#website\",\"url\":\"https:\/\/zeodeo.store\/lv\/\",\"name\":\"Zeodeo\",\"description\":\"Zeolite pellets for dual layer cat litter pellets\",\"potentialAction\":[{\"@type\":\"SearchAction\",\"target\":{\"@type\":\"EntryPoint\",\"urlTemplate\":\"https:\/\/zeodeo.store\/lv\/?s={search_term_string}\"},\"query-input\":{\"@type\":\"PropertyValueSpecification\",\"valueRequired\":true,\"valueName\":\"search_term_string\"}}],\"inLanguage\":\"lv-LV\"}]}<\/script>\n<!-- \/ Yoast SEO Premium plugin. -->","yoast_head_json":{"title":"Atmaksas un atgrie\u0161anas politika - Zeodeo","robots":{"index":"index","follow":"follow","max-snippet":"max-snippet:-1","max-image-preview":"max-image-preview:large","max-video-preview":"max-video-preview:-1"},"canonical":"https:\/\/zeodeo.store\/lv\/atmaksas-un-atgriesanas-politika\/","og_locale":"lv_LV","og_type":"article","og_title":"Atmaksas un atgrie\u0161anas politika","og_description":"PRE\u010cU APMAI\u0145A UN ATGRIEZ\u0160ANA Pirc\u0113js var izmantot atgrie\u0161anas vai mai\u0146as ties\u012bbas, ja ir izpild\u012bti visi \u0161\u0101di nosac\u012bjumi: \u2013 prece nav boj\u0101ta vai t\u0101s izskats ir b\u016btiski nemain\u012bgs; \u2013 prece nav atv\u0113rta un ir saglab\u0101jusi pat\u0113ri\u0146a \u012bpa\u0161\u012bbas; \u2013 prece tiek atgriezta ar vis\u0101m iek\u0161\u0113j\u0101m un \u0101r\u0113j\u0101m eti\u0137et\u0113m, aizsargpl\u0113v\u0113m u.c., kas bija uz preces ieg\u0101des br\u012bd\u012b, t.i. e. nav griezts, no\u0146emts utt. Ja Pirc\u0113js uzskata, ka sa\u0146emt\u0101 prece ir nekvalitat\u012bva, Pirc\u0113jam ir ties\u012bbas 30 dienu laik\u0101 p\u0113c pieg\u0101des datuma iesniegt P\u0101rdev\u0113jam piepras\u012bjumu. \u0160\u0101d\u0101 gad\u012bjum\u0101 Pirc\u0113jam ir&hellip;","og_url":"https:\/\/zeodeo.store\/lv\/atmaksas-un-atgriesanas-politika\/","og_site_name":"Zeodeo","article_modified_time":"2022-11-17T11:33:45+00:00","twitter_card":"summary_large_image","schema":{"@context":"https:\/\/schema.org","@graph":[{"@type":"WebPage","@id":"https:\/\/zeodeo.store\/lv\/atmaksas-un-atgriesanas-politika\/","url":"https:\/\/zeodeo.store\/lv\/atmaksas-un-atgriesanas-politika\/","name":"Atmaksas un atgrie\u0161anas politika - Zeodeo","isPartOf":{"@id":"https:\/\/zeodeo.store\/lv\/#website"},"datePublished":"2022-10-24T18:24:15+00:00","dateModified":"2022-11-17T11:33:45+00:00","breadcrumb":{"@id":"https:\/\/zeodeo.store\/lv\/atmaksas-un-atgriesanas-politika\/#breadcrumb"},"inLanguage":"lv-LV","potentialAction":[{"@type":"ReadAction","target":["https:\/\/zeodeo.store\/lv\/atmaksas-un-atgriesanas-politika\/"]}]},{"@type":"BreadcrumbList","@id":"https:\/\/zeodeo.store\/lv\/atmaksas-un-atgriesanas-politika\/#breadcrumb","itemListElement":[{"@type":"ListItem","position":1,"name":"Home","item":"https:\/\/zeodeo.store\/lv\/"},{"@type":"ListItem","position":2,"name":"Atmaksas un atgrie\u0161anas politika"}]},{"@type":"WebSite","@id":"https:\/\/zeodeo.store\/lv\/#website","url":"https:\/\/zeodeo.store\/lv\/","name":"Zeodeo","description":"Zeolite pellets for dual layer cat litter pellets","potentialAction":[{"@type":"SearchAction","target":{"@type":"EntryPoint","urlTemplate":"https:\/\/zeodeo.store\/lv\/?s={search_term_string}"},"query-input":{"@type":"PropertyValueSpecification","valueRequired":true,"valueName":"search_term_string"}}],"inLanguage":"lv-LV"}]}},"_links":{"self":[{"href":"https:\/\/zeodeo.store\/lv\/wp-json\/wp\/v2\/pages\/2128"}],"collection":[{"href":"https:\/\/zeodeo.store\/lv\/wp-json\/wp\/v2\/pages"}],"about":[{"href":"https:\/\/zeodeo.store\/lv\/wp-json\/wp\/v2\/types\/page"}],"author":[{"embeddable":true,"href":"https:\/\/zeodeo.store\/lv\/wp-json\/wp\/v2\/users\/1"}],"replies":[{"embeddable":true,"href":"https:\/\/zeodeo.store\/lv\/wp-json\/wp\/v2\/comments?post=2128"}],"version-history":[{"count":4,"href":"https:\/\/zeodeo.store\/lv\/wp-json\/wp\/v2\/pages\/2128\/revisions"}],"predecessor-version":[{"id":2134,"href":"https:\/\/zeodeo.store\/lv\/wp-json\/wp\/v2\/pages\/2128\/revisions\/2134"}],"wp:attachment":[{"href":"https:\/\/zeodeo.store\/lv\/wp-json\/wp\/v2\/media?parent=2128"}],"curies":[{"name":"wp","href":"https:\/\/api.w.org\/{rel}","templated":true}]}}