{"id":2030,"date":"2016-08-29T07:48:13","date_gmt":"2016-08-29T05:48:13","guid":{"rendered":"https:\/\/zeodeo.store\/revolucionara-kaku-pakaisu-sistema\/"},"modified":"2023-07-20T17:02:10","modified_gmt":"2023-07-20T15:02:10","slug":"revolucionara-kaku-pakaisu-sistema","status":"publish","type":"page","link":"https:\/\/zeodeo.store\/lv\/","title":{"rendered":"Produkts, kas <em>sadal\u012bja<\/em> dz\u012bvi ar ka\u0137i <em>uz<\/em> \u201c<em>pirms\u201d un \u201cp\u0113c<\/em>\u201d"},"content":{"rendered":"\n<figure class=\"wp-block-pullquote has-vivid-cyan-blue-color has-pale-cyan-blue-background-color has-text-color has-background has-medium-font-size\" style=\"border-width:7px;border-radius:26px\"><blockquote><p>Laipni l\u016bdzam ZeoDeo pasaul\u0113 &#8211; revolucion\u0101r\u0101 sist\u0113m\u0101 tavas ka\u0137a tualetes kast\u0113, kur tavas ka\u0137a \u0113rt\u012bbas un tava \u0113rt\u012bba ir m\u016bsu galvenie priek\u0161likumi!<\/p><cite>\ud83d\udc3e Ja v\u0113l neesi pam\u0113\u0123in\u0101jis ZeoDeo, noteikti vajadz\u0113tu. Tas var k\u013c\u016bt par vienu no visizdev\u012bg\u0101kajiem pirkumiem tav\u0101 dz\u012bvnieku apr\u016bpes rut\u012bn\u0101. Tualetes kastes kop\u0161ana k\u013c\u016bs daudz viegl\u0101ka un pat\u012bkam\u0101ka. Turkl\u0101t tu aizmirs\u012bsi par nepat\u012bkamaj\u0101m smak\u0101m no tualetes kastes tav\u0101 m\u0101j\u0101. <br>\ud83d\udc3e Nodro\u0161ini \u0113rt\u012bbas un apr\u016bpi savam ka\u0137im un baudiet prieku, r\u016bp\u0113joties par savu m\u012b\u013coto m\u0101jdz\u012bvnieku ar ZeoDeo!<\/cite><\/blockquote><\/figure>\n\n\n\n<figure class=\"wp-block-embed is-type-video is-provider-youtube wp-block-embed-youtube wp-embed-aspect-16-9 wp-has-aspect-ratio\"><div class=\"wp-block-embed__wrapper\">\n<iframe loading=\"lazy\" title=\"ZeoDeo Zeolite pellets for dual layer cat litter systems video\" width=\"1220\" height=\"686\" src=\"https:\/\/www.youtube.com\/embed\/Ep_9IqdZGXw?feature=oembed\" frameborder=\"0\" allow=\"accelerometer; autoplay; clipboard-write; encrypted-media; gyroscope; picture-in-picture\" allowfullscreen><\/iframe>\n<\/div><\/figure>\n","protected":false},"excerpt":{"rendered":"<p>Laipni l\u016bdzam ZeoDeo pasaul\u0113 &#8211; revolucion\u0101r\u0101 sist\u0113m\u0101 tavas ka\u0137a tualetes kast\u0113, kur tavas ka\u0137a \u0113rt\u012bbas un tava \u0113rt\u012bba ir m\u016bsu galvenie priek\u0161likumi! \ud83d\udc3e Ja v\u0113l neesi pam\u0113\u0123in\u0101jis ZeoDeo, noteikti vajadz\u0113tu. Tas var k\u013c\u016bt par vienu no visizdev\u012bg\u0101kajiem pirkumiem tav\u0101 dz\u012bvnieku apr\u016bpes rut\u012bn\u0101. Tualetes kastes kop\u0161ana k\u013c\u016bs daudz viegl\u0101ka un pat\u012bkam\u0101ka. Turkl\u0101t tu aizmirs\u012bsi par nepat\u012bkamaj\u0101m smak\u0101m no tualetes kastes tav\u0101 m\u0101j\u0101. \ud83d\udc3e Nodro\u0161ini \u0113rt\u012bbas un apr\u016bpi savam ka\u0137im un baudiet prieku, r\u016bp\u0113joties par savu m\u012b\u013coto m\u0101jdz\u012bvnieku ar ZeoDeo!<\/p>\n","protected":false},"author":1,"featured_media":0,"parent":0,"menu_order":0,"comment_status":"closed","ping_status":"open","template":"","meta":{"footnotes":""},"yoast_head":"<!-- This site is optimized with the Yoast SEO Premium plugin v22.2 (Yoast SEO v23.5) - https:\/\/yoast.com\/wordpress\/plugins\/seo\/ -->\n<title>Produkts, kas sadal\u012bja dz\u012bvi ar ka\u0137i uz \u201cpirms\u201d un \u201cp\u0113c\u201d - Zeodeo<\/title>\n<meta name=\"robots\" content=\"index, follow, max-snippet:-1, max-image-preview:large, max-video-preview:-1\" \/>\n<link rel=\"canonical\" href=\"https:\/\/zeodeo.store\/lv\/\" \/>\n<meta property=\"og:locale\" content=\"lv_LV\" \/>\n<meta property=\"og:type\" content=\"article\" \/>\n<meta property=\"og:title\" content=\"Produkts, kas sadal\u012bja dz\u012bvi ar ka\u0137i uz \u201cpirms\u201d un \u201cp\u0113c\u201d\" \/>\n<meta property=\"og:description\" content=\"Laipni l\u016bdzam ZeoDeo pasaul\u0113 &#8211; revolucion\u0101r\u0101 sist\u0113m\u0101 tavas ka\u0137a tualetes kast\u0113, kur tavas ka\u0137a \u0113rt\u012bbas un tava \u0113rt\u012bba ir m\u016bsu galvenie priek\u0161likumi! \ud83d\udc3e Ja v\u0113l neesi pam\u0113\u0123in\u0101jis ZeoDeo, noteikti vajadz\u0113tu. Tas var k\u013c\u016bt par vienu no visizdev\u012bg\u0101kajiem pirkumiem tav\u0101 dz\u012bvnieku apr\u016bpes rut\u012bn\u0101. Tualetes kastes kop\u0161ana k\u013c\u016bs daudz viegl\u0101ka un pat\u012bkam\u0101ka. Turkl\u0101t tu aizmirs\u012bsi par nepat\u012bkamaj\u0101m smak\u0101m no tualetes kastes tav\u0101 m\u0101j\u0101. \ud83d\udc3e Nodro\u0161ini \u0113rt\u012bbas un apr\u016bpi savam ka\u0137im un baudiet prieku, r\u016bp\u0113joties par savu m\u012b\u013coto m\u0101jdz\u012bvnieku ar ZeoDeo!\" \/>\n<meta property=\"og:url\" content=\"https:\/\/zeodeo.store\/lv\/\" \/>\n<meta property=\"og:site_name\" content=\"Zeodeo\" \/>\n<meta property=\"article:modified_time\" content=\"2023-07-20T15:02:10+00:00\" \/>\n<meta name=\"twitter:card\" content=\"summary_large_image\" \/>\n<script type=\"application\/ld+json\" class=\"yoast-schema-graph\">{\"@context\":\"https:\/\/schema.org\",\"@graph\":[{\"@type\":\"WebPage\",\"@id\":\"https:\/\/zeodeo.store\/lv\/\",\"url\":\"https:\/\/zeodeo.store\/lv\/\",\"name\":\"Produkts, kas sadal\u012bja dz\u012bvi ar ka\u0137i uz \u201cpirms\u201d un \u201cp\u0113c\u201d - Zeodeo\",\"isPartOf\":{\"@id\":\"https:\/\/zeodeo.store\/lv\/#website\"},\"datePublished\":\"2016-08-29T05:48:13+00:00\",\"dateModified\":\"2023-07-20T15:02:10+00:00\",\"breadcrumb\":{\"@id\":\"https:\/\/zeodeo.store\/lv\/#breadcrumb\"},\"inLanguage\":\"lv-LV\",\"potentialAction\":[{\"@type\":\"ReadAction\",\"target\":[\"https:\/\/zeodeo.store\/lv\/\"]}]},{\"@type\":\"BreadcrumbList\",\"@id\":\"https:\/\/zeodeo.store\/lv\/#breadcrumb\",\"itemListElement\":[{\"@type\":\"ListItem\",\"position\":1,\"name\":\"Home\",\"item\":\"https:\/\/zeodeo.store\/lv\/\"},{\"@type\":\"ListItem\",\"position\":2,\"name\":\"Produkts, kas sadal\u012bja dz\u012bvi ar ka\u0137i uz \u201cpirms\u201d un \u201cp\u0113c\u201d\"}]},{\"@type\":\"WebSite\",\"@id\":\"https:\/\/zeodeo.store\/lv\/#website\",\"url\":\"https:\/\/zeodeo.store\/lv\/\",\"name\":\"Zeodeo\",\"description\":\"Zeolite pellets for dual layer cat litter pellets\",\"potentialAction\":[{\"@type\":\"SearchAction\",\"target\":{\"@type\":\"EntryPoint\",\"urlTemplate\":\"https:\/\/zeodeo.store\/lv\/?s={search_term_string}\"},\"query-input\":{\"@type\":\"PropertyValueSpecification\",\"valueRequired\":true,\"valueName\":\"search_term_string\"}}],\"inLanguage\":\"lv-LV\"}]}<\/script>\n<!-- \/ Yoast SEO Premium plugin. -->","yoast_head_json":{"title":"Produkts, kas sadal\u012bja dz\u012bvi ar ka\u0137i uz \u201cpirms\u201d un \u201cp\u0113c\u201d - Zeodeo","robots":{"index":"index","follow":"follow","max-snippet":"max-snippet:-1","max-image-preview":"max-image-preview:large","max-video-preview":"max-video-preview:-1"},"canonical":"https:\/\/zeodeo.store\/lv\/","og_locale":"lv_LV","og_type":"article","og_title":"Produkts, kas sadal\u012bja dz\u012bvi ar ka\u0137i uz \u201cpirms\u201d un \u201cp\u0113c\u201d","og_description":"Laipni l\u016bdzam ZeoDeo pasaul\u0113 &#8211; revolucion\u0101r\u0101 sist\u0113m\u0101 tavas ka\u0137a tualetes kast\u0113, kur tavas ka\u0137a \u0113rt\u012bbas un tava \u0113rt\u012bba ir m\u016bsu galvenie priek\u0161likumi! \ud83d\udc3e Ja v\u0113l neesi pam\u0113\u0123in\u0101jis ZeoDeo, noteikti vajadz\u0113tu. Tas var k\u013c\u016bt par vienu no visizdev\u012bg\u0101kajiem pirkumiem tav\u0101 dz\u012bvnieku apr\u016bpes rut\u012bn\u0101. Tualetes kastes kop\u0161ana k\u013c\u016bs daudz viegl\u0101ka un pat\u012bkam\u0101ka. Turkl\u0101t tu aizmirs\u012bsi par nepat\u012bkamaj\u0101m smak\u0101m no tualetes kastes tav\u0101 m\u0101j\u0101. \ud83d\udc3e Nodro\u0161ini \u0113rt\u012bbas un apr\u016bpi savam ka\u0137im un baudiet prieku, r\u016bp\u0113joties par savu m\u012b\u013coto m\u0101jdz\u012bvnieku ar ZeoDeo!","og_url":"https:\/\/zeodeo.store\/lv\/","og_site_name":"Zeodeo","article_modified_time":"2023-07-20T15:02:10+00:00","twitter_card":"summary_large_image","schema":{"@context":"https:\/\/schema.org","@graph":[{"@type":"WebPage","@id":"https:\/\/zeodeo.store\/lv\/","url":"https:\/\/zeodeo.store\/lv\/","name":"Produkts, kas sadal\u012bja dz\u012bvi ar ka\u0137i uz \u201cpirms\u201d un \u201cp\u0113c\u201d - Zeodeo","isPartOf":{"@id":"https:\/\/zeodeo.store\/lv\/#website"},"datePublished":"2016-08-29T05:48:13+00:00","dateModified":"2023-07-20T15:02:10+00:00","breadcrumb":{"@id":"https:\/\/zeodeo.store\/lv\/#breadcrumb"},"inLanguage":"lv-LV","potentialAction":[{"@type":"ReadAction","target":["https:\/\/zeodeo.store\/lv\/"]}]},{"@type":"BreadcrumbList","@id":"https:\/\/zeodeo.store\/lv\/#breadcrumb","itemListElement":[{"@type":"ListItem","position":1,"name":"Home","item":"https:\/\/zeodeo.store\/lv\/"},{"@type":"ListItem","position":2,"name":"Produkts, kas sadal\u012bja dz\u012bvi ar ka\u0137i uz \u201cpirms\u201d un \u201cp\u0113c\u201d"}]},{"@type":"WebSite","@id":"https:\/\/zeodeo.store\/lv\/#website","url":"https:\/\/zeodeo.store\/lv\/","name":"Zeodeo","description":"Zeolite pellets for dual layer cat litter pellets","potentialAction":[{"@type":"SearchAction","target":{"@type":"EntryPoint","urlTemplate":"https:\/\/zeodeo.store\/lv\/?s={search_term_string}"},"query-input":{"@type":"PropertyValueSpecification","valueRequired":true,"valueName":"search_term_string"}}],"inLanguage":"lv-LV"}]}},"_links":{"self":[{"href":"https:\/\/zeodeo.store\/lv\/wp-json\/wp\/v2\/pages\/2030"}],"collection":[{"href":"https:\/\/zeodeo.store\/lv\/wp-json\/wp\/v2\/pages"}],"about":[{"href":"https:\/\/zeodeo.store\/lv\/wp-json\/wp\/v2\/types\/page"}],"author":[{"embeddable":true,"href":"https:\/\/zeodeo.store\/lv\/wp-json\/wp\/v2\/users\/1"}],"replies":[{"embeddable":true,"href":"https:\/\/zeodeo.store\/lv\/wp-json\/wp\/v2\/comments?post=2030"}],"version-history":[{"count":9,"href":"https:\/\/zeodeo.store\/lv\/wp-json\/wp\/v2\/pages\/2030\/revisions"}],"predecessor-version":[{"id":3561,"href":"https:\/\/zeodeo.store\/lv\/wp-json\/wp\/v2\/pages\/2030\/revisions\/3561"}],"wp:attachment":[{"href":"https:\/\/zeodeo.store\/lv\/wp-json\/wp\/v2\/media?parent=2030"}],"curies":[{"name":"wp","href":"https:\/\/api.w.org\/{rel}","templated":true}]}}