{"id":1966,"date":"2022-10-23T19:27:15","date_gmt":"2022-10-23T17:27:15","guid":{"rendered":"https:\/\/zeodeo.store\/piegade\/"},"modified":"2024-05-23T16:46:06","modified_gmt":"2024-05-23T14:46:06","slug":"piegade","status":"publish","type":"page","link":"https:\/\/zeodeo.store\/lv\/piegade\/","title":{"rendered":"Pieg\u0101de"},"content":{"rendered":"\n<p>Pazi\u0146ojumi par br\u012bvdien\u0101m tiek public\u0113ti soci\u0101lajos t\u012bklos    <a href=\"https:\/\/www.facebook.com\/people\/ZeoDeo\/100087670567419\/\" target=\"_blank\" rel=\"noreferrer noopener\"><img loading=\"lazy\" decoding=\"async\" width=\"512\" height=\"512\" class=\"wp-image-5276\" style=\"width: 50px;\" src=\"https:\/\/zeodeo.store\/wp-content\/uploads\/2023\/12\/Facebook-logo.png\" alt=\"\" srcset=\"https:\/\/zeodeo.store\/wp-content\/uploads\/2023\/12\/Facebook-logo.png 512w, https:\/\/zeodeo.store\/wp-content\/uploads\/2023\/12\/Facebook-logo-360x360.png 360w, https:\/\/zeodeo.store\/wp-content\/uploads\/2023\/12\/Facebook-logo-70x70.png 70w, https:\/\/zeodeo.store\/wp-content\/uploads\/2023\/12\/Facebook-logo-142x142.png 142w, https:\/\/zeodeo.store\/wp-content\/uploads\/2023\/12\/Facebook-logo-250x250.png 250w, https:\/\/zeodeo.store\/wp-content\/uploads\/2023\/12\/Facebook-logo-53x53.png 53w, https:\/\/zeodeo.store\/wp-content\/uploads\/2023\/12\/Facebook-logo-420x420.png 420w, https:\/\/zeodeo.store\/wp-content\/uploads\/2023\/12\/Facebook-logo-140x140.png 140w, https:\/\/zeodeo.store\/wp-content\/uploads\/2023\/12\/Facebook-logo-210x210.png 210w, https:\/\/zeodeo.store\/wp-content\/uploads\/2023\/12\/Facebook-logo-50x50.png 50w, https:\/\/zeodeo.store\/wp-content\/uploads\/2023\/12\/Facebook-logo-100x100.png 100w\" sizes=\"(max-width: 512px) 100vw, 512px\" \/><\/a>   <a href=\"https:\/\/www.instagram.com\/zeodeo.store\/\" data-type=\"link\" data-id=\"https:\/\/www.instagram.com\/zeodeo.store\/\" target=\"_blank\" rel=\"noreferrer noopener\"><img loading=\"lazy\" decoding=\"async\" width=\"240\" height=\"240\" class=\"wp-image-5281\" style=\"width: 50px;\" src=\"https:\/\/zeodeo.store\/wp-content\/uploads\/2023\/12\/instagram-logo.png\" alt=\"\" srcset=\"https:\/\/zeodeo.store\/wp-content\/uploads\/2023\/12\/instagram-logo.png 240w, https:\/\/zeodeo.store\/wp-content\/uploads\/2023\/12\/instagram-logo-70x70.png 70w, https:\/\/zeodeo.store\/wp-content\/uploads\/2023\/12\/instagram-logo-142x142.png 142w, https:\/\/zeodeo.store\/wp-content\/uploads\/2023\/12\/instagram-logo-53x53.png 53w, https:\/\/zeodeo.store\/wp-content\/uploads\/2023\/12\/instagram-logo-140x140.png 140w, https:\/\/zeodeo.store\/wp-content\/uploads\/2023\/12\/instagram-logo-210x210.png 210w, https:\/\/zeodeo.store\/wp-content\/uploads\/2023\/12\/instagram-logo-50x50.png 50w, https:\/\/zeodeo.store\/wp-content\/uploads\/2023\/12\/instagram-logo-100x100.png 100w\" sizes=\"(max-width: 240px) 100vw, 240px\" \/><\/a><\/p>\n\n\n\n<p>Pas\u016bt\u012bjumi, kas veikti un apmaks\u0101ti l\u012bdz pulksten 13:00, tiks nos\u016bt\u012bti taj\u0101 pa\u0161\u0101 dien\u0101.<\/p>\n\n\n\n<p>Pas\u016bt\u012bjumi, kas veikti un apmaks\u0101ti p\u0113c 13:00, tiks nos\u016bt\u012bti n\u0101kamaj\u0101 darba dien\u0101.<\/p>\n\n\n\n<p>Pas\u016bt\u012bjumi, kas veikti un apmaks\u0101ti sestdien un sv\u0113tdien, tiks nos\u016bt\u012bti pirmdien.<\/p>\n\n\n\n<h2 class=\"wp-block-heading\" id=\"h-informacija-par-piegadi-baltijas-valstim-lv-lt-ee\">Inform\u0101cija par pieg\u0101di Baltijas valst\u012bm (LV, LT, EE)<\/h2>\n\n\n\n<figure class=\"wp-block-table\"><table><tbody><tr><td><br><img loading=\"lazy\" decoding=\"async\" width=\"250\" height=\"47\" src=\"https:\/\/lh4.googleusercontent.com\/CjBa7CrjN2QcuQeAf-TLSpEI1rgF-bnsaaKcht1D2w9XanDw1mk312qRZFIaXQXqGPh8QMePrxWdBDELvVKPXF7LRvBT6BYorAwrPN1POi5kkbSn1r1FcsLwJCos-ZRxK06blKUqs_aNGa9FO37vvgKpZBA00TRHgahRSx6NHtvPR_h-FTOEl_oC1g\"> <br><img loading=\"lazy\" decoding=\"async\" width=\"412\" height=\"122\" class=\"wp-image-2966\" style=\"width: 250px;\" src=\"https:\/\/zeodeo.store\/wp-content\/uploads\/2023\/06\/itella.png\" alt=\"\" srcset=\"https:\/\/zeodeo.store\/wp-content\/uploads\/2023\/06\/itella.png 412w, https:\/\/zeodeo.store\/wp-content\/uploads\/2023\/06\/itella-360x107.png 360w, https:\/\/zeodeo.store\/wp-content\/uploads\/2023\/06\/itella-142x42.png 142w, https:\/\/zeodeo.store\/wp-content\/uploads\/2023\/06\/itella-179x53.png 179w\" sizes=\"(max-width: 412px) 100vw, 412px\" \/><br>Pieg\u0101des laiks: 1-2 D\/D<br><br><strong>1-Sa\u0146emiet preces m\u0101j\u0101s <\/strong><br>Pieg\u0101des cena: <br>Pas\u016bt\u012bjumiem virs 55 EUR &#8211; 0 eiro<br>Pas\u016bt\u012bjumiem 1-55 EUR &#8211; 5 eiro<br><br><strong>2-Lockers and Pick-up points<\/strong> (Pickup Points)<br>Pieg\u0101des cena: <br>Pas\u016bt\u012bjumiem virs 35 EUR &#8211; 0 eiro<br>Pas\u016bt\u012bjumiem 1-34 EUR &#8211; 3 eiro<\/td><\/tr><\/tbody><\/table><\/figure>\n\n\n\n<p class=\"has-large-font-size\"><strong>Inform\u0101cija par pieg\u0101di Lielbrit\u0101nija<\/strong><\/p>\n\n\n\n<figure class=\"wp-block-table\"><table><tbody><tr><td><img loading=\"lazy\" decoding=\"async\" width=\"503\" height=\"100\" class=\"wp-image-2971\" style=\"width: 350px;\" src=\"https:\/\/zeodeo.store\/wp-content\/uploads\/2023\/06\/parcepgorce.png\" alt=\"\" srcset=\"https:\/\/zeodeo.store\/wp-content\/uploads\/2023\/06\/parcepgorce.png 503w, https:\/\/zeodeo.store\/wp-content\/uploads\/2023\/06\/parcepgorce-360x72.png 360w, https:\/\/zeodeo.store\/wp-content\/uploads\/2023\/06\/parcepgorce-142x28.png 142w, https:\/\/zeodeo.store\/wp-content\/uploads\/2023\/06\/parcepgorce-267x53.png 267w\" sizes=\"(max-width: 503px) 100vw, 503px\" \/><br>Pieg\u0101des laiks 6-8 g\/d.<br>Pieg\u0101des cena:<br>Pas\u016bt\u012bjumiem virs 99 EUR &#8211; 0 eiro<br>Pas\u016bt\u012bjumiem 1-99 EUR &#8211; 20 Eiro<\/td><\/tr><\/tbody><\/table><\/figure>\n\n\n\n<p class=\"has-large-font-size\"><strong>Inform\u0101cija par pieg\u0101di Eiropas Savien\u012bbai<\/strong><\/p>\n\n\n\n<figure class=\"wp-block-table\"><table><tbody><tr><td>Pieg\u0101de metode:<br>EMS, Carrier<br>Pieg\u0101des izmaksas (0 EUR -30 EUR) tiks nor\u0101d\u012btas j\u016bsu iepirkumu groz\u0101.<\/td><\/tr><\/tbody><\/table><\/figure>\n\n\n\n<figure class=\"wp-block-table\"><table><tbody><tr><td><strong>Valsts<\/strong><\/td><td><strong>Pieg\u0101des laiks (darba dien\u0101s)<\/strong><\/td><\/tr><tr><td>Austria<\/td><td>4-5<\/td><\/tr><tr><td>Belgium<\/td><td>4-5<\/td><\/tr><tr><td>Bulgaria<\/td><td>6-7<\/td><\/tr><tr><td>Croatia<\/td><td>4-5<\/td><\/tr><tr><td>Cyprus<\/td><td>4-6<\/td><\/tr><tr><td>Czech Republic<\/td><td>3-4<\/td><\/tr><tr><td>Denmark<\/td><td>4-5<\/td><\/tr><tr><td>Finland<\/td><td>2-3<\/td><\/tr><tr><td>France<\/td><td>4-5<\/td><\/tr><tr><td>Germany<\/td><td>3-4<\/td><\/tr><tr><td>Greece<\/td><td>8-10<\/td><\/tr><tr><td>Hungary<\/td><td>3-4<\/td><\/tr><tr><td>Ireland<\/td><td>4-5<\/td><\/tr><tr><td>Italy<\/td><td>4-5<\/td><\/tr><tr><td>Luxembourg<\/td><td>3-4<\/td><\/tr><tr><td>Malta<\/td><td>4-6<\/td><\/tr><tr><td>Netherlands<\/td><td>4-5<\/td><\/tr><tr><td>Poland<\/td><td>2-3<\/td><\/tr><tr><td>Portugal<\/td><td>6-7<\/td><\/tr><tr><td>Romania<\/td><td>5-6<\/td><\/tr><tr><td>Slovak Republic<\/td><td>3-4<\/td><\/tr><tr><td>Slovenia<\/td><td>4-5<\/td><\/tr><tr><td>Spain<\/td><td>5-6<\/td><\/tr><tr><td>Sweden<\/td><td>3-4<\/td><\/tr><\/tbody><\/table><\/figure>\n\n\n\n<p>J\u016bs varat apskat\u012bt un apr\u0113\u0137in\u0101t gal\u012bg\u0101s pieg\u0101des izmaksas Iepirkumu groz\u0101 vai\/un redz\u0113t t\u0101s veicot pas\u016bt\u012bjumu.<\/p>\n\n\n\n<p>Ja neatrad\u0101t savu valsti, l\u016bdzu, sazinieties ar mums pa e-pastu vai t\u0101lruni.<\/p>\n","protected":false},"excerpt":{"rendered":"<p>Pazi\u0146ojumi par br\u012bvdien\u0101m tiek public\u0113ti soci\u0101lajos t\u012bklos Pas\u016bt\u012bjumi, kas veikti un apmaks\u0101ti l\u012bdz pulksten 13:00, tiks nos\u016bt\u012bti taj\u0101 pa\u0161\u0101 dien\u0101. Pas\u016bt\u012bjumi, kas veikti un apmaks\u0101ti p\u0113c 13:00, tiks nos\u016bt\u012bti n\u0101kamaj\u0101 darba dien\u0101. Pas\u016bt\u012bjumi, kas veikti un apmaks\u0101ti sestdien un sv\u0113tdien, tiks nos\u016bt\u012bti pirmdien. Inform\u0101cija par pieg\u0101di Baltijas valst\u012bm (LV, LT, EE) Pieg\u0101des laiks: 1-2 D\/D 1-Sa\u0146emiet preces m\u0101j\u0101s Pieg\u0101des cena: Pas\u016bt\u012bjumiem virs 55 EUR &#8211; 0 eiroPas\u016bt\u012bjumiem 1-55 EUR &#8211; 5 eiro 2-Lockers and Pick-up points (Pickup Points)Pieg\u0101des cena: Pas\u016bt\u012bjumiem virs 35 EUR &#8211;&hellip;<\/p>\n","protected":false},"author":1,"featured_media":0,"parent":0,"menu_order":0,"comment_status":"closed","ping_status":"closed","template":"","meta":{"footnotes":""},"yoast_head":"<!-- This site is optimized with the Yoast SEO Premium plugin v22.2 (Yoast SEO v23.5) - https:\/\/yoast.com\/wordpress\/plugins\/seo\/ -->\n<title>Pieg\u0101de - Zeodeo<\/title>\n<meta name=\"robots\" content=\"index, follow, max-snippet:-1, max-image-preview:large, max-video-preview:-1\" \/>\n<link rel=\"canonical\" href=\"https:\/\/zeodeo.store\/lv\/piegade\/\" \/>\n<meta property=\"og:locale\" content=\"lv_LV\" \/>\n<meta property=\"og:type\" content=\"article\" \/>\n<meta property=\"og:title\" content=\"Pieg\u0101de\" \/>\n<meta property=\"og:description\" content=\"Pazi\u0146ojumi par br\u012bvdien\u0101m tiek public\u0113ti soci\u0101lajos t\u012bklos Pas\u016bt\u012bjumi, kas veikti un apmaks\u0101ti l\u012bdz pulksten 13:00, tiks nos\u016bt\u012bti taj\u0101 pa\u0161\u0101 dien\u0101. Pas\u016bt\u012bjumi, kas veikti un apmaks\u0101ti p\u0113c 13:00, tiks nos\u016bt\u012bti n\u0101kamaj\u0101 darba dien\u0101. Pas\u016bt\u012bjumi, kas veikti un apmaks\u0101ti sestdien un sv\u0113tdien, tiks nos\u016bt\u012bti pirmdien. Inform\u0101cija par pieg\u0101di Baltijas valst\u012bm (LV, LT, EE) Pieg\u0101des laiks: 1-2 D\/D 1-Sa\u0146emiet preces m\u0101j\u0101s Pieg\u0101des cena: Pas\u016bt\u012bjumiem virs 55 EUR &#8211; 0 eiroPas\u016bt\u012bjumiem 1-55 EUR &#8211; 5 eiro 2-Lockers and Pick-up points (Pickup Points)Pieg\u0101des cena: Pas\u016bt\u012bjumiem virs 35 EUR &#8211;&hellip;\" \/>\n<meta property=\"og:url\" content=\"https:\/\/zeodeo.store\/lv\/piegade\/\" \/>\n<meta property=\"og:site_name\" content=\"Zeodeo\" \/>\n<meta property=\"article:modified_time\" content=\"2024-05-23T14:46:06+00:00\" \/>\n<meta property=\"og:image\" content=\"https:\/\/zeodeo.store\/wp-content\/uploads\/2023\/12\/Facebook-logo.png\" \/>\n<meta name=\"twitter:card\" content=\"summary_large_image\" \/>\n<script type=\"application\/ld+json\" class=\"yoast-schema-graph\">{\"@context\":\"https:\/\/schema.org\",\"@graph\":[{\"@type\":\"WebPage\",\"@id\":\"https:\/\/zeodeo.store\/lv\/piegade\/\",\"url\":\"https:\/\/zeodeo.store\/lv\/piegade\/\",\"name\":\"Pieg\u0101de - Zeodeo\",\"isPartOf\":{\"@id\":\"https:\/\/zeodeo.store\/lv\/#website\"},\"primaryImageOfPage\":{\"@id\":\"https:\/\/zeodeo.store\/lv\/piegade\/#primaryimage\"},\"image\":{\"@id\":\"https:\/\/zeodeo.store\/lv\/piegade\/#primaryimage\"},\"thumbnailUrl\":\"https:\/\/zeodeo.store\/wp-content\/uploads\/2023\/12\/Facebook-logo.png\",\"datePublished\":\"2022-10-23T17:27:15+00:00\",\"dateModified\":\"2024-05-23T14:46:06+00:00\",\"breadcrumb\":{\"@id\":\"https:\/\/zeodeo.store\/lv\/piegade\/#breadcrumb\"},\"inLanguage\":\"lv-LV\",\"potentialAction\":[{\"@type\":\"ReadAction\",\"target\":[\"https:\/\/zeodeo.store\/lv\/piegade\/\"]}]},{\"@type\":\"ImageObject\",\"inLanguage\":\"lv-LV\",\"@id\":\"https:\/\/zeodeo.store\/lv\/piegade\/#primaryimage\",\"url\":\"https:\/\/zeodeo.store\/wp-content\/uploads\/2023\/12\/Facebook-logo.png\",\"contentUrl\":\"https:\/\/zeodeo.store\/wp-content\/uploads\/2023\/12\/Facebook-logo.png\"},{\"@type\":\"BreadcrumbList\",\"@id\":\"https:\/\/zeodeo.store\/lv\/piegade\/#breadcrumb\",\"itemListElement\":[{\"@type\":\"ListItem\",\"position\":1,\"name\":\"Home\",\"item\":\"https:\/\/zeodeo.store\/lv\/\"},{\"@type\":\"ListItem\",\"position\":2,\"name\":\"Pieg\u0101de\"}]},{\"@type\":\"WebSite\",\"@id\":\"https:\/\/zeodeo.store\/lv\/#website\",\"url\":\"https:\/\/zeodeo.store\/lv\/\",\"name\":\"Zeodeo\",\"description\":\"Zeolite pellets for dual layer cat litter pellets\",\"potentialAction\":[{\"@type\":\"SearchAction\",\"target\":{\"@type\":\"EntryPoint\",\"urlTemplate\":\"https:\/\/zeodeo.store\/lv\/?s={search_term_string}\"},\"query-input\":{\"@type\":\"PropertyValueSpecification\",\"valueRequired\":true,\"valueName\":\"search_term_string\"}}],\"inLanguage\":\"lv-LV\"}]}<\/script>\n<!-- \/ Yoast SEO Premium plugin. -->","yoast_head_json":{"title":"Pieg\u0101de - Zeodeo","robots":{"index":"index","follow":"follow","max-snippet":"max-snippet:-1","max-image-preview":"max-image-preview:large","max-video-preview":"max-video-preview:-1"},"canonical":"https:\/\/zeodeo.store\/lv\/piegade\/","og_locale":"lv_LV","og_type":"article","og_title":"Pieg\u0101de","og_description":"Pazi\u0146ojumi par br\u012bvdien\u0101m tiek public\u0113ti soci\u0101lajos t\u012bklos Pas\u016bt\u012bjumi, kas veikti un apmaks\u0101ti l\u012bdz pulksten 13:00, tiks nos\u016bt\u012bti taj\u0101 pa\u0161\u0101 dien\u0101. Pas\u016bt\u012bjumi, kas veikti un apmaks\u0101ti p\u0113c 13:00, tiks nos\u016bt\u012bti n\u0101kamaj\u0101 darba dien\u0101. Pas\u016bt\u012bjumi, kas veikti un apmaks\u0101ti sestdien un sv\u0113tdien, tiks nos\u016bt\u012bti pirmdien. Inform\u0101cija par pieg\u0101di Baltijas valst\u012bm (LV, LT, EE) Pieg\u0101des laiks: 1-2 D\/D 1-Sa\u0146emiet preces m\u0101j\u0101s Pieg\u0101des cena: Pas\u016bt\u012bjumiem virs 55 EUR &#8211; 0 eiroPas\u016bt\u012bjumiem 1-55 EUR &#8211; 5 eiro 2-Lockers and Pick-up points (Pickup Points)Pieg\u0101des cena: Pas\u016bt\u012bjumiem virs 35 EUR &#8211;&hellip;","og_url":"https:\/\/zeodeo.store\/lv\/piegade\/","og_site_name":"Zeodeo","article_modified_time":"2024-05-23T14:46:06+00:00","og_image":[{"url":"https:\/\/zeodeo.store\/wp-content\/uploads\/2023\/12\/Facebook-logo.png"}],"twitter_card":"summary_large_image","schema":{"@context":"https:\/\/schema.org","@graph":[{"@type":"WebPage","@id":"https:\/\/zeodeo.store\/lv\/piegade\/","url":"https:\/\/zeodeo.store\/lv\/piegade\/","name":"Pieg\u0101de - Zeodeo","isPartOf":{"@id":"https:\/\/zeodeo.store\/lv\/#website"},"primaryImageOfPage":{"@id":"https:\/\/zeodeo.store\/lv\/piegade\/#primaryimage"},"image":{"@id":"https:\/\/zeodeo.store\/lv\/piegade\/#primaryimage"},"thumbnailUrl":"https:\/\/zeodeo.store\/wp-content\/uploads\/2023\/12\/Facebook-logo.png","datePublished":"2022-10-23T17:27:15+00:00","dateModified":"2024-05-23T14:46:06+00:00","breadcrumb":{"@id":"https:\/\/zeodeo.store\/lv\/piegade\/#breadcrumb"},"inLanguage":"lv-LV","potentialAction":[{"@type":"ReadAction","target":["https:\/\/zeodeo.store\/lv\/piegade\/"]}]},{"@type":"ImageObject","inLanguage":"lv-LV","@id":"https:\/\/zeodeo.store\/lv\/piegade\/#primaryimage","url":"https:\/\/zeodeo.store\/wp-content\/uploads\/2023\/12\/Facebook-logo.png","contentUrl":"https:\/\/zeodeo.store\/wp-content\/uploads\/2023\/12\/Facebook-logo.png"},{"@type":"BreadcrumbList","@id":"https:\/\/zeodeo.store\/lv\/piegade\/#breadcrumb","itemListElement":[{"@type":"ListItem","position":1,"name":"Home","item":"https:\/\/zeodeo.store\/lv\/"},{"@type":"ListItem","position":2,"name":"Pieg\u0101de"}]},{"@type":"WebSite","@id":"https:\/\/zeodeo.store\/lv\/#website","url":"https:\/\/zeodeo.store\/lv\/","name":"Zeodeo","description":"Zeolite pellets for dual layer cat litter pellets","potentialAction":[{"@type":"SearchAction","target":{"@type":"EntryPoint","urlTemplate":"https:\/\/zeodeo.store\/lv\/?s={search_term_string}"},"query-input":{"@type":"PropertyValueSpecification","valueRequired":true,"valueName":"search_term_string"}}],"inLanguage":"lv-LV"}]}},"_links":{"self":[{"href":"https:\/\/zeodeo.store\/lv\/wp-json\/wp\/v2\/pages\/1966"}],"collection":[{"href":"https:\/\/zeodeo.store\/lv\/wp-json\/wp\/v2\/pages"}],"about":[{"href":"https:\/\/zeodeo.store\/lv\/wp-json\/wp\/v2\/types\/page"}],"author":[{"embeddable":true,"href":"https:\/\/zeodeo.store\/lv\/wp-json\/wp\/v2\/users\/1"}],"replies":[{"embeddable":true,"href":"https:\/\/zeodeo.store\/lv\/wp-json\/wp\/v2\/comments?post=1966"}],"version-history":[{"count":14,"href":"https:\/\/zeodeo.store\/lv\/wp-json\/wp\/v2\/pages\/1966\/revisions"}],"predecessor-version":[{"id":7411,"href":"https:\/\/zeodeo.store\/lv\/wp-json\/wp\/v2\/pages\/1966\/revisions\/7411"}],"wp:attachment":[{"href":"https:\/\/zeodeo.store\/lv\/wp-json\/wp\/v2\/media?parent=1966"}],"curies":[{"name":"wp","href":"https:\/\/api.w.org\/{rel}","templated":true}]}}