{"id":1671,"date":"2022-10-23T19:26:18","date_gmt":"2022-10-23T17:26:18","guid":{"rendered":"https:\/\/zeodeo.store\/about-us\/"},"modified":"2023-06-29T15:45:47","modified_gmt":"2023-06-29T13:45:47","slug":"about-us","status":"publish","type":"page","link":"https:\/\/zeodeo.store\/lv\/about-us\/","title":{"rendered":"Par mums\u00a0"},"content":{"rendered":"<div class=\"wp-block-image\">\n<figure class=\"aligncenter size-large is-resized\"><img decoding=\"async\" src=\"https:\/\/zeodeo.store\/wp-content\/uploads\/2023\/06\/IMG-5729-ZeoDeo-on-the-top-of-europe.-Breeze-cat-Zeolite-pellets-refill-474x590.jpg\" alt=\"ZeoDeo store sell breeze cat litter box on exibition in Latvia\" class=\"wp-image-3228\" width=\"443\" srcset=\"https:\/\/zeodeo.store\/wp-content\/uploads\/2023\/06\/IMG-5729-ZeoDeo-on-the-top-of-europe.-Breeze-cat-Zeolite-pellets-refill-474x590.jpg 474w, https:\/\/zeodeo.store\/wp-content\/uploads\/2023\/06\/IMG-5729-ZeoDeo-on-the-top-of-europe.-Breeze-cat-Zeolite-pellets-refill-360x449.jpg 360w, https:\/\/zeodeo.store\/wp-content\/uploads\/2023\/06\/IMG-5729-ZeoDeo-on-the-top-of-europe.-Breeze-cat-Zeolite-pellets-refill-947x1180.jpg 947w, https:\/\/zeodeo.store\/wp-content\/uploads\/2023\/06\/IMG-5729-ZeoDeo-on-the-top-of-europe.-Breeze-cat-Zeolite-pellets-refill.jpg 1440w\" sizes=\"(max-width: 474px) 100vw, 474px\" \/><\/figure><\/div>\n\n<div class=\"wp-block-image\">\n<figure class=\"aligncenter size-full is-resized\"><img decoding=\"async\" src=\"https:\/\/zeodeo.store\/wp-content\/uploads\/2023\/06\/IMG-0779-ZeoDeo-on-the-top-of-europe.-Breeze-cat-Zeolite-pellets-refill-scaled.jpg\" alt=\"ZeoDeo DeoToilet by unicharm as a price on the estonian cat show. Zeolite pellets for Breeze cat litter box\" class=\"wp-image-3248\" width=\"443\" srcset=\"https:\/\/zeodeo.store\/wp-content\/uploads\/2023\/06\/IMG-0779-ZeoDeo-on-the-top-of-europe.-Breeze-cat-Zeolite-pellets-refill-scaled.jpg 2560w, https:\/\/zeodeo.store\/wp-content\/uploads\/2023\/06\/IMG-0779-ZeoDeo-on-the-top-of-europe.-Breeze-cat-Zeolite-pellets-refill-360x270.jpg 360w, https:\/\/zeodeo.store\/wp-content\/uploads\/2023\/06\/IMG-0779-ZeoDeo-on-the-top-of-europe.-Breeze-cat-Zeolite-pellets-refill-787x590.jpg 787w\" sizes=\"(max-width: 2560px) 100vw, 2560px\" \/><\/figure><\/div>\n\n<div class=\"wp-block-image\">\n<figure class=\"aligncenter size-large is-resized\"><img decoding=\"async\" src=\"https:\/\/zeodeo.store\/wp-content\/uploads\/2023\/06\/ZeoDeo-on-the-top-of-europe.-Breeze-cat-Zeolite-pellets-refill-44018-787x590.jpg\" alt=\"Prize- unicharm cat toilet - purina tidy ats on estonian cat show\" class=\"wp-image-3218\" width=\"443\" srcset=\"https:\/\/zeodeo.store\/wp-content\/uploads\/2023\/06\/ZeoDeo-on-the-top-of-europe.-Breeze-cat-Zeolite-pellets-refill-44018-787x590.jpg 787w, https:\/\/zeodeo.store\/wp-content\/uploads\/2023\/06\/ZeoDeo-on-the-top-of-europe.-Breeze-cat-Zeolite-pellets-refill-44018-1573x1180.jpg 1573w, https:\/\/zeodeo.store\/wp-content\/uploads\/2023\/06\/ZeoDeo-on-the-top-of-europe.-Breeze-cat-Zeolite-pellets-refill-44018.jpg 2048w\" sizes=\"(max-width: 787px) 100vw, 787px\" \/><\/figure><\/div>\n\n<div class=\"wp-block-image\">\n<figure class=\"aligncenter size-large is-resized\"><img decoding=\"async\" src=\"https:\/\/zeodeo.store\/wp-content\/uploads\/2023\/06\/IMG-5730-ZeoDeo-on-the-top-of-europe.-Breeze-cat-Zeolite-pellets-refill-1-472x590.jpg\" alt=\"Zeoeo pellets and japan cat toilets as pices for felimur in Latvia\" class=\"wp-image-3283\" width=\"443\" srcset=\"https:\/\/zeodeo.store\/wp-content\/uploads\/2023\/06\/IMG-5730-ZeoDeo-on-the-top-of-europe.-Breeze-cat-Zeolite-pellets-refill-1-472x590.jpg 472w, https:\/\/zeodeo.store\/wp-content\/uploads\/2023\/06\/IMG-5730-ZeoDeo-on-the-top-of-europe.-Breeze-cat-Zeolite-pellets-refill-1-360x450.jpg 360w, https:\/\/zeodeo.store\/wp-content\/uploads\/2023\/06\/IMG-5730-ZeoDeo-on-the-top-of-europe.-Breeze-cat-Zeolite-pellets-refill-1-944x1180.jpg 944w, https:\/\/zeodeo.store\/wp-content\/uploads\/2023\/06\/IMG-5730-ZeoDeo-on-the-top-of-europe.-Breeze-cat-Zeolite-pellets-refill-1.jpg 1440w\" sizes=\"(max-width: 472px) 100vw, 472px\" \/><\/figure><\/div>\n\n<div class=\"wp-block-image\">\n<figure class=\"aligncenter size-large is-resized\"><img decoding=\"async\" src=\"https:\/\/zeodeo.store\/wp-content\/uploads\/2023\/06\/IMG-3222-ZeoDeo-on-the-top-of-europe.-Breeze-cat-Zeolite-pellets-refill-1-787x590.jpg\" alt=\"Cuztorems on Lithuanaina cat show. bebasu. ZeoDeo store, Tidy cats breeze cat toilet, pellets\" class=\"wp-image-3298\" width=\"443\" srcset=\"https:\/\/zeodeo.store\/wp-content\/uploads\/2023\/06\/IMG-3222-ZeoDeo-on-the-top-of-europe.-Breeze-cat-Zeolite-pellets-refill-1-787x590.jpg 787w, https:\/\/zeodeo.store\/wp-content\/uploads\/2023\/06\/IMG-3222-ZeoDeo-on-the-top-of-europe.-Breeze-cat-Zeolite-pellets-refill-1-1573x1180.jpg 1573w\" sizes=\"(max-width: 787px) 100vw, 787px\" \/><\/figure><\/div>\n\n<div class=\"wp-block-image\">\n<figure class=\"aligncenter size-full is-resized\"><img loading=\"lazy\" decoding=\"async\" src=\"https:\/\/zeodeo.store\/wp-content\/uploads\/2023\/06\/IMG-3333-ZeoDeo-on-the-top-of-europe.-Breeze-cat-Zeolite-pellets-refill-1-scaled.jpg\" alt=\"Super cat in tiby cats breeze litter box on the cat show in Vilnius Lithuania\" class=\"wp-image-3293\" width=\"443\" height=\"590\"\/><\/figure><\/div>\n\n<div class=\"wp-block-image\">\n<figure class=\"aligncenter size-large\"><img loading=\"lazy\" decoding=\"async\" width=\"443\" height=\"590\" src=\"https:\/\/zeodeo.store\/wp-content\/uploads\/2023\/06\/ZeoDeo-on-the-top-of-europe.-Breeze-cat-Zeolite-pellets-refill-1-443x590.jpg\" alt=\"ZeoDeo on the top of eirope. one of Zeodeo team member on the top of Elbrus\" class=\"wp-image-3278\" srcset=\"https:\/\/zeodeo.store\/wp-content\/uploads\/2023\/06\/ZeoDeo-on-the-top-of-europe.-Breeze-cat-Zeolite-pellets-refill-1-443x590.jpg 443w, https:\/\/zeodeo.store\/wp-content\/uploads\/2023\/06\/ZeoDeo-on-the-top-of-europe.-Breeze-cat-Zeolite-pellets-refill-1-360x480.jpg 360w, https:\/\/zeodeo.store\/wp-content\/uploads\/2023\/06\/ZeoDeo-on-the-top-of-europe.-Breeze-cat-Zeolite-pellets-refill-1-885x1180.jpg 885w, https:\/\/zeodeo.store\/wp-content\/uploads\/2023\/06\/ZeoDeo-on-the-top-of-europe.-Breeze-cat-Zeolite-pellets-refill-1.jpg 960w\" sizes=\"(max-width: 443px) 100vw, 443px\" \/><\/figure><\/div>\n\n\n<p><strong>M\u0113s \u013coti m\u012blam ka\u0137us!<\/strong><\/p>\n\n\n\n<p>Tie\u0161i t\u0101p\u0113c m\u0113s izveidoj\u0101m un sara\u017eoj\u0101m unik\u0101las dab\u012bgas ceol\u012bta granulas ka\u0137u pakai\u0161u kast\u0113m, kas padar\u012bs J\u016bsu ka\u0137a apr\u016bpi krietni vienk\u0101r\u0161\u0101ku un pat\u012bkam\u0101ku nek\u0101 iepriek\u0161. J\u016bs noteikti b\u016bsiet apmierin\u0101ti ar m\u016bsu pied\u0101v\u0101to risin\u0101jumu.<\/p>\n\n\n\n<p class=\"has-small-font-size\">Veidots tikai&nbsp;divl\u012bme\u0146u&nbsp;ka\u0137u pakai\u0161u kast\u0113m ar absorb\u0113jo\u0161o paladzi\u0146u*<\/p>\n\n\n\n<p><strong>&nbsp;ZeoDeo\u2122 \u2013&nbsp;dab\u012bgas ceol\u012bta granulas divl\u012bme\u0146u ka\u0137u pakai\u0161u kast\u0113m<strong>:<\/strong><\/strong><\/p>\n\n\n\n<ul>\n<li>Cilindra formas granulas ir ar 5 un 6 mm diametru (5mm \u2013 M izm\u0113rs, 6mm \u2013 L izm\u0113rs) un no 5 mm l\u012bdz 15 mm garumu<\/li>\n<\/ul>\n\n\n\n<p>\u0160\u0101da izm\u0113ra granulas neiespr\u016bst ka\u0137a \u0137ep\u0101s, t\u0101d\u0113j\u0101di ka\u0137is nevar vi\u0146as izmest \u0101r\u0101 no kastes.<\/p>\n\n\n\n<ul>\n<li>Stingras, nedr\u016bp<\/li>\n<\/ul>\n\n\n\n<p>Pat gad\u012bjum\u0101, ja J\u016bs uzk\u0101psiet granulai virs\u016b, t\u0101 nesapl\u012bst un Jums nevajadz\u0113s sav\u0101kt drupas. J\u016bs varat vienk\u0101r\u0161i pacelt granulu no gr\u012bdas un iemest atpaka\u013c kast\u0113.<\/p>\n\n\n\n<p>&nbsp;Granulas absorb\u0113 tikai g\u0101zveid\u012bgo un selekt\u012bvi aiztur amonjaka molekulas. &nbsp;<\/p>\n\n\n\n<p>Nek\u0101das smakas l\u012bdz pat 30 dien\u0101m ka\u0137iem l\u012bdz 8 kg un 15 dienas diviem ka\u0137iem. Gad\u012bjum\u0101, ja J\u016bsu ka\u0137is ir mazi\u0146\u0161, k\u0101 piem\u0113r\u0101m, Man\u010dkins, Napoleon, utt., granulas notur\u0113s smaku pat l\u012bdz 7 ned\u0113\u013c\u0101m.<\/p>\n\n\n\n<p><strong>K\u0101 tas darbojas:<\/strong><\/p>\n\n\n\n<p>ZeoDeo granulas neabsorb\u0113 ur\u012bnu (\u0161\u0137idrumu), \u013caujot tai nok\u013c\u016bt p\u0101ri to virsmai absorb\u0113jo\u0161aj\u0101 paladzi\u0146\u0101 apak\u0161\u0113j\u0101 l\u012bmen\u012b, un paladzi\u0146\u0161 savuk\u0101rt absorb\u0113s. Granulas absorb\u0113 tikai ka\u0137u ur\u012bnu iztvaiko\u0161anu no atmosf\u0113ras.<\/p>\n\n\n\n<p>Granulu materi\u0101ls sast\u0101v no mikropor\u0101m, kas ir sp\u0113j\u012bgas absorb\u0113t un notur\u0113t amonjaka molekulas no atmosf\u0113ras. Granulas ar\u012b nosausina ka\u0137u cietas \u201clietas\u201d un absorb\u0113 iztvaiko\u0161anu.<\/p>\n\n\n\n<p>ZeoDeo ceol\u012bta granulas 1 cm3 mikroporu virsma ir ap 700 \u2013 800 m2. T\u0101s poras ar\u012b absorb\u0113 amonjaka molekulas.<\/p>\n\n\n\n<p>Turkl\u0101t j\u0101\u0146em v\u0113r\u0101, ka ceol\u012bta granulas ir kompleksais un tehnolo\u0123iskais produkts ar uzlabotaj\u0101m izejvielu \u012bpa\u0161\u012bb\u0101m nol\u016bk\u0101 uzlabot gala produkta priek\u0161roc\u012bbas. M\u016bsu pild\u012bjums perfekti atbilst iecer\u0113taj\u0101m m\u0113r\u0137im.<\/p>\n\n\n\n<p>Jums vajadz\u0113s tikai:<\/p>\n\n\n\n<ul>\n<li>Ar l\u0101psti\u0146u iz\u0146emts ka\u0137a cietas \u201clietas\u201d<\/li>\n\n\n\n<li>Nomain\u012bt absorb\u0113jo\u0161o paladzi\u0146u reizi ned\u0113\u013c\u0101<\/li>\n\n\n\n<li>Nomain\u012bt ZeoDeo granulas tikai reizi m\u0113nes\u012b&nbsp;<\/li>\n<\/ul>\n\n\n\n<p><\/p>\n","protected":false},"excerpt":{"rendered":"<p>M\u0113s \u013coti m\u012blam ka\u0137us! Tie\u0161i t\u0101p\u0113c m\u0113s izveidoj\u0101m un sara\u017eoj\u0101m unik\u0101las dab\u012bgas ceol\u012bta granulas ka\u0137u pakai\u0161u kast\u0113m, kas padar\u012bs J\u016bsu ka\u0137a apr\u016bpi krietni vienk\u0101r\u0161\u0101ku un pat\u012bkam\u0101ku nek\u0101 iepriek\u0161. J\u016bs noteikti b\u016bsiet apmierin\u0101ti ar m\u016bsu pied\u0101v\u0101to risin\u0101jumu. Veidots tikai&nbsp;divl\u012bme\u0146u&nbsp;ka\u0137u pakai\u0161u kast\u0113m ar absorb\u0113jo\u0161o paladzi\u0146u* &nbsp;ZeoDeo\u2122 \u2013&nbsp;dab\u012bgas ceol\u012bta granulas divl\u012bme\u0146u ka\u0137u pakai\u0161u kast\u0113m: \u0160\u0101da izm\u0113ra granulas neiespr\u016bst ka\u0137a \u0137ep\u0101s, t\u0101d\u0113j\u0101di ka\u0137is nevar vi\u0146as izmest \u0101r\u0101 no kastes. Pat gad\u012bjum\u0101, ja J\u016bs uzk\u0101psiet granulai virs\u016b, t\u0101 nesapl\u012bst un Jums nevajadz\u0113s sav\u0101kt drupas. J\u016bs varat vienk\u0101r\u0161i pacelt granulu&hellip;<\/p>\n","protected":false},"author":1,"featured_media":0,"parent":0,"menu_order":0,"comment_status":"closed","ping_status":"closed","template":"","meta":{"footnotes":""},"yoast_head":"<!-- This site is optimized with the Yoast SEO Premium plugin v22.2 (Yoast SEO v23.5) - https:\/\/yoast.com\/wordpress\/plugins\/seo\/ -->\n<title>Par mums\u00a0 - Zeodeo<\/title>\n<meta name=\"robots\" content=\"index, follow, max-snippet:-1, max-image-preview:large, max-video-preview:-1\" \/>\n<link rel=\"canonical\" href=\"https:\/\/zeodeo.store\/lv\/about-us\/\" \/>\n<meta property=\"og:locale\" content=\"lv_LV\" \/>\n<meta property=\"og:type\" content=\"article\" \/>\n<meta property=\"og:title\" content=\"Par mums\u00a0\" \/>\n<meta property=\"og:description\" content=\"M\u0113s \u013coti m\u012blam ka\u0137us! Tie\u0161i t\u0101p\u0113c m\u0113s izveidoj\u0101m un sara\u017eoj\u0101m unik\u0101las dab\u012bgas ceol\u012bta granulas ka\u0137u pakai\u0161u kast\u0113m, kas padar\u012bs J\u016bsu ka\u0137a apr\u016bpi krietni vienk\u0101r\u0161\u0101ku un pat\u012bkam\u0101ku nek\u0101 iepriek\u0161. J\u016bs noteikti b\u016bsiet apmierin\u0101ti ar m\u016bsu pied\u0101v\u0101to risin\u0101jumu. Veidots tikai&nbsp;divl\u012bme\u0146u&nbsp;ka\u0137u pakai\u0161u kast\u0113m ar absorb\u0113jo\u0161o paladzi\u0146u* &nbsp;ZeoDeo\u2122 \u2013&nbsp;dab\u012bgas ceol\u012bta granulas divl\u012bme\u0146u ka\u0137u pakai\u0161u kast\u0113m: \u0160\u0101da izm\u0113ra granulas neiespr\u016bst ka\u0137a \u0137ep\u0101s, t\u0101d\u0113j\u0101di ka\u0137is nevar vi\u0146as izmest \u0101r\u0101 no kastes. Pat gad\u012bjum\u0101, ja J\u016bs uzk\u0101psiet granulai virs\u016b, t\u0101 nesapl\u012bst un Jums nevajadz\u0113s sav\u0101kt drupas. J\u016bs varat vienk\u0101r\u0161i pacelt granulu&hellip;\" \/>\n<meta property=\"og:url\" content=\"https:\/\/zeodeo.store\/lv\/about-us\/\" \/>\n<meta property=\"og:site_name\" content=\"Zeodeo\" \/>\n<meta property=\"article:modified_time\" content=\"2023-06-29T13:45:47+00:00\" \/>\n<meta property=\"og:image\" content=\"https:\/\/zeodeo.store\/wp-content\/uploads\/2023\/06\/IMG-5729-ZeoDeo-on-the-top-of-europe.-Breeze-cat-Zeolite-pellets-refill-474x590.jpg\" \/>\n<meta name=\"twitter:card\" content=\"summary_large_image\" \/>\n<script type=\"application\/ld+json\" class=\"yoast-schema-graph\">{\"@context\":\"https:\/\/schema.org\",\"@graph\":[{\"@type\":\"WebPage\",\"@id\":\"https:\/\/zeodeo.store\/lv\/about-us\/\",\"url\":\"https:\/\/zeodeo.store\/lv\/about-us\/\",\"name\":\"Par mums\u00a0 - Zeodeo\",\"isPartOf\":{\"@id\":\"https:\/\/zeodeo.store\/lv\/#website\"},\"primaryImageOfPage\":{\"@id\":\"https:\/\/zeodeo.store\/lv\/about-us\/#primaryimage\"},\"image\":{\"@id\":\"https:\/\/zeodeo.store\/lv\/about-us\/#primaryimage\"},\"thumbnailUrl\":\"https:\/\/zeodeo.store\/wp-content\/uploads\/2023\/06\/IMG-5729-ZeoDeo-on-the-top-of-europe.-Breeze-cat-Zeolite-pellets-refill-474x590.jpg\",\"datePublished\":\"2022-10-23T17:26:18+00:00\",\"dateModified\":\"2023-06-29T13:45:47+00:00\",\"breadcrumb\":{\"@id\":\"https:\/\/zeodeo.store\/lv\/about-us\/#breadcrumb\"},\"inLanguage\":\"lv-LV\",\"potentialAction\":[{\"@type\":\"ReadAction\",\"target\":[\"https:\/\/zeodeo.store\/lv\/about-us\/\"]}]},{\"@type\":\"ImageObject\",\"inLanguage\":\"lv-LV\",\"@id\":\"https:\/\/zeodeo.store\/lv\/about-us\/#primaryimage\",\"url\":\"https:\/\/zeodeo.store\/wp-content\/uploads\/2023\/06\/IMG-5729-ZeoDeo-on-the-top-of-europe.-Breeze-cat-Zeolite-pellets-refill-474x590.jpg\",\"contentUrl\":\"https:\/\/zeodeo.store\/wp-content\/uploads\/2023\/06\/IMG-5729-ZeoDeo-on-the-top-of-europe.-Breeze-cat-Zeolite-pellets-refill-474x590.jpg\"},{\"@type\":\"BreadcrumbList\",\"@id\":\"https:\/\/zeodeo.store\/lv\/about-us\/#breadcrumb\",\"itemListElement\":[{\"@type\":\"ListItem\",\"position\":1,\"name\":\"Home\",\"item\":\"https:\/\/zeodeo.store\/lv\/\"},{\"@type\":\"ListItem\",\"position\":2,\"name\":\"Par mums\u00a0\"}]},{\"@type\":\"WebSite\",\"@id\":\"https:\/\/zeodeo.store\/lv\/#website\",\"url\":\"https:\/\/zeodeo.store\/lv\/\",\"name\":\"Zeodeo\",\"description\":\"Zeolite pellets for dual layer cat litter pellets\",\"potentialAction\":[{\"@type\":\"SearchAction\",\"target\":{\"@type\":\"EntryPoint\",\"urlTemplate\":\"https:\/\/zeodeo.store\/lv\/?s={search_term_string}\"},\"query-input\":{\"@type\":\"PropertyValueSpecification\",\"valueRequired\":true,\"valueName\":\"search_term_string\"}}],\"inLanguage\":\"lv-LV\"}]}<\/script>\n<!-- \/ Yoast SEO Premium plugin. -->","yoast_head_json":{"title":"Par mums\u00a0 - Zeodeo","robots":{"index":"index","follow":"follow","max-snippet":"max-snippet:-1","max-image-preview":"max-image-preview:large","max-video-preview":"max-video-preview:-1"},"canonical":"https:\/\/zeodeo.store\/lv\/about-us\/","og_locale":"lv_LV","og_type":"article","og_title":"Par mums\u00a0","og_description":"M\u0113s \u013coti m\u012blam ka\u0137us! Tie\u0161i t\u0101p\u0113c m\u0113s izveidoj\u0101m un sara\u017eoj\u0101m unik\u0101las dab\u012bgas ceol\u012bta granulas ka\u0137u pakai\u0161u kast\u0113m, kas padar\u012bs J\u016bsu ka\u0137a apr\u016bpi krietni vienk\u0101r\u0161\u0101ku un pat\u012bkam\u0101ku nek\u0101 iepriek\u0161. J\u016bs noteikti b\u016bsiet apmierin\u0101ti ar m\u016bsu pied\u0101v\u0101to risin\u0101jumu. Veidots tikai&nbsp;divl\u012bme\u0146u&nbsp;ka\u0137u pakai\u0161u kast\u0113m ar absorb\u0113jo\u0161o paladzi\u0146u* &nbsp;ZeoDeo\u2122 \u2013&nbsp;dab\u012bgas ceol\u012bta granulas divl\u012bme\u0146u ka\u0137u pakai\u0161u kast\u0113m: \u0160\u0101da izm\u0113ra granulas neiespr\u016bst ka\u0137a \u0137ep\u0101s, t\u0101d\u0113j\u0101di ka\u0137is nevar vi\u0146as izmest \u0101r\u0101 no kastes. Pat gad\u012bjum\u0101, ja J\u016bs uzk\u0101psiet granulai virs\u016b, t\u0101 nesapl\u012bst un Jums nevajadz\u0113s sav\u0101kt drupas. J\u016bs varat vienk\u0101r\u0161i pacelt granulu&hellip;","og_url":"https:\/\/zeodeo.store\/lv\/about-us\/","og_site_name":"Zeodeo","article_modified_time":"2023-06-29T13:45:47+00:00","og_image":[{"url":"https:\/\/zeodeo.store\/wp-content\/uploads\/2023\/06\/IMG-5729-ZeoDeo-on-the-top-of-europe.-Breeze-cat-Zeolite-pellets-refill-474x590.jpg"}],"twitter_card":"summary_large_image","schema":{"@context":"https:\/\/schema.org","@graph":[{"@type":"WebPage","@id":"https:\/\/zeodeo.store\/lv\/about-us\/","url":"https:\/\/zeodeo.store\/lv\/about-us\/","name":"Par mums\u00a0 - Zeodeo","isPartOf":{"@id":"https:\/\/zeodeo.store\/lv\/#website"},"primaryImageOfPage":{"@id":"https:\/\/zeodeo.store\/lv\/about-us\/#primaryimage"},"image":{"@id":"https:\/\/zeodeo.store\/lv\/about-us\/#primaryimage"},"thumbnailUrl":"https:\/\/zeodeo.store\/wp-content\/uploads\/2023\/06\/IMG-5729-ZeoDeo-on-the-top-of-europe.-Breeze-cat-Zeolite-pellets-refill-474x590.jpg","datePublished":"2022-10-23T17:26:18+00:00","dateModified":"2023-06-29T13:45:47+00:00","breadcrumb":{"@id":"https:\/\/zeodeo.store\/lv\/about-us\/#breadcrumb"},"inLanguage":"lv-LV","potentialAction":[{"@type":"ReadAction","target":["https:\/\/zeodeo.store\/lv\/about-us\/"]}]},{"@type":"ImageObject","inLanguage":"lv-LV","@id":"https:\/\/zeodeo.store\/lv\/about-us\/#primaryimage","url":"https:\/\/zeodeo.store\/wp-content\/uploads\/2023\/06\/IMG-5729-ZeoDeo-on-the-top-of-europe.-Breeze-cat-Zeolite-pellets-refill-474x590.jpg","contentUrl":"https:\/\/zeodeo.store\/wp-content\/uploads\/2023\/06\/IMG-5729-ZeoDeo-on-the-top-of-europe.-Breeze-cat-Zeolite-pellets-refill-474x590.jpg"},{"@type":"BreadcrumbList","@id":"https:\/\/zeodeo.store\/lv\/about-us\/#breadcrumb","itemListElement":[{"@type":"ListItem","position":1,"name":"Home","item":"https:\/\/zeodeo.store\/lv\/"},{"@type":"ListItem","position":2,"name":"Par mums\u00a0"}]},{"@type":"WebSite","@id":"https:\/\/zeodeo.store\/lv\/#website","url":"https:\/\/zeodeo.store\/lv\/","name":"Zeodeo","description":"Zeolite pellets for dual layer cat litter pellets","potentialAction":[{"@type":"SearchAction","target":{"@type":"EntryPoint","urlTemplate":"https:\/\/zeodeo.store\/lv\/?s={search_term_string}"},"query-input":{"@type":"PropertyValueSpecification","valueRequired":true,"valueName":"search_term_string"}}],"inLanguage":"lv-LV"}]}},"_links":{"self":[{"href":"https:\/\/zeodeo.store\/lv\/wp-json\/wp\/v2\/pages\/1671"}],"collection":[{"href":"https:\/\/zeodeo.store\/lv\/wp-json\/wp\/v2\/pages"}],"about":[{"href":"https:\/\/zeodeo.store\/lv\/wp-json\/wp\/v2\/types\/page"}],"author":[{"embeddable":true,"href":"https:\/\/zeodeo.store\/lv\/wp-json\/wp\/v2\/users\/1"}],"replies":[{"embeddable":true,"href":"https:\/\/zeodeo.store\/lv\/wp-json\/wp\/v2\/comments?post=1671"}],"version-history":[{"count":11,"href":"https:\/\/zeodeo.store\/lv\/wp-json\/wp\/v2\/pages\/1671\/revisions"}],"predecessor-version":[{"id":3362,"href":"https:\/\/zeodeo.store\/lv\/wp-json\/wp\/v2\/pages\/1671\/revisions\/3362"}],"wp:attachment":[{"href":"https:\/\/zeodeo.store\/lv\/wp-json\/wp\/v2\/media?parent=1671"}],"curies":[{"name":"wp","href":"https:\/\/api.w.org\/{rel}","templated":true}]}}