{"id":8231,"date":"2024-07-26T10:58:22","date_gmt":"2024-07-26T08:58:22","guid":{"rendered":"https:\/\/zeodeo.store\/?post_type=product&#038;p=8231"},"modified":"2025-03-04T10:02:07","modified_gmt":"2025-03-04T08:02:07","slug":"pagalveles-extra-kaciu-kraiko-dezutei","status":"publish","type":"product","link":"https:\/\/zeodeo.store\/lt\/sugeriantys-pagalveles\/pagalveles-extra-kaciu-kraiko-dezutei\/","title":{"rendered":"Sugerian\u010dios pagalv\u0117l\u0117s &#8211; EXTRA"},"content":{"rendered":"<p>Dviej\u0173 sluoksni\u0173 ka\u010di\u0173 kraiko sistemoje taip pat naudojamas sugeriantis \u012fklotas, kuris dedamas \u012f i\u0161traukiam\u0105 d\u0117kl\u0105, esant\u012f kraiko sistemos apa\u010dioje.<\/p>\n<p>\u0160is \u012fklotas i\u0161 karto sugeria ir u\u017eblokuoja tiek skys\u010dius, tiek kvapus, j\u012f greitai ir lengva pakeisti.<\/p>\n<p>Paklot\u0117s dydis 16,9 x 11,4 colio (43 x 29 cm), puikiai tinka Breeze* arba pana\u0161aus dyd\u017eio ka\u010di\u0173 kraiko d\u0117\u017eutei.<br \/>\nSuperabsorbent \u012fklotus reikia keisti, kai jie prisipildo \u2013 paprastai 4-7 dienas (priklauso nuo augintinio dyd\u017eio).<\/p>\n<p><img loading=\"lazy\" decoding=\"async\" class=\"alignnone size-medium wp-image-1324\" src=\"https:\/\/zeodeo.store\/wp-content\/uploads\/2022\/05\/85318_tidy_cats_breeze_starter_box_hs_13_3-360x360.jpg\" alt=\"\" width=\"360\" height=\"360\" srcset=\"https:\/\/zeodeo.store\/wp-content\/uploads\/2022\/05\/85318_tidy_cats_breeze_starter_box_hs_13_3-360x360.jpg 360w, https:\/\/zeodeo.store\/wp-content\/uploads\/2022\/05\/85318_tidy_cats_breeze_starter_box_hs_13_3-70x70.jpg 70w, https:\/\/zeodeo.store\/wp-content\/uploads\/2022\/05\/85318_tidy_cats_breeze_starter_box_hs_13_3-142x142.jpg 142w, https:\/\/zeodeo.store\/wp-content\/uploads\/2022\/05\/85318_tidy_cats_breeze_starter_box_hs_13_3-250x250.jpg 250w, https:\/\/zeodeo.store\/wp-content\/uploads\/2022\/05\/85318_tidy_cats_breeze_starter_box_hs_13_3-53x53.jpg 53w, https:\/\/zeodeo.store\/wp-content\/uploads\/2022\/05\/85318_tidy_cats_breeze_starter_box_hs_13_3-140x140.jpg 140w, https:\/\/zeodeo.store\/wp-content\/uploads\/2022\/05\/85318_tidy_cats_breeze_starter_box_hs_13_3-210x210.jpg 210w, https:\/\/zeodeo.store\/wp-content\/uploads\/2022\/05\/85318_tidy_cats_breeze_starter_box_hs_13_3-50x50.jpg 50w, https:\/\/zeodeo.store\/wp-content\/uploads\/2022\/05\/85318_tidy_cats_breeze_starter_box_hs_13_3-100x100.jpg 100w, https:\/\/zeodeo.store\/wp-content\/uploads\/2022\/05\/85318_tidy_cats_breeze_starter_box_hs_13_3.jpg 400w\" sizes=\"(max-width: 360px) 100vw, 360px\" \/><\/p>\n<p>\u012eklot\u0173 keitimo laikotarpio viduryje j\u012f galima pasukti 180 laipsni\u0173, kad \u0161lapimas tolygiai pasiskirstyt\u0173, nes paprastai kat\u0117s \u0161lapinasi toje pa\u010dioje kraiko d\u0117\u017eut\u0117s vietoje.<\/p>\n<p><img loading=\"lazy\" decoding=\"async\" class=\"alignnone size-full wp-image-1388\" src=\"https:\/\/zeodeo.store\/wp-content\/uploads\/2022\/05\/Tidy-cats-breeze-cat-disposable-pads-refill-ZeoDeo-1.png\" alt=\"\" width=\"220\" height=\"220\" srcset=\"https:\/\/zeodeo.store\/wp-content\/uploads\/2022\/05\/Tidy-cats-breeze-cat-disposable-pads-refill-ZeoDeo-1.png 220w, https:\/\/zeodeo.store\/wp-content\/uploads\/2022\/05\/Tidy-cats-breeze-cat-disposable-pads-refill-ZeoDeo-1-70x70.png 70w, https:\/\/zeodeo.store\/wp-content\/uploads\/2022\/05\/Tidy-cats-breeze-cat-disposable-pads-refill-ZeoDeo-1-142x142.png 142w, https:\/\/zeodeo.store\/wp-content\/uploads\/2022\/05\/Tidy-cats-breeze-cat-disposable-pads-refill-ZeoDeo-1-53x53.png 53w, https:\/\/zeodeo.store\/wp-content\/uploads\/2022\/05\/Tidy-cats-breeze-cat-disposable-pads-refill-ZeoDeo-1-140x140.png 140w, https:\/\/zeodeo.store\/wp-content\/uploads\/2022\/05\/Tidy-cats-breeze-cat-disposable-pads-refill-ZeoDeo-1-210x210.png 210w, https:\/\/zeodeo.store\/wp-content\/uploads\/2022\/05\/Tidy-cats-breeze-cat-disposable-pads-refill-ZeoDeo-1-50x50.png 50w, https:\/\/zeodeo.store\/wp-content\/uploads\/2022\/05\/Tidy-cats-breeze-cat-disposable-pads-refill-ZeoDeo-1-100x100.png 100w\" sizes=\"(max-width: 220px) 100vw, 220px\" \/><\/p>\n<p><img loading=\"lazy\" decoding=\"async\" class=\"alignnone size-full wp-image-1389\" src=\"https:\/\/zeodeo.store\/wp-content\/uploads\/2022\/05\/Tidy-cats-breeze-cat-disposable-pads-refill-ZeoDeo-2.png\" alt=\"\" width=\"220\" height=\"220\" srcset=\"https:\/\/zeodeo.store\/wp-content\/uploads\/2022\/05\/Tidy-cats-breeze-cat-disposable-pads-refill-ZeoDeo-2.png 220w, https:\/\/zeodeo.store\/wp-content\/uploads\/2022\/05\/Tidy-cats-breeze-cat-disposable-pads-refill-ZeoDeo-2-70x70.png 70w, https:\/\/zeodeo.store\/wp-content\/uploads\/2022\/05\/Tidy-cats-breeze-cat-disposable-pads-refill-ZeoDeo-2-142x142.png 142w, https:\/\/zeodeo.store\/wp-content\/uploads\/2022\/05\/Tidy-cats-breeze-cat-disposable-pads-refill-ZeoDeo-2-53x53.png 53w, https:\/\/zeodeo.store\/wp-content\/uploads\/2022\/05\/Tidy-cats-breeze-cat-disposable-pads-refill-ZeoDeo-2-140x140.png 140w, https:\/\/zeodeo.store\/wp-content\/uploads\/2022\/05\/Tidy-cats-breeze-cat-disposable-pads-refill-ZeoDeo-2-210x210.png 210w, https:\/\/zeodeo.store\/wp-content\/uploads\/2022\/05\/Tidy-cats-breeze-cat-disposable-pads-refill-ZeoDeo-2-50x50.png 50w, https:\/\/zeodeo.store\/wp-content\/uploads\/2022\/05\/Tidy-cats-breeze-cat-disposable-pads-refill-ZeoDeo-2-100x100.png 100w\" sizes=\"(max-width: 220px) 100vw, 220px\" \/><\/p>\n","protected":false},"excerpt":{"rendered":"<p>Puikiai tinka Tidy Cats Breeze kraiko d\u0117\u017eutei<\/p>\n<p>komplekto kaina 10 vnt.<\/p>\n","protected":false},"featured_media":17534,"template":"","meta":[],"product_cat":[326],"product_tag":[234,235,239,238,237,236],"yoast_head":"<!-- This site is optimized with the Yoast SEO Premium plugin v22.2 (Yoast SEO v23.5) - https:\/\/yoast.com\/wordpress\/plugins\/seo\/ -->\n<title>Itin sugerian\u010dios ZeoDeo pagalv\u0117l\u0117s skirtos kraiko d\u0117\u017eutei.<\/title>\n<meta name=\"description\" content=\"Pagerinkite savo kat\u0117s s\u0105lygas naudodami EXTRA tipo itin absorbuojan\u010dius \u012fklotus, kuri\u0173 pakuot\u0117se yra po 10, 20, 50 vnt. Jie pa\u0161alina nemalonius kvapus i\u0161 tualeto, taip pat u\u017etikrina \u0161var\u0105 ir gaivum\u0105 namuose. Idealiai tinka katino higienai palaikyti.\" \/>\n<meta name=\"robots\" content=\"index, follow, max-snippet:-1, max-image-preview:large, max-video-preview:-1\" \/>\n<link rel=\"canonical\" href=\"https:\/\/zeodeo.store\/lt\/sugeriantys-pagalveles\/pagalveles-extra-kaciu-kraiko-dezutei\/\" \/>\n<meta property=\"og:locale\" content=\"lt_LT\" \/>\n<meta property=\"og:type\" content=\"article\" \/>\n<meta property=\"og:title\" content=\"Sugerian\u010dios pagalv\u0117l\u0117s - EXTRA\" \/>\n<meta property=\"og:description\" content=\"Pagerinkite savo kat\u0117s s\u0105lygas naudodami EXTRA tipo itin absorbuojan\u010dius \u012fklotus, kuri\u0173 pakuot\u0117se yra po 10, 20, 50 vnt. Jie pa\u0161alina nemalonius kvapus i\u0161 tualeto, taip pat u\u017etikrina \u0161var\u0105 ir gaivum\u0105 namuose. Idealiai tinka katino higienai palaikyti.\" \/>\n<meta property=\"og:url\" content=\"https:\/\/zeodeo.store\/lt\/sugeriantys-pagalveles\/pagalveles-extra-kaciu-kraiko-dezutei\/\" \/>\n<meta property=\"og:site_name\" content=\"Zeodeo\" \/>\n<meta property=\"article:modified_time\" content=\"2025-03-04T08:02:07+00:00\" \/>\n<meta property=\"og:image\" content=\"https:\/\/zeodeo.store\/wp-content\/uploads\/2024\/09\/Extra-3x-1.jpg\" \/>\n\t<meta property=\"og:image:width\" content=\"1563\" \/>\n\t<meta property=\"og:image:height\" content=\"1563\" \/>\n\t<meta property=\"og:image:type\" content=\"image\/jpeg\" \/>\n<meta name=\"twitter:card\" content=\"summary_large_image\" \/>\n<script type=\"application\/ld+json\" class=\"yoast-schema-graph\">{\"@context\":\"https:\/\/schema.org\",\"@graph\":[{\"@type\":\"WebPage\",\"@id\":\"https:\/\/zeodeo.store\/lt\/sugeriantys-pagalveles\/pagalveles-extra-kaciu-kraiko-dezutei\/\",\"url\":\"https:\/\/zeodeo.store\/lt\/sugeriantys-pagalveles\/pagalveles-extra-kaciu-kraiko-dezutei\/\",\"name\":\"Itin sugerian\u010dios ZeoDeo pagalv\u0117l\u0117s skirtos kraiko d\u0117\u017eutei.\",\"isPartOf\":{\"@id\":\"https:\/\/zeodeo.store\/lt\/#website\"},\"primaryImageOfPage\":{\"@id\":\"https:\/\/zeodeo.store\/lt\/sugeriantys-pagalveles\/pagalveles-extra-kaciu-kraiko-dezutei\/#primaryimage\"},\"image\":{\"@id\":\"https:\/\/zeodeo.store\/lt\/sugeriantys-pagalveles\/pagalveles-extra-kaciu-kraiko-dezutei\/#primaryimage\"},\"thumbnailUrl\":\"https:\/\/zeodeo.store\/wp-content\/uploads\/2024\/07\/absorbing-pads-4.png\",\"datePublished\":\"2024-07-26T08:58:22+00:00\",\"dateModified\":\"2025-03-04T08:02:07+00:00\",\"description\":\"Pagerinkite savo kat\u0117s s\u0105lygas naudodami EXTRA tipo itin absorbuojan\u010dius \u012fklotus, kuri\u0173 pakuot\u0117se yra po 10, 20, 50 vnt. Jie pa\u0161alina nemalonius kvapus i\u0161 tualeto, taip pat u\u017etikrina \u0161var\u0105 ir gaivum\u0105 namuose. Idealiai tinka katino higienai palaikyti.\",\"breadcrumb\":{\"@id\":\"https:\/\/zeodeo.store\/lt\/sugeriantys-pagalveles\/pagalveles-extra-kaciu-kraiko-dezutei\/#breadcrumb\"},\"inLanguage\":\"lt-LT\",\"potentialAction\":[{\"@type\":\"ReadAction\",\"target\":[\"https:\/\/zeodeo.store\/lt\/sugeriantys-pagalveles\/pagalveles-extra-kaciu-kraiko-dezutei\/\"]}]},{\"@type\":\"ImageObject\",\"inLanguage\":\"lt-LT\",\"@id\":\"https:\/\/zeodeo.store\/lt\/sugeriantys-pagalveles\/pagalveles-extra-kaciu-kraiko-dezutei\/#primaryimage\",\"url\":\"https:\/\/zeodeo.store\/wp-content\/uploads\/2024\/07\/absorbing-pads-4.png\",\"contentUrl\":\"https:\/\/zeodeo.store\/wp-content\/uploads\/2024\/07\/absorbing-pads-4.png\",\"width\":2000,\"height\":2000,\"caption\":\"ZeoDeo absorbing pads extra for dual cat liiter systems use with zeolite mordenite pellets\"},{\"@type\":\"BreadcrumbList\",\"@id\":\"https:\/\/zeodeo.store\/lt\/sugeriantys-pagalveles\/pagalveles-extra-kaciu-kraiko-dezutei\/#breadcrumb\",\"itemListElement\":[{\"@type\":\"ListItem\",\"position\":1,\"name\":\"Home\",\"item\":\"https:\/\/zeodeo.store\/lt\/\"},{\"@type\":\"ListItem\",\"position\":2,\"name\":\"Sugeriantys Vystyklai\",\"item\":\"https:\/\/zeodeo.store\/lt\/sugeriantys-pagalveles\/\"},{\"@type\":\"ListItem\",\"position\":3,\"name\":\"Sugerian\u010dios pagalv\u0117l\u0117s &#8211; EXTRA\"}]},{\"@type\":\"WebSite\",\"@id\":\"https:\/\/zeodeo.store\/lt\/#website\",\"url\":\"https:\/\/zeodeo.store\/lt\/\",\"name\":\"Zeodeo\",\"description\":\"Zeolite pellets for dual layer cat litter pellets\",\"potentialAction\":[{\"@type\":\"SearchAction\",\"target\":{\"@type\":\"EntryPoint\",\"urlTemplate\":\"https:\/\/zeodeo.store\/lt\/?s={search_term_string}\"},\"query-input\":{\"@type\":\"PropertyValueSpecification\",\"valueRequired\":true,\"valueName\":\"search_term_string\"}}],\"inLanguage\":\"lt-LT\"}]}<\/script>\n<meta property=\"og:availability\" content=\"instock\" \/>\n<meta property=\"product:availability\" content=\"instock\" \/>\n<meta property=\"product:condition\" content=\"new\" \/>\n<!-- \/ Yoast SEO Premium plugin. -->","yoast_head_json":{"title":"Itin sugerian\u010dios ZeoDeo pagalv\u0117l\u0117s skirtos kraiko d\u0117\u017eutei.","description":"Pagerinkite savo kat\u0117s s\u0105lygas naudodami EXTRA tipo itin absorbuojan\u010dius \u012fklotus, kuri\u0173 pakuot\u0117se yra po 10, 20, 50 vnt. Jie pa\u0161alina nemalonius kvapus i\u0161 tualeto, taip pat u\u017etikrina \u0161var\u0105 ir gaivum\u0105 namuose. Idealiai tinka katino higienai palaikyti.","robots":{"index":"index","follow":"follow","max-snippet":"max-snippet:-1","max-image-preview":"max-image-preview:large","max-video-preview":"max-video-preview:-1"},"canonical":"https:\/\/zeodeo.store\/lt\/sugeriantys-pagalveles\/pagalveles-extra-kaciu-kraiko-dezutei\/","og_locale":"lt_LT","og_type":"article","og_title":"Sugerian\u010dios pagalv\u0117l\u0117s - EXTRA","og_description":"Pagerinkite savo kat\u0117s s\u0105lygas naudodami EXTRA tipo itin absorbuojan\u010dius \u012fklotus, kuri\u0173 pakuot\u0117se yra po 10, 20, 50 vnt. Jie pa\u0161alina nemalonius kvapus i\u0161 tualeto, taip pat u\u017etikrina \u0161var\u0105 ir gaivum\u0105 namuose. Idealiai tinka katino higienai palaikyti.","og_url":"https:\/\/zeodeo.store\/lt\/sugeriantys-pagalveles\/pagalveles-extra-kaciu-kraiko-dezutei\/","og_site_name":"Zeodeo","article_modified_time":"2025-03-04T08:02:07+00:00","og_image":[{"width":1563,"height":1563,"url":"https:\/\/zeodeo.store\/wp-content\/uploads\/2024\/09\/Extra-3x-1.jpg","type":"image\/jpeg"}],"twitter_card":"summary_large_image","schema":{"@context":"https:\/\/schema.org","@graph":[{"@type":"WebPage","@id":"https:\/\/zeodeo.store\/lt\/sugeriantys-pagalveles\/pagalveles-extra-kaciu-kraiko-dezutei\/","url":"https:\/\/zeodeo.store\/lt\/sugeriantys-pagalveles\/pagalveles-extra-kaciu-kraiko-dezutei\/","name":"Itin sugerian\u010dios ZeoDeo pagalv\u0117l\u0117s skirtos kraiko d\u0117\u017eutei.","isPartOf":{"@id":"https:\/\/zeodeo.store\/lt\/#website"},"primaryImageOfPage":{"@id":"https:\/\/zeodeo.store\/lt\/sugeriantys-pagalveles\/pagalveles-extra-kaciu-kraiko-dezutei\/#primaryimage"},"image":{"@id":"https:\/\/zeodeo.store\/lt\/sugeriantys-pagalveles\/pagalveles-extra-kaciu-kraiko-dezutei\/#primaryimage"},"thumbnailUrl":"https:\/\/zeodeo.store\/wp-content\/uploads\/2024\/07\/absorbing-pads-4.png","datePublished":"2024-07-26T08:58:22+00:00","dateModified":"2025-03-04T08:02:07+00:00","description":"Pagerinkite savo kat\u0117s s\u0105lygas naudodami EXTRA tipo itin absorbuojan\u010dius \u012fklotus, kuri\u0173 pakuot\u0117se yra po 10, 20, 50 vnt. Jie pa\u0161alina nemalonius kvapus i\u0161 tualeto, taip pat u\u017etikrina \u0161var\u0105 ir gaivum\u0105 namuose. Idealiai tinka katino higienai palaikyti.","breadcrumb":{"@id":"https:\/\/zeodeo.store\/lt\/sugeriantys-pagalveles\/pagalveles-extra-kaciu-kraiko-dezutei\/#breadcrumb"},"inLanguage":"lt-LT","potentialAction":[{"@type":"ReadAction","target":["https:\/\/zeodeo.store\/lt\/sugeriantys-pagalveles\/pagalveles-extra-kaciu-kraiko-dezutei\/"]}]},{"@type":"ImageObject","inLanguage":"lt-LT","@id":"https:\/\/zeodeo.store\/lt\/sugeriantys-pagalveles\/pagalveles-extra-kaciu-kraiko-dezutei\/#primaryimage","url":"https:\/\/zeodeo.store\/wp-content\/uploads\/2024\/07\/absorbing-pads-4.png","contentUrl":"https:\/\/zeodeo.store\/wp-content\/uploads\/2024\/07\/absorbing-pads-4.png","width":2000,"height":2000,"caption":"ZeoDeo absorbing pads extra for dual cat liiter systems use with zeolite mordenite pellets"},{"@type":"BreadcrumbList","@id":"https:\/\/zeodeo.store\/lt\/sugeriantys-pagalveles\/pagalveles-extra-kaciu-kraiko-dezutei\/#breadcrumb","itemListElement":[{"@type":"ListItem","position":1,"name":"Home","item":"https:\/\/zeodeo.store\/lt\/"},{"@type":"ListItem","position":2,"name":"Sugeriantys Vystyklai","item":"https:\/\/zeodeo.store\/lt\/sugeriantys-pagalveles\/"},{"@type":"ListItem","position":3,"name":"Sugerian\u010dios pagalv\u0117l\u0117s &#8211; EXTRA"}]},{"@type":"WebSite","@id":"https:\/\/zeodeo.store\/lt\/#website","url":"https:\/\/zeodeo.store\/lt\/","name":"Zeodeo","description":"Zeolite pellets for dual layer cat litter pellets","potentialAction":[{"@type":"SearchAction","target":{"@type":"EntryPoint","urlTemplate":"https:\/\/zeodeo.store\/lt\/?s={search_term_string}"},"query-input":{"@type":"PropertyValueSpecification","valueRequired":true,"valueName":"search_term_string"}}],"inLanguage":"lt-LT"}]},"og_availability":"instock","product_availability":"instock","product_condition":"new"},"_links":{"self":[{"href":"https:\/\/zeodeo.store\/lt\/wp-json\/wp\/v2\/product\/8231"}],"collection":[{"href":"https:\/\/zeodeo.store\/lt\/wp-json\/wp\/v2\/product"}],"about":[{"href":"https:\/\/zeodeo.store\/lt\/wp-json\/wp\/v2\/types\/product"}],"wp:featuredmedia":[{"embeddable":true,"href":"https:\/\/zeodeo.store\/lt\/wp-json\/wp\/v2\/media\/17534"}],"wp:attachment":[{"href":"https:\/\/zeodeo.store\/lt\/wp-json\/wp\/v2\/media?parent=8231"}],"wp:term":[{"taxonomy":"product_cat","embeddable":true,"href":"https:\/\/zeodeo.store\/lt\/wp-json\/wp\/v2\/product_cat?post=8231"},{"taxonomy":"product_tag","embeddable":true,"href":"https:\/\/zeodeo.store\/lt\/wp-json\/wp\/v2\/product_tag?post=8231"}],"curies":[{"name":"wp","href":"https:\/\/api.w.org\/{rel}","templated":true}]}}