{"id":7283,"date":"2024-05-10T20:53:06","date_gmt":"2024-05-10T18:53:06","guid":{"rendered":"https:\/\/zeodeo.store\/?post_type=product&#038;p=7283"},"modified":"2025-01-10T16:08:55","modified_gmt":"2025-01-10T14:08:55","slug":"dezodorantas-kaciu-kraiko-dezutei-100-ml","status":"publish","type":"product","link":"https:\/\/zeodeo.store\/lt\/sugeriantys-pagalveles\/dezodorantas-kaciu-kraiko-dezutei-100-ml\/","title":{"rendered":"Dezodorantas sugerian\u010dioms pagalv\u0117l\u0117ms: U\u017etenka 50 vnt."},"content":{"rendered":"<p><b>Kokias funkcijas atlieka \u0161is produktas:<\/b><\/p>\n<p><span style=\"font-weight: 400;\">\u0160is produktas apsaugo nuo ka\u010di\u0173 \u0161lapimo kvapo susidarymo ir prailgina sugerian\u010dio \u012fkloto tarnavimo laik\u0105. Produktas yra bekvapis ir neturi jokio stipraus kvapo. Jis specialiai apsaugo nuo kvapo susidarymo, o ne u\u017emaskuoja j\u012f.<\/span><\/p>\n<p>&nbsp;<\/p>\n<p><b>Kada jis tur\u0117t\u0173 b\u016bti naudojamas:<\/b><\/p>\n<p><span style=\"font-weight: 400;\">Jei \u0161lapimo kvap\u0105 pasteb\u0117jote dar nepasipild\u017eius \u012fklotui, tuomet \u0161is produktas jums pravers.<\/span><\/p>\n<p><span style=\"font-weight: 400;\">Jei pagalv\u0117l\u0117 prisipildo dar nepajutusi \u0161lapimo kvapo, \u0161io produkto naudoti nereikia.<\/span><\/p>\n<p>&nbsp;<\/p>\n<p><b>Kaip naudoti:<\/b><\/p>\n<p><span style=\"font-weight: 400;\">Prie\u0161 naudodami \u012fklot\u0105, ant jo pavir\u0161iaus i\u0161purk\u0161kite ma\u017edaug 2 ml (10-15 pur\u0161kim\u0173). \u0160io kiekio u\u017etenka, kad i\u0161 \u012fkloto nesusidaryt\u0173 nemalonus kvapas iki 7 dien\u0173 ar ma\u017eiau, jei \u012fklotas prisipildys grei\u010diau.<\/span><\/p>\n<p>&nbsp;<\/p>\n<p><b>Pakuot\u0117s trukm\u0117:<\/b><\/p>\n<p><span style=\"font-weight: 400;\">Pakuot\u0117je yra ne ma\u017eiau kaip 100 ml, to pakanka u\u017etepti ant 50 \u012fklot\u0173. Jei naudosite 1 \u012fklot\u0105 kas 7 dienas, \u0161ios pakuot\u0117s u\u017eteks beveik 1 metams.<\/span><\/p>\n<p>&nbsp;<\/p>\n<p><b>Saugos priemon\u0117s:<\/b><\/p>\n<p><span style=\"font-weight: 400;\">Naudokite gamin\u012f tik pagal paskirt\u012f \u2013 u\u017etepkite j\u012f ant sugeriamojo \u012fkloto pavir\u0161iaus, esan\u010dio apatin\u0117je dviej\u0173 pakop\u0173 ka\u010di\u0173 kraiko d\u0117\u017eut\u0117s pakopoje.<\/span><\/p>\n<p><span style=\"font-weight: 400;\">Produkt\u0105 laikykite vaikams nepasiekiamoje vietoje.<\/span><\/p>\n<p><span style=\"font-weight: 400;\">Jei jau\u010diate diskomfort\u0105, nutraukite naudojim\u0105 ir i\u0161v\u0117dinkite erdv\u0119.<\/span><\/p>\n<p><span style=\"font-weight: 400;\">Jei produkto pateko \u012f akis, nuplaukite jas dideliu kiekiu tekan\u010diu vandeniu.<\/span><\/p>\n<p><span style=\"font-weight: 400;\">Jei jo pateko ant odos, nuplaukite paveikt\u0105 viet\u0105 muilu ir vandeniu.<\/span><\/p>\n<p><span style=\"font-weight: 400;\">Jei \u0161ios priemon\u0117s nepadeda, kreipkit\u0117s medicinin\u0117s pagalbos.<\/span><\/p>\n","protected":false},"excerpt":{"rendered":"<p>Kokias funkcijas atlieka \u0161is produktas: \u0160is produktas apsaugo nuo ka\u010di\u0173 \u0161lapimo kvapo susidarymo ir prailgina sugerian\u010dio \u012fkloto tarnavimo laik\u0105. Produktas yra bekvapis ir neturi jokio stipraus kvapo. Jis specialiai apsaugo nuo kvapo susidarymo, o ne u\u017emaskuoja j\u012f. &nbsp; Kada jis tur\u0117t\u0173 b\u016bti naudojamas: Jei \u0161lapimo kvap\u0105 pasteb\u0117jote dar nepasipild\u017eius \u012fklotui, tuomet \u0161is produktas jums pravers. Jei pagalv\u0117l\u0117 prisipildo dar nepajutusi \u0161lapimo kvapo, \u0161io produkto naudoti nereikia. &nbsp; Kaip naudoti: Prie\u0161 naudodami \u012fklot\u0105, ant jo pavir\u0161iaus i\u0161purk\u0161kite ma\u017edaug 2 ml (10-15 pur\u0161kim\u0173). \u0160io kiekio u\u017etenka,&hellip;<\/p>\n","protected":false},"featured_media":9124,"template":"","meta":[],"product_cat":[326],"product_tag":[],"yoast_head":"<!-- This site is optimized with the Yoast SEO Premium plugin v22.2 (Yoast SEO v23.5) - https:\/\/yoast.com\/wordpress\/plugins\/seo\/ -->\n<title>Dezodorantas ka\u010di\u0173 kraiko d\u0117\u017eutei - 50 sugerian\u010di\u0173 pagalv\u0117li\u0173 gaivumas.<\/title>\n<meta name=\"description\" content=\"ZeoDeo ka\u010di\u0173 tualeto gaiviklis, specialiai sukurtas maksimaliai kontroliuoti kvap\u0105 50 vystyklams. \u0160is pur\u0161kalas palaiko \u0161vari\u0105 ir maloni\u0105 aplink\u0105 jums ir j\u016bs\u0173 katei\" \/>\n<meta name=\"robots\" content=\"index, follow, max-snippet:-1, max-image-preview:large, max-video-preview:-1\" \/>\n<link rel=\"canonical\" href=\"https:\/\/zeodeo.store\/lt\/sugeriantys-pagalveles\/dezodorantas-kaciu-kraiko-dezutei-100-ml\/\" \/>\n<meta property=\"og:locale\" content=\"lt_LT\" \/>\n<meta property=\"og:type\" content=\"article\" \/>\n<meta property=\"og:title\" content=\"Dezodorantas sugerian\u010dioms pagalv\u0117l\u0117ms: U\u017etenka 50 vnt.\" \/>\n<meta property=\"og:description\" content=\"ZeoDeo ka\u010di\u0173 tualeto gaiviklis, specialiai sukurtas maksimaliai kontroliuoti kvap\u0105 50 vystyklams. \u0160is pur\u0161kalas palaiko \u0161vari\u0105 ir maloni\u0105 aplink\u0105 jums ir j\u016bs\u0173 katei\" \/>\n<meta property=\"og:url\" content=\"https:\/\/zeodeo.store\/lt\/sugeriantys-pagalveles\/dezodorantas-kaciu-kraiko-dezutei-100-ml\/\" \/>\n<meta property=\"og:site_name\" content=\"Zeodeo\" \/>\n<meta property=\"article:modified_time\" content=\"2025-01-10T14:08:55+00:00\" \/>\n<meta property=\"og:image\" content=\"https:\/\/zeodeo.store\/wp-content\/uploads\/2024\/09\/\u0414\u0438\u0437\u0430\u0439\u043d-\u0431\u0435\u0437-\u043d\u0430\u0437\u0432\u0430\u043d\u0438\u044f-35.jpg\" \/>\n\t<meta property=\"og:image:width\" content=\"959\" \/>\n\t<meta property=\"og:image:height\" content=\"1600\" \/>\n\t<meta property=\"og:image:type\" content=\"image\/jpeg\" \/>\n<meta name=\"twitter:card\" content=\"summary_large_image\" \/>\n<script type=\"application\/ld+json\" class=\"yoast-schema-graph\">{\"@context\":\"https:\/\/schema.org\",\"@graph\":[{\"@type\":\"WebPage\",\"@id\":\"https:\/\/zeodeo.store\/lt\/sugeriantys-pagalveles\/dezodorantas-kaciu-kraiko-dezutei-100-ml\/\",\"url\":\"https:\/\/zeodeo.store\/lt\/sugeriantys-pagalveles\/dezodorantas-kaciu-kraiko-dezutei-100-ml\/\",\"name\":\"Dezodorantas ka\u010di\u0173 kraiko d\u0117\u017eutei - 50 sugerian\u010di\u0173 pagalv\u0117li\u0173 gaivumas.\",\"isPartOf\":{\"@id\":\"https:\/\/zeodeo.store\/lt\/#website\"},\"primaryImageOfPage\":{\"@id\":\"https:\/\/zeodeo.store\/lt\/sugeriantys-pagalveles\/dezodorantas-kaciu-kraiko-dezutei-100-ml\/#primaryimage\"},\"image\":{\"@id\":\"https:\/\/zeodeo.store\/lt\/sugeriantys-pagalveles\/dezodorantas-kaciu-kraiko-dezutei-100-ml\/#primaryimage\"},\"thumbnailUrl\":\"https:\/\/zeodeo.store\/wp-content\/uploads\/2024\/09\/\u0414\u0438\u0437\u0430\u0439\u043d-\u0431\u0435\u0437-\u043d\u0430\u0437\u0432\u0430\u043d\u0438\u044f-35.jpg\",\"datePublished\":\"2024-05-10T18:53:06+00:00\",\"dateModified\":\"2025-01-10T14:08:55+00:00\",\"description\":\"ZeoDeo ka\u010di\u0173 tualeto gaiviklis, specialiai sukurtas maksimaliai kontroliuoti kvap\u0105 50 vystyklams. \u0160is pur\u0161kalas palaiko \u0161vari\u0105 ir maloni\u0105 aplink\u0105 jums ir j\u016bs\u0173 katei\",\"breadcrumb\":{\"@id\":\"https:\/\/zeodeo.store\/lt\/sugeriantys-pagalveles\/dezodorantas-kaciu-kraiko-dezutei-100-ml\/#breadcrumb\"},\"inLanguage\":\"lt-LT\",\"potentialAction\":[{\"@type\":\"ReadAction\",\"target\":[\"https:\/\/zeodeo.store\/lt\/sugeriantys-pagalveles\/dezodorantas-kaciu-kraiko-dezutei-100-ml\/\"]}]},{\"@type\":\"ImageObject\",\"inLanguage\":\"lt-LT\",\"@id\":\"https:\/\/zeodeo.store\/lt\/sugeriantys-pagalveles\/dezodorantas-kaciu-kraiko-dezutei-100-ml\/#primaryimage\",\"url\":\"https:\/\/zeodeo.store\/wp-content\/uploads\/2024\/09\/\u0414\u0438\u0437\u0430\u0439\u043d-\u0431\u0435\u0437-\u043d\u0430\u0437\u0432\u0430\u043d\u0438\u044f-35.jpg\",\"contentUrl\":\"https:\/\/zeodeo.store\/wp-content\/uploads\/2024\/09\/\u0414\u0438\u0437\u0430\u0439\u043d-\u0431\u0435\u0437-\u043d\u0430\u0437\u0432\u0430\u043d\u0438\u044f-35.jpg\",\"width\":959,\"height\":1600,\"caption\":\"Deodorizer Cat Litter Pads Urina Removel\"},{\"@type\":\"BreadcrumbList\",\"@id\":\"https:\/\/zeodeo.store\/lt\/sugeriantys-pagalveles\/dezodorantas-kaciu-kraiko-dezutei-100-ml\/#breadcrumb\",\"itemListElement\":[{\"@type\":\"ListItem\",\"position\":1,\"name\":\"Home\",\"item\":\"https:\/\/zeodeo.store\/lt\/\"},{\"@type\":\"ListItem\",\"position\":2,\"name\":\"Sugeriantys Vystyklai\",\"item\":\"https:\/\/zeodeo.store\/lt\/sugeriantys-pagalveles\/\"},{\"@type\":\"ListItem\",\"position\":3,\"name\":\"Dezodorantas sugerian\u010dioms pagalv\u0117l\u0117ms: U\u017etenka 50 vnt.\"}]},{\"@type\":\"WebSite\",\"@id\":\"https:\/\/zeodeo.store\/lt\/#website\",\"url\":\"https:\/\/zeodeo.store\/lt\/\",\"name\":\"Zeodeo\",\"description\":\"Zeolite pellets for dual layer cat litter pellets\",\"potentialAction\":[{\"@type\":\"SearchAction\",\"target\":{\"@type\":\"EntryPoint\",\"urlTemplate\":\"https:\/\/zeodeo.store\/lt\/?s={search_term_string}\"},\"query-input\":{\"@type\":\"PropertyValueSpecification\",\"valueRequired\":true,\"valueName\":\"search_term_string\"}}],\"inLanguage\":\"lt-LT\"}]}<\/script>\n<meta property=\"product:price:amount\" content=\"7.90\" \/>\n<meta property=\"product:price:currency\" content=\"EUR\" \/>\n<meta property=\"og:availability\" content=\"instock\" \/>\n<meta property=\"product:availability\" content=\"instock\" \/>\n<meta property=\"product:condition\" content=\"new\" \/>\n<!-- \/ Yoast SEO Premium plugin. -->","yoast_head_json":{"title":"Dezodorantas ka\u010di\u0173 kraiko d\u0117\u017eutei - 50 sugerian\u010di\u0173 pagalv\u0117li\u0173 gaivumas.","description":"ZeoDeo ka\u010di\u0173 tualeto gaiviklis, specialiai sukurtas maksimaliai kontroliuoti kvap\u0105 50 vystyklams. \u0160is pur\u0161kalas palaiko \u0161vari\u0105 ir maloni\u0105 aplink\u0105 jums ir j\u016bs\u0173 katei","robots":{"index":"index","follow":"follow","max-snippet":"max-snippet:-1","max-image-preview":"max-image-preview:large","max-video-preview":"max-video-preview:-1"},"canonical":"https:\/\/zeodeo.store\/lt\/sugeriantys-pagalveles\/dezodorantas-kaciu-kraiko-dezutei-100-ml\/","og_locale":"lt_LT","og_type":"article","og_title":"Dezodorantas sugerian\u010dioms pagalv\u0117l\u0117ms: U\u017etenka 50 vnt.","og_description":"ZeoDeo ka\u010di\u0173 tualeto gaiviklis, specialiai sukurtas maksimaliai kontroliuoti kvap\u0105 50 vystyklams. \u0160is pur\u0161kalas palaiko \u0161vari\u0105 ir maloni\u0105 aplink\u0105 jums ir j\u016bs\u0173 katei","og_url":"https:\/\/zeodeo.store\/lt\/sugeriantys-pagalveles\/dezodorantas-kaciu-kraiko-dezutei-100-ml\/","og_site_name":"Zeodeo","article_modified_time":"2025-01-10T14:08:55+00:00","og_image":[{"width":959,"height":1600,"url":"https:\/\/zeodeo.store\/wp-content\/uploads\/2024\/09\/\u0414\u0438\u0437\u0430\u0439\u043d-\u0431\u0435\u0437-\u043d\u0430\u0437\u0432\u0430\u043d\u0438\u044f-35.jpg","type":"image\/jpeg"}],"twitter_card":"summary_large_image","schema":{"@context":"https:\/\/schema.org","@graph":[{"@type":"WebPage","@id":"https:\/\/zeodeo.store\/lt\/sugeriantys-pagalveles\/dezodorantas-kaciu-kraiko-dezutei-100-ml\/","url":"https:\/\/zeodeo.store\/lt\/sugeriantys-pagalveles\/dezodorantas-kaciu-kraiko-dezutei-100-ml\/","name":"Dezodorantas ka\u010di\u0173 kraiko d\u0117\u017eutei - 50 sugerian\u010di\u0173 pagalv\u0117li\u0173 gaivumas.","isPartOf":{"@id":"https:\/\/zeodeo.store\/lt\/#website"},"primaryImageOfPage":{"@id":"https:\/\/zeodeo.store\/lt\/sugeriantys-pagalveles\/dezodorantas-kaciu-kraiko-dezutei-100-ml\/#primaryimage"},"image":{"@id":"https:\/\/zeodeo.store\/lt\/sugeriantys-pagalveles\/dezodorantas-kaciu-kraiko-dezutei-100-ml\/#primaryimage"},"thumbnailUrl":"https:\/\/zeodeo.store\/wp-content\/uploads\/2024\/09\/\u0414\u0438\u0437\u0430\u0439\u043d-\u0431\u0435\u0437-\u043d\u0430\u0437\u0432\u0430\u043d\u0438\u044f-35.jpg","datePublished":"2024-05-10T18:53:06+00:00","dateModified":"2025-01-10T14:08:55+00:00","description":"ZeoDeo ka\u010di\u0173 tualeto gaiviklis, specialiai sukurtas maksimaliai kontroliuoti kvap\u0105 50 vystyklams. \u0160is pur\u0161kalas palaiko \u0161vari\u0105 ir maloni\u0105 aplink\u0105 jums ir j\u016bs\u0173 katei","breadcrumb":{"@id":"https:\/\/zeodeo.store\/lt\/sugeriantys-pagalveles\/dezodorantas-kaciu-kraiko-dezutei-100-ml\/#breadcrumb"},"inLanguage":"lt-LT","potentialAction":[{"@type":"ReadAction","target":["https:\/\/zeodeo.store\/lt\/sugeriantys-pagalveles\/dezodorantas-kaciu-kraiko-dezutei-100-ml\/"]}]},{"@type":"ImageObject","inLanguage":"lt-LT","@id":"https:\/\/zeodeo.store\/lt\/sugeriantys-pagalveles\/dezodorantas-kaciu-kraiko-dezutei-100-ml\/#primaryimage","url":"https:\/\/zeodeo.store\/wp-content\/uploads\/2024\/09\/\u0414\u0438\u0437\u0430\u0439\u043d-\u0431\u0435\u0437-\u043d\u0430\u0437\u0432\u0430\u043d\u0438\u044f-35.jpg","contentUrl":"https:\/\/zeodeo.store\/wp-content\/uploads\/2024\/09\/\u0414\u0438\u0437\u0430\u0439\u043d-\u0431\u0435\u0437-\u043d\u0430\u0437\u0432\u0430\u043d\u0438\u044f-35.jpg","width":959,"height":1600,"caption":"Deodorizer Cat Litter Pads Urina Removel"},{"@type":"BreadcrumbList","@id":"https:\/\/zeodeo.store\/lt\/sugeriantys-pagalveles\/dezodorantas-kaciu-kraiko-dezutei-100-ml\/#breadcrumb","itemListElement":[{"@type":"ListItem","position":1,"name":"Home","item":"https:\/\/zeodeo.store\/lt\/"},{"@type":"ListItem","position":2,"name":"Sugeriantys Vystyklai","item":"https:\/\/zeodeo.store\/lt\/sugeriantys-pagalveles\/"},{"@type":"ListItem","position":3,"name":"Dezodorantas sugerian\u010dioms pagalv\u0117l\u0117ms: U\u017etenka 50 vnt."}]},{"@type":"WebSite","@id":"https:\/\/zeodeo.store\/lt\/#website","url":"https:\/\/zeodeo.store\/lt\/","name":"Zeodeo","description":"Zeolite pellets for dual layer cat litter pellets","potentialAction":[{"@type":"SearchAction","target":{"@type":"EntryPoint","urlTemplate":"https:\/\/zeodeo.store\/lt\/?s={search_term_string}"},"query-input":{"@type":"PropertyValueSpecification","valueRequired":true,"valueName":"search_term_string"}}],"inLanguage":"lt-LT"}]},"product_price_amount":"7.90","product_price_currency":"EUR","og_availability":"instock","product_availability":"instock","product_condition":"new"},"_links":{"self":[{"href":"https:\/\/zeodeo.store\/lt\/wp-json\/wp\/v2\/product\/7283"}],"collection":[{"href":"https:\/\/zeodeo.store\/lt\/wp-json\/wp\/v2\/product"}],"about":[{"href":"https:\/\/zeodeo.store\/lt\/wp-json\/wp\/v2\/types\/product"}],"wp:featuredmedia":[{"embeddable":true,"href":"https:\/\/zeodeo.store\/lt\/wp-json\/wp\/v2\/media\/9124"}],"wp:attachment":[{"href":"https:\/\/zeodeo.store\/lt\/wp-json\/wp\/v2\/media?parent=7283"}],"wp:term":[{"taxonomy":"product_cat","embeddable":true,"href":"https:\/\/zeodeo.store\/lt\/wp-json\/wp\/v2\/product_cat?post=7283"},{"taxonomy":"product_tag","embeddable":true,"href":"https:\/\/zeodeo.store\/lt\/wp-json\/wp\/v2\/product_tag?post=7283"}],"curies":[{"name":"wp","href":"https:\/\/api.w.org\/{rel}","templated":true}]}}