{"id":3384,"date":"2023-06-29T18:26:51","date_gmt":"2023-06-29T16:26:51","guid":{"rendered":"https:\/\/zeodeo.store\/?post_type=product&#038;p=3384"},"modified":"2024-12-06T16:15:32","modified_gmt":"2024-12-06T14:15:32","slug":"ceolitas-3-6-kg-10-light-pagalveliu","status":"publish","type":"product","link":"https:\/\/zeodeo.store\/lt\/ceolito-granules\/ceolitas-3-6-kg-10-light-pagalveliu\/","title":{"rendered":"Ceolito granul\u0117s ka\u010di\u0173 kraiko d\u0117\u017eutei 3,6kg +10 LIGHT pagalv\u0117li\u0173"},"content":{"rendered":"<h2><strong>ZeoDeo &#8211; nat\u016bralaus ceolito ka\u010di\u0173 kraiko granul\u0117s <\/strong><\/h2>\n<h3 style=\"text-align: left;\">dviej\u0173 sluoksni\u0173 ka\u010di\u0173 kraiko sistemoms<\/h3>\n<p style=\"text-align: left;\"><strong>Produktas, kuris <em>padalino<\/em> gyvenim\u0105 \u012f \u201e<em>prie\u0161<\/em>\u201c ir \u201e<em>po<\/em>\u201c<\/strong><\/p>\n<p>Privalumai:<\/p>\n<ul>\n<li>Be kvapo iki 60 dien\u0173<br \/>\nCeolito granul\u0117s sugeria ka\u010di\u0173 \u0161lapimo kvap\u0105 ir kiet\u0105 kat\u0117s \u201eversl\u0105\u201c ir turi ilgalaik\u012f poveik\u012f ma\u017edaug 30\u201360 dien\u0173.*<\/li>\n<li style=\"text-align: left;\">\u0160vara namuose<br \/>\nNat\u016bralaus ceolito ka\u010di\u0173 kraiko granul\u0117s yra vienodo skersmens ir ma\u017edaug vienodo ilgio, netrupa, ne\u012fstringa kat\u0117s letenose. \u0160ios savyb\u0117s suma\u017eins galimyb\u0119 j\u016bs\u0173 katei i\u0161mesti granules i\u0161 ka\u010di\u0173 kraiko ir paskleisti jas po but\u0105.<\/li>\n<li style=\"text-align: left;\">Ne\u012ftik\u0117tinai lengva prie\u017ei\u016bra<br \/>\nTereikia i\u0161 kat\u0117s kraiko d\u0117klo i\u0161imti kiet\u0105 kat\u0117s \u201eversl\u0105\u201c, kart\u0105 per m\u0117nes\u012f keisti granules ir keisti sugeriam\u0105j\u012f \u012fklot\u0105 kas 4-7 dienas (priklauso nuo augintinio dyd\u017eio). Nereikia pa\u0161alinti kat\u0117s \u0161lapimo ir valyti kraiko, kur\u012f kat\u0117 i\u0161barst\u0117 po namus.<\/li>\n<\/ul>\n<p class=\"CDt4Ke zfr3Q\" dir=\"ltr\">Granul\u0117s nesugeria \u0161lapimo (skys\u010dio) ir leid\u017eia jam prasiskverbti \u012f apatin\u012f sluoksn\u012f, kur j\u012f sugers apatinis padas. Granul\u0117s sugeria tik ka\u010di\u0173 \u0161lapimo i\u0161garavim\u0105 nuo atmosferos<\/p>\n<p class=\"CDt4Ke zfr3Q\" dir=\"ltr\">Granuli\u0173 med\u017eiaga turi mikroskopines poras, kurios gali selektyviai sugerti ir i\u0161laikyti amoniako molekules i\u0161 atmosferos. Granul\u0117s taip pat i\u0161d\u017eiovina kiet\u0105 kat\u0117s \u201ebizn\u012f\u201c ir sugeria garus.<\/p>\n<p dir=\"ltr\">1 cm2 ZeoDeo granuli\u0173 turi iki 700-800 m2 mikropor\u0173 pavir\u0161iaus<\/p>\n<p style=\"text-align: left;\">*Darant prielaid\u0105, kad kat\u0117s svoris yra 8 kg.<br \/>\nGranuli\u0173 gyvavimui \u012ftakos gali tur\u0117ti: augintinio dydis, sveikata, kat\u0117s mityba ir oro dr\u0117gm\u0117.<br \/>\nDidel\u012f vaidmen\u012f atlieka itin sugerian\u010dio \u012fkloto, naudojamo kraiko apatiniame sluoksnyje, kokyb\u0117.<\/p>\n","protected":false},"excerpt":{"rendered":"<p>ZeoDeo &#8211; nat\u016bralaus ceolito ka\u010di\u0173 kraiko granul\u0117s dviej\u0173 sluoksni\u0173 ka\u010di\u0173 kraiko sistemoms Produktas, kuris padalino gyvenim\u0105 \u012f \u201eprie\u0161\u201c ir \u201epo\u201c Privalumai: Be kvapo iki 60 dien\u0173 Ceolito granul\u0117s sugeria ka\u010di\u0173 \u0161lapimo kvap\u0105 ir kiet\u0105 kat\u0117s \u201eversl\u0105\u201c ir turi ilgalaik\u012f poveik\u012f ma\u017edaug 30\u201360 dien\u0173.* \u0160vara namuose Nat\u016bralaus ceolito ka\u010di\u0173 kraiko granul\u0117s yra vienodo skersmens ir ma\u017edaug vienodo ilgio, netrupa, ne\u012fstringa kat\u0117s letenose. \u0160ios savyb\u0117s suma\u017eins galimyb\u0119 j\u016bs\u0173 katei i\u0161mesti granules i\u0161 ka\u010di\u0173 kraiko ir paskleisti jas po but\u0105. Ne\u012ftik\u0117tinai lengva prie\u017ei\u016bra Tereikia i\u0161 kat\u0117s kraiko&hellip;<\/p>\n","protected":false},"featured_media":17491,"template":"","meta":[],"product_cat":[324],"product_tag":[210,214,211,215,213,212],"yoast_head":"<!-- This site is optimized with the Yoast SEO Premium plugin v22.2 (Yoast SEO v23.5) - https:\/\/yoast.com\/wordpress\/plugins\/seo\/ -->\n<title>Ceolito granul\u0117s 3.6kg +10 pagalv\u0117li\u0173 LIGHT - Nesklinda kvapas i\u0161 kraiko d\u0117\u017eut\u0117s<\/title>\n<meta name=\"description\" content=\"Nat\u016bralaus u\u017epildo rinkinys ZeoDeo ka\u010di\u0173 tualetui, pagamintas i\u0161 nat\u016bralaus mineralo.Sugeria nemalonius kvapus, nesiskleid\u017eia po namus ir yra iki 99% be dulki\u0173. Idealus sprendimas siekiant gra\u017eiai, tvarkingai ir lengvai pri\u017ei\u016br\u0117ti kraiko d\u0117\u017eut\u0119.\" \/>\n<meta name=\"robots\" content=\"index, follow, max-snippet:-1, max-image-preview:large, max-video-preview:-1\" \/>\n<link rel=\"canonical\" href=\"https:\/\/zeodeo.store\/lt\/ceolito-granules\/ceolitas-3-6-kg-10-light-pagalveliu\/\" \/>\n<meta property=\"og:locale\" content=\"lt_LT\" \/>\n<meta property=\"og:type\" content=\"article\" \/>\n<meta property=\"og:title\" content=\"Ceolito granul\u0117s ka\u010di\u0173 kraiko d\u0117\u017eutei 3,6kg +10 LIGHT pagalv\u0117li\u0173\" \/>\n<meta property=\"og:description\" content=\"Nat\u016bralaus u\u017epildo rinkinys ZeoDeo ka\u010di\u0173 tualetui, pagamintas i\u0161 nat\u016bralaus mineralo.Sugeria nemalonius kvapus, nesiskleid\u017eia po namus ir yra iki 99% be dulki\u0173. Idealus sprendimas siekiant gra\u017eiai, tvarkingai ir lengvai pri\u017ei\u016br\u0117ti kraiko d\u0117\u017eut\u0119.\" \/>\n<meta property=\"og:url\" content=\"https:\/\/zeodeo.store\/lt\/ceolito-granules\/ceolitas-3-6-kg-10-light-pagalveliu\/\" \/>\n<meta property=\"og:site_name\" content=\"Zeodeo\" \/>\n<meta property=\"article:modified_time\" content=\"2024-12-06T14:15:32+00:00\" \/>\n<meta property=\"og:image\" content=\"https:\/\/zeodeo.store\/wp-content\/uploads\/2024\/07\/3.610-Light-e1726035277506.jpg\" \/>\n\t<meta property=\"og:image:width\" content=\"1592\" \/>\n\t<meta property=\"og:image:height\" content=\"2048\" \/>\n\t<meta property=\"og:image:type\" content=\"image\/jpeg\" \/>\n<meta name=\"twitter:card\" content=\"summary_large_image\" \/>\n<script type=\"application\/ld+json\" class=\"yoast-schema-graph\">{\"@context\":\"https:\/\/schema.org\",\"@graph\":[{\"@type\":\"WebPage\",\"@id\":\"https:\/\/zeodeo.store\/lt\/ceolito-granules\/ceolitas-3-6-kg-10-light-pagalveliu\/\",\"url\":\"https:\/\/zeodeo.store\/lt\/ceolito-granules\/ceolitas-3-6-kg-10-light-pagalveliu\/\",\"name\":\"Ceolito granul\u0117s 3.6kg +10 pagalv\u0117li\u0173 LIGHT - Nesklinda kvapas i\u0161 kraiko d\u0117\u017eut\u0117s\",\"isPartOf\":{\"@id\":\"https:\/\/zeodeo.store\/lt\/#website\"},\"primaryImageOfPage\":{\"@id\":\"https:\/\/zeodeo.store\/lt\/ceolito-granules\/ceolitas-3-6-kg-10-light-pagalveliu\/#primaryimage\"},\"image\":{\"@id\":\"https:\/\/zeodeo.store\/lt\/ceolito-granules\/ceolitas-3-6-kg-10-light-pagalveliu\/#primaryimage\"},\"thumbnailUrl\":\"https:\/\/zeodeo.store\/wp-content\/uploads\/2024\/07\/apazon-pic-3.6-30pads-3.png\",\"datePublished\":\"2023-06-29T16:26:51+00:00\",\"dateModified\":\"2024-12-06T14:15:32+00:00\",\"description\":\"Nat\u016bralaus u\u017epildo rinkinys ZeoDeo ka\u010di\u0173 tualetui, pagamintas i\u0161 nat\u016bralaus mineralo.Sugeria nemalonius kvapus, nesiskleid\u017eia po namus ir yra iki 99% be dulki\u0173. Idealus sprendimas siekiant gra\u017eiai, tvarkingai ir lengvai pri\u017ei\u016br\u0117ti kraiko d\u0117\u017eut\u0119.\",\"breadcrumb\":{\"@id\":\"https:\/\/zeodeo.store\/lt\/ceolito-granules\/ceolitas-3-6-kg-10-light-pagalveliu\/#breadcrumb\"},\"inLanguage\":\"lt-LT\",\"potentialAction\":[{\"@type\":\"ReadAction\",\"target\":[\"https:\/\/zeodeo.store\/lt\/ceolito-granules\/ceolitas-3-6-kg-10-light-pagalveliu\/\"]}]},{\"@type\":\"ImageObject\",\"inLanguage\":\"lt-LT\",\"@id\":\"https:\/\/zeodeo.store\/lt\/ceolito-granules\/ceolitas-3-6-kg-10-light-pagalveliu\/#primaryimage\",\"url\":\"https:\/\/zeodeo.store\/wp-content\/uploads\/2024\/07\/apazon-pic-3.6-30pads-3.png\",\"contentUrl\":\"https:\/\/zeodeo.store\/wp-content\/uploads\/2024\/07\/apazon-pic-3.6-30pads-3.png\",\"width\":2000,\"height\":2000,\"caption\":\"ZeoDeo mordenite zeolite pelletas for dual layer cat litter boxes 3.6 kg+10 Light\"},{\"@type\":\"BreadcrumbList\",\"@id\":\"https:\/\/zeodeo.store\/lt\/ceolito-granules\/ceolitas-3-6-kg-10-light-pagalveliu\/#breadcrumb\",\"itemListElement\":[{\"@type\":\"ListItem\",\"position\":1,\"name\":\"Home\",\"item\":\"https:\/\/zeodeo.store\/lt\/\"},{\"@type\":\"ListItem\",\"position\":2,\"name\":\"Ceolito Granul\u0117s\",\"item\":\"https:\/\/zeodeo.store\/lt\/ceolito-granules\/\"},{\"@type\":\"ListItem\",\"position\":3,\"name\":\"Ceolito granul\u0117s ka\u010di\u0173 kraiko d\u0117\u017eutei 3,6kg +10 LIGHT pagalv\u0117li\u0173\"}]},{\"@type\":\"WebSite\",\"@id\":\"https:\/\/zeodeo.store\/lt\/#website\",\"url\":\"https:\/\/zeodeo.store\/lt\/\",\"name\":\"Zeodeo\",\"description\":\"Zeolite pellets for dual layer cat litter pellets\",\"potentialAction\":[{\"@type\":\"SearchAction\",\"target\":{\"@type\":\"EntryPoint\",\"urlTemplate\":\"https:\/\/zeodeo.store\/lt\/?s={search_term_string}\"},\"query-input\":{\"@type\":\"PropertyValueSpecification\",\"valueRequired\":true,\"valueName\":\"search_term_string\"}}],\"inLanguage\":\"lt-LT\"}]}<\/script>\n<meta property=\"product:price:amount\" content=\"36.98\" \/>\n<meta property=\"product:price:currency\" content=\"EUR\" \/>\n<meta property=\"og:availability\" content=\"instock\" \/>\n<meta property=\"product:availability\" content=\"instock\" \/>\n<meta property=\"product:retailer_item_id\" content=\"4751043510013-X2-1\" \/>\n<meta property=\"product:condition\" content=\"new\" \/>\n<!-- \/ Yoast SEO Premium plugin. -->","yoast_head_json":{"title":"Ceolito granul\u0117s 3.6kg +10 pagalv\u0117li\u0173 LIGHT - Nesklinda kvapas i\u0161 kraiko d\u0117\u017eut\u0117s","description":"Nat\u016bralaus u\u017epildo rinkinys ZeoDeo ka\u010di\u0173 tualetui, pagamintas i\u0161 nat\u016bralaus mineralo.Sugeria nemalonius kvapus, nesiskleid\u017eia po namus ir yra iki 99% be dulki\u0173. Idealus sprendimas siekiant gra\u017eiai, tvarkingai ir lengvai pri\u017ei\u016br\u0117ti kraiko d\u0117\u017eut\u0119.","robots":{"index":"index","follow":"follow","max-snippet":"max-snippet:-1","max-image-preview":"max-image-preview:large","max-video-preview":"max-video-preview:-1"},"canonical":"https:\/\/zeodeo.store\/lt\/ceolito-granules\/ceolitas-3-6-kg-10-light-pagalveliu\/","og_locale":"lt_LT","og_type":"article","og_title":"Ceolito granul\u0117s ka\u010di\u0173 kraiko d\u0117\u017eutei 3,6kg +10 LIGHT pagalv\u0117li\u0173","og_description":"Nat\u016bralaus u\u017epildo rinkinys ZeoDeo ka\u010di\u0173 tualetui, pagamintas i\u0161 nat\u016bralaus mineralo.Sugeria nemalonius kvapus, nesiskleid\u017eia po namus ir yra iki 99% be dulki\u0173. Idealus sprendimas siekiant gra\u017eiai, tvarkingai ir lengvai pri\u017ei\u016br\u0117ti kraiko d\u0117\u017eut\u0119.","og_url":"https:\/\/zeodeo.store\/lt\/ceolito-granules\/ceolitas-3-6-kg-10-light-pagalveliu\/","og_site_name":"Zeodeo","article_modified_time":"2024-12-06T14:15:32+00:00","og_image":[{"width":1592,"height":2048,"url":"https:\/\/zeodeo.store\/wp-content\/uploads\/2024\/07\/3.610-Light-e1726035277506.jpg","type":"image\/jpeg"}],"twitter_card":"summary_large_image","schema":{"@context":"https:\/\/schema.org","@graph":[{"@type":"WebPage","@id":"https:\/\/zeodeo.store\/lt\/ceolito-granules\/ceolitas-3-6-kg-10-light-pagalveliu\/","url":"https:\/\/zeodeo.store\/lt\/ceolito-granules\/ceolitas-3-6-kg-10-light-pagalveliu\/","name":"Ceolito granul\u0117s 3.6kg +10 pagalv\u0117li\u0173 LIGHT - Nesklinda kvapas i\u0161 kraiko d\u0117\u017eut\u0117s","isPartOf":{"@id":"https:\/\/zeodeo.store\/lt\/#website"},"primaryImageOfPage":{"@id":"https:\/\/zeodeo.store\/lt\/ceolito-granules\/ceolitas-3-6-kg-10-light-pagalveliu\/#primaryimage"},"image":{"@id":"https:\/\/zeodeo.store\/lt\/ceolito-granules\/ceolitas-3-6-kg-10-light-pagalveliu\/#primaryimage"},"thumbnailUrl":"https:\/\/zeodeo.store\/wp-content\/uploads\/2024\/07\/apazon-pic-3.6-30pads-3.png","datePublished":"2023-06-29T16:26:51+00:00","dateModified":"2024-12-06T14:15:32+00:00","description":"Nat\u016bralaus u\u017epildo rinkinys ZeoDeo ka\u010di\u0173 tualetui, pagamintas i\u0161 nat\u016bralaus mineralo.Sugeria nemalonius kvapus, nesiskleid\u017eia po namus ir yra iki 99% be dulki\u0173. Idealus sprendimas siekiant gra\u017eiai, tvarkingai ir lengvai pri\u017ei\u016br\u0117ti kraiko d\u0117\u017eut\u0119.","breadcrumb":{"@id":"https:\/\/zeodeo.store\/lt\/ceolito-granules\/ceolitas-3-6-kg-10-light-pagalveliu\/#breadcrumb"},"inLanguage":"lt-LT","potentialAction":[{"@type":"ReadAction","target":["https:\/\/zeodeo.store\/lt\/ceolito-granules\/ceolitas-3-6-kg-10-light-pagalveliu\/"]}]},{"@type":"ImageObject","inLanguage":"lt-LT","@id":"https:\/\/zeodeo.store\/lt\/ceolito-granules\/ceolitas-3-6-kg-10-light-pagalveliu\/#primaryimage","url":"https:\/\/zeodeo.store\/wp-content\/uploads\/2024\/07\/apazon-pic-3.6-30pads-3.png","contentUrl":"https:\/\/zeodeo.store\/wp-content\/uploads\/2024\/07\/apazon-pic-3.6-30pads-3.png","width":2000,"height":2000,"caption":"ZeoDeo mordenite zeolite pelletas for dual layer cat litter boxes 3.6 kg+10 Light"},{"@type":"BreadcrumbList","@id":"https:\/\/zeodeo.store\/lt\/ceolito-granules\/ceolitas-3-6-kg-10-light-pagalveliu\/#breadcrumb","itemListElement":[{"@type":"ListItem","position":1,"name":"Home","item":"https:\/\/zeodeo.store\/lt\/"},{"@type":"ListItem","position":2,"name":"Ceolito Granul\u0117s","item":"https:\/\/zeodeo.store\/lt\/ceolito-granules\/"},{"@type":"ListItem","position":3,"name":"Ceolito granul\u0117s ka\u010di\u0173 kraiko d\u0117\u017eutei 3,6kg +10 LIGHT pagalv\u0117li\u0173"}]},{"@type":"WebSite","@id":"https:\/\/zeodeo.store\/lt\/#website","url":"https:\/\/zeodeo.store\/lt\/","name":"Zeodeo","description":"Zeolite pellets for dual layer cat litter pellets","potentialAction":[{"@type":"SearchAction","target":{"@type":"EntryPoint","urlTemplate":"https:\/\/zeodeo.store\/lt\/?s={search_term_string}"},"query-input":{"@type":"PropertyValueSpecification","valueRequired":true,"valueName":"search_term_string"}}],"inLanguage":"lt-LT"}]},"product_price_amount":"36.98","product_price_currency":"EUR","og_availability":"instock","product_availability":"instock","product_retailer_item_id":"4751043510013-X2-1","product_condition":"new"},"_links":{"self":[{"href":"https:\/\/zeodeo.store\/lt\/wp-json\/wp\/v2\/product\/3384"}],"collection":[{"href":"https:\/\/zeodeo.store\/lt\/wp-json\/wp\/v2\/product"}],"about":[{"href":"https:\/\/zeodeo.store\/lt\/wp-json\/wp\/v2\/types\/product"}],"wp:featuredmedia":[{"embeddable":true,"href":"https:\/\/zeodeo.store\/lt\/wp-json\/wp\/v2\/media\/17491"}],"wp:attachment":[{"href":"https:\/\/zeodeo.store\/lt\/wp-json\/wp\/v2\/media?parent=3384"}],"wp:term":[{"taxonomy":"product_cat","embeddable":true,"href":"https:\/\/zeodeo.store\/lt\/wp-json\/wp\/v2\/product_cat?post=3384"},{"taxonomy":"product_tag","embeddable":true,"href":"https:\/\/zeodeo.store\/lt\/wp-json\/wp\/v2\/product_tag?post=3384"}],"curies":[{"name":"wp","href":"https:\/\/api.w.org\/{rel}","templated":true}]}}