{"id":2862,"date":"2023-05-13T19:04:59","date_gmt":"2023-05-13T17:04:59","guid":{"rendered":"https:\/\/zeodeo.store\/shop__trashed-3\/dvieju-sluoksniu-kaciu-kraiko-sistemos-starteris-su-gaubtu-deze-granules-16-kg-4-trinkeles\/"},"modified":"2024-12-06T16:00:05","modified_gmt":"2024-12-06T14:00:05","slug":"uzdaro-tipo-kraiko-dezute-rinkinys","status":"publish","type":"product","link":"https:\/\/zeodeo.store\/lt\/kaciu-kraiko-dezutes\/uzdaro-tipo-kraiko-dezute-rinkinys\/","title":{"rendered":"U\u017edaro tipo ka\u010di\u0173 kraiko d\u0117\u017eut\u0117: Pradinis rinkinys"},"content":{"rendered":"<p><iframe loading=\"lazy\" title=\"Hooded Dual layer cat litter box and zeolite cat litter pellets\" width=\"1220\" height=\"686\" src=\"https:\/\/www.youtube.com\/embed\/Kj6b0QC4A1E?feature=oembed\" frameborder=\"0\" allow=\"accelerometer; autoplay; clipboard-write; encrypted-media; gyroscope; picture-in-picture; web-share\" referrerpolicy=\"strict-origin-when-cross-origin\" allowfullscreen><\/iframe><\/p>\n<h2>Revoliucin\u0117 ka\u010di\u0173 kraiko sistema<\/h2>\n<p>Dydis: 54 x 42 x 43 cm<\/p>\n<p>Dviej\u0173 sluoksni\u0173 paprasta naudoti sistema:<\/p>\n<p>Granul\u0117s dedamos ant pad\u0117klo vir\u0161aus, o \u012f lengvai i\u0161traukiam\u0105 pad\u0117kl\u0105 po granul\u0117mis dedamas sugeriantis pad\u0117klas. \u0160is dviej\u0173 sluoksni\u0173 dizainas u\u017etikrina neprilygstam\u0105 kvap\u0173 kontrol\u0119 ir gali b\u016bti pakeistas grei\u010diau ir lengviau nei \u012fprastos tualeto sistemos \u2013 tereikia kart\u0105* per savait\u0119 pakeisti sugeriam\u0105j\u012f \u012fklot\u0105, o kart\u0105 per m\u0117nes\u012f \u2013 pad\u0117klus.<\/p>\n<p>Puiki kvap\u0173 kontrol\u0117:<\/p>\n<p>nat\u016bralaus ceolito granul\u0117s nusausina ir la\u0161\u0117ja ant sugerian\u010dio pad\u0117klo po kraiku Sugeriantis \u012fklotas neleid\u017eia skys\u010diams ir kvapams patekti, o vir\u0161utiniai pad\u0117klai i\u0161lieka sausi, tod\u0117l j\u016bs\u0173 kat\u0117 jau\u010diasi maksimaliai patogiai, o namuose \u2013 ma\u017eiau kvap\u0173.<\/p>\n<p>Greitas ir paprastas valymas:<\/p>\n<p>Valyti labai paprasta, nes d\u0117klo apa\u010dioje n\u0117ra \u0161lapio kraiko gumul\u0117li\u0173, kuriuos reikia i\u0161valyti \u2013 tiesiog atidarykite pad\u0117kl\u0105, nuimkite ir pakeiskite \u012fd\u0117kl\u0105 kart\u0105 per savait\u0119. Kiet\u0105sias atliekas galima semti i\u0161 vir\u0161aus, o visi\u0161kai pakeisti granules tereikia kart\u0105 per m\u0117nes\u012f!<br \/>\nKraiko sistemoje yra kau\u0161elis ir viskas, ko reikia norint prad\u0117ti per m\u0117nes\u012f, \u012fskaitant mai\u0161el\u012f granuli\u0173 ir 4 sugerian\u010di\u0173 \u012fklot\u0173 pakuot\u0119.<\/p>\n<p>Nat\u016bralios ceolito ka\u010di\u0173 kraiko granul\u0117s yra vienodo skersmens ir ma\u017edaug vienodo ilgio, netrupa ir ne\u012fstringa kat\u0117s letenose. \u0160ios savyb\u0117s suma\u017eins galimyb\u0119 j\u016bs\u0173 katei i\u0161mesti granules i\u0161 ka\u010di\u0173 kraiko ir paskleisti jas po but\u0105.<\/p>\n<p>Kaip tai veikia:<\/p>\n<p>Kraiko sistema yra visi\u0161kai kitokia, palyginti su tradicin\u0117mis kraiko d\u0117\u017e\u0117mis. Kai kurioms kat\u0117ms gali prireikti keli\u0173 dien\u0173 ilgiau, kol persijungs.<\/p>\n<p>Paprasta ir tvarkinga kraiko sistema<br \/>\nSpecialios \u0161iai sistemai skirtos granul\u0117s apsaugo nuo p\u0117dsak\u0173 sekimo ir atstumia \u0161lapim\u0105, o d\u0117\u017e\u0119 i\u0161laiko saus\u0105.<\/p>\n<p>Kiekviena visa kraiko sistema u\u017etikrina garantuot\u0105 kvap\u0173 kontrol\u0119, kuri yra tikrai greita ir paprasta.<\/p>\n<p>J\u016bs\u0173 kat\u0117s \u0161lapimas per tarkuot\u0105 pad\u0117kl\u0105 patenka \u012f \u017eemiau esant\u012f itin sugeriant\u012f pad\u0117kl\u0105 ir vienai katei u\u017erakinamas septynioms dienoms.<\/p>\n","protected":false},"excerpt":{"rendered":"<p>Pradinis rinkinys:<br \/>\nBreeze ka\u010di\u0173 kraiko d\u0117\u017eut\u0117 + papildymas vienam m\u0117nesiui (1 mai\u0161elis ceolito granuli\u0173 1,6 kg, 4 sugeriantys \u012fklotai).<\/p>\n","protected":false},"featured_media":5608,"template":"","meta":[],"product_cat":[325],"product_tag":[210,274,234,270,271,297,273,272,295,296],"yoast_head":"<!-- This site is optimized with the Yoast SEO Premium plugin v22.2 (Yoast SEO v23.5) - https:\/\/yoast.com\/wordpress\/plugins\/seo\/ -->\n<title>U\u017edaro tipo ka\u010di\u0173 tualetas \u2013 Dviej\u0173 sluoksni\u0173 sistema kat\u0117ms<\/title>\n<meta name=\"description\" content=\"Atraskite originali\u0105 ZeoDeo dviej\u0173 lygi\u0173 ka\u010di\u0173 kraiko d\u0117\u017eut\u0119 su dang\u010diu. \u0160is variantas idealiai tinka vienam ar keliems katinams, pristatomas kartu su granul\u0117mis ir pagalv\u0117l\u0117mis. Spustel\u0117kite nor\u0117dami su\u017einoti daugiau!\" \/>\n<meta name=\"robots\" content=\"index, follow, max-snippet:-1, max-image-preview:large, max-video-preview:-1\" \/>\n<link rel=\"canonical\" href=\"https:\/\/zeodeo.store\/lt\/kaciu-kraiko-dezutes\/uzdaro-tipo-kraiko-dezute-rinkinys\/\" \/>\n<meta property=\"og:locale\" content=\"lt_LT\" \/>\n<meta property=\"og:type\" content=\"article\" \/>\n<meta property=\"og:title\" content=\"U\u017edaro tipo ka\u010di\u0173 kraiko d\u0117\u017eut\u0117: Pradinis rinkinys\" \/>\n<meta property=\"og:description\" content=\"Atraskite originali\u0105 ZeoDeo dviej\u0173 lygi\u0173 ka\u010di\u0173 kraiko d\u0117\u017eut\u0119 su dang\u010diu. \u0160is variantas idealiai tinka vienam ar keliems katinams, pristatomas kartu su granul\u0117mis ir pagalv\u0117l\u0117mis. Spustel\u0117kite nor\u0117dami su\u017einoti daugiau!\" \/>\n<meta property=\"og:url\" content=\"https:\/\/zeodeo.store\/lt\/kaciu-kraiko-dezutes\/uzdaro-tipo-kraiko-dezute-rinkinys\/\" \/>\n<meta property=\"og:site_name\" content=\"Zeodeo\" \/>\n<meta property=\"article:modified_time\" content=\"2024-12-06T14:00:05+00:00\" \/>\n<meta property=\"og:image\" content=\"https:\/\/zeodeo.store\/wp-content\/uploads\/2023\/05\/Obszar-kompozycji-1-kopia-2-e1726038426336.jpg\" \/>\n\t<meta property=\"og:image:width\" content=\"2000\" \/>\n\t<meta property=\"og:image:height\" content=\"2000\" \/>\n\t<meta property=\"og:image:type\" content=\"image\/jpeg\" \/>\n<meta name=\"twitter:card\" content=\"summary_large_image\" \/>\n<script type=\"application\/ld+json\" class=\"yoast-schema-graph\">{\"@context\":\"https:\/\/schema.org\",\"@graph\":[{\"@type\":\"WebPage\",\"@id\":\"https:\/\/zeodeo.store\/lt\/kaciu-kraiko-dezutes\/uzdaro-tipo-kraiko-dezute-rinkinys\/\",\"url\":\"https:\/\/zeodeo.store\/lt\/kaciu-kraiko-dezutes\/uzdaro-tipo-kraiko-dezute-rinkinys\/\",\"name\":\"U\u017edaro tipo ka\u010di\u0173 tualetas \u2013 Dviej\u0173 sluoksni\u0173 sistema kat\u0117ms\",\"isPartOf\":{\"@id\":\"https:\/\/zeodeo.store\/lt\/#website\"},\"primaryImageOfPage\":{\"@id\":\"https:\/\/zeodeo.store\/lt\/kaciu-kraiko-dezutes\/uzdaro-tipo-kraiko-dezute-rinkinys\/#primaryimage\"},\"image\":{\"@id\":\"https:\/\/zeodeo.store\/lt\/kaciu-kraiko-dezutes\/uzdaro-tipo-kraiko-dezute-rinkinys\/#primaryimage\"},\"thumbnailUrl\":\"https:\/\/zeodeo.store\/wp-content\/uploads\/2023\/05\/Obszar-kompozycji-1-kopia-2-e1726038426336.jpg\",\"datePublished\":\"2023-05-13T17:04:59+00:00\",\"dateModified\":\"2024-12-06T14:00:05+00:00\",\"description\":\"Atraskite originali\u0105 ZeoDeo dviej\u0173 lygi\u0173 ka\u010di\u0173 kraiko d\u0117\u017eut\u0119 su dang\u010diu. \u0160is variantas idealiai tinka vienam ar keliems katinams, pristatomas kartu su granul\u0117mis ir pagalv\u0117l\u0117mis. Spustel\u0117kite nor\u0117dami su\u017einoti daugiau!\",\"breadcrumb\":{\"@id\":\"https:\/\/zeodeo.store\/lt\/kaciu-kraiko-dezutes\/uzdaro-tipo-kraiko-dezute-rinkinys\/#breadcrumb\"},\"inLanguage\":\"lt-LT\",\"potentialAction\":[{\"@type\":\"ReadAction\",\"target\":[\"https:\/\/zeodeo.store\/lt\/kaciu-kraiko-dezutes\/uzdaro-tipo-kraiko-dezute-rinkinys\/\"]}]},{\"@type\":\"ImageObject\",\"inLanguage\":\"lt-LT\",\"@id\":\"https:\/\/zeodeo.store\/lt\/kaciu-kraiko-dezutes\/uzdaro-tipo-kraiko-dezute-rinkinys\/#primaryimage\",\"url\":\"https:\/\/zeodeo.store\/wp-content\/uploads\/2023\/05\/Obszar-kompozycji-1-kopia-2-e1726038426336.jpg\",\"contentUrl\":\"https:\/\/zeodeo.store\/wp-content\/uploads\/2023\/05\/Obszar-kompozycji-1-kopia-2-e1726038426336.jpg\",\"width\":2000,\"height\":2000,\"caption\":\"Unicharm-DeoToilet-Hooded-Set\"},{\"@type\":\"BreadcrumbList\",\"@id\":\"https:\/\/zeodeo.store\/lt\/kaciu-kraiko-dezutes\/uzdaro-tipo-kraiko-dezute-rinkinys\/#breadcrumb\",\"itemListElement\":[{\"@type\":\"ListItem\",\"position\":1,\"name\":\"Home\",\"item\":\"https:\/\/zeodeo.store\/lt\/\"},{\"@type\":\"ListItem\",\"position\":2,\"name\":\"Ka\u010di\u0173 Tualetai\",\"item\":\"https:\/\/zeodeo.store\/lt\/kaciu-kraiko-dezutes\/\"},{\"@type\":\"ListItem\",\"position\":3,\"name\":\"U\u017edaro tipo ka\u010di\u0173 kraiko d\u0117\u017eut\u0117: Pradinis rinkinys\"}]},{\"@type\":\"WebSite\",\"@id\":\"https:\/\/zeodeo.store\/lt\/#website\",\"url\":\"https:\/\/zeodeo.store\/lt\/\",\"name\":\"Zeodeo\",\"description\":\"Zeolite pellets for dual layer cat litter pellets\",\"potentialAction\":[{\"@type\":\"SearchAction\",\"target\":{\"@type\":\"EntryPoint\",\"urlTemplate\":\"https:\/\/zeodeo.store\/lt\/?s={search_term_string}\"},\"query-input\":{\"@type\":\"PropertyValueSpecification\",\"valueRequired\":true,\"valueName\":\"search_term_string\"}}],\"inLanguage\":\"lt-LT\"}]}<\/script>\n<meta property=\"product:price:amount\" content=\"85.00\" \/>\n<meta property=\"product:price:currency\" content=\"EUR\" \/>\n<meta property=\"og:availability\" content=\"instock\" \/>\n<meta property=\"product:availability\" content=\"instock\" \/>\n<meta property=\"product:condition\" content=\"new\" \/>\n<!-- \/ Yoast SEO Premium plugin. -->","yoast_head_json":{"title":"U\u017edaro tipo ka\u010di\u0173 tualetas \u2013 Dviej\u0173 sluoksni\u0173 sistema kat\u0117ms","description":"Atraskite originali\u0105 ZeoDeo dviej\u0173 lygi\u0173 ka\u010di\u0173 kraiko d\u0117\u017eut\u0119 su dang\u010diu. \u0160is variantas idealiai tinka vienam ar keliems katinams, pristatomas kartu su granul\u0117mis ir pagalv\u0117l\u0117mis. Spustel\u0117kite nor\u0117dami su\u017einoti daugiau!","robots":{"index":"index","follow":"follow","max-snippet":"max-snippet:-1","max-image-preview":"max-image-preview:large","max-video-preview":"max-video-preview:-1"},"canonical":"https:\/\/zeodeo.store\/lt\/kaciu-kraiko-dezutes\/uzdaro-tipo-kraiko-dezute-rinkinys\/","og_locale":"lt_LT","og_type":"article","og_title":"U\u017edaro tipo ka\u010di\u0173 kraiko d\u0117\u017eut\u0117: Pradinis rinkinys","og_description":"Atraskite originali\u0105 ZeoDeo dviej\u0173 lygi\u0173 ka\u010di\u0173 kraiko d\u0117\u017eut\u0119 su dang\u010diu. \u0160is variantas idealiai tinka vienam ar keliems katinams, pristatomas kartu su granul\u0117mis ir pagalv\u0117l\u0117mis. Spustel\u0117kite nor\u0117dami su\u017einoti daugiau!","og_url":"https:\/\/zeodeo.store\/lt\/kaciu-kraiko-dezutes\/uzdaro-tipo-kraiko-dezute-rinkinys\/","og_site_name":"Zeodeo","article_modified_time":"2024-12-06T14:00:05+00:00","og_image":[{"width":2000,"height":2000,"url":"https:\/\/zeodeo.store\/wp-content\/uploads\/2023\/05\/Obszar-kompozycji-1-kopia-2-e1726038426336.jpg","type":"image\/jpeg"}],"twitter_card":"summary_large_image","schema":{"@context":"https:\/\/schema.org","@graph":[{"@type":"WebPage","@id":"https:\/\/zeodeo.store\/lt\/kaciu-kraiko-dezutes\/uzdaro-tipo-kraiko-dezute-rinkinys\/","url":"https:\/\/zeodeo.store\/lt\/kaciu-kraiko-dezutes\/uzdaro-tipo-kraiko-dezute-rinkinys\/","name":"U\u017edaro tipo ka\u010di\u0173 tualetas \u2013 Dviej\u0173 sluoksni\u0173 sistema kat\u0117ms","isPartOf":{"@id":"https:\/\/zeodeo.store\/lt\/#website"},"primaryImageOfPage":{"@id":"https:\/\/zeodeo.store\/lt\/kaciu-kraiko-dezutes\/uzdaro-tipo-kraiko-dezute-rinkinys\/#primaryimage"},"image":{"@id":"https:\/\/zeodeo.store\/lt\/kaciu-kraiko-dezutes\/uzdaro-tipo-kraiko-dezute-rinkinys\/#primaryimage"},"thumbnailUrl":"https:\/\/zeodeo.store\/wp-content\/uploads\/2023\/05\/Obszar-kompozycji-1-kopia-2-e1726038426336.jpg","datePublished":"2023-05-13T17:04:59+00:00","dateModified":"2024-12-06T14:00:05+00:00","description":"Atraskite originali\u0105 ZeoDeo dviej\u0173 lygi\u0173 ka\u010di\u0173 kraiko d\u0117\u017eut\u0119 su dang\u010diu. \u0160is variantas idealiai tinka vienam ar keliems katinams, pristatomas kartu su granul\u0117mis ir pagalv\u0117l\u0117mis. Spustel\u0117kite nor\u0117dami su\u017einoti daugiau!","breadcrumb":{"@id":"https:\/\/zeodeo.store\/lt\/kaciu-kraiko-dezutes\/uzdaro-tipo-kraiko-dezute-rinkinys\/#breadcrumb"},"inLanguage":"lt-LT","potentialAction":[{"@type":"ReadAction","target":["https:\/\/zeodeo.store\/lt\/kaciu-kraiko-dezutes\/uzdaro-tipo-kraiko-dezute-rinkinys\/"]}]},{"@type":"ImageObject","inLanguage":"lt-LT","@id":"https:\/\/zeodeo.store\/lt\/kaciu-kraiko-dezutes\/uzdaro-tipo-kraiko-dezute-rinkinys\/#primaryimage","url":"https:\/\/zeodeo.store\/wp-content\/uploads\/2023\/05\/Obszar-kompozycji-1-kopia-2-e1726038426336.jpg","contentUrl":"https:\/\/zeodeo.store\/wp-content\/uploads\/2023\/05\/Obszar-kompozycji-1-kopia-2-e1726038426336.jpg","width":2000,"height":2000,"caption":"Unicharm-DeoToilet-Hooded-Set"},{"@type":"BreadcrumbList","@id":"https:\/\/zeodeo.store\/lt\/kaciu-kraiko-dezutes\/uzdaro-tipo-kraiko-dezute-rinkinys\/#breadcrumb","itemListElement":[{"@type":"ListItem","position":1,"name":"Home","item":"https:\/\/zeodeo.store\/lt\/"},{"@type":"ListItem","position":2,"name":"Ka\u010di\u0173 Tualetai","item":"https:\/\/zeodeo.store\/lt\/kaciu-kraiko-dezutes\/"},{"@type":"ListItem","position":3,"name":"U\u017edaro tipo ka\u010di\u0173 kraiko d\u0117\u017eut\u0117: Pradinis rinkinys"}]},{"@type":"WebSite","@id":"https:\/\/zeodeo.store\/lt\/#website","url":"https:\/\/zeodeo.store\/lt\/","name":"Zeodeo","description":"Zeolite pellets for dual layer cat litter pellets","potentialAction":[{"@type":"SearchAction","target":{"@type":"EntryPoint","urlTemplate":"https:\/\/zeodeo.store\/lt\/?s={search_term_string}"},"query-input":{"@type":"PropertyValueSpecification","valueRequired":true,"valueName":"search_term_string"}}],"inLanguage":"lt-LT"}]},"product_price_amount":"85.00","product_price_currency":"EUR","og_availability":"instock","product_availability":"instock","product_condition":"new"},"_links":{"self":[{"href":"https:\/\/zeodeo.store\/lt\/wp-json\/wp\/v2\/product\/2862"}],"collection":[{"href":"https:\/\/zeodeo.store\/lt\/wp-json\/wp\/v2\/product"}],"about":[{"href":"https:\/\/zeodeo.store\/lt\/wp-json\/wp\/v2\/types\/product"}],"wp:featuredmedia":[{"embeddable":true,"href":"https:\/\/zeodeo.store\/lt\/wp-json\/wp\/v2\/media\/5608"}],"wp:attachment":[{"href":"https:\/\/zeodeo.store\/lt\/wp-json\/wp\/v2\/media?parent=2862"}],"wp:term":[{"taxonomy":"product_cat","embeddable":true,"href":"https:\/\/zeodeo.store\/lt\/wp-json\/wp\/v2\/product_cat?post=2862"},{"taxonomy":"product_tag","embeddable":true,"href":"https:\/\/zeodeo.store\/lt\/wp-json\/wp\/v2\/product_tag?post=2862"}],"curies":[{"name":"wp","href":"https:\/\/api.w.org\/{rel}","templated":true}]}}