{"id":2176,"date":"2022-10-26T15:48:59","date_gmt":"2022-10-26T13:48:59","guid":{"rendered":"https:\/\/zeodeo.store\/privacy-policy\/"},"modified":"2022-12-06T17:39:20","modified_gmt":"2022-12-06T15:39:20","slug":"privacy-policy","status":"publish","type":"page","link":"https:\/\/zeodeo.store\/lt\/privacy-policy\/","title":{"rendered":"Privatumo politika"},"content":{"rendered":"\n<p class=\"has-small-font-size\">\u012esigaliojimo data: 2022 m. rugs\u0117jo 05 d<\/p>\n\n\n\n<p class=\"has-small-font-size\">\u201eEmako LTD\u201c (\u201emes\u201c, \u201emes\u201c arba \u201em\u016bs\u0173\u201c) valdo https:\/\/zeodeo.store\/ svetain\u0119 (toliau \u2013 \u201ePaslauga\u201c).<\/p>\n\n\n\n<p class=\"has-small-font-size\">\u0160iame puslapyje pateikiama informacija apie m\u016bs\u0173 politik\u0105, susijusi\u0105 su asmens duomen\u0173 rinkimu, naudojimu ir atskleidimu, kai naudojat\u0117s m\u016bs\u0173 paslauga, ir su tais duomenimis susietus pasirinkimus.<\/p>\n\n\n\n<p class=\"has-small-font-size\">J\u016bs\u0173 duomenis naudojame Paslaugai teikti ir tobulinti. Naudodamiesi Paslauga sutinkate su informacijos rinkimu ir naudojimu pagal \u0161i\u0105 politik\u0105. Jei \u0161ioje privatumo politikoje nenurodyta kitaip, \u0161ioje privatumo politikoje vartojamos s\u0105vokos turi tokias pa\u010dias reik\u0161mes kaip ir m\u016bs\u0173 taisykl\u0117se ir s\u0105lygose, kurias galite rasti adresu https:\/\/zeodeo.store\/<\/p>\n\n\n\n<p class=\"has-small-font-size\">Apibr\u0117\u017eimai<\/p>\n\n\n\n<p class=\"has-small-font-size\">Aptarnavimas<\/p>\n\n\n\n<p class=\"has-small-font-size\">Paslauga yra https:\/\/zeodeo.store\/ svetain\u0117, kuri\u0105 valdo Emako LTD<\/p>\n\n\n\n<p class=\"has-small-font-size\">Asmeniniai duomenys<\/p>\n\n\n\n<p class=\"has-small-font-size\">Asmens duomenys \u2013 tai duomenys apie gyv\u0105 asmen\u012f, kur\u012f galima atpa\u017einti i\u0161 t\u0173 duomen\u0173 (arba i\u0161 t\u0173 ir kitos informacijos, kuri\u0105 mes turime arba gali tur\u0117ti).<\/p>\n\n\n\n<p class=\"has-small-font-size\">Naudojimo duomenys<\/p>\n\n\n\n<p class=\"has-small-font-size\">Naudojimo duomenys yra automati\u0161kai renkami duomenys, sugeneruoti naudojant Paslaug\u0105 arba i\u0161 pa\u010dios Paslaugos infrastrukt\u016bros (pavyzd\u017eiui, apsilankymo puslapyje trukm\u0117).<\/p>\n\n\n\n<p class=\"has-small-font-size\">Slapukai<\/p>\n\n\n\n<p class=\"has-small-font-size\">Slapukai yra nedideli failai, saugomi j\u016bs\u0173 \u012frenginyje (kompiuteryje ar mobiliajame \u012frenginyje).<\/p>\n\n\n\n<p class=\"has-small-font-size\">Informacijos rinkimas ir naudojimas<\/p>\n\n\n\n<p class=\"has-small-font-size\">Mes renkame keli\u0173 skirting\u0173 tip\u0173 informacij\u0105 \u012fvairiais tikslais, kad gal\u0117tume teikti ir tobulinti savo paslaugas.<\/p>\n\n\n\n<p class=\"has-small-font-size\">Renkam\u0173 duomen\u0173 tipai<\/p>\n\n\n\n<p class=\"has-small-font-size\">Asmeniniai duomenys<\/p>\n\n\n\n<p class=\"has-small-font-size\">Naudodamiesi m\u016bs\u0173 paslauga, galime papra\u0161yti j\u016bs\u0173 pateikti tam tikr\u0105 asmen\u012f identifikuojan\u010di\u0105 informacij\u0105, kuri\u0105 b\u016bt\u0173 galima naudoti norint susisiekti su jumis arba nustatyti j\u016bs\u0173 tapatyb\u0119 (\u201eAsmens duomenys\u201c). Asmen\u012f identifikuojanti informacija gali apimti, bet tuo neapsiribojant:<\/p>\n\n\n\n<p class=\"has-small-font-size\">Elektroninio pa\u0161to adresas<\/p>\n\n\n\n<p class=\"has-small-font-size\">Vardas ir pavard\u0117<\/p>\n\n\n\n<p class=\"has-small-font-size\">Telefono numeris<\/p>\n\n\n\n<p class=\"has-small-font-size\">Adresas, valstija, provincija, pa\u0161to kodas, miestas<\/p>\n\n\n\n<p class=\"has-small-font-size\">Slapukai ir naudojimo duomenys<\/p>\n\n\n\n<p class=\"has-small-font-size\">Galime naudoti j\u016bs\u0173 Asmens duomenis nor\u0117dami susisiekti su jumis naujienlai\u0161kiais, rinkodaros ar reklamine med\u017eiaga ir kita jus dominan\u010dia informacija. Susisiek\u0119 su mumis galite atsisakyti bet kurio arba vis\u0173 \u0161i\u0173 prane\u0161im\u0173 i\u0161 m\u016bs\u0173.<\/p>\n\n\n\n<p class=\"has-small-font-size\">Naudojimo duomenys<\/p>\n\n\n\n<p class=\"has-small-font-size\">Taip pat galime rinkti informacij\u0105 apie tai, kaip Paslauga pasiekiama ir naudojama (&#8222;Naudojimo duomenys&#8221;). \u0160ie naudojimo duomenys gali apimti toki\u0105 informacij\u0105 kaip j\u016bs\u0173 kompiuterio interneto protokolo adresas (pvz., IP adresas), nar\u0161ykl\u0117s tipas, nar\u0161ykl\u0117s versija, m\u016bs\u0173 Paslaugos puslapiai, kuriuose lankot\u0117s, j\u016bs\u0173 apsilankymo laikas ir data, laikas, praleistas tuose puslapiuose, unikalus \u012frengini\u0173 identifikatoriai ir kiti diagnostikos duomenys.<\/p>\n\n\n\n<p class=\"has-small-font-size\">Galime naudoti ir saugoti informacij\u0105 apie j\u016bs\u0173 buvimo viet\u0105, jei suteikiate mums leidim\u0105 (&#8222;Vietos duomenys&#8221;). \u0160iuos duomenis naudojame savo Paslaugos funkcijoms teikti, Paslaugai tobulinti ir pritaikyti.<\/p>\n\n\n\n<p class=\"has-small-font-size\">Galite \u012fjungti arba i\u0161jungti vietos nustatymo paslaugas, kai naudojat\u0117s m\u016bs\u0173 paslauga, bet kuriuo metu naudodami savo \u012frenginio nustatymus.<\/p>\n\n\n\n<p class=\"has-small-font-size\">Steb\u0117jimo ir slapuk\u0173 duomenys<\/p>\n\n\n\n<p class=\"has-small-font-size\">Naudojame slapukus ir pana\u0161ias sekimo technologijas, kad gal\u0117tume sekti veikl\u0105 m\u016bs\u0173 Paslaugoje ir saugome tam tikr\u0105 informacij\u0105.<\/p>\n\n\n\n<p class=\"has-small-font-size\">Slapukai yra failai su nedideliu duomen\u0173 kiekiu, kurie gali tur\u0117ti anonimin\u012f unikal\u0173 identifikatori\u0173. Slapukai siun\u010diami \u012f j\u016bs\u0173 nar\u0161ykl\u0119 i\u0161 svetain\u0117s ir saugomi j\u016bs\u0173 \u012frenginyje. Taip pat naudojamos kitos sekimo technologijos, pvz., \u0161vyturiai, \u017eymos ir scenarijai informacijai rinkti ir sekti bei m\u016bs\u0173 paslaugai tobulinti ir analizuoti.<\/p>\n\n\n\n<p class=\"has-small-font-size\">Galite nurodyti savo nar\u0161yklei atsisakyti vis\u0173 slapuk\u0173 arba nurodyti, kada slapukas siun\u010diamas. Ta\u010diau jei nepriimsite slapuk\u0173, galb\u016bt negal\u0117site naudotis kai kuriomis m\u016bs\u0173 Paslaugos dalimis.<\/p>\n\n\n\n<p class=\"has-small-font-size\">M\u016bs\u0173 naudojam\u0173 slapuk\u0173 pavyzd\u017eiai:<\/p>\n\n\n\n<p class=\"has-small-font-size\">Seanso slapukai. Paslaugai teikti naudojame seanso slapukus.<\/p>\n\n\n\n<p class=\"has-small-font-size\">Pirmenybi\u0173 slapukai. Naudojame nuostat\u0173 slapukus, kad prisimintume j\u016bs\u0173 nuostatas ir \u012fvairius nustatymus.<\/p>\n\n\n\n<p class=\"has-small-font-size\">Saugumo slapukai. Saugumo tikslais naudojame saugos slapukus.<\/p>\n\n\n\n<p class=\"has-small-font-size\">Duomen\u0173 naudojimas<\/p>\n\n\n\n<p class=\"has-small-font-size\">Emako LTD naudoja surinktus duomenis \u012fvairiais tikslais:<\/p>\n\n\n\n<p class=\"has-small-font-size\">Teikti ir palaikyti m\u016bs\u0173 Paslaug\u0105<\/p>\n\n\n\n<p class=\"has-small-font-size\">Nor\u0117dami prane\u0161ti apie m\u016bs\u0173 Paslaugos pakeitimus<\/p>\n\n\n\n<p class=\"has-small-font-size\">Kad gal\u0117tum\u0117te naudotis interaktyviomis m\u016bs\u0173 Paslaugos funkcijomis, kai pasirenkate tai daryti<\/p>\n\n\n\n<p class=\"has-small-font-size\">Nor\u0117dami teikti klient\u0173 aptarnavim\u0105<\/p>\n\n\n\n<p class=\"has-small-font-size\">Rinkti analiz\u0119 ar verting\u0105 informacij\u0105, kad gal\u0117tume patobulinti savo paslaug\u0105<\/p>\n\n\n\n<p class=\"has-small-font-size\">Nor\u0117dami steb\u0117ti m\u016bs\u0173 Paslaugos naudojim\u0105<\/p>\n\n\n\n<p class=\"has-small-font-size\">Aptikti, u\u017ekirsti keli\u0105 ir spr\u0119sti technines problemas<\/p>\n\n\n\n<p class=\"has-small-font-size\">Teikti jums naujienas, specialius pasi\u016blymus ir bendr\u0105 informacij\u0105 apie kitas m\u016bs\u0173 si\u016blomas prekes, paslaugas ir renginius, pana\u0161ius \u012f tas, kurias jau \u012fsigijote ar d\u0117l kuri\u0173 teiravot\u0117s, nebent pasirinkote tokios informacijos negauti.<br>SVETAIN\u0116JE \u012eVED\u0172 DUOMEN\u0172 NAUDOJIMAS IR KONFIDENCIALUMAS<\/p>\n\n\n\n<p class=\"has-small-font-size\">UAB \u201eEmako\u201c informuoja, kad nurodydami savo elektroninio pa\u0161to adres\u0105, sutinkate, kad jis b\u016bt\u0173 \u012ftrauktas \u012f duomen\u0173 baz\u0119 ir jai i\u0161 tinklalapio b\u016bt\u0173 galima si\u0173sti \u017einut\u0119\/priminim\u0105 apie prad\u0117tus, bet dar ne\u012fvykdytus preki\u0173 u\u017esakymus. www.Zeodeo.store<\/p>\n\n\n\n<p class=\"has-small-font-size\">Naudodamiesi internetine parduotuve sutinkate, kad UAB &#8222;Emako&#8221; ar bet kuris kitas tre\u010diasis asmuo, veikiantis UAB &#8222;Emako&#8221; vardu, gali rinkti ir saugoti duomenis, kurie leis sekti ir pasirinkti:<br>bendras svetain\u0117s lankytoj\u0173 skai\u010dius,<\/p>\n\n\n\n<p class=\"has-small-font-size\">kiekvienos atskiros svetain\u0117s skilties lankytoj\u0173 skai\u010dius,<\/p>\n\n\n\n<p class=\"has-small-font-size\">lankytojus aptarnavusi\u0173 interneto tiek\u0117j\u0173 domeno vardai UAB \u201eEmako\u201c,<\/p>\n\n\n\n<p class=\"has-small-font-size\">IP adresai,<\/p>\n\n\n\n<p class=\"has-small-font-size\">kitus duomenis, kuri\u0173 naudojimo tikslas yra sistemos administravimas, taip pat steb\u0117ti naudojim\u0105 ir geriau organizuoti svetain\u0119 www.Zeodeo.store<\/p>\n\n\n\n<p class=\"has-small-font-size\">UAB \u201eEmako\u201c nesieja vartotojo IP adreso ir el. pa\u0161to su duomenimis, leid\u017eian\u010diais identifikuoti \u0161\u012f vartotoj\u0105. Tai rei\u0161kia, kad kiekvieno vartotojo sesija registruojama, ta\u010diau svetain\u0117s vartotojas i\u0161lieka anonimi\u0161kas.<br>Visa med\u017eiaga, kuri siun\u010diama ar \u012fvedama \u012f Internetin\u0119 parduotuv\u0119, tampa UAB \u201eEmako\u201c nuosavybe, kuri\u0105 UAB \u201eEmako\u201c kaip Internetin\u0117s parduotuv\u0117s savininkas turi teis\u0119 naudoti asmeniniams poreikiams, i\u0161skyrus asmen\u0173 duomenis.<\/p>\n\n\n\n<p class=\"has-small-font-size\">Duomen\u0173 perdavimas<\/p>\n\n\n\n<p class=\"has-small-font-size\">J\u016bs\u0173 informacija, \u012fskaitant Asmens duomenis, gali b\u016bti perduota ir tvarkoma kompiuteriuose, esan\u010diuose u\u017e j\u016bs\u0173 valstijos, provincijos, \u0161alies ar kitos vyriausybin\u0117s jurisdikcijos rib\u0173, kur duomen\u0173 apsaugos \u012fstatymai gali skirtis nuo j\u016bs\u0173 jurisdikcijos \u012fstatym\u0173.<\/p>\n\n\n\n<p class=\"has-small-font-size\">Jei esate ne Latvijoje ir pasirenkate mums teikti informacij\u0105, atkreipkite d\u0117mes\u012f, kad duomenis, \u012fskaitant Asmens duomenis, perduodame \u012f Latvij\u0105 ir ten tvarkome.<\/p>\n\n\n\n<p class=\"has-small-font-size\">J\u016bs\u0173 sutikimas su \u0161ia privatumo politika ir tokios informacijos pateikimas rei\u0161kia j\u016bs\u0173 sutikim\u0105 su tokiu perdavimu.<\/p>\n\n\n\n<p class=\"has-small-font-size\">\u201eEmako LTD\u201c imsis vis\u0173 pagr\u012fstai reikaling\u0173 veiksm\u0173, kad u\u017etikrint\u0173, jog j\u016bs\u0173 duomenys b\u016bt\u0173 tvarkomi saugiai ir laikantis \u0161ios privatumo politikos, o j\u016bs\u0173 asmens duomenys nebus perduoti organizacijai ar \u0161aliai, nebent bus taikomos tinkamos kontrol\u0117s priemon\u0117s, \u012fskaitant saugum\u0105. savo duomenis ir kit\u0105 asmenin\u0119 informacij\u0105.<\/p>\n\n\n\n<p class=\"has-small-font-size\">Duomen\u0173 atskleidimas<\/p>\n\n\n\n<p class=\"has-small-font-size\">Teis\u0117ti reikalavimai<\/p>\n\n\n\n<p class=\"has-small-font-size\">\u201eEmako LTD\u201c gali atskleisti j\u016bs\u0173 Asmens duomenis, s\u0105\u017einingai manydama, kad toks veiksmas yra b\u016btinas siekiant:<\/p>\n\n\n\n<p class=\"has-small-font-size\">Vykdyti teisin\u0119 prievol\u0119<\/p>\n\n\n\n<p class=\"has-small-font-size\">Apsaugoti ir ginti Emako LTD teises ar nuosavyb\u0119<\/p>\n\n\n\n<p class=\"has-small-font-size\">Siekiant u\u017ekirsti keli\u0105 galimiems su Paslauga susijusiems pa\u017eeidimams arba juos i\u0161tirti<\/p>\n\n\n\n<p class=\"has-small-font-size\">Siekiant apsaugoti asmenin\u012f Paslaugos vartotoj\u0173 ar visuomen\u0117s saugum\u0105<\/p>\n\n\n\n<p class=\"has-small-font-size\">Apsaugoti nuo teisin\u0117s atsakomyb\u0117s<\/p>\n\n\n\n<p class=\"has-small-font-size\">Duomen\u0173 saugumas<\/p>\n\n\n\n<p class=\"has-small-font-size\">J\u016bs\u0173 duomen\u0173 saugumas mums yra svarbus, ta\u010diau atminkite, kad joks perdavimo internetu b\u016bdas ar elektroninio saugojimo b\u016bdas n\u0117ra 100% saugus. Nors stengiam\u0117s naudoti komerci\u0161kai priimtinas priemones j\u016bs\u0173 Asmens duomenims apsaugoti, negalime garantuoti visi\u0161ko j\u0173 saugumo.<\/p>\n\n\n\n<p class=\"has-small-font-size\">Paslaug\u0173 tiek\u0117jai<\/p>\n\n\n\n<p class=\"has-small-font-size\">Mes galime \u012fdarbinti tre\u010di\u0173j\u0173 \u0161ali\u0173 \u012fmones ir asmenis, kad palengvintume m\u016bs\u0173 Paslaug\u0105 (\u201ePaslaug\u0173 teik\u0117jai\u201c), teikt\u0173 Paslaug\u0105 m\u016bs\u0173 vardu, atliktume su Paslauga susijusias paslaugas arba pad\u0117t\u0173 mums analizuoti, kaip naudojama m\u016bs\u0173 Paslauga.<\/p>\n\n\n\n<p class=\"has-small-font-size\">\u0160ios tre\u010diosios \u0161alys turi prieig\u0105 prie j\u016bs\u0173 Asmens duomen\u0173 tik tam, kad atlikt\u0173 \u0161ias u\u017eduotis m\u016bs\u0173 vardu, ir yra \u012fpareigotos j\u0173 neatskleisti ir nenaudoti jokiais kitais tikslais.<\/p>\n\n\n\n<p class=\"has-small-font-size\">Elgesio pakartotin\u0117 rinkodara<\/p>\n\n\n\n<p class=\"has-small-font-size\">\u201eEmako LTD\u201c naudoja pakartotin\u0117s rinkodaros paslaugas, kad reklamuot\u0173 jus tre\u010di\u0173j\u0173 \u0161ali\u0173 svetain\u0117se po to, kai apsilank\u0117te m\u016bs\u0173 Paslaugoje. Mes ir m\u016bs\u0173 tre\u010di\u0173j\u0173 \u0161ali\u0173 pardav\u0117jai naudojame slapukus informuoti, optimizuoti ir teikti skelbimus pagal j\u016bs\u0173 ankstesnius apsilankymus m\u016bs\u0173 Paslaugoje.<\/p>\n\n\n\n<p class=\"has-small-font-size\">\u201eGoogle Ads\u201c (\u201eAdWords\u201c)<\/p>\n\n\n\n<p class=\"has-small-font-size\">Google Ads (AdWords) pakartotin\u0117s rinkodaros paslaug\u0105 teikia Google Inc.<\/p>\n\n\n\n<p class=\"has-small-font-size\">Galite atsisakyti \u201eGoogle Analytics\u201c vaizdo reklamavimui ir tinkinti \u201eGoogle\u201c vaizdin\u0117s reklamos tinklo skelbimus apsilank\u0119 \u201eGoogle\u201c skelbim\u0173 nustatym\u0173 puslapyje: http:\/\/www.google.com\/settings\/ads<\/p>\n\n\n\n<p class=\"has-small-font-size\">\u201eGoogle\u201c taip pat rekomenduoja savo \u017einiatinklio nar\u0161ykl\u0117je \u012fdiegti \u201eGoogle Analytics\u201c atsisakymo nar\u0161ykl\u0117s pried\u0105 \u2013 https:\/\/tools.google.com\/dlpage\/gaoptout. \u201eGoogle Analytics\u201c atsisakymo nar\u0161ykl\u0117s priedas suteikia lankytojams galimyb\u0119 neleisti j\u0173 duomen\u0173 rinkti ir naudoti \u201eGoogle Analytics\u201c.<\/p>\n\n\n\n<p class=\"has-small-font-size\">Nor\u0117dami gauti daugiau informacijos apie \u201eGoogle\u201c privatumo praktik\u0105, apsilankykite \u201eGoogle\u201c privatumo ir s\u0105lyg\u0173 tinklalapyje: https:\/\/policies.google.com\/privacy?hl=lt<\/p>\n\n\n\n<p class=\"has-small-font-size\">Facebook<\/p>\n\n\n\n<p class=\"has-small-font-size\">Facebook pakartotin\u0117s rinkodaros paslaug\u0105 teikia Facebook Inc.<\/p>\n\n\n\n<p class=\"has-small-font-size\">Daugiau apie \u201eFacebook\u201c reklamavim\u0105 pagal interesus galite su\u017einoti apsilank\u0119 \u0161iame puslapyje: https:\/\/www.facebook.com\/help\/164968693837950<\/p>\n\n\n\n<p class=\"has-small-font-size\">Nor\u0117dami atsisakyti \u201eFacebook\u201c skelbim\u0173 pagal interesus, vadovaukit\u0117s \u0161iomis \u201eFacebook\u201c instrukcijomis: https:\/\/www.facebook.com\/help\/568137493302217<\/p>\n\n\n\n<p class=\"has-small-font-size\">\u201eFacebook\u201c laikosi \u201eDigital Advertising Alliance\u201c nustatyt\u0173 internetin\u0117s reklamos pagal elges\u012f savireguliavimo princip\u0173. Taip pat galite atsisakyti \u201eFacebook\u201c ir kit\u0173 dalyvaujan\u010di\u0173 \u012fmoni\u0173 per Skaitmenin\u0117s reklamos aljans\u0105 JAV http:\/\/www.aboutads.info\/choices\/, Kanados skaitmenin\u0117s reklamos aljans\u0105 Kanadoje http:\/\/youradchoices.ca\/ arba Europos interaktyvios skaitmenin\u0117s reklamos aljanso Europoje http:\/\/www.youronlinechoices.eu\/ arba atsisakykite naudodami mobiliojo \u012frenginio nustatymus.<\/p>\n\n\n\n<p class=\"has-small-font-size\">Nor\u0117dami gauti daugiau informacijos apie \u201eFacebook\u201c privatumo praktik\u0105, apsilankykite \u201eFacebook\u201c duomen\u0173 politikoje: https:\/\/www.facebook.com\/privacy\/explanation<\/p>\n\n\n\n<p class=\"has-small-font-size\">Paslaug\u0173 tiek\u0117jai<\/p>\n\n\n\n<p class=\"has-small-font-size\">Mes \u012fdarbiname tre\u010di\u0173j\u0173 \u0161ali\u0173 \u012fmones ir asmenis, kad palengvintume m\u016bs\u0173 svetain\u0119 (\u201ePaslaug\u0173 teik\u0117jai\u201c), kad m\u016bs\u0173 vardu teikt\u0173 m\u016bs\u0173 svetain\u0119, teikt\u0173 su svetaine susijusias paslaugas arba pad\u0117t\u0173 mums analizuoti, kaip naudojama m\u016bs\u0173 svetain\u0117. \u0160ios tre\u010diosios \u0161alys turi prieig\u0105 prie j\u016bs\u0173 asmenin\u0117s informacijos tik tam, kad atlikt\u0173 \u0161ias u\u017eduotis m\u016bs\u0173 vardu, ir yra \u012fpareigotos jos neatskleisti ir nenaudoti jokiais kitais tikslais.<\/p>\n\n\n\n<p class=\"has-small-font-size\">Analiz\u0117<\/p>\n\n\n\n<p class=\"has-small-font-size\">\u201eGoogle Analytics\u201c yra \u201eGoogle\u201c si\u016bloma \u017einiatinklio analiz\u0117s paslauga, kuri stebi ir teikia ataskaitas apie svetain\u0117s sraut\u0105. \u201eGoogle\u201c naudoja surinktus duomenis m\u016bs\u0173 Paslaugos naudojimui steb\u0117ti ir steb\u0117ti. \u0160ie duomenys bendrinami su kitomis \u201eGoogle\u201c paslaugomis. \u201eGoogle\u201c gali naudoti surinktus duomenis kontekstualizuoti ir suasmeninti savo reklamos tinklo skelbimus.<\/p>\n\n\n\n<p class=\"has-small-font-size\">\u012edieg\u0119 Google Analytics atsisakymo nar\u0161ykl\u0117s pried\u0105, galite atsisakyti, kad j\u016bs\u0173 veikla Paslaugoje b\u016bt\u0173 prieinama Google Analytics. Priedas neleid\u017eia \u201eGoogle Analytics JavaScript\u201c (ga.js, analytics.js ir dc.js) dalytis informacija apie apsilankym\u0173 veikl\u0105 su \u201eGoogle Analytics\u201c.<\/p>\n\n\n\n<p class=\"has-small-font-size\">Nor\u0117dami gauti daugiau informacijos apie \u201eGoogle\u201c privatumo praktik\u0105, apsilankykite \u201eGoogle\u201c privatumo ir s\u0105lyg\u0173 tinklalapyje: http:\/\/www.google.com\/intl\/en\/policies\/privacy\/<\/p>\n\n\n\n<p class=\"has-small-font-size\">Mok\u0117jim\u0173 tvarkytojai<\/p>\n\n\n\n<p class=\"has-small-font-size\">Savo svetain\u0117je teikiame mokamus produktus ir (arba) paslaugas. Tokiu atveju mok\u0117jimams apdoroti naudojame tre\u010di\u0173j\u0173 \u0161ali\u0173 paslaugas (pvz., mok\u0117jim\u0173 tvarkytojus).<\/p>\n\n\n\n<p class=\"has-small-font-size\">Mes nesaugosime ir nerinksime j\u016bs\u0173 mok\u0117jimo kortel\u0117s duomen\u0173. \u0160i informacija teikiama tiesiogiai m\u016bs\u0173 tre\u010di\u0173j\u0173 \u0161ali\u0173 mok\u0117jim\u0173 tvarkytojams, kuri\u0173 j\u016bs\u0173 asmenin\u0117s informacijos naudojim\u0105 reglamentuoja j\u0173 privatumo politika. \u0160ie mok\u0117jim\u0173 procesoriai laikosi PCI-DSS nustatyt\u0173 standart\u0173, kuriuos tvarko PCI saugumo standart\u0173 taryba.<\/p>\n","protected":false},"excerpt":{"rendered":"<p>\u012esigaliojimo data: 2022 m. rugs\u0117jo 05 d \u201eEmako LTD\u201c (\u201emes\u201c, \u201emes\u201c arba \u201em\u016bs\u0173\u201c) valdo https:\/\/zeodeo.store\/ svetain\u0119 (toliau \u2013 \u201ePaslauga\u201c). \u0160iame puslapyje pateikiama informacija apie m\u016bs\u0173 politik\u0105, susijusi\u0105 su asmens duomen\u0173 rinkimu, naudojimu ir atskleidimu, kai naudojat\u0117s m\u016bs\u0173 paslauga, ir su tais duomenimis susietus pasirinkimus. J\u016bs\u0173 duomenis naudojame Paslaugai teikti ir tobulinti. Naudodamiesi Paslauga sutinkate su informacijos rinkimu ir naudojimu pagal \u0161i\u0105 politik\u0105. Jei \u0161ioje privatumo politikoje nenurodyta kitaip, \u0161ioje privatumo politikoje vartojamos s\u0105vokos turi tokias pa\u010dias reik\u0161mes kaip ir m\u016bs\u0173 taisykl\u0117se ir s\u0105lygose, kurias&hellip;<\/p>\n","protected":false},"author":1,"featured_media":0,"parent":0,"menu_order":0,"comment_status":"closed","ping_status":"closed","template":"","meta":{"footnotes":""},"yoast_head":"<!-- This site is optimized with the Yoast SEO Premium plugin v22.2 (Yoast SEO v23.5) - https:\/\/yoast.com\/wordpress\/plugins\/seo\/ -->\n<title>Privatumo politika - Zeodeo<\/title>\n<meta name=\"robots\" content=\"index, follow, max-snippet:-1, max-image-preview:large, max-video-preview:-1\" \/>\n<link rel=\"canonical\" href=\"https:\/\/zeodeo.store\/lt\/privacy-policy\/\" \/>\n<meta property=\"og:locale\" content=\"lt_LT\" \/>\n<meta property=\"og:type\" content=\"article\" \/>\n<meta property=\"og:title\" content=\"Privatumo politika\" \/>\n<meta property=\"og:description\" content=\"\u012esigaliojimo data: 2022 m. rugs\u0117jo 05 d \u201eEmako LTD\u201c (\u201emes\u201c, \u201emes\u201c arba \u201em\u016bs\u0173\u201c) valdo https:\/\/zeodeo.store\/ svetain\u0119 (toliau \u2013 \u201ePaslauga\u201c). \u0160iame puslapyje pateikiama informacija apie m\u016bs\u0173 politik\u0105, susijusi\u0105 su asmens duomen\u0173 rinkimu, naudojimu ir atskleidimu, kai naudojat\u0117s m\u016bs\u0173 paslauga, ir su tais duomenimis susietus pasirinkimus. J\u016bs\u0173 duomenis naudojame Paslaugai teikti ir tobulinti. Naudodamiesi Paslauga sutinkate su informacijos rinkimu ir naudojimu pagal \u0161i\u0105 politik\u0105. Jei \u0161ioje privatumo politikoje nenurodyta kitaip, \u0161ioje privatumo politikoje vartojamos s\u0105vokos turi tokias pa\u010dias reik\u0161mes kaip ir m\u016bs\u0173 taisykl\u0117se ir s\u0105lygose, kurias&hellip;\" \/>\n<meta property=\"og:url\" content=\"https:\/\/zeodeo.store\/lt\/privacy-policy\/\" \/>\n<meta property=\"og:site_name\" content=\"Zeodeo\" \/>\n<meta property=\"article:modified_time\" content=\"2022-12-06T15:39:20+00:00\" \/>\n<meta name=\"twitter:card\" content=\"summary_large_image\" \/>\n<script type=\"application\/ld+json\" class=\"yoast-schema-graph\">{\"@context\":\"https:\/\/schema.org\",\"@graph\":[{\"@type\":\"WebPage\",\"@id\":\"https:\/\/zeodeo.store\/lt\/privacy-policy\/\",\"url\":\"https:\/\/zeodeo.store\/lt\/privacy-policy\/\",\"name\":\"Privatumo politika - Zeodeo\",\"isPartOf\":{\"@id\":\"https:\/\/zeodeo.store\/lt\/#website\"},\"datePublished\":\"2022-10-26T13:48:59+00:00\",\"dateModified\":\"2022-12-06T15:39:20+00:00\",\"breadcrumb\":{\"@id\":\"https:\/\/zeodeo.store\/lt\/privacy-policy\/#breadcrumb\"},\"inLanguage\":\"lt-LT\",\"potentialAction\":[{\"@type\":\"ReadAction\",\"target\":[\"https:\/\/zeodeo.store\/lt\/privacy-policy\/\"]}]},{\"@type\":\"BreadcrumbList\",\"@id\":\"https:\/\/zeodeo.store\/lt\/privacy-policy\/#breadcrumb\",\"itemListElement\":[{\"@type\":\"ListItem\",\"position\":1,\"name\":\"Home\",\"item\":\"https:\/\/zeodeo.store\/lt\/\"},{\"@type\":\"ListItem\",\"position\":2,\"name\":\"Privatumo politika\"}]},{\"@type\":\"WebSite\",\"@id\":\"https:\/\/zeodeo.store\/lt\/#website\",\"url\":\"https:\/\/zeodeo.store\/lt\/\",\"name\":\"Zeodeo\",\"description\":\"Zeolite pellets for dual layer cat litter pellets\",\"potentialAction\":[{\"@type\":\"SearchAction\",\"target\":{\"@type\":\"EntryPoint\",\"urlTemplate\":\"https:\/\/zeodeo.store\/lt\/?s={search_term_string}\"},\"query-input\":{\"@type\":\"PropertyValueSpecification\",\"valueRequired\":true,\"valueName\":\"search_term_string\"}}],\"inLanguage\":\"lt-LT\"}]}<\/script>\n<!-- \/ Yoast SEO Premium plugin. -->","yoast_head_json":{"title":"Privatumo politika - Zeodeo","robots":{"index":"index","follow":"follow","max-snippet":"max-snippet:-1","max-image-preview":"max-image-preview:large","max-video-preview":"max-video-preview:-1"},"canonical":"https:\/\/zeodeo.store\/lt\/privacy-policy\/","og_locale":"lt_LT","og_type":"article","og_title":"Privatumo politika","og_description":"\u012esigaliojimo data: 2022 m. rugs\u0117jo 05 d \u201eEmako LTD\u201c (\u201emes\u201c, \u201emes\u201c arba \u201em\u016bs\u0173\u201c) valdo https:\/\/zeodeo.store\/ svetain\u0119 (toliau \u2013 \u201ePaslauga\u201c). \u0160iame puslapyje pateikiama informacija apie m\u016bs\u0173 politik\u0105, susijusi\u0105 su asmens duomen\u0173 rinkimu, naudojimu ir atskleidimu, kai naudojat\u0117s m\u016bs\u0173 paslauga, ir su tais duomenimis susietus pasirinkimus. J\u016bs\u0173 duomenis naudojame Paslaugai teikti ir tobulinti. Naudodamiesi Paslauga sutinkate su informacijos rinkimu ir naudojimu pagal \u0161i\u0105 politik\u0105. Jei \u0161ioje privatumo politikoje nenurodyta kitaip, \u0161ioje privatumo politikoje vartojamos s\u0105vokos turi tokias pa\u010dias reik\u0161mes kaip ir m\u016bs\u0173 taisykl\u0117se ir s\u0105lygose, kurias&hellip;","og_url":"https:\/\/zeodeo.store\/lt\/privacy-policy\/","og_site_name":"Zeodeo","article_modified_time":"2022-12-06T15:39:20+00:00","twitter_card":"summary_large_image","schema":{"@context":"https:\/\/schema.org","@graph":[{"@type":"WebPage","@id":"https:\/\/zeodeo.store\/lt\/privacy-policy\/","url":"https:\/\/zeodeo.store\/lt\/privacy-policy\/","name":"Privatumo politika - Zeodeo","isPartOf":{"@id":"https:\/\/zeodeo.store\/lt\/#website"},"datePublished":"2022-10-26T13:48:59+00:00","dateModified":"2022-12-06T15:39:20+00:00","breadcrumb":{"@id":"https:\/\/zeodeo.store\/lt\/privacy-policy\/#breadcrumb"},"inLanguage":"lt-LT","potentialAction":[{"@type":"ReadAction","target":["https:\/\/zeodeo.store\/lt\/privacy-policy\/"]}]},{"@type":"BreadcrumbList","@id":"https:\/\/zeodeo.store\/lt\/privacy-policy\/#breadcrumb","itemListElement":[{"@type":"ListItem","position":1,"name":"Home","item":"https:\/\/zeodeo.store\/lt\/"},{"@type":"ListItem","position":2,"name":"Privatumo politika"}]},{"@type":"WebSite","@id":"https:\/\/zeodeo.store\/lt\/#website","url":"https:\/\/zeodeo.store\/lt\/","name":"Zeodeo","description":"Zeolite pellets for dual layer cat litter pellets","potentialAction":[{"@type":"SearchAction","target":{"@type":"EntryPoint","urlTemplate":"https:\/\/zeodeo.store\/lt\/?s={search_term_string}"},"query-input":{"@type":"PropertyValueSpecification","valueRequired":true,"valueName":"search_term_string"}}],"inLanguage":"lt-LT"}]}},"_links":{"self":[{"href":"https:\/\/zeodeo.store\/lt\/wp-json\/wp\/v2\/pages\/2176"}],"collection":[{"href":"https:\/\/zeodeo.store\/lt\/wp-json\/wp\/v2\/pages"}],"about":[{"href":"https:\/\/zeodeo.store\/lt\/wp-json\/wp\/v2\/types\/page"}],"author":[{"embeddable":true,"href":"https:\/\/zeodeo.store\/lt\/wp-json\/wp\/v2\/users\/1"}],"replies":[{"embeddable":true,"href":"https:\/\/zeodeo.store\/lt\/wp-json\/wp\/v2\/comments?post=2176"}],"version-history":[{"count":4,"href":"https:\/\/zeodeo.store\/lt\/wp-json\/wp\/v2\/pages\/2176\/revisions"}],"predecessor-version":[{"id":2368,"href":"https:\/\/zeodeo.store\/lt\/wp-json\/wp\/v2\/pages\/2176\/revisions\/2368"}],"wp:attachment":[{"href":"https:\/\/zeodeo.store\/lt\/wp-json\/wp\/v2\/media?parent=2176"}],"curies":[{"name":"wp","href":"https:\/\/api.w.org\/{rel}","templated":true}]}}