{"id":2149,"date":"2022-10-26T15:48:20","date_gmt":"2022-10-26T13:48:20","guid":{"rendered":"https:\/\/zeodeo.store\/mokejimo-budas\/"},"modified":"2022-11-17T14:00:02","modified_gmt":"2022-11-17T12:00:02","slug":"mokejimo-budas","status":"publish","type":"page","link":"https:\/\/zeodeo.store\/lt\/mokejimo-budas\/","title":{"rendered":"Mok\u0117jimo b\u016bdas"},"content":{"rendered":"\n<p>U\u017esakymui galite pasirinkti mok\u0117jimo b\u016bd\u0105.<\/p>\n\n<p>1 b\u016bdas) Paysera (mok\u0117kite naudodami Visa arba MasterCard, Maestro, BankLink)<\/p>\n\n<p><img loading=\"lazy\" decoding=\"async\" width=\"100\" height=\"32\" class=\"wp-image-1448\" style=\"width: 100px;\" src=\"https:\/\/zeodeo.store\/wp-content\/uploads\/2022\/11\/visa.png\" alt=\"\"\/> <img loading=\"lazy\" decoding=\"async\" width=\"73\" height=\"51\" class=\"wp-image-1446\" style=\"width: 73px;\" src=\"https:\/\/zeodeo.store\/wp-content\/uploads\/2022\/11\/mastercard-1.png\" alt=\"\"\/> <img loading=\"lazy\" decoding=\"async\" width=\"203\" height=\"47\" class=\"wp-image-1447\" style=\"width: 150px;\" src=\"https:\/\/zeodeo.store\/wp-content\/uploads\/2022\/11\/paysera.png\" alt=\"\" srcset=\"https:\/\/zeodeo.store\/wp-content\/uploads\/2022\/11\/paysera.png 203w, https:\/\/zeodeo.store\/wp-content\/uploads\/2022\/11\/paysera-142x33.png 142w\" sizes=\"(max-width: 203px) 100vw, 203px\" \/><\/p>\n\n<p>2 b\u016bdas) Susisiekite su mumis ir papra\u0161ykite s\u0105skaitos fakt\u016bros el. pa\u0161tu.<\/p>\n\n<p><img loading=\"lazy\" decoding=\"async\" width=\"322\" height=\"144\" class=\"wp-image-1450\" style=\"width: 150px;\" src=\"https:\/\/zeodeo.store\/wp-content\/uploads\/2022\/11\/images.png\" alt=\"\" srcset=\"https:\/\/zeodeo.store\/wp-content\/uploads\/2022\/11\/images.png 322w, https:\/\/zeodeo.store\/wp-content\/uploads\/2022\/11\/images-142x64.png 142w, https:\/\/zeodeo.store\/wp-content\/uploads\/2022\/11\/images-119x53.png 119w\" sizes=\"(max-width: 322px) 100vw, 322px\" \/><\/p>\n\n<p><\/p>\n","protected":false},"excerpt":{"rendered":"<p>U\u017esakymui galite pasirinkti mok\u0117jimo b\u016bd\u0105. 1 b\u016bdas) Paysera (mok\u0117kite naudodami Visa arba MasterCard, Maestro, BankLink) 2 b\u016bdas) Susisiekite su mumis ir papra\u0161ykite s\u0105skaitos fakt\u016bros el. pa\u0161tu.<\/p>\n","protected":false},"author":1,"featured_media":0,"parent":0,"menu_order":0,"comment_status":"closed","ping_status":"closed","template":"","meta":{"footnotes":""},"yoast_head":"<!-- This site is optimized with the Yoast SEO Premium plugin v22.2 (Yoast SEO v23.5) - https:\/\/yoast.com\/wordpress\/plugins\/seo\/ -->\n<title>Mok\u0117jimo b\u016bdas - Zeodeo<\/title>\n<meta name=\"robots\" content=\"index, follow, max-snippet:-1, max-image-preview:large, max-video-preview:-1\" \/>\n<link rel=\"canonical\" href=\"https:\/\/zeodeo.store\/lt\/mokejimo-budas\/\" \/>\n<meta property=\"og:locale\" content=\"lt_LT\" \/>\n<meta property=\"og:type\" content=\"article\" \/>\n<meta property=\"og:title\" content=\"Mok\u0117jimo b\u016bdas\" \/>\n<meta property=\"og:description\" content=\"U\u017esakymui galite pasirinkti mok\u0117jimo b\u016bd\u0105. 1 b\u016bdas) Paysera (mok\u0117kite naudodami Visa arba MasterCard, Maestro, BankLink) 2 b\u016bdas) Susisiekite su mumis ir papra\u0161ykite s\u0105skaitos fakt\u016bros el. pa\u0161tu.\" \/>\n<meta property=\"og:url\" content=\"https:\/\/zeodeo.store\/lt\/mokejimo-budas\/\" \/>\n<meta property=\"og:site_name\" content=\"Zeodeo\" \/>\n<meta property=\"article:modified_time\" content=\"2022-11-17T12:00:02+00:00\" \/>\n<meta property=\"og:image\" content=\"https:\/\/zeodeo.store\/wp-content\/uploads\/2022\/11\/visa.png\" \/>\n<meta name=\"twitter:card\" content=\"summary_large_image\" \/>\n<script type=\"application\/ld+json\" class=\"yoast-schema-graph\">{\"@context\":\"https:\/\/schema.org\",\"@graph\":[{\"@type\":\"WebPage\",\"@id\":\"https:\/\/zeodeo.store\/lt\/mokejimo-budas\/\",\"url\":\"https:\/\/zeodeo.store\/lt\/mokejimo-budas\/\",\"name\":\"Mok\u0117jimo b\u016bdas - Zeodeo\",\"isPartOf\":{\"@id\":\"https:\/\/zeodeo.store\/lt\/#website\"},\"primaryImageOfPage\":{\"@id\":\"https:\/\/zeodeo.store\/lt\/mokejimo-budas\/#primaryimage\"},\"image\":{\"@id\":\"https:\/\/zeodeo.store\/lt\/mokejimo-budas\/#primaryimage\"},\"thumbnailUrl\":\"https:\/\/zeodeo.store\/wp-content\/uploads\/2022\/11\/visa.png\",\"datePublished\":\"2022-10-26T13:48:20+00:00\",\"dateModified\":\"2022-11-17T12:00:02+00:00\",\"breadcrumb\":{\"@id\":\"https:\/\/zeodeo.store\/lt\/mokejimo-budas\/#breadcrumb\"},\"inLanguage\":\"lt-LT\",\"potentialAction\":[{\"@type\":\"ReadAction\",\"target\":[\"https:\/\/zeodeo.store\/lt\/mokejimo-budas\/\"]}]},{\"@type\":\"ImageObject\",\"inLanguage\":\"lt-LT\",\"@id\":\"https:\/\/zeodeo.store\/lt\/mokejimo-budas\/#primaryimage\",\"url\":\"https:\/\/zeodeo.store\/wp-content\/uploads\/2022\/11\/visa.png\",\"contentUrl\":\"https:\/\/zeodeo.store\/wp-content\/uploads\/2022\/11\/visa.png\"},{\"@type\":\"BreadcrumbList\",\"@id\":\"https:\/\/zeodeo.store\/lt\/mokejimo-budas\/#breadcrumb\",\"itemListElement\":[{\"@type\":\"ListItem\",\"position\":1,\"name\":\"Home\",\"item\":\"https:\/\/zeodeo.store\/lt\/\"},{\"@type\":\"ListItem\",\"position\":2,\"name\":\"Mok\u0117jimo b\u016bdas\"}]},{\"@type\":\"WebSite\",\"@id\":\"https:\/\/zeodeo.store\/lt\/#website\",\"url\":\"https:\/\/zeodeo.store\/lt\/\",\"name\":\"Zeodeo\",\"description\":\"Zeolite pellets for dual layer cat litter pellets\",\"potentialAction\":[{\"@type\":\"SearchAction\",\"target\":{\"@type\":\"EntryPoint\",\"urlTemplate\":\"https:\/\/zeodeo.store\/lt\/?s={search_term_string}\"},\"query-input\":{\"@type\":\"PropertyValueSpecification\",\"valueRequired\":true,\"valueName\":\"search_term_string\"}}],\"inLanguage\":\"lt-LT\"}]}<\/script>\n<!-- \/ Yoast SEO Premium plugin. -->","yoast_head_json":{"title":"Mok\u0117jimo b\u016bdas - Zeodeo","robots":{"index":"index","follow":"follow","max-snippet":"max-snippet:-1","max-image-preview":"max-image-preview:large","max-video-preview":"max-video-preview:-1"},"canonical":"https:\/\/zeodeo.store\/lt\/mokejimo-budas\/","og_locale":"lt_LT","og_type":"article","og_title":"Mok\u0117jimo b\u016bdas","og_description":"U\u017esakymui galite pasirinkti mok\u0117jimo b\u016bd\u0105. 1 b\u016bdas) Paysera (mok\u0117kite naudodami Visa arba MasterCard, Maestro, BankLink) 2 b\u016bdas) Susisiekite su mumis ir papra\u0161ykite s\u0105skaitos fakt\u016bros el. pa\u0161tu.","og_url":"https:\/\/zeodeo.store\/lt\/mokejimo-budas\/","og_site_name":"Zeodeo","article_modified_time":"2022-11-17T12:00:02+00:00","og_image":[{"url":"https:\/\/zeodeo.store\/wp-content\/uploads\/2022\/11\/visa.png"}],"twitter_card":"summary_large_image","schema":{"@context":"https:\/\/schema.org","@graph":[{"@type":"WebPage","@id":"https:\/\/zeodeo.store\/lt\/mokejimo-budas\/","url":"https:\/\/zeodeo.store\/lt\/mokejimo-budas\/","name":"Mok\u0117jimo b\u016bdas - Zeodeo","isPartOf":{"@id":"https:\/\/zeodeo.store\/lt\/#website"},"primaryImageOfPage":{"@id":"https:\/\/zeodeo.store\/lt\/mokejimo-budas\/#primaryimage"},"image":{"@id":"https:\/\/zeodeo.store\/lt\/mokejimo-budas\/#primaryimage"},"thumbnailUrl":"https:\/\/zeodeo.store\/wp-content\/uploads\/2022\/11\/visa.png","datePublished":"2022-10-26T13:48:20+00:00","dateModified":"2022-11-17T12:00:02+00:00","breadcrumb":{"@id":"https:\/\/zeodeo.store\/lt\/mokejimo-budas\/#breadcrumb"},"inLanguage":"lt-LT","potentialAction":[{"@type":"ReadAction","target":["https:\/\/zeodeo.store\/lt\/mokejimo-budas\/"]}]},{"@type":"ImageObject","inLanguage":"lt-LT","@id":"https:\/\/zeodeo.store\/lt\/mokejimo-budas\/#primaryimage","url":"https:\/\/zeodeo.store\/wp-content\/uploads\/2022\/11\/visa.png","contentUrl":"https:\/\/zeodeo.store\/wp-content\/uploads\/2022\/11\/visa.png"},{"@type":"BreadcrumbList","@id":"https:\/\/zeodeo.store\/lt\/mokejimo-budas\/#breadcrumb","itemListElement":[{"@type":"ListItem","position":1,"name":"Home","item":"https:\/\/zeodeo.store\/lt\/"},{"@type":"ListItem","position":2,"name":"Mok\u0117jimo b\u016bdas"}]},{"@type":"WebSite","@id":"https:\/\/zeodeo.store\/lt\/#website","url":"https:\/\/zeodeo.store\/lt\/","name":"Zeodeo","description":"Zeolite pellets for dual layer cat litter pellets","potentialAction":[{"@type":"SearchAction","target":{"@type":"EntryPoint","urlTemplate":"https:\/\/zeodeo.store\/lt\/?s={search_term_string}"},"query-input":{"@type":"PropertyValueSpecification","valueRequired":true,"valueName":"search_term_string"}}],"inLanguage":"lt-LT"}]}},"_links":{"self":[{"href":"https:\/\/zeodeo.store\/lt\/wp-json\/wp\/v2\/pages\/2149"}],"collection":[{"href":"https:\/\/zeodeo.store\/lt\/wp-json\/wp\/v2\/pages"}],"about":[{"href":"https:\/\/zeodeo.store\/lt\/wp-json\/wp\/v2\/types\/page"}],"author":[{"embeddable":true,"href":"https:\/\/zeodeo.store\/lt\/wp-json\/wp\/v2\/users\/1"}],"replies":[{"embeddable":true,"href":"https:\/\/zeodeo.store\/lt\/wp-json\/wp\/v2\/comments?post=2149"}],"version-history":[{"count":1,"href":"https:\/\/zeodeo.store\/lt\/wp-json\/wp\/v2\/pages\/2149\/revisions"}],"predecessor-version":[{"id":2150,"href":"https:\/\/zeodeo.store\/lt\/wp-json\/wp\/v2\/pages\/2149\/revisions\/2150"}],"wp:attachment":[{"href":"https:\/\/zeodeo.store\/lt\/wp-json\/wp\/v2\/media?parent=2149"}],"curies":[{"name":"wp","href":"https:\/\/api.w.org\/{rel}","templated":true}]}}