{"id":2135,"date":"2022-10-24T20:24:15","date_gmt":"2022-10-24T18:24:15","guid":{"rendered":"https:\/\/zeodeo.store\/refund-and-returns-policy\/"},"modified":"2022-12-06T17:45:09","modified_gmt":"2022-12-06T15:45:09","slug":"refund-and-returns-policy","status":"publish","type":"page","link":"https:\/\/zeodeo.store\/lt\/refund-and-returns-policy\/","title":{"rendered":"Pinig\u0173 gr\u0105\u017einimo ir gr\u0105\u017einimo politika"},"content":{"rendered":"\n<p>PREKI\u0172 GR\u0104\u017dINIMAS IR KEITIMAS<\/p>\n\n\n\n<ul>\n<li>UAB &#8222;Emako&#8221; beveik visada be jokios prie\u017easties priima gr\u0105\u017einimui ar keitimui bet kuri\u0105 i\u0161 &#8222;Emako&#8221; pirkt\u0105 prek\u0119 ir gr\u0105\u017eina klientui vis\u0105 pirkimo sum\u0105.<\/li>\n\n\n\n<li>Klientas su UAB \u201eEmako\u201c d\u0117l preki\u0173 gr\u0105\u017einimo ar keitimo b\u016bd\u0173 derasi el. pa\u0161tu, naudodamas speciali\u0105 form\u0105 arba telefonu individualiai, kiekvienu konkre\u010diu atveju.<\/li>\n\n\n\n<li>Klientui pageidaujant gr\u0105\u017einti ar pakeisti prekes d\u0117l UAB \u201eEmako\u201c klaidos ar kalt\u0117s, visa pirkimo suma gr\u0105\u017einama per 7 dienas nuo to momento, kai klientas gr\u0105\u017eina prekes \u012f UAB \u201eEmako\u201c sand\u0117l\u012f.<\/li>\n\n\n\n<li>Jei prek\u0117s gr\u0105\u017einamos ar kei\u010diamos d\u0117l kliento kalt\u0117s ar klaidos (arba klientas nenori paai\u0161kinti prie\u017easties), tada pristatymo gr\u0105\u017einimo i\u0161laidas apmoka klientas arba klientas gr\u0105\u017eina prekes pats. .<\/li>\n\n\n\n<li>Vidutinis gin\u010do sprendimo laikas yra 1 darbo diena. Vidutinis preki\u0173 pakeitimo laikas yra 2-3 darbo dienos.<\/li>\n\n\n\n<li>LTD \u201eEmako\u201c pasilieka teis\u0119 atsisakyti priimti prekes gr\u0105\u017einimui ar keitimui, jeigu preki\u0173 pakuot\u0119 atidar\u0117 ar sugadino pats pirk\u0117jas ir gr\u0105\u017einama d\u0117l pirk\u0117jo kalt\u0117s arba be paai\u0161kinimo.<\/li>\n\n\n\n<li>UAB \u201eEmako\u201c yra pasirengusi svarstyti bet kok\u012f u\u017esakovo pasi\u016blym\u0105 i\u0161spr\u0119sti bet kok\u012f gin\u010dytin\u0105 klausim\u0105.<\/li>\n\n\n\n<li>Pra\u0161ymas d\u0117l preki\u0173 gr\u0105\u017einimo ar keitimo priimamas elektroniniu pa\u0161tu angl\u0173 arba rus\u0173 arba latvi\u0173 kalbomis laisva forma. Taip pat bet koki\u0105 informacij\u0105 ar susitarim\u0105 galima atlikti telefonu angl\u0173, latvi\u0173 arba rus\u0173 kalbomis.<\/li>\n\n\n\n<li>Pra\u0161ym\u0105 d\u0117l preki\u0173 gr\u0105\u017einimo ar keitimo galite pateikti per 30 dien\u0173 nuo prek\u0117s gavimo.ds.<\/li>\n<\/ul>\n\n\n\n<p>Pirk\u0117jas gali pasinaudoti gr\u0105\u017einimo ar keitimo teis\u0117mis, jeigu \u012fvykdomos visos \u0161ios s\u0105lygos:<\/p>\n\n\n\n<p>\u2013 prek\u0117 nesugadinta arba i\u0161 esm\u0117s nepakitusi jos i\u0161vaizda;<\/p>\n\n\n\n<p>\u2013 prek\u0117 nebuvo atidaryta ir i\u0161laik\u0117 vartojimo savybes;<\/p>\n\n\n\n<p>\u2013 prek\u0117 gr\u0105\u017einama su visomis vidin\u0117mis ir i\u0161orin\u0117mis etiket\u0117mis, apsaugin\u0117mis pl\u0117vel\u0117mis ir pan., kurios buvo ant prek\u0117s jos \u012fsigijimo momentu, nepa\u017eeistos, t. e. nenupjauta, nenuimta ir pan.<\/p>\n\n\n\n<ul>\n<li>Teis\u0117 gr\u0105\u017einti nekokybi\u0161kas prekes<\/li>\n<\/ul>\n\n\n\n<p>Jeigu Pirk\u0117jas mano, kad gautos prek\u0117s yra nekokybi\u0161kos, Pirk\u0117jas turi teis\u0119 per 30 dien\u0173 nuo preki\u0173 pristatymo dienos pateikti Pardav\u0117jui pra\u0161ym\u0105. Tokiu atveju Pirk\u0117jas turi susisiekti su Pardav\u0117ju el. pa\u0161tu arba telefonu Internetin\u0117s parduotuv\u0117s tinklalapio skiltyje \u201eSusisiekite su mumis\u201c nurodytais rekvizitais ir pateikti savo duomenis, tokius kaip vardas, pavard\u0117, gr\u0105\u017einimo prie\u017eastis. prek\u0117s, u\u017esakymo numeris arba apmok\u0117jim\u0105 u\u017e prekes patvirtinan\u010dios s\u0105skaitos fakt\u016bros numeris, kontaktiniai duomenys (telefono numeris arba el. pa\u0161to adresas) ir banko rekvizitai (s\u0105skaitos numeris, banko pavadinimas ir kodas), jeigu Pirk\u0117jo sumok\u0117ta suma (ar jos dalis) turi b\u016bti gr\u0105\u017einta \u012f Pirk\u0117jo banko s\u0105skait\u0105. Pirk\u0117jas gali reikalauti, kad Pardav\u0117jas:<\/p>\n\n\n\n<p>\u2013 pakeisti nekokybi\u0161k\u0105 prek\u0119 geros kokyb\u0117s preke; arba<\/p>\n\n\n\n<p>\u2013 suma\u017einti preki\u0173 kain\u0105; arba<\/p>\n\n\n\n<p>\u2013 gr\u0105\u017einti sumok\u0117t\u0105 sum\u0105.<\/p>\n\n\n\n<p>Prek\u0117 yra laikoma geros kokyb\u0117s preke, jeigu (i) prek\u0117 atitinka Internetin\u0117je parduotuv\u0117je pateikt\u0105 apra\u0161ym\u0105 ir savybes; ii) prek\u0117 tinkama \u012fprastai naudoti taip pat, kaip ir kitos tos pa\u010dios r\u016b\u0161ies prek\u0117s; ir iii) prek\u0117s kokyb\u0117 ir savyb\u0117s yra tokios, koki\u0173 galima tik\u0117tis i\u0161 kit\u0173 tos pa\u010dios r\u016b\u0161ies preki\u0173.<\/p>\n\n\n\n<p>Pirk\u0117jas gali pateikti pra\u0161ym\u0105 Pardav\u0117jui ir gr\u0105\u017einti prek\u0119 per kurjeri\u0173 tarnyb\u0105. Pardav\u0117jas privalo atid\u017eiai patikrinti gr\u0105\u017einam\u0105 prek\u0119 ir per proting\u0105 termin\u0105 el. pa\u0161tu informuoti Pirk\u0117j\u0105, ar bus \u012fvykdytas kuris nors i\u0161 auk\u0161\u010diau nurodyt\u0173 Pirk\u0117jo pra\u0161ym\u0173. Pinigai gr\u0105\u017einami arba prek\u0117 pakei\u010diama per 30 dien\u0173 nuo pinig\u0173 gr\u0105\u017einim\u0105\/keitim\u0105 patvirtinan\u010dio elektroninio lai\u0161ko i\u0161siuntimo dienos.<\/p>\n\n\n\n<p>Jei Pirk\u0117jas pra\u0161o gr\u0105\u017einti pinigus ir toks pra\u0161ymas yra pagr\u012fstas, gr\u0105\u017einama visa Pirk\u0117jo sumok\u0117ta suma, \u012fskaitant pristatymo mokes\u010dius ir gr\u0105\u017einimo siuntimo i\u0161laidas. Pinigai gr\u0105\u017einami tuo pa\u010diu b\u016bdu, kur\u012f Pirk\u0117jas pasirinko pirkdamas prekes.<\/p>\n\n\n\n<ul>\n<li>Gr\u0105\u017einimo b\u016bdai<\/li>\n<\/ul>\n\n\n\n<p>Pirk\u0117jas gali gr\u0105\u017einti prekes atsi\u0173sdamas jas per bet kuri\u0105 kurjeri\u0173 tarnyb\u0105, suteikdamas sekimo kod\u0105.<\/p>\n\n\n\n<ul>\n<li>Pirk\u0117jas u\u017e \u012fsigytas prekes atsiskaito ir priima \u0161iose Taisykl\u0117se nustatyta tvarka. Jeigu Pirk\u0117jas be pateisinamos prie\u017easties atsisako priimti prekes pristatymo metu, Pirk\u0117jas, Pardav\u0117jo pra\u0161ymu, apmoka preki\u0173 gr\u0105\u017einimo i\u0161laidas. Pirk\u0117jas taip pat apmoka kurjerio nurodytas i\u0161laidas, jeigu Pirk\u0117jas nepriima preki\u0173 su kurjeriu sutartu laiku.<\/li>\n<\/ul>\n\n\n\n<ul>\n<li>Pirk\u0117jas privalo saugoti jam priskirtus prisijungimo prie Paskyros duomenis ir j\u0173 neatskleisti tretiesiems asmenims. Pirk\u0117jas atsako u\u017e toki\u0173 duomen\u0173 saugojim\u0105 ir prisiima atsakomyb\u0119 u\u017e bet kokius veiksmus (duomen\u0173 perdavimas, pateikti u\u017esakymai, vartotoj\u0173 komentarai ir kt.), kurie atliekami Internetin\u0117je parduotuv\u0117je prisijungus prie Paskyros, bei toki\u0173 veiksm\u0173 pasekmes. Prarad\u0119s prisijungimo duomenis, Pirk\u0117jas nedelsdamas apie tai prane\u0161a Pardav\u0117jui telefonu arba el. pa\u0161tu tinklalapio skiltyje \u201eSusisiekite su mumis\u201c nurodytais rekvizitais.<\/li>\n<\/ul>\n\n\n\n<ul>\n<li>Pirk\u0117jas atsako u\u017e tai, kad Internetin\u0117je parduotuv\u0117je pateikti Pirk\u0117jo duomenys b\u016bt\u0173 tiksl\u016bs, teisingi ir i\u0161sam\u016bs. Pasikeitus tokiems duomenims, Pirk\u0117jas juos atnaujina skiltyje \u201eMano paskyra\u201c arba apie pasikeitim\u0105 informuoja Pardav\u0117j\u0105 telefonu ar el. pa\u0161tu tinklalapio skiltyje \u201eSusisiekite su mumis\u201c nurodytais rekvizitais. Pardav\u0117jas jokiomis aplinkyb\u0117mis neprisiima atsakomyb\u0117s u\u017e bet koki\u0105 \u017eal\u0105, kuri\u0105 Pirk\u0117jas ir\/ar tretieji asmenys patyr\u0117 d\u0117l to, kad Pirk\u0117jas nepateik\u0117 esam\u0173 ir\/ar nei\u0161sami\u0173 asmens duomen\u0173 arba neatnaujino\/papildo duomen\u0173, jiems pasikeitus. Jei Pirk\u0117jas, naudodamasis Internetine parduotuve, pateik\u0117 tre\u010di\u0173j\u0173 asmen\u0173 asmens duomenis, Pirk\u0117jas prisiima atsakomyb\u0119 u\u017e toki\u0173 duomen\u0173 teikimo ir naudojimo teis\u0117tum\u0105.<\/li>\n<\/ul>\n\n\n\n<ul>\n<li>I\u0161kilus nesklandumams d\u0117l Internetin\u0117je parduotuv\u0117je \u012fsigyt\u0173 preki\u0173, Pirk\u0117jas gali kreiptis \u012f Pardav\u0117j\u0105 telefonu arba el. pa\u0161tu Internetin\u0117s parduotuv\u0117s skiltyje \u201eSusisiekite su mumis\u201c nurodytais kontaktais. Be to, Pirk\u0117jas pra\u0161ym\u0105\/skund\u0105 gali pateikti Valstybinei vartotoj\u0173 teisi\u0173 apsaugos tarnybai.<\/li>\n<\/ul>\n","protected":false},"excerpt":{"rendered":"<p>PREKI\u0172 GR\u0104\u017dINIMAS IR KEITIMAS Pirk\u0117jas gali pasinaudoti gr\u0105\u017einimo ar keitimo teis\u0117mis, jeigu \u012fvykdomos visos \u0161ios s\u0105lygos: \u2013 prek\u0117 nesugadinta arba i\u0161 esm\u0117s nepakitusi jos i\u0161vaizda; \u2013 prek\u0117 nebuvo atidaryta ir i\u0161laik\u0117 vartojimo savybes; \u2013 prek\u0117 gr\u0105\u017einama su visomis vidin\u0117mis ir i\u0161orin\u0117mis etiket\u0117mis, apsaugin\u0117mis pl\u0117vel\u0117mis ir pan., kurios buvo ant prek\u0117s jos \u012fsigijimo momentu, nepa\u017eeistos, t. e. nenupjauta, nenuimta ir pan. Jeigu Pirk\u0117jas mano, kad gautos prek\u0117s yra nekokybi\u0161kos, Pirk\u0117jas turi teis\u0119 per 30 dien\u0173 nuo preki\u0173 pristatymo dienos pateikti Pardav\u0117jui pra\u0161ym\u0105. Tokiu atveju Pirk\u0117jas&hellip;<\/p>\n","protected":false},"author":1,"featured_media":0,"parent":0,"menu_order":0,"comment_status":"closed","ping_status":"closed","template":"","meta":{"footnotes":""},"yoast_head":"<!-- This site is optimized with the Yoast SEO Premium plugin v22.2 (Yoast SEO v23.5) - https:\/\/yoast.com\/wordpress\/plugins\/seo\/ -->\n<title>Pinig\u0173 gr\u0105\u017einimo ir gr\u0105\u017einimo politika - Zeodeo<\/title>\n<meta name=\"robots\" content=\"index, follow, max-snippet:-1, max-image-preview:large, max-video-preview:-1\" \/>\n<link rel=\"canonical\" href=\"https:\/\/zeodeo.store\/lt\/refund-and-returns-policy\/\" \/>\n<meta property=\"og:locale\" content=\"lt_LT\" \/>\n<meta property=\"og:type\" content=\"article\" \/>\n<meta property=\"og:title\" content=\"Pinig\u0173 gr\u0105\u017einimo ir gr\u0105\u017einimo politika\" \/>\n<meta property=\"og:description\" content=\"PREKI\u0172 GR\u0104\u017dINIMAS IR KEITIMAS Pirk\u0117jas gali pasinaudoti gr\u0105\u017einimo ar keitimo teis\u0117mis, jeigu \u012fvykdomos visos \u0161ios s\u0105lygos: \u2013 prek\u0117 nesugadinta arba i\u0161 esm\u0117s nepakitusi jos i\u0161vaizda; \u2013 prek\u0117 nebuvo atidaryta ir i\u0161laik\u0117 vartojimo savybes; \u2013 prek\u0117 gr\u0105\u017einama su visomis vidin\u0117mis ir i\u0161orin\u0117mis etiket\u0117mis, apsaugin\u0117mis pl\u0117vel\u0117mis ir pan., kurios buvo ant prek\u0117s jos \u012fsigijimo momentu, nepa\u017eeistos, t. e. nenupjauta, nenuimta ir pan. Jeigu Pirk\u0117jas mano, kad gautos prek\u0117s yra nekokybi\u0161kos, Pirk\u0117jas turi teis\u0119 per 30 dien\u0173 nuo preki\u0173 pristatymo dienos pateikti Pardav\u0117jui pra\u0161ym\u0105. Tokiu atveju Pirk\u0117jas&hellip;\" \/>\n<meta property=\"og:url\" content=\"https:\/\/zeodeo.store\/lt\/refund-and-returns-policy\/\" \/>\n<meta property=\"og:site_name\" content=\"Zeodeo\" \/>\n<meta property=\"article:modified_time\" content=\"2022-12-06T15:45:09+00:00\" \/>\n<meta name=\"twitter:card\" content=\"summary_large_image\" \/>\n<script type=\"application\/ld+json\" class=\"yoast-schema-graph\">{\"@context\":\"https:\/\/schema.org\",\"@graph\":[{\"@type\":\"WebPage\",\"@id\":\"https:\/\/zeodeo.store\/lt\/refund-and-returns-policy\/\",\"url\":\"https:\/\/zeodeo.store\/lt\/refund-and-returns-policy\/\",\"name\":\"Pinig\u0173 gr\u0105\u017einimo ir gr\u0105\u017einimo politika - Zeodeo\",\"isPartOf\":{\"@id\":\"https:\/\/zeodeo.store\/lt\/#website\"},\"datePublished\":\"2022-10-24T18:24:15+00:00\",\"dateModified\":\"2022-12-06T15:45:09+00:00\",\"breadcrumb\":{\"@id\":\"https:\/\/zeodeo.store\/lt\/refund-and-returns-policy\/#breadcrumb\"},\"inLanguage\":\"lt-LT\",\"potentialAction\":[{\"@type\":\"ReadAction\",\"target\":[\"https:\/\/zeodeo.store\/lt\/refund-and-returns-policy\/\"]}]},{\"@type\":\"BreadcrumbList\",\"@id\":\"https:\/\/zeodeo.store\/lt\/refund-and-returns-policy\/#breadcrumb\",\"itemListElement\":[{\"@type\":\"ListItem\",\"position\":1,\"name\":\"Home\",\"item\":\"https:\/\/zeodeo.store\/lt\/\"},{\"@type\":\"ListItem\",\"position\":2,\"name\":\"Pinig\u0173 gr\u0105\u017einimo ir gr\u0105\u017einimo politika\"}]},{\"@type\":\"WebSite\",\"@id\":\"https:\/\/zeodeo.store\/lt\/#website\",\"url\":\"https:\/\/zeodeo.store\/lt\/\",\"name\":\"Zeodeo\",\"description\":\"Zeolite pellets for dual layer cat litter pellets\",\"potentialAction\":[{\"@type\":\"SearchAction\",\"target\":{\"@type\":\"EntryPoint\",\"urlTemplate\":\"https:\/\/zeodeo.store\/lt\/?s={search_term_string}\"},\"query-input\":{\"@type\":\"PropertyValueSpecification\",\"valueRequired\":true,\"valueName\":\"search_term_string\"}}],\"inLanguage\":\"lt-LT\"}]}<\/script>\n<!-- \/ Yoast SEO Premium plugin. -->","yoast_head_json":{"title":"Pinig\u0173 gr\u0105\u017einimo ir gr\u0105\u017einimo politika - Zeodeo","robots":{"index":"index","follow":"follow","max-snippet":"max-snippet:-1","max-image-preview":"max-image-preview:large","max-video-preview":"max-video-preview:-1"},"canonical":"https:\/\/zeodeo.store\/lt\/refund-and-returns-policy\/","og_locale":"lt_LT","og_type":"article","og_title":"Pinig\u0173 gr\u0105\u017einimo ir gr\u0105\u017einimo politika","og_description":"PREKI\u0172 GR\u0104\u017dINIMAS IR KEITIMAS Pirk\u0117jas gali pasinaudoti gr\u0105\u017einimo ar keitimo teis\u0117mis, jeigu \u012fvykdomos visos \u0161ios s\u0105lygos: \u2013 prek\u0117 nesugadinta arba i\u0161 esm\u0117s nepakitusi jos i\u0161vaizda; \u2013 prek\u0117 nebuvo atidaryta ir i\u0161laik\u0117 vartojimo savybes; \u2013 prek\u0117 gr\u0105\u017einama su visomis vidin\u0117mis ir i\u0161orin\u0117mis etiket\u0117mis, apsaugin\u0117mis pl\u0117vel\u0117mis ir pan., kurios buvo ant prek\u0117s jos \u012fsigijimo momentu, nepa\u017eeistos, t. e. nenupjauta, nenuimta ir pan. Jeigu Pirk\u0117jas mano, kad gautos prek\u0117s yra nekokybi\u0161kos, Pirk\u0117jas turi teis\u0119 per 30 dien\u0173 nuo preki\u0173 pristatymo dienos pateikti Pardav\u0117jui pra\u0161ym\u0105. Tokiu atveju Pirk\u0117jas&hellip;","og_url":"https:\/\/zeodeo.store\/lt\/refund-and-returns-policy\/","og_site_name":"Zeodeo","article_modified_time":"2022-12-06T15:45:09+00:00","twitter_card":"summary_large_image","schema":{"@context":"https:\/\/schema.org","@graph":[{"@type":"WebPage","@id":"https:\/\/zeodeo.store\/lt\/refund-and-returns-policy\/","url":"https:\/\/zeodeo.store\/lt\/refund-and-returns-policy\/","name":"Pinig\u0173 gr\u0105\u017einimo ir gr\u0105\u017einimo politika - Zeodeo","isPartOf":{"@id":"https:\/\/zeodeo.store\/lt\/#website"},"datePublished":"2022-10-24T18:24:15+00:00","dateModified":"2022-12-06T15:45:09+00:00","breadcrumb":{"@id":"https:\/\/zeodeo.store\/lt\/refund-and-returns-policy\/#breadcrumb"},"inLanguage":"lt-LT","potentialAction":[{"@type":"ReadAction","target":["https:\/\/zeodeo.store\/lt\/refund-and-returns-policy\/"]}]},{"@type":"BreadcrumbList","@id":"https:\/\/zeodeo.store\/lt\/refund-and-returns-policy\/#breadcrumb","itemListElement":[{"@type":"ListItem","position":1,"name":"Home","item":"https:\/\/zeodeo.store\/lt\/"},{"@type":"ListItem","position":2,"name":"Pinig\u0173 gr\u0105\u017einimo ir gr\u0105\u017einimo politika"}]},{"@type":"WebSite","@id":"https:\/\/zeodeo.store\/lt\/#website","url":"https:\/\/zeodeo.store\/lt\/","name":"Zeodeo","description":"Zeolite pellets for dual layer cat litter pellets","potentialAction":[{"@type":"SearchAction","target":{"@type":"EntryPoint","urlTemplate":"https:\/\/zeodeo.store\/lt\/?s={search_term_string}"},"query-input":{"@type":"PropertyValueSpecification","valueRequired":true,"valueName":"search_term_string"}}],"inLanguage":"lt-LT"}]}},"_links":{"self":[{"href":"https:\/\/zeodeo.store\/lt\/wp-json\/wp\/v2\/pages\/2135"}],"collection":[{"href":"https:\/\/zeodeo.store\/lt\/wp-json\/wp\/v2\/pages"}],"about":[{"href":"https:\/\/zeodeo.store\/lt\/wp-json\/wp\/v2\/types\/page"}],"author":[{"embeddable":true,"href":"https:\/\/zeodeo.store\/lt\/wp-json\/wp\/v2\/users\/1"}],"replies":[{"embeddable":true,"href":"https:\/\/zeodeo.store\/lt\/wp-json\/wp\/v2\/comments?post=2135"}],"version-history":[{"count":2,"href":"https:\/\/zeodeo.store\/lt\/wp-json\/wp\/v2\/pages\/2135\/revisions"}],"predecessor-version":[{"id":2370,"href":"https:\/\/zeodeo.store\/lt\/wp-json\/wp\/v2\/pages\/2135\/revisions\/2370"}],"wp:attachment":[{"href":"https:\/\/zeodeo.store\/lt\/wp-json\/wp\/v2\/media?parent=2135"}],"curies":[{"name":"wp","href":"https:\/\/api.w.org\/{rel}","templated":true}]}}