{"id":2055,"date":"2022-10-23T19:26:18","date_gmt":"2022-10-23T17:26:18","guid":{"rendered":"https:\/\/zeodeo.store\/?page_id=2055"},"modified":"2023-06-29T16:35:36","modified_gmt":"2023-06-29T14:35:36","slug":"apie-mus","status":"publish","type":"page","link":"https:\/\/zeodeo.store\/lt\/apie-mus\/","title":{"rendered":"Apie mus\u00a0"},"content":{"rendered":"<div class=\"wp-block-image\">\n<figure class=\"aligncenter size-large is-resized\"><img decoding=\"async\" src=\"https:\/\/zeodeo.store\/wp-content\/uploads\/2023\/06\/IMG-5729-ZeoDeo-on-the-top-of-europe.-Breeze-cat-Zeolite-pellets-refill-1-474x590.jpg\" alt=\"Zeodeo store best cat litter box ever\" class=\"wp-image-3274\" width=\"443\" srcset=\"https:\/\/zeodeo.store\/wp-content\/uploads\/2023\/06\/IMG-5729-ZeoDeo-on-the-top-of-europe.-Breeze-cat-Zeolite-pellets-refill-1-474x590.jpg 474w, https:\/\/zeodeo.store\/wp-content\/uploads\/2023\/06\/IMG-5729-ZeoDeo-on-the-top-of-europe.-Breeze-cat-Zeolite-pellets-refill-1-360x449.jpg 360w, https:\/\/zeodeo.store\/wp-content\/uploads\/2023\/06\/IMG-5729-ZeoDeo-on-the-top-of-europe.-Breeze-cat-Zeolite-pellets-refill-1-947x1180.jpg 947w, https:\/\/zeodeo.store\/wp-content\/uploads\/2023\/06\/IMG-5729-ZeoDeo-on-the-top-of-europe.-Breeze-cat-Zeolite-pellets-refill-1.jpg 1440w\" sizes=\"(max-width: 474px) 100vw, 474px\" \/><\/figure><\/div>\n\n<div class=\"wp-block-image\">\n<figure class=\"aligncenter size-large is-resized\"><img decoding=\"async\" src=\"https:\/\/zeodeo.store\/wp-content\/uploads\/2023\/06\/IMG-0779-ZeoDeo-on-the-top-of-europe.-Breeze-cat-Zeolite-pellets-refill-1-787x590.jpg\" alt=\"Breeze cat litter boxes by ZeoDeo store\" class=\"wp-image-3304\" width=\"443\" srcset=\"https:\/\/zeodeo.store\/wp-content\/uploads\/2023\/06\/IMG-0779-ZeoDeo-on-the-top-of-europe.-Breeze-cat-Zeolite-pellets-refill-1-787x590.jpg 787w, https:\/\/zeodeo.store\/wp-content\/uploads\/2023\/06\/IMG-0779-ZeoDeo-on-the-top-of-europe.-Breeze-cat-Zeolite-pellets-refill-1-1573x1180.jpg 1573w\" sizes=\"(max-width: 787px) 100vw, 787px\" \/><\/figure><\/div>\n\n<div class=\"wp-block-image\">\n<figure class=\"aligncenter size-large is-resized\"><img decoding=\"async\" src=\"https:\/\/zeodeo.store\/wp-content\/uploads\/2023\/06\/ZeoDeo-on-the-top-of-europe.-Breeze-cat-Zeolite-pellets-refill-44018-787x590.jpg\" alt=\"Prize- unicharm cat toilet - purina tidy ats on estonian cat show\" class=\"wp-image-3219\" width=\"443\" srcset=\"https:\/\/zeodeo.store\/wp-content\/uploads\/2023\/06\/ZeoDeo-on-the-top-of-europe.-Breeze-cat-Zeolite-pellets-refill-44018-787x590.jpg 787w, https:\/\/zeodeo.store\/wp-content\/uploads\/2023\/06\/ZeoDeo-on-the-top-of-europe.-Breeze-cat-Zeolite-pellets-refill-44018-1573x1180.jpg 1573w, https:\/\/zeodeo.store\/wp-content\/uploads\/2023\/06\/ZeoDeo-on-the-top-of-europe.-Breeze-cat-Zeolite-pellets-refill-44018.jpg 2048w\" sizes=\"(max-width: 787px) 100vw, 787px\" \/><\/figure><\/div>\n\n<div class=\"wp-block-image\">\n<figure class=\"aligncenter size-large is-resized\"><img decoding=\"async\" src=\"https:\/\/zeodeo.store\/wp-content\/uploads\/2023\/06\/IMG-3222-ZeoDeo-on-the-top-of-europe.-Breeze-cat-Zeolite-pellets-refill-1-787x590.jpg\" alt=\"Breeze cat litter boz. Unicharm cat toilet in Europe\" class=\"wp-image-3299\" width=\"443\" srcset=\"https:\/\/zeodeo.store\/wp-content\/uploads\/2023\/06\/IMG-3222-ZeoDeo-on-the-top-of-europe.-Breeze-cat-Zeolite-pellets-refill-1-787x590.jpg 787w, https:\/\/zeodeo.store\/wp-content\/uploads\/2023\/06\/IMG-3222-ZeoDeo-on-the-top-of-europe.-Breeze-cat-Zeolite-pellets-refill-1-1573x1180.jpg 1573w\" sizes=\"(max-width: 787px) 100vw, 787px\" \/><\/figure><\/div>\n\n<div class=\"wp-block-image\">\n<figure class=\"aligncenter size-full is-resized\"><img loading=\"lazy\" decoding=\"async\" src=\"https:\/\/zeodeo.store\/wp-content\/uploads\/2023\/06\/IMG-3333-ZeoDeo-on-the-top-of-europe.-Breeze-cat-Zeolite-pellets-refill-1-scaled.jpg\" alt=\"Super cat in tiby cats breeze litter box on the cat show in Vilnius Lithuania\" class=\"wp-image-3294\" width=\"443\" height=\"590\"\/><\/figure><\/div>\n\n<div class=\"wp-block-image\">\n<figure class=\"aligncenter size-large\"><img loading=\"lazy\" decoding=\"async\" width=\"443\" height=\"590\" src=\"https:\/\/zeodeo.store\/wp-content\/uploads\/2023\/06\/ZeoDeo-on-the-top-of-europe.-Breeze-cat-Zeolite-pellets-refill-1-443x590.jpg\" alt=\"ZeoDeo on the top of eirope. one of Zeodeo team member on the top of Elbrus\" class=\"wp-image-3279\" srcset=\"https:\/\/zeodeo.store\/wp-content\/uploads\/2023\/06\/ZeoDeo-on-the-top-of-europe.-Breeze-cat-Zeolite-pellets-refill-1-443x590.jpg 443w, https:\/\/zeodeo.store\/wp-content\/uploads\/2023\/06\/ZeoDeo-on-the-top-of-europe.-Breeze-cat-Zeolite-pellets-refill-1-360x480.jpg 360w, https:\/\/zeodeo.store\/wp-content\/uploads\/2023\/06\/ZeoDeo-on-the-top-of-europe.-Breeze-cat-Zeolite-pellets-refill-1-885x1180.jpg 885w, https:\/\/zeodeo.store\/wp-content\/uploads\/2023\/06\/ZeoDeo-on-the-top-of-europe.-Breeze-cat-Zeolite-pellets-refill-1.jpg 960w\" sizes=\"(max-width: 443px) 100vw, 443px\" \/><\/figure><\/div>\n\n\n<p><strong>Mes labai mylime kates!<\/strong><\/p>\n\n\n\n<p>B\u016btent tod\u0117l suk\u016br\u0117me ir pagaminome unikalias nat\u016bralaus ceolito ka\u010di\u0173 kraiko granules, kurios pavers j\u016bs\u0173 kat\u0117s prie\u017ei\u016br\u0105 ne\u012ftik\u0117tinai lengv\u0105 ir daug malonesn\u0119 nei anks\u010diau. B\u016bsite patenkinti m\u016bs\u0173 pasi\u016blytu sprendimu.<\/p>\n\n\n\n<p>Sukurta naudoti tik dviej\u0173 sluoksni\u0173 ka\u010di\u0173 kraiko d\u0117\u017e\u0117se su sugerian\u010diu \u012fklotu*<\/p>\n\n\n\n<p><strong>ZeoDeo\u2122 \u2013 nat\u016bralaus ceolito granul\u0117s dvigubai ka\u010di\u0173 kraiko d\u0117\u017eutei:<\/strong><\/p>\n\n\n\n<ul>\n<li>Cilindriniai gaminiai, kuri\u0173 skersmuo 5 ir 6 mm (dydis 5 mm-M, dydis 6 mm-L), o ilgis nuo 5 iki 15 mm.<\/li>\n<\/ul>\n\n\n\n<p>Tokio dyd\u017eio granul\u0117s ne\u012fstringa kat\u0117s letenose, tod\u0117l kat\u0117 negali i\u0161traukti granuli\u0173 i\u0161 savo d\u0117klo. Jums nebereikia rinkti ka\u010di\u0173 kraiko visame name ir aplink kraiko d\u0117\u017e\u0119.<\/p>\n\n\n\n<ul>\n<li>Tvirtas, be trupini\u0173.<\/li>\n<\/ul>\n\n\n\n<p>Net ir u\u017elipus ant granul\u0117s ji nesul\u016b\u0161 ir nereik\u0117s rinkti trupini\u0173. Galite tiesiog pasiimti granul\u0119 nuo grind\u0173 ir gr\u0105\u017einti \u012f pad\u0117kl\u0105.<\/p>\n\n\n\n<p>Granul\u0117s sugeria tik garus ir selektyviai i\u0161laiko amoniako molekules.<\/p>\n\n\n\n<p>Nejau\u010dia kvapo apie 30 dien\u0173 kat\u0117ms iki 8 kg ir 15 dien\u0173 dviem kat\u0117ms. Jei j\u016bs\u0173 kat\u0117 yra ma\u017ea, pavyzd\u017eiui, Munchkin, Napoleon ir kt., granul\u0117s i\u0161laikys kvap\u0105 iki 7 savai\u010di\u0173.<\/p>\n\n\n\n<p><strong>Kaip tai veikia:<\/strong><\/p>\n\n\n\n<p>ZeoDeo granul\u0117s nesugeria \u0161lapimo (skys\u010dio) ir leid\u017eia jam tek\u0117ti savo pavir\u0161iumi \u012f apatin\u012f sluoksn\u012f, kur j\u012f sugers sugeriantis padas. Granul\u0117s sugeria tik i\u0161 atmosferos i\u0161garavus\u012f ka\u010di\u0173 \u0161lapim\u0105.<\/p>\n\n\n\n<p>Med\u017eiaga, i\u0161 kurios gaminamos granul\u0117s, turi mikroskopines poras, kurios gali selektyviai sugerti ir i\u0161laikyti amoniako molekules i\u0161 atmosferos. Granul\u0117s taip pat i\u0161d\u017eiovina ka\u010di\u0173 kiet\u0105 \u201eversl\u0105\u201c ir sugeria d\u016bmus.<\/p>\n\n\n\n<p>1 cm2 ceolito granuli\u0173 ZeoDeo bendras mikropor\u0173 pavir\u0161iaus plotas yra apie 700-800 m2. B\u016btent \u0161ios poros sugeria amoniako molekules.<\/p>\n\n\n\n<p>Taip pat reikia nepamir\u0161ti, kad m\u016bs\u0173 ceolito granul\u0117s yra sud\u0117tingas ir gana technologinis produktas, kuriame pagerinome \u017ealiavos savybes, siekdami pagerinti galutinio produkto savybes. M\u016bs\u0173 u\u017epildas idealiai i\u0161sprend\u017eia jam pavestas u\u017eduotis.<\/p>\n\n\n\n<p>Jums tereikia:<\/p>\n\n\n\n<ul>\n<li>Pa\u0161alinkite mentele ka\u010di\u0173 \u201etvirtas verslas\u201c<\/li>\n\n\n\n<li>Kart\u0105 per savait\u0119 keiskite sugeriant\u012f \u012fklot\u0105<\/li>\n\n\n\n<li>Kart\u0105 per m\u0117nes\u012f ZeoDeo granules keiskite naujomis<\/li>\n<\/ul>\n\n\n\n<p><\/p>\n\n\n","protected":false},"excerpt":{"rendered":"<p>Mes labai mylime kates! B\u016btent tod\u0117l suk\u016br\u0117me ir pagaminome unikalias nat\u016bralaus ceolito ka\u010di\u0173 kraiko granules, kurios pavers j\u016bs\u0173 kat\u0117s prie\u017ei\u016br\u0105 ne\u012ftik\u0117tinai lengv\u0105 ir daug malonesn\u0119 nei anks\u010diau. B\u016bsite patenkinti m\u016bs\u0173 pasi\u016blytu sprendimu. Sukurta naudoti tik dviej\u0173 sluoksni\u0173 ka\u010di\u0173 kraiko d\u0117\u017e\u0117se su sugerian\u010diu \u012fklotu* ZeoDeo\u2122 \u2013 nat\u016bralaus ceolito granul\u0117s dvigubai ka\u010di\u0173 kraiko d\u0117\u017eutei: Tokio dyd\u017eio granul\u0117s ne\u012fstringa kat\u0117s letenose, tod\u0117l kat\u0117 negali i\u0161traukti granuli\u0173 i\u0161 savo d\u0117klo. Jums nebereikia rinkti ka\u010di\u0173 kraiko visame name ir aplink kraiko d\u0117\u017e\u0119. Net ir u\u017elipus ant granul\u0117s ji nesul\u016b\u0161&hellip;<\/p>\n","protected":false},"author":1,"featured_media":0,"parent":0,"menu_order":0,"comment_status":"closed","ping_status":"closed","template":"","meta":{"footnotes":""},"yoast_head":"<!-- This site is optimized with the Yoast SEO Premium plugin v22.2 (Yoast SEO v23.5) - https:\/\/yoast.com\/wordpress\/plugins\/seo\/ -->\n<title>Apie mus\u00a0 - Zeodeo<\/title>\n<meta name=\"robots\" content=\"index, follow, max-snippet:-1, max-image-preview:large, max-video-preview:-1\" \/>\n<link rel=\"canonical\" href=\"https:\/\/zeodeo.store\/lt\/apie-mus\/\" \/>\n<meta property=\"og:locale\" content=\"lt_LT\" \/>\n<meta property=\"og:type\" content=\"article\" \/>\n<meta property=\"og:title\" content=\"Apie mus\u00a0\" \/>\n<meta property=\"og:description\" content=\"Mes labai mylime kates! B\u016btent tod\u0117l suk\u016br\u0117me ir pagaminome unikalias nat\u016bralaus ceolito ka\u010di\u0173 kraiko granules, kurios pavers j\u016bs\u0173 kat\u0117s prie\u017ei\u016br\u0105 ne\u012ftik\u0117tinai lengv\u0105 ir daug malonesn\u0119 nei anks\u010diau. B\u016bsite patenkinti m\u016bs\u0173 pasi\u016blytu sprendimu. Sukurta naudoti tik dviej\u0173 sluoksni\u0173 ka\u010di\u0173 kraiko d\u0117\u017e\u0117se su sugerian\u010diu \u012fklotu* ZeoDeo\u2122 \u2013 nat\u016bralaus ceolito granul\u0117s dvigubai ka\u010di\u0173 kraiko d\u0117\u017eutei: Tokio dyd\u017eio granul\u0117s ne\u012fstringa kat\u0117s letenose, tod\u0117l kat\u0117 negali i\u0161traukti granuli\u0173 i\u0161 savo d\u0117klo. Jums nebereikia rinkti ka\u010di\u0173 kraiko visame name ir aplink kraiko d\u0117\u017e\u0119. Net ir u\u017elipus ant granul\u0117s ji nesul\u016b\u0161&hellip;\" \/>\n<meta property=\"og:url\" content=\"https:\/\/zeodeo.store\/lt\/apie-mus\/\" \/>\n<meta property=\"og:site_name\" content=\"Zeodeo\" \/>\n<meta property=\"article:modified_time\" content=\"2023-06-29T14:35:36+00:00\" \/>\n<meta property=\"og:image\" content=\"https:\/\/zeodeo.store\/wp-content\/uploads\/2023\/06\/IMG-5729-ZeoDeo-on-the-top-of-europe.-Breeze-cat-Zeolite-pellets-refill-1-474x590.jpg\" \/>\n<meta name=\"twitter:card\" content=\"summary_large_image\" \/>\n<script type=\"application\/ld+json\" class=\"yoast-schema-graph\">{\"@context\":\"https:\/\/schema.org\",\"@graph\":[{\"@type\":\"WebPage\",\"@id\":\"https:\/\/zeodeo.store\/lt\/apie-mus\/\",\"url\":\"https:\/\/zeodeo.store\/lt\/apie-mus\/\",\"name\":\"Apie mus\u00a0 - Zeodeo\",\"isPartOf\":{\"@id\":\"https:\/\/zeodeo.store\/lt\/#website\"},\"primaryImageOfPage\":{\"@id\":\"https:\/\/zeodeo.store\/lt\/apie-mus\/#primaryimage\"},\"image\":{\"@id\":\"https:\/\/zeodeo.store\/lt\/apie-mus\/#primaryimage\"},\"thumbnailUrl\":\"https:\/\/zeodeo.store\/wp-content\/uploads\/2023\/06\/IMG-5729-ZeoDeo-on-the-top-of-europe.-Breeze-cat-Zeolite-pellets-refill-1-474x590.jpg\",\"datePublished\":\"2022-10-23T17:26:18+00:00\",\"dateModified\":\"2023-06-29T14:35:36+00:00\",\"breadcrumb\":{\"@id\":\"https:\/\/zeodeo.store\/lt\/apie-mus\/#breadcrumb\"},\"inLanguage\":\"lt-LT\",\"potentialAction\":[{\"@type\":\"ReadAction\",\"target\":[\"https:\/\/zeodeo.store\/lt\/apie-mus\/\"]}]},{\"@type\":\"ImageObject\",\"inLanguage\":\"lt-LT\",\"@id\":\"https:\/\/zeodeo.store\/lt\/apie-mus\/#primaryimage\",\"url\":\"https:\/\/zeodeo.store\/wp-content\/uploads\/2023\/06\/IMG-5729-ZeoDeo-on-the-top-of-europe.-Breeze-cat-Zeolite-pellets-refill-1-474x590.jpg\",\"contentUrl\":\"https:\/\/zeodeo.store\/wp-content\/uploads\/2023\/06\/IMG-5729-ZeoDeo-on-the-top-of-europe.-Breeze-cat-Zeolite-pellets-refill-1-474x590.jpg\"},{\"@type\":\"BreadcrumbList\",\"@id\":\"https:\/\/zeodeo.store\/lt\/apie-mus\/#breadcrumb\",\"itemListElement\":[{\"@type\":\"ListItem\",\"position\":1,\"name\":\"Home\",\"item\":\"https:\/\/zeodeo.store\/lt\/\"},{\"@type\":\"ListItem\",\"position\":2,\"name\":\"Apie mus\u00a0\"}]},{\"@type\":\"WebSite\",\"@id\":\"https:\/\/zeodeo.store\/lt\/#website\",\"url\":\"https:\/\/zeodeo.store\/lt\/\",\"name\":\"Zeodeo\",\"description\":\"Zeolite pellets for dual layer cat litter pellets\",\"potentialAction\":[{\"@type\":\"SearchAction\",\"target\":{\"@type\":\"EntryPoint\",\"urlTemplate\":\"https:\/\/zeodeo.store\/lt\/?s={search_term_string}\"},\"query-input\":{\"@type\":\"PropertyValueSpecification\",\"valueRequired\":true,\"valueName\":\"search_term_string\"}}],\"inLanguage\":\"lt-LT\"}]}<\/script>\n<!-- \/ Yoast SEO Premium plugin. -->","yoast_head_json":{"title":"Apie mus\u00a0 - Zeodeo","robots":{"index":"index","follow":"follow","max-snippet":"max-snippet:-1","max-image-preview":"max-image-preview:large","max-video-preview":"max-video-preview:-1"},"canonical":"https:\/\/zeodeo.store\/lt\/apie-mus\/","og_locale":"lt_LT","og_type":"article","og_title":"Apie mus\u00a0","og_description":"Mes labai mylime kates! B\u016btent tod\u0117l suk\u016br\u0117me ir pagaminome unikalias nat\u016bralaus ceolito ka\u010di\u0173 kraiko granules, kurios pavers j\u016bs\u0173 kat\u0117s prie\u017ei\u016br\u0105 ne\u012ftik\u0117tinai lengv\u0105 ir daug malonesn\u0119 nei anks\u010diau. B\u016bsite patenkinti m\u016bs\u0173 pasi\u016blytu sprendimu. Sukurta naudoti tik dviej\u0173 sluoksni\u0173 ka\u010di\u0173 kraiko d\u0117\u017e\u0117se su sugerian\u010diu \u012fklotu* ZeoDeo\u2122 \u2013 nat\u016bralaus ceolito granul\u0117s dvigubai ka\u010di\u0173 kraiko d\u0117\u017eutei: Tokio dyd\u017eio granul\u0117s ne\u012fstringa kat\u0117s letenose, tod\u0117l kat\u0117 negali i\u0161traukti granuli\u0173 i\u0161 savo d\u0117klo. Jums nebereikia rinkti ka\u010di\u0173 kraiko visame name ir aplink kraiko d\u0117\u017e\u0119. Net ir u\u017elipus ant granul\u0117s ji nesul\u016b\u0161&hellip;","og_url":"https:\/\/zeodeo.store\/lt\/apie-mus\/","og_site_name":"Zeodeo","article_modified_time":"2023-06-29T14:35:36+00:00","og_image":[{"url":"https:\/\/zeodeo.store\/wp-content\/uploads\/2023\/06\/IMG-5729-ZeoDeo-on-the-top-of-europe.-Breeze-cat-Zeolite-pellets-refill-1-474x590.jpg"}],"twitter_card":"summary_large_image","schema":{"@context":"https:\/\/schema.org","@graph":[{"@type":"WebPage","@id":"https:\/\/zeodeo.store\/lt\/apie-mus\/","url":"https:\/\/zeodeo.store\/lt\/apie-mus\/","name":"Apie mus\u00a0 - Zeodeo","isPartOf":{"@id":"https:\/\/zeodeo.store\/lt\/#website"},"primaryImageOfPage":{"@id":"https:\/\/zeodeo.store\/lt\/apie-mus\/#primaryimage"},"image":{"@id":"https:\/\/zeodeo.store\/lt\/apie-mus\/#primaryimage"},"thumbnailUrl":"https:\/\/zeodeo.store\/wp-content\/uploads\/2023\/06\/IMG-5729-ZeoDeo-on-the-top-of-europe.-Breeze-cat-Zeolite-pellets-refill-1-474x590.jpg","datePublished":"2022-10-23T17:26:18+00:00","dateModified":"2023-06-29T14:35:36+00:00","breadcrumb":{"@id":"https:\/\/zeodeo.store\/lt\/apie-mus\/#breadcrumb"},"inLanguage":"lt-LT","potentialAction":[{"@type":"ReadAction","target":["https:\/\/zeodeo.store\/lt\/apie-mus\/"]}]},{"@type":"ImageObject","inLanguage":"lt-LT","@id":"https:\/\/zeodeo.store\/lt\/apie-mus\/#primaryimage","url":"https:\/\/zeodeo.store\/wp-content\/uploads\/2023\/06\/IMG-5729-ZeoDeo-on-the-top-of-europe.-Breeze-cat-Zeolite-pellets-refill-1-474x590.jpg","contentUrl":"https:\/\/zeodeo.store\/wp-content\/uploads\/2023\/06\/IMG-5729-ZeoDeo-on-the-top-of-europe.-Breeze-cat-Zeolite-pellets-refill-1-474x590.jpg"},{"@type":"BreadcrumbList","@id":"https:\/\/zeodeo.store\/lt\/apie-mus\/#breadcrumb","itemListElement":[{"@type":"ListItem","position":1,"name":"Home","item":"https:\/\/zeodeo.store\/lt\/"},{"@type":"ListItem","position":2,"name":"Apie mus\u00a0"}]},{"@type":"WebSite","@id":"https:\/\/zeodeo.store\/lt\/#website","url":"https:\/\/zeodeo.store\/lt\/","name":"Zeodeo","description":"Zeolite pellets for dual layer cat litter pellets","potentialAction":[{"@type":"SearchAction","target":{"@type":"EntryPoint","urlTemplate":"https:\/\/zeodeo.store\/lt\/?s={search_term_string}"},"query-input":{"@type":"PropertyValueSpecification","valueRequired":true,"valueName":"search_term_string"}}],"inLanguage":"lt-LT"}]}},"_links":{"self":[{"href":"https:\/\/zeodeo.store\/lt\/wp-json\/wp\/v2\/pages\/2055"}],"collection":[{"href":"https:\/\/zeodeo.store\/lt\/wp-json\/wp\/v2\/pages"}],"about":[{"href":"https:\/\/zeodeo.store\/lt\/wp-json\/wp\/v2\/types\/page"}],"author":[{"embeddable":true,"href":"https:\/\/zeodeo.store\/lt\/wp-json\/wp\/v2\/users\/1"}],"replies":[{"embeddable":true,"href":"https:\/\/zeodeo.store\/lt\/wp-json\/wp\/v2\/comments?post=2055"}],"version-history":[{"count":3,"href":"https:\/\/zeodeo.store\/lt\/wp-json\/wp\/v2\/pages\/2055\/revisions"}],"predecessor-version":[{"id":3369,"href":"https:\/\/zeodeo.store\/lt\/wp-json\/wp\/v2\/pages\/2055\/revisions\/3369"}],"wp:attachment":[{"href":"https:\/\/zeodeo.store\/lt\/wp-json\/wp\/v2\/media?parent=2055"}],"curies":[{"name":"wp","href":"https:\/\/api.w.org\/{rel}","templated":true}]}}