{"id":2033,"date":"2016-08-29T07:48:13","date_gmt":"2016-08-29T05:48:13","guid":{"rendered":"https:\/\/zeodeo.store\/revoliucine-kaciu-kraiko-sistema\/"},"modified":"2023-07-20T17:10:26","modified_gmt":"2023-07-20T15:10:26","slug":"revoliucine-kaciu-kraiko-sistema","status":"publish","type":"page","link":"https:\/\/zeodeo.store\/lt\/","title":{"rendered":"Produktas, kuris <em>padalino<\/em> gyvenim\u0105 \u012f \u201e<em>prie\u0161<\/em>\u201c ir \u201e<em>po<\/em>\u201c"},"content":{"rendered":"\n<figure class=\"wp-block-pullquote has-vivid-cyan-blue-color has-pale-cyan-blue-background-color has-text-color has-background has-medium-font-size\" style=\"border-width:7px;border-radius:26px\"><blockquote><p>Sveiki atvyk\u0119 \u012f ZeoDeo pasaul\u012f &#8211; revoliucin\u0119 sistem\u0105 j\u016bs\u0173 ka\u010di\u0173 tualetui, kur j\u016bs\u0173 ka\u010di\u0173 komfortas ir j\u016bs\u0173 patogumas yra m\u016bs\u0173 pagrindiniai prioritetai!<\/p><cite>\ud83d\udc3e Jei dar nesp\u0117jote i\u0161bandyti ZeoDeo, tikrai tur\u0117tum\u0117te tai padaryti. Tai gali tapti vienu i\u0161 labiausiai nauding\u0173 pirkini\u0173 j\u016bs\u0173 augintini\u0173 prie\u017ei\u016bros ruti\u00adnos. R\u016bpintis ka\u010di\u0173 tualetu taps daug papras\u010diau ir maloniau. Be to, pamir\u0161ite apie nemalonius kvapus i\u0161 ka\u010di\u0173 tualet\u0173 savo namuose. <br>\ud83d\udc3e U\u017etikrinkite komfort\u0105 ir r\u016bpinim\u0105si savo ka\u010dia, ir m\u0117gaukit\u0117s d\u017eiaugsmu r\u016bpindamiesi savo mylimu augintiniu su ZeoDeo<\/cite><\/blockquote><\/figure>\n\n\n\n<figure class=\"wp-block-embed is-type-video is-provider-youtube wp-block-embed-youtube wp-embed-aspect-16-9 wp-has-aspect-ratio\"><div class=\"wp-block-embed__wrapper\">\n<iframe loading=\"lazy\" title=\"ZeoDeo Zeolite pellets for dual layer cat litter systems video\" width=\"1220\" height=\"686\" src=\"https:\/\/www.youtube.com\/embed\/Ep_9IqdZGXw?feature=oembed\" frameborder=\"0\" allow=\"accelerometer; autoplay; clipboard-write; encrypted-media; gyroscope; picture-in-picture; web-share\" allowfullscreen><\/iframe>\n<\/div><\/figure>\n","protected":false},"excerpt":{"rendered":"<p>Sveiki atvyk\u0119 \u012f ZeoDeo pasaul\u012f &#8211; revoliucin\u0119 sistem\u0105 j\u016bs\u0173 ka\u010di\u0173 tualetui, kur j\u016bs\u0173 ka\u010di\u0173 komfortas ir j\u016bs\u0173 patogumas yra m\u016bs\u0173 pagrindiniai prioritetai! \ud83d\udc3e Jei dar nesp\u0117jote i\u0161bandyti ZeoDeo, tikrai tur\u0117tum\u0117te tai padaryti. Tai gali tapti vienu i\u0161 labiausiai nauding\u0173 pirkini\u0173 j\u016bs\u0173 augintini\u0173 prie\u017ei\u016bros ruti\u00adnos. R\u016bpintis ka\u010di\u0173 tualetu taps daug papras\u010diau ir maloniau. Be to, pamir\u0161ite apie nemalonius kvapus i\u0161 ka\u010di\u0173 tualet\u0173 savo namuose. \ud83d\udc3e U\u017etikrinkite komfort\u0105 ir r\u016bpinim\u0105si savo ka\u010dia, ir m\u0117gaukit\u0117s d\u017eiaugsmu r\u016bpindamiesi savo mylimu augintiniu su ZeoDeo<\/p>\n","protected":false},"author":1,"featured_media":0,"parent":0,"menu_order":0,"comment_status":"closed","ping_status":"open","template":"","meta":{"footnotes":""},"yoast_head":"<!-- This site is optimized with the Yoast SEO Premium plugin v22.2 (Yoast SEO v23.5) - https:\/\/yoast.com\/wordpress\/plugins\/seo\/ -->\n<title>Produktas, kuris padalino gyvenim\u0105 \u012f \u201eprie\u0161\u201c ir \u201epo\u201c - Zeodeo<\/title>\n<meta name=\"robots\" content=\"index, follow, max-snippet:-1, max-image-preview:large, max-video-preview:-1\" \/>\n<link rel=\"canonical\" href=\"https:\/\/zeodeo.store\/lt\/\" \/>\n<meta property=\"og:locale\" content=\"lt_LT\" \/>\n<meta property=\"og:type\" content=\"article\" \/>\n<meta property=\"og:title\" content=\"Produktas, kuris padalino gyvenim\u0105 \u012f \u201eprie\u0161\u201c ir \u201epo\u201c\" \/>\n<meta property=\"og:description\" content=\"Sveiki atvyk\u0119 \u012f ZeoDeo pasaul\u012f &#8211; revoliucin\u0119 sistem\u0105 j\u016bs\u0173 ka\u010di\u0173 tualetui, kur j\u016bs\u0173 ka\u010di\u0173 komfortas ir j\u016bs\u0173 patogumas yra m\u016bs\u0173 pagrindiniai prioritetai! \ud83d\udc3e Jei dar nesp\u0117jote i\u0161bandyti ZeoDeo, tikrai tur\u0117tum\u0117te tai padaryti. Tai gali tapti vienu i\u0161 labiausiai nauding\u0173 pirkini\u0173 j\u016bs\u0173 augintini\u0173 prie\u017ei\u016bros ruti\u00adnos. R\u016bpintis ka\u010di\u0173 tualetu taps daug papras\u010diau ir maloniau. Be to, pamir\u0161ite apie nemalonius kvapus i\u0161 ka\u010di\u0173 tualet\u0173 savo namuose. \ud83d\udc3e U\u017etikrinkite komfort\u0105 ir r\u016bpinim\u0105si savo ka\u010dia, ir m\u0117gaukit\u0117s d\u017eiaugsmu r\u016bpindamiesi savo mylimu augintiniu su ZeoDeo\" \/>\n<meta property=\"og:url\" content=\"https:\/\/zeodeo.store\/lt\/\" \/>\n<meta property=\"og:site_name\" content=\"Zeodeo\" \/>\n<meta property=\"article:modified_time\" content=\"2023-07-20T15:10:26+00:00\" \/>\n<meta name=\"twitter:card\" content=\"summary_large_image\" \/>\n<script type=\"application\/ld+json\" class=\"yoast-schema-graph\">{\"@context\":\"https:\/\/schema.org\",\"@graph\":[{\"@type\":\"WebPage\",\"@id\":\"https:\/\/zeodeo.store\/lt\/\",\"url\":\"https:\/\/zeodeo.store\/lt\/\",\"name\":\"Produktas, kuris padalino gyvenim\u0105 \u012f \u201eprie\u0161\u201c ir \u201epo\u201c - Zeodeo\",\"isPartOf\":{\"@id\":\"https:\/\/zeodeo.store\/lt\/#website\"},\"datePublished\":\"2016-08-29T05:48:13+00:00\",\"dateModified\":\"2023-07-20T15:10:26+00:00\",\"breadcrumb\":{\"@id\":\"https:\/\/zeodeo.store\/lt\/#breadcrumb\"},\"inLanguage\":\"lt-LT\",\"potentialAction\":[{\"@type\":\"ReadAction\",\"target\":[\"https:\/\/zeodeo.store\/lt\/\"]}]},{\"@type\":\"BreadcrumbList\",\"@id\":\"https:\/\/zeodeo.store\/lt\/#breadcrumb\",\"itemListElement\":[{\"@type\":\"ListItem\",\"position\":1,\"name\":\"Home\",\"item\":\"https:\/\/zeodeo.store\/lt\/\"},{\"@type\":\"ListItem\",\"position\":2,\"name\":\"Produktas, kuris padalino gyvenim\u0105 \u012f \u201eprie\u0161\u201c ir \u201epo\u201c\"}]},{\"@type\":\"WebSite\",\"@id\":\"https:\/\/zeodeo.store\/lt\/#website\",\"url\":\"https:\/\/zeodeo.store\/lt\/\",\"name\":\"Zeodeo\",\"description\":\"Zeolite pellets for dual layer cat litter pellets\",\"potentialAction\":[{\"@type\":\"SearchAction\",\"target\":{\"@type\":\"EntryPoint\",\"urlTemplate\":\"https:\/\/zeodeo.store\/lt\/?s={search_term_string}\"},\"query-input\":{\"@type\":\"PropertyValueSpecification\",\"valueRequired\":true,\"valueName\":\"search_term_string\"}}],\"inLanguage\":\"lt-LT\"}]}<\/script>\n<!-- \/ Yoast SEO Premium plugin. -->","yoast_head_json":{"title":"Produktas, kuris padalino gyvenim\u0105 \u012f \u201eprie\u0161\u201c ir \u201epo\u201c - Zeodeo","robots":{"index":"index","follow":"follow","max-snippet":"max-snippet:-1","max-image-preview":"max-image-preview:large","max-video-preview":"max-video-preview:-1"},"canonical":"https:\/\/zeodeo.store\/lt\/","og_locale":"lt_LT","og_type":"article","og_title":"Produktas, kuris padalino gyvenim\u0105 \u012f \u201eprie\u0161\u201c ir \u201epo\u201c","og_description":"Sveiki atvyk\u0119 \u012f ZeoDeo pasaul\u012f &#8211; revoliucin\u0119 sistem\u0105 j\u016bs\u0173 ka\u010di\u0173 tualetui, kur j\u016bs\u0173 ka\u010di\u0173 komfortas ir j\u016bs\u0173 patogumas yra m\u016bs\u0173 pagrindiniai prioritetai! \ud83d\udc3e Jei dar nesp\u0117jote i\u0161bandyti ZeoDeo, tikrai tur\u0117tum\u0117te tai padaryti. Tai gali tapti vienu i\u0161 labiausiai nauding\u0173 pirkini\u0173 j\u016bs\u0173 augintini\u0173 prie\u017ei\u016bros ruti\u00adnos. R\u016bpintis ka\u010di\u0173 tualetu taps daug papras\u010diau ir maloniau. Be to, pamir\u0161ite apie nemalonius kvapus i\u0161 ka\u010di\u0173 tualet\u0173 savo namuose. \ud83d\udc3e U\u017etikrinkite komfort\u0105 ir r\u016bpinim\u0105si savo ka\u010dia, ir m\u0117gaukit\u0117s d\u017eiaugsmu r\u016bpindamiesi savo mylimu augintiniu su ZeoDeo","og_url":"https:\/\/zeodeo.store\/lt\/","og_site_name":"Zeodeo","article_modified_time":"2023-07-20T15:10:26+00:00","twitter_card":"summary_large_image","schema":{"@context":"https:\/\/schema.org","@graph":[{"@type":"WebPage","@id":"https:\/\/zeodeo.store\/lt\/","url":"https:\/\/zeodeo.store\/lt\/","name":"Produktas, kuris padalino gyvenim\u0105 \u012f \u201eprie\u0161\u201c ir \u201epo\u201c - Zeodeo","isPartOf":{"@id":"https:\/\/zeodeo.store\/lt\/#website"},"datePublished":"2016-08-29T05:48:13+00:00","dateModified":"2023-07-20T15:10:26+00:00","breadcrumb":{"@id":"https:\/\/zeodeo.store\/lt\/#breadcrumb"},"inLanguage":"lt-LT","potentialAction":[{"@type":"ReadAction","target":["https:\/\/zeodeo.store\/lt\/"]}]},{"@type":"BreadcrumbList","@id":"https:\/\/zeodeo.store\/lt\/#breadcrumb","itemListElement":[{"@type":"ListItem","position":1,"name":"Home","item":"https:\/\/zeodeo.store\/lt\/"},{"@type":"ListItem","position":2,"name":"Produktas, kuris padalino gyvenim\u0105 \u012f \u201eprie\u0161\u201c ir \u201epo\u201c"}]},{"@type":"WebSite","@id":"https:\/\/zeodeo.store\/lt\/#website","url":"https:\/\/zeodeo.store\/lt\/","name":"Zeodeo","description":"Zeolite pellets for dual layer cat litter pellets","potentialAction":[{"@type":"SearchAction","target":{"@type":"EntryPoint","urlTemplate":"https:\/\/zeodeo.store\/lt\/?s={search_term_string}"},"query-input":{"@type":"PropertyValueSpecification","valueRequired":true,"valueName":"search_term_string"}}],"inLanguage":"lt-LT"}]}},"_links":{"self":[{"href":"https:\/\/zeodeo.store\/lt\/wp-json\/wp\/v2\/pages\/2033"}],"collection":[{"href":"https:\/\/zeodeo.store\/lt\/wp-json\/wp\/v2\/pages"}],"about":[{"href":"https:\/\/zeodeo.store\/lt\/wp-json\/wp\/v2\/types\/page"}],"author":[{"embeddable":true,"href":"https:\/\/zeodeo.store\/lt\/wp-json\/wp\/v2\/users\/1"}],"replies":[{"embeddable":true,"href":"https:\/\/zeodeo.store\/lt\/wp-json\/wp\/v2\/comments?post=2033"}],"version-history":[{"count":7,"href":"https:\/\/zeodeo.store\/lt\/wp-json\/wp\/v2\/pages\/2033\/revisions"}],"predecessor-version":[{"id":3564,"href":"https:\/\/zeodeo.store\/lt\/wp-json\/wp\/v2\/pages\/2033\/revisions\/3564"}],"wp:attachment":[{"href":"https:\/\/zeodeo.store\/lt\/wp-json\/wp\/v2\/media?parent=2033"}],"curies":[{"name":"wp","href":"https:\/\/api.w.org\/{rel}","templated":true}]}}