{"id":1971,"date":"2022-10-23T19:27:15","date_gmt":"2022-10-23T17:27:15","guid":{"rendered":"https:\/\/zeodeo.store\/pristatymas\/"},"modified":"2024-05-23T16:52:51","modified_gmt":"2024-05-23T14:52:51","slug":"pristatymas","status":"publish","type":"page","link":"https:\/\/zeodeo.store\/lt\/pristatymas\/","title":{"rendered":"Pristatymas"},"content":{"rendered":"\n<p>Prane\u0161imai apie \u0161ventes ir savaitgalius skelbiami socialiniuose tinkluose    <a href=\"https:\/\/www.facebook.com\/people\/ZeoDeo\/100087670567419\/\" target=\"_blank\" rel=\"noreferrer noopener\"><img loading=\"lazy\" decoding=\"async\" width=\"512\" height=\"512\" class=\"wp-image-5276\" style=\"width: 50px;\" src=\"https:\/\/zeodeo.store\/wp-content\/uploads\/2023\/12\/Facebook-logo.png\" alt=\"\" srcset=\"https:\/\/zeodeo.store\/wp-content\/uploads\/2023\/12\/Facebook-logo.png 512w, https:\/\/zeodeo.store\/wp-content\/uploads\/2023\/12\/Facebook-logo-360x360.png 360w, https:\/\/zeodeo.store\/wp-content\/uploads\/2023\/12\/Facebook-logo-70x70.png 70w, https:\/\/zeodeo.store\/wp-content\/uploads\/2023\/12\/Facebook-logo-142x142.png 142w, https:\/\/zeodeo.store\/wp-content\/uploads\/2023\/12\/Facebook-logo-250x250.png 250w, https:\/\/zeodeo.store\/wp-content\/uploads\/2023\/12\/Facebook-logo-53x53.png 53w, https:\/\/zeodeo.store\/wp-content\/uploads\/2023\/12\/Facebook-logo-420x420.png 420w, https:\/\/zeodeo.store\/wp-content\/uploads\/2023\/12\/Facebook-logo-140x140.png 140w, https:\/\/zeodeo.store\/wp-content\/uploads\/2023\/12\/Facebook-logo-210x210.png 210w, https:\/\/zeodeo.store\/wp-content\/uploads\/2023\/12\/Facebook-logo-50x50.png 50w, https:\/\/zeodeo.store\/wp-content\/uploads\/2023\/12\/Facebook-logo-100x100.png 100w\" sizes=\"(max-width: 512px) 100vw, 512px\" \/><\/a>   <a href=\"https:\/\/www.instagram.com\/zeodeo.store\/\" target=\"_blank\" rel=\"noreferrer noopener\"><img loading=\"lazy\" decoding=\"async\" width=\"240\" height=\"240\" class=\"wp-image-5281\" style=\"width: 50px;\" src=\"https:\/\/zeodeo.store\/wp-content\/uploads\/2023\/12\/instagram-logo.png\" alt=\"\" srcset=\"https:\/\/zeodeo.store\/wp-content\/uploads\/2023\/12\/instagram-logo.png 240w, https:\/\/zeodeo.store\/wp-content\/uploads\/2023\/12\/instagram-logo-70x70.png 70w, https:\/\/zeodeo.store\/wp-content\/uploads\/2023\/12\/instagram-logo-142x142.png 142w, https:\/\/zeodeo.store\/wp-content\/uploads\/2023\/12\/instagram-logo-53x53.png 53w, https:\/\/zeodeo.store\/wp-content\/uploads\/2023\/12\/instagram-logo-140x140.png 140w, https:\/\/zeodeo.store\/wp-content\/uploads\/2023\/12\/instagram-logo-210x210.png 210w, https:\/\/zeodeo.store\/wp-content\/uploads\/2023\/12\/instagram-logo-50x50.png 50w, https:\/\/zeodeo.store\/wp-content\/uploads\/2023\/12\/instagram-logo-100x100.png 100w\" sizes=\"(max-width: 240px) 100vw, 240px\" \/><\/a><\/p>\n\n\n\n<p>U\u017esakymai, pateikti ir apmok\u0117ti iki 13:00, bus i\u0161si\u0173sti t\u0105 pa\u010di\u0105 dien\u0105.<\/p>\n\n\n\n<p>U\u017esakymai pateikti ir apmok\u0117ti po 13:00 bus i\u0161si\u0173sti kit\u0105 darbo dien\u0105.<\/p>\n\n\n\n<p>\u0160e\u0161tadien\u012f ir sekmadien\u012f pateikti ir apmok\u0117ti u\u017esakymai bus i\u0161si\u0173sti pirmadien\u012f.<\/p>\n\n\n\n<h2 class=\"wp-block-heading\" id=\"h-pristatymo-informacija-baltijos-salyse-lv-lt-ee\">Pristatymo informacija Baltijos \u0161alyse (LV, LT, EE)<\/h2>\n\n\n\n<figure class=\"wp-block-table\"><table><tbody><tr><td><br><img loading=\"lazy\" decoding=\"async\" width=\"250\" height=\"47\" src=\"https:\/\/lh4.googleusercontent.com\/CjBa7CrjN2QcuQeAf-TLSpEI1rgF-bnsaaKcht1D2w9XanDw1mk312qRZFIaXQXqGPh8QMePrxWdBDELvVKPXF7LRvBT6BYorAwrPN1POi5kkbSn1r1FcsLwJCos-ZRxK06blKUqs_aNGa9FO37vvgKpZBA00TRHgahRSx6NHtvPR_h-FTOEl_oC1g\"> <br><img loading=\"lazy\" decoding=\"async\" width=\"412\" height=\"122\" class=\"wp-image-2967\" style=\"width: 250px;\" src=\"https:\/\/zeodeo.store\/wp-content\/uploads\/2023\/06\/itella.png\" alt=\"\" srcset=\"https:\/\/zeodeo.store\/wp-content\/uploads\/2023\/06\/itella.png 412w, https:\/\/zeodeo.store\/wp-content\/uploads\/2023\/06\/itella-360x107.png 360w, https:\/\/zeodeo.store\/wp-content\/uploads\/2023\/06\/itella-142x42.png 142w, https:\/\/zeodeo.store\/wp-content\/uploads\/2023\/06\/itella-179x53.png 179w\" sizes=\"(max-width: 412px) 100vw, 412px\" \/><br>Pristatymo b\u016bdas:<br>1-Priimkite prekes \u012f namus<br>Pristatymo kaina: <br>U\u017esakymams vir\u0161 55 EUR &#8211; 0 EUR<br>U\u017esakymams 1-55 EUR &#8211; 5 eurai<br><br>2-Spintel\u0117s ir pa\u0117mimo ta\u0161kai<br>Pristatymo kaina: <br>U\u017esakymams vir\u0161 35 EUR &#8211; 0 EUR<br>U\u017esakymams 1-34 EUR &#8211; 3 eurai<\/td><\/tr><\/tbody><\/table><\/figure>\n\n\n\n<p class=\"has-large-font-size\"><strong>Pristatymo informacija Jungtin\u0117je Karalyst\u0117je<\/strong><\/p>\n\n\n\n<figure class=\"wp-block-table\"><table><tbody><tr><td><img loading=\"lazy\" decoding=\"async\" width=\"503\" height=\"100\" class=\"wp-image-2972\" style=\"width: 350px;\" src=\"https:\/\/zeodeo.store\/wp-content\/uploads\/2023\/06\/parcepgorce.png\" alt=\"\" srcset=\"https:\/\/zeodeo.store\/wp-content\/uploads\/2023\/06\/parcepgorce.png 503w, https:\/\/zeodeo.store\/wp-content\/uploads\/2023\/06\/parcepgorce-360x72.png 360w, https:\/\/zeodeo.store\/wp-content\/uploads\/2023\/06\/parcepgorce-142x28.png 142w, https:\/\/zeodeo.store\/wp-content\/uploads\/2023\/06\/parcepgorce-267x53.png 267w\" sizes=\"(max-width: 503px) 100vw, 503px\" \/><br>Pristatymo laikas 6-8 v\/d.<br>Pristatymo kaina:<br>U\u017esakymams vir\u0161 99 EUR &#8211; 0 EUR<br>For orders 1-99 EUR &#8211; 20 Euro<\/td><\/tr><\/tbody><\/table><\/figure>\n\n\n\n<p class=\"has-large-font-size\"><strong>Pristatymo informacija Europos S\u0105jungai<\/strong><\/p>\n\n\n\n<figure class=\"wp-block-table\"><table><tbody><tr><td>Pristatymo b\u016bdas:<br>EMS, Carrier<br>Siuntimo i\u0161laidos bus nurodytos J\u016bs\u0173 pirkini\u0173 krep\u0161elyje.<\/td><\/tr><\/tbody><\/table><\/figure>\n\n\n\n<figure class=\"wp-block-table\"><table><tbody><tr><td><strong>\u0160alis<\/strong><\/td><td><strong>Pristatymo laikas (darbo dienomis)<\/strong><\/td><\/tr><tr><td>Austria<\/td><td>4-5<\/td><\/tr><tr><td>Belgium<\/td><td>4-5<\/td><\/tr><tr><td>Bulgaria<\/td><td>6-7<\/td><\/tr><tr><td>Croatia<\/td><td>4-5<\/td><\/tr><tr><td>Cyprus<\/td><td>4-6<\/td><\/tr><tr><td>Czech Republic<\/td><td>3-4<\/td><\/tr><tr><td>Denmark<\/td><td>4-5<\/td><\/tr><tr><td>Finland<\/td><td>2-3<\/td><\/tr><tr><td>France<\/td><td>4-5<\/td><\/tr><tr><td>Germany<\/td><td>3-4<\/td><\/tr><tr><td>Greece<\/td><td>8-10<\/td><\/tr><tr><td>Hungary<\/td><td>3-4<\/td><\/tr><tr><td>Ireland<\/td><td>4-5<\/td><\/tr><tr><td>Italy<\/td><td>4-5<\/td><\/tr><tr><td>Luxembourg<\/td><td>3-4<\/td><\/tr><tr><td>Malta<\/td><td>4-6<\/td><\/tr><tr><td>Netherlands<\/td><td>4-5<\/td><\/tr><tr><td>Poland<\/td><td>2-3<\/td><\/tr><tr><td>Portugal<\/td><td>6-7<\/td><\/tr><tr><td>Romania<\/td><td>5-6<\/td><\/tr><tr><td>Slovak Republic<\/td><td>3-4<\/td><\/tr><tr><td>Slovenia<\/td><td>4-5<\/td><\/tr><tr><td>Spain<\/td><td>5-6<\/td><\/tr><tr><td>Sweden<\/td><td>3-4<\/td><\/tr><\/tbody><\/table><\/figure>\n\n\n\n<p>Galutin\u0119 pristatymo kain\u0105 galite per\u017ei\u016br\u0117ti ir paskai\u010diuoti Preki\u0173 krep\u0161elyje arba\/ir matyti pateikdami u\u017esakym\u0105.<\/p>\n\n\n\n<p>Jei neradote savo \u0161alies, susisiekite su mumis pa\u0161tu arba telefonu.<\/p>\n","protected":false},"excerpt":{"rendered":"<p>Prane\u0161imai apie \u0161ventes ir savaitgalius skelbiami socialiniuose tinkluose U\u017esakymai, pateikti ir apmok\u0117ti iki 13:00, bus i\u0161si\u0173sti t\u0105 pa\u010di\u0105 dien\u0105. U\u017esakymai pateikti ir apmok\u0117ti po 13:00 bus i\u0161si\u0173sti kit\u0105 darbo dien\u0105. \u0160e\u0161tadien\u012f ir sekmadien\u012f pateikti ir apmok\u0117ti u\u017esakymai bus i\u0161si\u0173sti pirmadien\u012f. Pristatymo informacija Baltijos \u0161alyse (LV, LT, EE) Pristatymo b\u016bdas:1-Priimkite prekes \u012f namusPristatymo kaina: U\u017esakymams vir\u0161 55 EUR &#8211; 0 EURU\u017esakymams 1-55 EUR &#8211; 5 eurai 2-Spintel\u0117s ir pa\u0117mimo ta\u0161kaiPristatymo kaina: U\u017esakymams vir\u0161 35 EUR &#8211; 0 EURU\u017esakymams 1-34 EUR &#8211; 3 eurai Pristatymo informacija&hellip;<\/p>\n","protected":false},"author":1,"featured_media":0,"parent":0,"menu_order":0,"comment_status":"closed","ping_status":"closed","template":"","meta":{"footnotes":""},"yoast_head":"<!-- This site is optimized with the Yoast SEO Premium plugin v22.2 (Yoast SEO v23.5) - https:\/\/yoast.com\/wordpress\/plugins\/seo\/ -->\n<title>Pristatymas - Zeodeo<\/title>\n<meta name=\"robots\" content=\"index, follow, max-snippet:-1, max-image-preview:large, max-video-preview:-1\" \/>\n<link rel=\"canonical\" href=\"https:\/\/zeodeo.store\/lt\/pristatymas\/\" \/>\n<meta property=\"og:locale\" content=\"lt_LT\" \/>\n<meta property=\"og:type\" content=\"article\" \/>\n<meta property=\"og:title\" content=\"Pristatymas\" \/>\n<meta property=\"og:description\" content=\"Prane\u0161imai apie \u0161ventes ir savaitgalius skelbiami socialiniuose tinkluose U\u017esakymai, pateikti ir apmok\u0117ti iki 13:00, bus i\u0161si\u0173sti t\u0105 pa\u010di\u0105 dien\u0105. U\u017esakymai pateikti ir apmok\u0117ti po 13:00 bus i\u0161si\u0173sti kit\u0105 darbo dien\u0105. \u0160e\u0161tadien\u012f ir sekmadien\u012f pateikti ir apmok\u0117ti u\u017esakymai bus i\u0161si\u0173sti pirmadien\u012f. Pristatymo informacija Baltijos \u0161alyse (LV, LT, EE) Pristatymo b\u016bdas:1-Priimkite prekes \u012f namusPristatymo kaina: U\u017esakymams vir\u0161 55 EUR &#8211; 0 EURU\u017esakymams 1-55 EUR &#8211; 5 eurai 2-Spintel\u0117s ir pa\u0117mimo ta\u0161kaiPristatymo kaina: U\u017esakymams vir\u0161 35 EUR &#8211; 0 EURU\u017esakymams 1-34 EUR &#8211; 3 eurai Pristatymo informacija&hellip;\" \/>\n<meta property=\"og:url\" content=\"https:\/\/zeodeo.store\/lt\/pristatymas\/\" \/>\n<meta property=\"og:site_name\" content=\"Zeodeo\" \/>\n<meta property=\"article:modified_time\" content=\"2024-05-23T14:52:51+00:00\" \/>\n<meta property=\"og:image\" content=\"https:\/\/zeodeo.store\/wp-content\/uploads\/2023\/12\/Facebook-logo.png\" \/>\n<meta name=\"twitter:card\" content=\"summary_large_image\" \/>\n<script type=\"application\/ld+json\" class=\"yoast-schema-graph\">{\"@context\":\"https:\/\/schema.org\",\"@graph\":[{\"@type\":\"WebPage\",\"@id\":\"https:\/\/zeodeo.store\/lt\/pristatymas\/\",\"url\":\"https:\/\/zeodeo.store\/lt\/pristatymas\/\",\"name\":\"Pristatymas - Zeodeo\",\"isPartOf\":{\"@id\":\"https:\/\/zeodeo.store\/lt\/#website\"},\"primaryImageOfPage\":{\"@id\":\"https:\/\/zeodeo.store\/lt\/pristatymas\/#primaryimage\"},\"image\":{\"@id\":\"https:\/\/zeodeo.store\/lt\/pristatymas\/#primaryimage\"},\"thumbnailUrl\":\"https:\/\/zeodeo.store\/wp-content\/uploads\/2023\/12\/Facebook-logo.png\",\"datePublished\":\"2022-10-23T17:27:15+00:00\",\"dateModified\":\"2024-05-23T14:52:51+00:00\",\"breadcrumb\":{\"@id\":\"https:\/\/zeodeo.store\/lt\/pristatymas\/#breadcrumb\"},\"inLanguage\":\"lt-LT\",\"potentialAction\":[{\"@type\":\"ReadAction\",\"target\":[\"https:\/\/zeodeo.store\/lt\/pristatymas\/\"]}]},{\"@type\":\"ImageObject\",\"inLanguage\":\"lt-LT\",\"@id\":\"https:\/\/zeodeo.store\/lt\/pristatymas\/#primaryimage\",\"url\":\"https:\/\/zeodeo.store\/wp-content\/uploads\/2023\/12\/Facebook-logo.png\",\"contentUrl\":\"https:\/\/zeodeo.store\/wp-content\/uploads\/2023\/12\/Facebook-logo.png\"},{\"@type\":\"BreadcrumbList\",\"@id\":\"https:\/\/zeodeo.store\/lt\/pristatymas\/#breadcrumb\",\"itemListElement\":[{\"@type\":\"ListItem\",\"position\":1,\"name\":\"Home\",\"item\":\"https:\/\/zeodeo.store\/lt\/\"},{\"@type\":\"ListItem\",\"position\":2,\"name\":\"Pristatymas\"}]},{\"@type\":\"WebSite\",\"@id\":\"https:\/\/zeodeo.store\/lt\/#website\",\"url\":\"https:\/\/zeodeo.store\/lt\/\",\"name\":\"Zeodeo\",\"description\":\"Zeolite pellets for dual layer cat litter pellets\",\"potentialAction\":[{\"@type\":\"SearchAction\",\"target\":{\"@type\":\"EntryPoint\",\"urlTemplate\":\"https:\/\/zeodeo.store\/lt\/?s={search_term_string}\"},\"query-input\":{\"@type\":\"PropertyValueSpecification\",\"valueRequired\":true,\"valueName\":\"search_term_string\"}}],\"inLanguage\":\"lt-LT\"}]}<\/script>\n<!-- \/ Yoast SEO Premium plugin. -->","yoast_head_json":{"title":"Pristatymas - Zeodeo","robots":{"index":"index","follow":"follow","max-snippet":"max-snippet:-1","max-image-preview":"max-image-preview:large","max-video-preview":"max-video-preview:-1"},"canonical":"https:\/\/zeodeo.store\/lt\/pristatymas\/","og_locale":"lt_LT","og_type":"article","og_title":"Pristatymas","og_description":"Prane\u0161imai apie \u0161ventes ir savaitgalius skelbiami socialiniuose tinkluose U\u017esakymai, pateikti ir apmok\u0117ti iki 13:00, bus i\u0161si\u0173sti t\u0105 pa\u010di\u0105 dien\u0105. U\u017esakymai pateikti ir apmok\u0117ti po 13:00 bus i\u0161si\u0173sti kit\u0105 darbo dien\u0105. \u0160e\u0161tadien\u012f ir sekmadien\u012f pateikti ir apmok\u0117ti u\u017esakymai bus i\u0161si\u0173sti pirmadien\u012f. Pristatymo informacija Baltijos \u0161alyse (LV, LT, EE) Pristatymo b\u016bdas:1-Priimkite prekes \u012f namusPristatymo kaina: U\u017esakymams vir\u0161 55 EUR &#8211; 0 EURU\u017esakymams 1-55 EUR &#8211; 5 eurai 2-Spintel\u0117s ir pa\u0117mimo ta\u0161kaiPristatymo kaina: U\u017esakymams vir\u0161 35 EUR &#8211; 0 EURU\u017esakymams 1-34 EUR &#8211; 3 eurai Pristatymo informacija&hellip;","og_url":"https:\/\/zeodeo.store\/lt\/pristatymas\/","og_site_name":"Zeodeo","article_modified_time":"2024-05-23T14:52:51+00:00","og_image":[{"url":"https:\/\/zeodeo.store\/wp-content\/uploads\/2023\/12\/Facebook-logo.png"}],"twitter_card":"summary_large_image","schema":{"@context":"https:\/\/schema.org","@graph":[{"@type":"WebPage","@id":"https:\/\/zeodeo.store\/lt\/pristatymas\/","url":"https:\/\/zeodeo.store\/lt\/pristatymas\/","name":"Pristatymas - Zeodeo","isPartOf":{"@id":"https:\/\/zeodeo.store\/lt\/#website"},"primaryImageOfPage":{"@id":"https:\/\/zeodeo.store\/lt\/pristatymas\/#primaryimage"},"image":{"@id":"https:\/\/zeodeo.store\/lt\/pristatymas\/#primaryimage"},"thumbnailUrl":"https:\/\/zeodeo.store\/wp-content\/uploads\/2023\/12\/Facebook-logo.png","datePublished":"2022-10-23T17:27:15+00:00","dateModified":"2024-05-23T14:52:51+00:00","breadcrumb":{"@id":"https:\/\/zeodeo.store\/lt\/pristatymas\/#breadcrumb"},"inLanguage":"lt-LT","potentialAction":[{"@type":"ReadAction","target":["https:\/\/zeodeo.store\/lt\/pristatymas\/"]}]},{"@type":"ImageObject","inLanguage":"lt-LT","@id":"https:\/\/zeodeo.store\/lt\/pristatymas\/#primaryimage","url":"https:\/\/zeodeo.store\/wp-content\/uploads\/2023\/12\/Facebook-logo.png","contentUrl":"https:\/\/zeodeo.store\/wp-content\/uploads\/2023\/12\/Facebook-logo.png"},{"@type":"BreadcrumbList","@id":"https:\/\/zeodeo.store\/lt\/pristatymas\/#breadcrumb","itemListElement":[{"@type":"ListItem","position":1,"name":"Home","item":"https:\/\/zeodeo.store\/lt\/"},{"@type":"ListItem","position":2,"name":"Pristatymas"}]},{"@type":"WebSite","@id":"https:\/\/zeodeo.store\/lt\/#website","url":"https:\/\/zeodeo.store\/lt\/","name":"Zeodeo","description":"Zeolite pellets for dual layer cat litter pellets","potentialAction":[{"@type":"SearchAction","target":{"@type":"EntryPoint","urlTemplate":"https:\/\/zeodeo.store\/lt\/?s={search_term_string}"},"query-input":{"@type":"PropertyValueSpecification","valueRequired":true,"valueName":"search_term_string"}}],"inLanguage":"lt-LT"}]}},"_links":{"self":[{"href":"https:\/\/zeodeo.store\/lt\/wp-json\/wp\/v2\/pages\/1971"}],"collection":[{"href":"https:\/\/zeodeo.store\/lt\/wp-json\/wp\/v2\/pages"}],"about":[{"href":"https:\/\/zeodeo.store\/lt\/wp-json\/wp\/v2\/types\/page"}],"author":[{"embeddable":true,"href":"https:\/\/zeodeo.store\/lt\/wp-json\/wp\/v2\/users\/1"}],"replies":[{"embeddable":true,"href":"https:\/\/zeodeo.store\/lt\/wp-json\/wp\/v2\/comments?post=1971"}],"version-history":[{"count":11,"href":"https:\/\/zeodeo.store\/lt\/wp-json\/wp\/v2\/pages\/1971\/revisions"}],"predecessor-version":[{"id":7413,"href":"https:\/\/zeodeo.store\/lt\/wp-json\/wp\/v2\/pages\/1971\/revisions\/7413"}],"wp:attachment":[{"href":"https:\/\/zeodeo.store\/lt\/wp-json\/wp\/v2\/media?parent=1971"}],"curies":[{"name":"wp","href":"https:\/\/api.w.org\/{rel}","templated":true}]}}