{"id":8248,"date":"2024-07-26T11:50:25","date_gmt":"2024-07-26T09:50:25","guid":{"rendered":"https:\/\/zeodeo.store\/?post_type=product&#038;p=8248"},"modified":"2024-12-06T15:40:20","modified_gmt":"2024-12-06T13:40:20","slug":"tseoliidi-3-6-kg-10-extra-aluslinaid","status":"publish","type":"product","link":"https:\/\/zeodeo.store\/et\/tseoliidi-graanulid\/tseoliidi-3-6-kg-10-extra-aluslinaid\/","title":{"rendered":"Tseoliidi graanulid kassitualetile 3,6 kg +10 EXTRA imavaid aluslinaid"},"content":{"rendered":"<h2><strong>&#8220;ZeoDeo&#8221; looduslikud tseoliidist kassiliivagraanulid <\/strong><\/h2>\n<h3 style=\"text-align: left;\">kahekihiliste kassiliivas\u00fcsteemide jaoks<\/h3>\n<p style=\"text-align: left;\"><strong>Toode, mis <em>jagas<\/em> elu &#8220;<em>enne<\/em>&#8221; ja &#8220;<em>p\u00e4rast<\/em>&#8220;<\/strong><\/p>\n<p>Eelised:<\/p>\n<ul>\n<li>L\u00f5hnavaba kuni 60 p\u00e4eva<br \/>\nTseoliidigraanulid imavad endasse kassi uriini l\u00f5hna ja kassi tahke &#8220;\u00e4ri&#8221; ning neil on p\u00fcsiv toime ligikaudu 30-60 p\u00e4eva.*<\/li>\n<li style=\"text-align: left;\">Puhtus majas<br \/>\nNaturaalsest tseoliidist kassiliivagraanulid on sama l\u00e4bim\u00f5\u00f5duga ja ligikaudu sama pikkusega, need ei pudene ega j\u00e4\u00e4 kassi k\u00e4ppadesse kinni. Need omadused v\u00e4hendavad v\u00f5imalust, et teie kass viskab graanulid kassiliivast v\u00e4lja ja laotab need m\u00f6\u00f6da korterit laiali.<\/li>\n<li style=\"text-align: left;\">Uskumatult lihtne hooldus<br \/>\nK\u00f5ik, mida pead tegema, on eemaldada kassi tahke &#8220;\u00e4ri&#8221; salvest, vahetada graanuleid kord kuus ja vahetada imav padjake iga 4-7 p\u00e4eva j\u00e4rel (oleneb lemmiklooma suurusest). Pole vaja eemaldada kassi uriini ja koristada allapanu, mille kass on m\u00f6\u00f6da maja laiali ajanud.<\/li>\n<\/ul>\n<p class=\"CDt4Ke zfr3Q\" dir=\"ltr\">Pelletid ei ima uriini (vedelikku) ja lasevad sellel l\u00e4bi ise alumisse kihti, kust aluspadi selle imab. Pelletid neelavad ja hoiavad atmosf\u00e4\u00e4rist ainult kassi uriini aurustumist.<\/p>\n<p class=\"CDt4Ke zfr3Q\" dir=\"ltr\">Pelletite materjalil on mikroskoopilised poorid, mis suudavad valikuliselt absorbeerida ja s\u00e4ilitada atmosf\u00e4\u00e4rist ammoniaagi molekule. Pelletid kuivatavad ka kassi tahke &#8220;\u00e4ri&#8221; ja imavad suitsu.<\/p>\n<p dir=\"ltr\">1 cm2 ZeoDeo graanulitel on kuni 700-800 m2 mikropoorne pind<\/p>\n<p style=\"text-align: left;\">*Eeldusel, et kassi kaal on 8 kg.<br \/>\nPelleti eluiga v\u00f5ivad m\u00f5jutada: lemmiklooma suurus, tema tervis, kassi toitumine ja \u00f5huniiskus.<br \/>\nOlulist rolli m\u00e4ngib liivakasti p\u00f5hjakihis kasutatava superimava padja kvaliteet.<\/p>\n","protected":false},"excerpt":{"rendered":"<p>&#8220;ZeoDeo&#8221; looduslikud tseoliidist kassiliivagraanulid kahekihiliste kassiliivas\u00fcsteemide jaoks Toode, mis jagas elu &#8220;enne&#8221; ja &#8220;p\u00e4rast&#8220; Eelised: L\u00f5hnavaba kuni 60 p\u00e4eva Tseoliidigraanulid imavad endasse kassi uriini l\u00f5hna ja kassi tahke &#8220;\u00e4ri&#8221; ning neil on p\u00fcsiv toime ligikaudu 30-60 p\u00e4eva.* Puhtus majas Naturaalsest tseoliidist kassiliivagraanulid on sama l\u00e4bim\u00f5\u00f5duga ja ligikaudu sama pikkusega, need ei pudene ega j\u00e4\u00e4 kassi k\u00e4ppadesse kinni. Need omadused v\u00e4hendavad v\u00f5imalust, et teie kass viskab graanulid kassiliivast v\u00e4lja ja laotab need m\u00f6\u00f6da korterit laiali. Uskumatult lihtne hooldus K\u00f5ik, mida pead tegema, on eemaldada kassi&hellip;<\/p>\n","protected":false},"featured_media":17494,"template":"","meta":[],"product_cat":[329],"product_tag":[198,202,203,200,201,199],"yoast_head":"<!-- This site is optimized with the Yoast SEO Premium plugin v22.2 (Yoast SEO v23.5) - https:\/\/yoast.com\/wordpress\/plugins\/seo\/ -->\n<title>Tseoliidi graanulid 3,6kg +10 imavaid aluslinu EXTRA - l\u00f5hnat\u00f5rje majas<\/title>\n<meta name=\"description\" content=\"Kassiliiva kivimi mineraalne t\u00e4iteaine ZeoDeo. K\u00f5rvaldab soovimatud l\u00f5hnad, tagab kuni 99% tolmuvaba puhtuse ja k\u00f5rge uriiniimavuse. M\u00f5nus, puhas ja v\u00e4rske keskkond sinu kassile.\" \/>\n<meta name=\"robots\" content=\"index, follow, max-snippet:-1, max-image-preview:large, max-video-preview:-1\" \/>\n<link rel=\"canonical\" href=\"https:\/\/zeodeo.store\/et\/tseoliidi-graanulid\/tseoliidi-3-6-kg-10-extra-aluslinaid\/\" \/>\n<meta property=\"og:locale\" content=\"et_EE\" \/>\n<meta property=\"og:type\" content=\"article\" \/>\n<meta property=\"og:title\" content=\"Tseoliidi graanulid kassitualetile 3,6 kg +10 EXTRA imavaid aluslinaid\" \/>\n<meta property=\"og:description\" content=\"Kassiliiva kivimi mineraalne t\u00e4iteaine ZeoDeo. K\u00f5rvaldab soovimatud l\u00f5hnad, tagab kuni 99% tolmuvaba puhtuse ja k\u00f5rge uriiniimavuse. M\u00f5nus, puhas ja v\u00e4rske keskkond sinu kassile.\" \/>\n<meta property=\"og:url\" content=\"https:\/\/zeodeo.store\/et\/tseoliidi-graanulid\/tseoliidi-3-6-kg-10-extra-aluslinaid\/\" \/>\n<meta property=\"og:site_name\" content=\"Zeodeo\" \/>\n<meta property=\"article:modified_time\" content=\"2024-12-06T13:40:20+00:00\" \/>\n<meta property=\"og:image\" content=\"https:\/\/zeodeo.store\/wp-content\/uploads\/2024\/07\/3.610-Extra-e1725986499552.jpg\" \/>\n\t<meta property=\"og:image:width\" content=\"1592\" \/>\n\t<meta property=\"og:image:height\" content=\"2048\" \/>\n\t<meta property=\"og:image:type\" content=\"image\/jpeg\" \/>\n<meta name=\"twitter:card\" content=\"summary_large_image\" \/>\n<script type=\"application\/ld+json\" class=\"yoast-schema-graph\">{\"@context\":\"https:\/\/schema.org\",\"@graph\":[{\"@type\":\"WebPage\",\"@id\":\"https:\/\/zeodeo.store\/et\/tseoliidi-graanulid\/tseoliidi-3-6-kg-10-extra-aluslinaid\/\",\"url\":\"https:\/\/zeodeo.store\/et\/tseoliidi-graanulid\/tseoliidi-3-6-kg-10-extra-aluslinaid\/\",\"name\":\"Tseoliidi graanulid 3,6kg +10 imavaid aluslinu EXTRA - l\u00f5hnat\u00f5rje majas\",\"isPartOf\":{\"@id\":\"https:\/\/zeodeo.store\/et\/#website\"},\"primaryImageOfPage\":{\"@id\":\"https:\/\/zeodeo.store\/et\/tseoliidi-graanulid\/tseoliidi-3-6-kg-10-extra-aluslinaid\/#primaryimage\"},\"image\":{\"@id\":\"https:\/\/zeodeo.store\/et\/tseoliidi-graanulid\/tseoliidi-3-6-kg-10-extra-aluslinaid\/#primaryimage\"},\"thumbnailUrl\":\"https:\/\/zeodeo.store\/wp-content\/uploads\/2024\/07\/apazon-pic-3.6-30pads-2.png\",\"datePublished\":\"2024-07-26T09:50:25+00:00\",\"dateModified\":\"2024-12-06T13:40:20+00:00\",\"description\":\"Kassiliiva kivimi mineraalne t\u00e4iteaine ZeoDeo. K\u00f5rvaldab soovimatud l\u00f5hnad, tagab kuni 99% tolmuvaba puhtuse ja k\u00f5rge uriiniimavuse. M\u00f5nus, puhas ja v\u00e4rske keskkond sinu kassile.\",\"breadcrumb\":{\"@id\":\"https:\/\/zeodeo.store\/et\/tseoliidi-graanulid\/tseoliidi-3-6-kg-10-extra-aluslinaid\/#breadcrumb\"},\"inLanguage\":\"et\",\"potentialAction\":[{\"@type\":\"ReadAction\",\"target\":[\"https:\/\/zeodeo.store\/et\/tseoliidi-graanulid\/tseoliidi-3-6-kg-10-extra-aluslinaid\/\"]}]},{\"@type\":\"ImageObject\",\"inLanguage\":\"et\",\"@id\":\"https:\/\/zeodeo.store\/et\/tseoliidi-graanulid\/tseoliidi-3-6-kg-10-extra-aluslinaid\/#primaryimage\",\"url\":\"https:\/\/zeodeo.store\/wp-content\/uploads\/2024\/07\/apazon-pic-3.6-30pads-2.png\",\"contentUrl\":\"https:\/\/zeodeo.store\/wp-content\/uploads\/2024\/07\/apazon-pic-3.6-30pads-2.png\",\"width\":2000,\"height\":2000,\"caption\":\"ZeoDeo mordenite zeolite pelletas for dual layer cat litter boxes 3.6 kg+10 extra\"},{\"@type\":\"BreadcrumbList\",\"@id\":\"https:\/\/zeodeo.store\/et\/tseoliidi-graanulid\/tseoliidi-3-6-kg-10-extra-aluslinaid\/#breadcrumb\",\"itemListElement\":[{\"@type\":\"ListItem\",\"position\":1,\"name\":\"Home\",\"item\":\"https:\/\/zeodeo.store\/et\/\"},{\"@type\":\"ListItem\",\"position\":2,\"name\":\"Tseoliidgraanulid\",\"item\":\"https:\/\/zeodeo.store\/et\/tseoliidi-graanulid\/\"},{\"@type\":\"ListItem\",\"position\":3,\"name\":\"Tseoliidi graanulid kassitualetile 3,6 kg +10 EXTRA imavaid aluslinaid\"}]},{\"@type\":\"WebSite\",\"@id\":\"https:\/\/zeodeo.store\/et\/#website\",\"url\":\"https:\/\/zeodeo.store\/et\/\",\"name\":\"Zeodeo\",\"description\":\"Zeolite pellets for dual layer cat litter pellets\",\"potentialAction\":[{\"@type\":\"SearchAction\",\"target\":{\"@type\":\"EntryPoint\",\"urlTemplate\":\"https:\/\/zeodeo.store\/et\/?s={search_term_string}\"},\"query-input\":{\"@type\":\"PropertyValueSpecification\",\"valueRequired\":true,\"valueName\":\"search_term_string\"}}],\"inLanguage\":\"et\"}]}<\/script>\n<meta property=\"product:price:amount\" content=\"39.98\" \/>\n<meta property=\"product:price:currency\" content=\"EUR\" \/>\n<meta property=\"og:availability\" content=\"instock\" \/>\n<meta property=\"product:availability\" content=\"instock\" \/>\n<meta property=\"product:retailer_item_id\" content=\"4751043510013-X2-1-1\" \/>\n<meta property=\"product:condition\" content=\"new\" \/>\n<!-- \/ Yoast SEO Premium plugin. -->","yoast_head_json":{"title":"Tseoliidi graanulid 3,6kg +10 imavaid aluslinu EXTRA - l\u00f5hnat\u00f5rje majas","description":"Kassiliiva kivimi mineraalne t\u00e4iteaine ZeoDeo. K\u00f5rvaldab soovimatud l\u00f5hnad, tagab kuni 99% tolmuvaba puhtuse ja k\u00f5rge uriiniimavuse. M\u00f5nus, puhas ja v\u00e4rske keskkond sinu kassile.","robots":{"index":"index","follow":"follow","max-snippet":"max-snippet:-1","max-image-preview":"max-image-preview:large","max-video-preview":"max-video-preview:-1"},"canonical":"https:\/\/zeodeo.store\/et\/tseoliidi-graanulid\/tseoliidi-3-6-kg-10-extra-aluslinaid\/","og_locale":"et_EE","og_type":"article","og_title":"Tseoliidi graanulid kassitualetile 3,6 kg +10 EXTRA imavaid aluslinaid","og_description":"Kassiliiva kivimi mineraalne t\u00e4iteaine ZeoDeo. K\u00f5rvaldab soovimatud l\u00f5hnad, tagab kuni 99% tolmuvaba puhtuse ja k\u00f5rge uriiniimavuse. M\u00f5nus, puhas ja v\u00e4rske keskkond sinu kassile.","og_url":"https:\/\/zeodeo.store\/et\/tseoliidi-graanulid\/tseoliidi-3-6-kg-10-extra-aluslinaid\/","og_site_name":"Zeodeo","article_modified_time":"2024-12-06T13:40:20+00:00","og_image":[{"width":1592,"height":2048,"url":"https:\/\/zeodeo.store\/wp-content\/uploads\/2024\/07\/3.610-Extra-e1725986499552.jpg","type":"image\/jpeg"}],"twitter_card":"summary_large_image","schema":{"@context":"https:\/\/schema.org","@graph":[{"@type":"WebPage","@id":"https:\/\/zeodeo.store\/et\/tseoliidi-graanulid\/tseoliidi-3-6-kg-10-extra-aluslinaid\/","url":"https:\/\/zeodeo.store\/et\/tseoliidi-graanulid\/tseoliidi-3-6-kg-10-extra-aluslinaid\/","name":"Tseoliidi graanulid 3,6kg +10 imavaid aluslinu EXTRA - l\u00f5hnat\u00f5rje majas","isPartOf":{"@id":"https:\/\/zeodeo.store\/et\/#website"},"primaryImageOfPage":{"@id":"https:\/\/zeodeo.store\/et\/tseoliidi-graanulid\/tseoliidi-3-6-kg-10-extra-aluslinaid\/#primaryimage"},"image":{"@id":"https:\/\/zeodeo.store\/et\/tseoliidi-graanulid\/tseoliidi-3-6-kg-10-extra-aluslinaid\/#primaryimage"},"thumbnailUrl":"https:\/\/zeodeo.store\/wp-content\/uploads\/2024\/07\/apazon-pic-3.6-30pads-2.png","datePublished":"2024-07-26T09:50:25+00:00","dateModified":"2024-12-06T13:40:20+00:00","description":"Kassiliiva kivimi mineraalne t\u00e4iteaine ZeoDeo. K\u00f5rvaldab soovimatud l\u00f5hnad, tagab kuni 99% tolmuvaba puhtuse ja k\u00f5rge uriiniimavuse. M\u00f5nus, puhas ja v\u00e4rske keskkond sinu kassile.","breadcrumb":{"@id":"https:\/\/zeodeo.store\/et\/tseoliidi-graanulid\/tseoliidi-3-6-kg-10-extra-aluslinaid\/#breadcrumb"},"inLanguage":"et","potentialAction":[{"@type":"ReadAction","target":["https:\/\/zeodeo.store\/et\/tseoliidi-graanulid\/tseoliidi-3-6-kg-10-extra-aluslinaid\/"]}]},{"@type":"ImageObject","inLanguage":"et","@id":"https:\/\/zeodeo.store\/et\/tseoliidi-graanulid\/tseoliidi-3-6-kg-10-extra-aluslinaid\/#primaryimage","url":"https:\/\/zeodeo.store\/wp-content\/uploads\/2024\/07\/apazon-pic-3.6-30pads-2.png","contentUrl":"https:\/\/zeodeo.store\/wp-content\/uploads\/2024\/07\/apazon-pic-3.6-30pads-2.png","width":2000,"height":2000,"caption":"ZeoDeo mordenite zeolite pelletas for dual layer cat litter boxes 3.6 kg+10 extra"},{"@type":"BreadcrumbList","@id":"https:\/\/zeodeo.store\/et\/tseoliidi-graanulid\/tseoliidi-3-6-kg-10-extra-aluslinaid\/#breadcrumb","itemListElement":[{"@type":"ListItem","position":1,"name":"Home","item":"https:\/\/zeodeo.store\/et\/"},{"@type":"ListItem","position":2,"name":"Tseoliidgraanulid","item":"https:\/\/zeodeo.store\/et\/tseoliidi-graanulid\/"},{"@type":"ListItem","position":3,"name":"Tseoliidi graanulid kassitualetile 3,6 kg +10 EXTRA imavaid aluslinaid"}]},{"@type":"WebSite","@id":"https:\/\/zeodeo.store\/et\/#website","url":"https:\/\/zeodeo.store\/et\/","name":"Zeodeo","description":"Zeolite pellets for dual layer cat litter pellets","potentialAction":[{"@type":"SearchAction","target":{"@type":"EntryPoint","urlTemplate":"https:\/\/zeodeo.store\/et\/?s={search_term_string}"},"query-input":{"@type":"PropertyValueSpecification","valueRequired":true,"valueName":"search_term_string"}}],"inLanguage":"et"}]},"product_price_amount":"39.98","product_price_currency":"EUR","og_availability":"instock","product_availability":"instock","product_retailer_item_id":"4751043510013-X2-1-1","product_condition":"new"},"_links":{"self":[{"href":"https:\/\/zeodeo.store\/et\/wp-json\/wp\/v2\/product\/8248"}],"collection":[{"href":"https:\/\/zeodeo.store\/et\/wp-json\/wp\/v2\/product"}],"about":[{"href":"https:\/\/zeodeo.store\/et\/wp-json\/wp\/v2\/types\/product"}],"wp:featuredmedia":[{"embeddable":true,"href":"https:\/\/zeodeo.store\/et\/wp-json\/wp\/v2\/media\/17494"}],"wp:attachment":[{"href":"https:\/\/zeodeo.store\/et\/wp-json\/wp\/v2\/media?parent=8248"}],"wp:term":[{"taxonomy":"product_cat","embeddable":true,"href":"https:\/\/zeodeo.store\/et\/wp-json\/wp\/v2\/product_cat?post=8248"},{"taxonomy":"product_tag","embeddable":true,"href":"https:\/\/zeodeo.store\/et\/wp-json\/wp\/v2\/product_tag?post=8248"}],"curies":[{"name":"wp","href":"https:\/\/api.w.org\/{rel}","templated":true}]}}