{"id":8230,"date":"2024-07-26T10:58:22","date_gmt":"2024-07-26T08:58:22","guid":{"rendered":"https:\/\/zeodeo.store\/?post_type=product&#038;p=8230"},"modified":"2025-03-04T10:01:07","modified_gmt":"2025-03-04T08:01:07","slug":"extra-aluslinad","status":"publish","type":"product","link":"https:\/\/zeodeo.store\/et\/imavad-aluslinad\/extra-aluslinad\/","title":{"rendered":"Imavad aluslinad &#8211; EXTRA"},"content":{"rendered":"<p>Kahekihiline kassiliivas\u00fcsteem kasutab ka imavaid aluslinad, mis asetatakse allapanus\u00fcsteemi p\u00f5hjas olevale v\u00e4ljalibistatavale alusele<\/p>\n<p>See aluslinad imab ja lukustab kohe nii vedeliku kui ka l\u00f5hna ning seda on kiire ja lihtne vahetada.<\/p>\n<p>aluslinad suurus 16,9 x 11,4 tolli (43 x 29 cm), sobib ideaalselt Breeze* v\u00f5i sarnase suurusega kassiliivakasti.<br \/>\nSuperabsorbenti padjandeid tuleb vahetada, kui need t\u00e4ituvad \u2013 tavaliselt 4-7 p\u00e4eva (s\u00f5ltub lemmiklooma suurusest).<\/p>\n<p><img loading=\"lazy\" decoding=\"async\" class=\"alignnone size-medium wp-image-1324\" src=\"https:\/\/zeodeo.store\/wp-content\/uploads\/2022\/05\/85318_tidy_cats_breeze_starter_box_hs_13_3-360x360.jpg\" alt=\"\" width=\"360\" height=\"360\" srcset=\"https:\/\/zeodeo.store\/wp-content\/uploads\/2022\/05\/85318_tidy_cats_breeze_starter_box_hs_13_3-360x360.jpg 360w, https:\/\/zeodeo.store\/wp-content\/uploads\/2022\/05\/85318_tidy_cats_breeze_starter_box_hs_13_3-70x70.jpg 70w, https:\/\/zeodeo.store\/wp-content\/uploads\/2022\/05\/85318_tidy_cats_breeze_starter_box_hs_13_3-142x142.jpg 142w, https:\/\/zeodeo.store\/wp-content\/uploads\/2022\/05\/85318_tidy_cats_breeze_starter_box_hs_13_3-250x250.jpg 250w, https:\/\/zeodeo.store\/wp-content\/uploads\/2022\/05\/85318_tidy_cats_breeze_starter_box_hs_13_3-53x53.jpg 53w, https:\/\/zeodeo.store\/wp-content\/uploads\/2022\/05\/85318_tidy_cats_breeze_starter_box_hs_13_3-140x140.jpg 140w, https:\/\/zeodeo.store\/wp-content\/uploads\/2022\/05\/85318_tidy_cats_breeze_starter_box_hs_13_3-210x210.jpg 210w, https:\/\/zeodeo.store\/wp-content\/uploads\/2022\/05\/85318_tidy_cats_breeze_starter_box_hs_13_3-50x50.jpg 50w, https:\/\/zeodeo.store\/wp-content\/uploads\/2022\/05\/85318_tidy_cats_breeze_starter_box_hs_13_3-100x100.jpg 100w, https:\/\/zeodeo.store\/wp-content\/uploads\/2022\/05\/85318_tidy_cats_breeze_starter_box_hs_13_3.jpg 400w\" sizes=\"(max-width: 360px) 100vw, 360px\" \/><\/p>\n<p>Patjade vahetamise perioodi keskel saab seda 180 kraadi p\u00f6\u00f6rata, et uriin jaotuks \u00fchtlaselt padja peale, nagu tavaliselt pissivad kassid liivakastis samasse kohta.<\/p>\n<p><img loading=\"lazy\" decoding=\"async\" class=\"alignnone size-full wp-image-1388\" src=\"https:\/\/zeodeo.store\/wp-content\/uploads\/2022\/05\/Tidy-cats-breeze-cat-disposable-pads-refill-ZeoDeo-1.png\" alt=\"\" width=\"220\" height=\"220\" srcset=\"https:\/\/zeodeo.store\/wp-content\/uploads\/2022\/05\/Tidy-cats-breeze-cat-disposable-pads-refill-ZeoDeo-1.png 220w, https:\/\/zeodeo.store\/wp-content\/uploads\/2022\/05\/Tidy-cats-breeze-cat-disposable-pads-refill-ZeoDeo-1-70x70.png 70w, https:\/\/zeodeo.store\/wp-content\/uploads\/2022\/05\/Tidy-cats-breeze-cat-disposable-pads-refill-ZeoDeo-1-142x142.png 142w, https:\/\/zeodeo.store\/wp-content\/uploads\/2022\/05\/Tidy-cats-breeze-cat-disposable-pads-refill-ZeoDeo-1-53x53.png 53w, https:\/\/zeodeo.store\/wp-content\/uploads\/2022\/05\/Tidy-cats-breeze-cat-disposable-pads-refill-ZeoDeo-1-140x140.png 140w, https:\/\/zeodeo.store\/wp-content\/uploads\/2022\/05\/Tidy-cats-breeze-cat-disposable-pads-refill-ZeoDeo-1-210x210.png 210w, https:\/\/zeodeo.store\/wp-content\/uploads\/2022\/05\/Tidy-cats-breeze-cat-disposable-pads-refill-ZeoDeo-1-50x50.png 50w, https:\/\/zeodeo.store\/wp-content\/uploads\/2022\/05\/Tidy-cats-breeze-cat-disposable-pads-refill-ZeoDeo-1-100x100.png 100w\" sizes=\"(max-width: 220px) 100vw, 220px\" \/><\/p>\n<p><img loading=\"lazy\" decoding=\"async\" class=\"alignnone size-full wp-image-1389\" src=\"https:\/\/zeodeo.store\/wp-content\/uploads\/2022\/05\/Tidy-cats-breeze-cat-disposable-pads-refill-ZeoDeo-2.png\" alt=\"\" width=\"220\" height=\"220\" srcset=\"https:\/\/zeodeo.store\/wp-content\/uploads\/2022\/05\/Tidy-cats-breeze-cat-disposable-pads-refill-ZeoDeo-2.png 220w, https:\/\/zeodeo.store\/wp-content\/uploads\/2022\/05\/Tidy-cats-breeze-cat-disposable-pads-refill-ZeoDeo-2-70x70.png 70w, https:\/\/zeodeo.store\/wp-content\/uploads\/2022\/05\/Tidy-cats-breeze-cat-disposable-pads-refill-ZeoDeo-2-142x142.png 142w, https:\/\/zeodeo.store\/wp-content\/uploads\/2022\/05\/Tidy-cats-breeze-cat-disposable-pads-refill-ZeoDeo-2-53x53.png 53w, https:\/\/zeodeo.store\/wp-content\/uploads\/2022\/05\/Tidy-cats-breeze-cat-disposable-pads-refill-ZeoDeo-2-140x140.png 140w, https:\/\/zeodeo.store\/wp-content\/uploads\/2022\/05\/Tidy-cats-breeze-cat-disposable-pads-refill-ZeoDeo-2-210x210.png 210w, https:\/\/zeodeo.store\/wp-content\/uploads\/2022\/05\/Tidy-cats-breeze-cat-disposable-pads-refill-ZeoDeo-2-50x50.png 50w, https:\/\/zeodeo.store\/wp-content\/uploads\/2022\/05\/Tidy-cats-breeze-cat-disposable-pads-refill-ZeoDeo-2-100x100.png 100w\" sizes=\"(max-width: 220px) 100vw, 220px\" \/><\/p>\n","protected":false},"excerpt":{"rendered":"<p>Ideaalne Tidy Cats Breeze Tray jaoks.<\/p>\n<p>&nbsp;<\/p>\n","protected":false},"featured_media":17532,"template":"","meta":[],"product_cat":[327],"product_tag":[222,223,227,226,225,224],"yoast_head":"<!-- This site is optimized with the Yoast SEO Premium plugin v22.2 (Yoast SEO v23.5) - https:\/\/yoast.com\/wordpress\/plugins\/seo\/ -->\n<title>Imavad aluslinad h\u00e4sti kassiliivakasti jaoks - ZeoDeo<\/title>\n<meta name=\"description\" content=\"Parandage oma kassi keskkonda EXTRA \u00fchekordsete aluslinadega, mis on saadaval 10, 20 ja 50 tk pakendites. Need k\u00f5rvaldavad tualetist ebameeldivad l\u00f5hnad ning tagavad ka puhtuse ja v\u00e4rskuse majas. Ideaalne kasside h\u00fcgieeni hoidmiseks.\" \/>\n<meta name=\"robots\" content=\"index, follow, max-snippet:-1, max-image-preview:large, max-video-preview:-1\" \/>\n<link rel=\"canonical\" href=\"https:\/\/zeodeo.store\/et\/imavad-aluslinad\/extra-aluslinad\/\" \/>\n<meta property=\"og:locale\" content=\"et_EE\" \/>\n<meta property=\"og:type\" content=\"article\" \/>\n<meta property=\"og:title\" content=\"Imavad aluslinad - EXTRA\" \/>\n<meta property=\"og:description\" content=\"Parandage oma kassi keskkonda EXTRA \u00fchekordsete aluslinadega, mis on saadaval 10, 20 ja 50 tk pakendites. Need k\u00f5rvaldavad tualetist ebameeldivad l\u00f5hnad ning tagavad ka puhtuse ja v\u00e4rskuse majas. Ideaalne kasside h\u00fcgieeni hoidmiseks.\" \/>\n<meta property=\"og:url\" content=\"https:\/\/zeodeo.store\/et\/imavad-aluslinad\/extra-aluslinad\/\" \/>\n<meta property=\"og:site_name\" content=\"Zeodeo\" \/>\n<meta property=\"article:modified_time\" content=\"2025-03-04T08:01:07+00:00\" \/>\n<meta property=\"og:image\" content=\"https:\/\/zeodeo.store\/wp-content\/uploads\/2024\/09\/Extra-3x-1.jpg\" \/>\n\t<meta property=\"og:image:width\" content=\"1563\" \/>\n\t<meta property=\"og:image:height\" content=\"1563\" \/>\n\t<meta property=\"og:image:type\" content=\"image\/jpeg\" \/>\n<meta name=\"twitter:card\" content=\"summary_large_image\" \/>\n<script type=\"application\/ld+json\" class=\"yoast-schema-graph\">{\"@context\":\"https:\/\/schema.org\",\"@graph\":[{\"@type\":\"WebPage\",\"@id\":\"https:\/\/zeodeo.store\/et\/imavad-aluslinad\/extra-aluslinad\/\",\"url\":\"https:\/\/zeodeo.store\/et\/imavad-aluslinad\/extra-aluslinad\/\",\"name\":\"Imavad aluslinad h\u00e4sti kassiliivakasti jaoks - ZeoDeo\",\"isPartOf\":{\"@id\":\"https:\/\/zeodeo.store\/et\/#website\"},\"primaryImageOfPage\":{\"@id\":\"https:\/\/zeodeo.store\/et\/imavad-aluslinad\/extra-aluslinad\/#primaryimage\"},\"image\":{\"@id\":\"https:\/\/zeodeo.store\/et\/imavad-aluslinad\/extra-aluslinad\/#primaryimage\"},\"thumbnailUrl\":\"https:\/\/zeodeo.store\/wp-content\/uploads\/2024\/07\/absorbing-pads-4.png\",\"datePublished\":\"2024-07-26T08:58:22+00:00\",\"dateModified\":\"2025-03-04T08:01:07+00:00\",\"description\":\"Parandage oma kassi keskkonda EXTRA \u00fchekordsete aluslinadega, mis on saadaval 10, 20 ja 50 tk pakendites. Need k\u00f5rvaldavad tualetist ebameeldivad l\u00f5hnad ning tagavad ka puhtuse ja v\u00e4rskuse majas. Ideaalne kasside h\u00fcgieeni hoidmiseks.\",\"breadcrumb\":{\"@id\":\"https:\/\/zeodeo.store\/et\/imavad-aluslinad\/extra-aluslinad\/#breadcrumb\"},\"inLanguage\":\"et\",\"potentialAction\":[{\"@type\":\"ReadAction\",\"target\":[\"https:\/\/zeodeo.store\/et\/imavad-aluslinad\/extra-aluslinad\/\"]}]},{\"@type\":\"ImageObject\",\"inLanguage\":\"et\",\"@id\":\"https:\/\/zeodeo.store\/et\/imavad-aluslinad\/extra-aluslinad\/#primaryimage\",\"url\":\"https:\/\/zeodeo.store\/wp-content\/uploads\/2024\/07\/absorbing-pads-4.png\",\"contentUrl\":\"https:\/\/zeodeo.store\/wp-content\/uploads\/2024\/07\/absorbing-pads-4.png\",\"width\":2000,\"height\":2000,\"caption\":\"ZeoDeo absorbing pads extra for dual cat liiter systems use with zeolite mordenite pellets\"},{\"@type\":\"BreadcrumbList\",\"@id\":\"https:\/\/zeodeo.store\/et\/imavad-aluslinad\/extra-aluslinad\/#breadcrumb\",\"itemListElement\":[{\"@type\":\"ListItem\",\"position\":1,\"name\":\"Home\",\"item\":\"https:\/\/zeodeo.store\/et\/\"},{\"@type\":\"ListItem\",\"position\":2,\"name\":\"Imavad Aluslinad\",\"item\":\"https:\/\/zeodeo.store\/et\/imavad-aluslinad\/\"},{\"@type\":\"ListItem\",\"position\":3,\"name\":\"Imavad aluslinad &#8211; EXTRA\"}]},{\"@type\":\"WebSite\",\"@id\":\"https:\/\/zeodeo.store\/et\/#website\",\"url\":\"https:\/\/zeodeo.store\/et\/\",\"name\":\"Zeodeo\",\"description\":\"Zeolite pellets for dual layer cat litter pellets\",\"potentialAction\":[{\"@type\":\"SearchAction\",\"target\":{\"@type\":\"EntryPoint\",\"urlTemplate\":\"https:\/\/zeodeo.store\/et\/?s={search_term_string}\"},\"query-input\":{\"@type\":\"PropertyValueSpecification\",\"valueRequired\":true,\"valueName\":\"search_term_string\"}}],\"inLanguage\":\"et\"}]}<\/script>\n<meta property=\"og:availability\" content=\"instock\" \/>\n<meta property=\"product:availability\" content=\"instock\" \/>\n<meta property=\"product:condition\" content=\"new\" \/>\n<!-- \/ Yoast SEO Premium plugin. -->","yoast_head_json":{"title":"Imavad aluslinad h\u00e4sti kassiliivakasti jaoks - ZeoDeo","description":"Parandage oma kassi keskkonda EXTRA \u00fchekordsete aluslinadega, mis on saadaval 10, 20 ja 50 tk pakendites. Need k\u00f5rvaldavad tualetist ebameeldivad l\u00f5hnad ning tagavad ka puhtuse ja v\u00e4rskuse majas. Ideaalne kasside h\u00fcgieeni hoidmiseks.","robots":{"index":"index","follow":"follow","max-snippet":"max-snippet:-1","max-image-preview":"max-image-preview:large","max-video-preview":"max-video-preview:-1"},"canonical":"https:\/\/zeodeo.store\/et\/imavad-aluslinad\/extra-aluslinad\/","og_locale":"et_EE","og_type":"article","og_title":"Imavad aluslinad - EXTRA","og_description":"Parandage oma kassi keskkonda EXTRA \u00fchekordsete aluslinadega, mis on saadaval 10, 20 ja 50 tk pakendites. Need k\u00f5rvaldavad tualetist ebameeldivad l\u00f5hnad ning tagavad ka puhtuse ja v\u00e4rskuse majas. Ideaalne kasside h\u00fcgieeni hoidmiseks.","og_url":"https:\/\/zeodeo.store\/et\/imavad-aluslinad\/extra-aluslinad\/","og_site_name":"Zeodeo","article_modified_time":"2025-03-04T08:01:07+00:00","og_image":[{"width":1563,"height":1563,"url":"https:\/\/zeodeo.store\/wp-content\/uploads\/2024\/09\/Extra-3x-1.jpg","type":"image\/jpeg"}],"twitter_card":"summary_large_image","schema":{"@context":"https:\/\/schema.org","@graph":[{"@type":"WebPage","@id":"https:\/\/zeodeo.store\/et\/imavad-aluslinad\/extra-aluslinad\/","url":"https:\/\/zeodeo.store\/et\/imavad-aluslinad\/extra-aluslinad\/","name":"Imavad aluslinad h\u00e4sti kassiliivakasti jaoks - ZeoDeo","isPartOf":{"@id":"https:\/\/zeodeo.store\/et\/#website"},"primaryImageOfPage":{"@id":"https:\/\/zeodeo.store\/et\/imavad-aluslinad\/extra-aluslinad\/#primaryimage"},"image":{"@id":"https:\/\/zeodeo.store\/et\/imavad-aluslinad\/extra-aluslinad\/#primaryimage"},"thumbnailUrl":"https:\/\/zeodeo.store\/wp-content\/uploads\/2024\/07\/absorbing-pads-4.png","datePublished":"2024-07-26T08:58:22+00:00","dateModified":"2025-03-04T08:01:07+00:00","description":"Parandage oma kassi keskkonda EXTRA \u00fchekordsete aluslinadega, mis on saadaval 10, 20 ja 50 tk pakendites. Need k\u00f5rvaldavad tualetist ebameeldivad l\u00f5hnad ning tagavad ka puhtuse ja v\u00e4rskuse majas. Ideaalne kasside h\u00fcgieeni hoidmiseks.","breadcrumb":{"@id":"https:\/\/zeodeo.store\/et\/imavad-aluslinad\/extra-aluslinad\/#breadcrumb"},"inLanguage":"et","potentialAction":[{"@type":"ReadAction","target":["https:\/\/zeodeo.store\/et\/imavad-aluslinad\/extra-aluslinad\/"]}]},{"@type":"ImageObject","inLanguage":"et","@id":"https:\/\/zeodeo.store\/et\/imavad-aluslinad\/extra-aluslinad\/#primaryimage","url":"https:\/\/zeodeo.store\/wp-content\/uploads\/2024\/07\/absorbing-pads-4.png","contentUrl":"https:\/\/zeodeo.store\/wp-content\/uploads\/2024\/07\/absorbing-pads-4.png","width":2000,"height":2000,"caption":"ZeoDeo absorbing pads extra for dual cat liiter systems use with zeolite mordenite pellets"},{"@type":"BreadcrumbList","@id":"https:\/\/zeodeo.store\/et\/imavad-aluslinad\/extra-aluslinad\/#breadcrumb","itemListElement":[{"@type":"ListItem","position":1,"name":"Home","item":"https:\/\/zeodeo.store\/et\/"},{"@type":"ListItem","position":2,"name":"Imavad Aluslinad","item":"https:\/\/zeodeo.store\/et\/imavad-aluslinad\/"},{"@type":"ListItem","position":3,"name":"Imavad aluslinad &#8211; EXTRA"}]},{"@type":"WebSite","@id":"https:\/\/zeodeo.store\/et\/#website","url":"https:\/\/zeodeo.store\/et\/","name":"Zeodeo","description":"Zeolite pellets for dual layer cat litter pellets","potentialAction":[{"@type":"SearchAction","target":{"@type":"EntryPoint","urlTemplate":"https:\/\/zeodeo.store\/et\/?s={search_term_string}"},"query-input":{"@type":"PropertyValueSpecification","valueRequired":true,"valueName":"search_term_string"}}],"inLanguage":"et"}]},"og_availability":"instock","product_availability":"instock","product_condition":"new"},"_links":{"self":[{"href":"https:\/\/zeodeo.store\/et\/wp-json\/wp\/v2\/product\/8230"}],"collection":[{"href":"https:\/\/zeodeo.store\/et\/wp-json\/wp\/v2\/product"}],"about":[{"href":"https:\/\/zeodeo.store\/et\/wp-json\/wp\/v2\/types\/product"}],"wp:featuredmedia":[{"embeddable":true,"href":"https:\/\/zeodeo.store\/et\/wp-json\/wp\/v2\/media\/17532"}],"wp:attachment":[{"href":"https:\/\/zeodeo.store\/et\/wp-json\/wp\/v2\/media?parent=8230"}],"wp:term":[{"taxonomy":"product_cat","embeddable":true,"href":"https:\/\/zeodeo.store\/et\/wp-json\/wp\/v2\/product_cat?post=8230"},{"taxonomy":"product_tag","embeddable":true,"href":"https:\/\/zeodeo.store\/et\/wp-json\/wp\/v2\/product_tag?post=8230"}],"curies":[{"name":"wp","href":"https:\/\/api.w.org\/{rel}","templated":true}]}}