{"id":7285,"date":"2024-05-10T20:53:06","date_gmt":"2024-05-10T18:53:06","guid":{"rendered":"https:\/\/zeodeo.store\/?post_type=product&#038;p=7285"},"modified":"2025-01-10T16:14:40","modified_gmt":"2025-01-10T14:14:40","slug":"deodorisaator-kandikule-100-ml","status":"publish","type":"product","link":"https:\/\/zeodeo.store\/et\/imavad-aluslinad\/deodorisaator-kandikule-100-ml\/","title":{"rendered":"Deodorant imavate aluslinade jaoks: Piisab 50 t\u00fckist"},"content":{"rendered":"<p><b>Millist funktsiooni see toode t\u00e4idab:<\/b><\/p>\n<p><span style=\"font-weight: 400;\">See toode takistab kassi uriinist l\u00f5hna teket ja pikendab imava padja eluiga. Toode on l\u00f5hnatu ja sellel ei ole tugevat l\u00f5hna. See pigem takistab l\u00f5hna teket kui varjab seda.<\/span><\/p>\n<p>&nbsp;<\/p>\n<p><b>Millal tuleks seda kasutada:<\/b><\/p>\n<p><span style=\"font-weight: 400;\">Kui m\u00e4rkate uriini l\u00f5hna enne, kui padjake on t\u00e4is, on see toode teile kasulik.<\/span><\/p>\n<p><span style=\"font-weight: 400;\">Kui padi t\u00e4itub enne uriinil\u00f5hna avastamist, ei pea te seda toodet kasutama.<\/span><\/p>\n<p>&nbsp;<\/p>\n<p><b>Kuidas kasutada:<\/b><\/p>\n<p><span style=\"font-weight: 400;\">ENNE padjakese kasutamist pihustage selle pinnale ligikaudu 2 ml (10-15 pihustust). See kogus on piisav, et v\u00e4ltida patjast ebameeldiva l\u00f5hna teket kuni 7 p\u00e4evaks v\u00f5i v\u00e4hem, kui padjake t\u00e4itub kiiremini.<\/span><\/p>\n<p>&nbsp;<\/p>\n<p><b>Paketi kestus:<\/b><\/p>\n<p><span style=\"font-weight: 400;\">Pakendis on v\u00e4hemalt 100 ml, millest piisab 50 padjakese pealekandmiseks. Kui kasutate 1 padjakest iga 7 p\u00e4eva j\u00e4rel, kestab see pakett teile peaaegu 1 aasta.<\/span><\/p>\n<p>&nbsp;<\/p>\n<p><b>Ohutusmeetmed:<\/b><\/p>\n<p><span style=\"font-weight: 400;\">Kasutage toodet ainult etten\u00e4htud otstarbel \u2013 kandke see kahekorruselise kassiliivakasti alumises astmes asuva imava padja pinnale.<\/span><\/p>\n<p><span style=\"font-weight: 400;\">Hoidke toodet lastele k\u00e4ttesaamatus kohas.<\/span><\/p>\n<p><span style=\"font-weight: 400;\">Kui tunnete ebamugavust, l\u00f5petage selle kasutamine ja ventileerige ala.<\/span><\/p>\n<p><span style=\"font-weight: 400;\">Kui toode satub silma, loputage neid rohke puhta jooksva veega.<\/span><\/p>\n<p><span style=\"font-weight: 400;\">Kui see satub teie nahale, peske kahjustatud piirkonda seebi ja puhta veega.<\/span><\/p>\n<p><span style=\"font-weight: 400;\">Kui need meetmed ei aita, p\u00f6\u00f6rduge arsti poole.<\/span><\/p>\n","protected":false},"excerpt":{"rendered":"<p>Millist funktsiooni see toode t\u00e4idab: See toode takistab kassi uriinist l\u00f5hna teket ja pikendab imava padja eluiga. Toode on l\u00f5hnatu ja sellel ei ole tugevat l\u00f5hna. See pigem takistab l\u00f5hna teket kui varjab seda. &nbsp; Millal tuleks seda kasutada: Kui m\u00e4rkate uriini l\u00f5hna enne, kui padjake on t\u00e4is, on see toode teile kasulik. Kui padi t\u00e4itub enne uriinil\u00f5hna avastamist, ei pea te seda toodet kasutama. &nbsp; Kuidas kasutada: ENNE padjakese kasutamist pihustage selle pinnale ligikaudu 2 ml (10-15 pihustust). See kogus on piisav, et&hellip;<\/p>\n","protected":false},"featured_media":9122,"template":"","meta":[],"product_cat":[327],"product_tag":[],"yoast_head":"<!-- This site is optimized with the Yoast SEO Premium plugin v22.2 (Yoast SEO v23.5) - https:\/\/yoast.com\/wordpress\/plugins\/seo\/ -->\n<title>Deodorisaator kandikule - v\u00e4rskus 50 absorbeerivate aluslinade jaoks<\/title>\n<meta name=\"description\" content=\"ZeoDeo kassiliivav\u00e4rskendaja, mis on spetsiaalselt v\u00e4lja t\u00f6\u00f6tatud maksimaalse l\u00f5hnakontrolli pakkumiseks kuni 50 \u00fchekordse aluslinade jaoks. See pihusti s\u00e4ilitab puhta ja meeldiva keskkonna nii teile kui teie kassile.\" \/>\n<meta name=\"robots\" content=\"index, follow, max-snippet:-1, max-image-preview:large, max-video-preview:-1\" \/>\n<link rel=\"canonical\" href=\"https:\/\/zeodeo.store\/et\/imavad-aluslinad\/deodorisaator-kandikule-100-ml\/\" \/>\n<meta property=\"og:locale\" content=\"et_EE\" \/>\n<meta property=\"og:type\" content=\"article\" \/>\n<meta property=\"og:title\" content=\"Deodorant imavate aluslinade jaoks: Piisab 50 t\u00fckist\" \/>\n<meta property=\"og:description\" content=\"ZeoDeo kassiliivav\u00e4rskendaja, mis on spetsiaalselt v\u00e4lja t\u00f6\u00f6tatud maksimaalse l\u00f5hnakontrolli pakkumiseks kuni 50 \u00fchekordse aluslinade jaoks. See pihusti s\u00e4ilitab puhta ja meeldiva keskkonna nii teile kui teie kassile.\" \/>\n<meta property=\"og:url\" content=\"https:\/\/zeodeo.store\/et\/imavad-aluslinad\/deodorisaator-kandikule-100-ml\/\" \/>\n<meta property=\"og:site_name\" content=\"Zeodeo\" \/>\n<meta property=\"article:modified_time\" content=\"2025-01-10T14:14:40+00:00\" \/>\n<meta property=\"og:image\" content=\"https:\/\/zeodeo.store\/wp-content\/uploads\/2024\/09\/\u0414\u0438\u0437\u0430\u0439\u043d-\u0431\u0435\u0437-\u043d\u0430\u0437\u0432\u0430\u043d\u0438\u044f-35.jpg\" \/>\n\t<meta property=\"og:image:width\" content=\"959\" \/>\n\t<meta property=\"og:image:height\" content=\"1600\" \/>\n\t<meta property=\"og:image:type\" content=\"image\/jpeg\" \/>\n<meta name=\"twitter:card\" content=\"summary_large_image\" \/>\n<script type=\"application\/ld+json\" class=\"yoast-schema-graph\">{\"@context\":\"https:\/\/schema.org\",\"@graph\":[{\"@type\":\"WebPage\",\"@id\":\"https:\/\/zeodeo.store\/et\/imavad-aluslinad\/deodorisaator-kandikule-100-ml\/\",\"url\":\"https:\/\/zeodeo.store\/et\/imavad-aluslinad\/deodorisaator-kandikule-100-ml\/\",\"name\":\"Deodorisaator kandikule - v\u00e4rskus 50 absorbeerivate aluslinade jaoks\",\"isPartOf\":{\"@id\":\"https:\/\/zeodeo.store\/et\/#website\"},\"primaryImageOfPage\":{\"@id\":\"https:\/\/zeodeo.store\/et\/imavad-aluslinad\/deodorisaator-kandikule-100-ml\/#primaryimage\"},\"image\":{\"@id\":\"https:\/\/zeodeo.store\/et\/imavad-aluslinad\/deodorisaator-kandikule-100-ml\/#primaryimage\"},\"thumbnailUrl\":\"https:\/\/zeodeo.store\/wp-content\/uploads\/2024\/09\/\u0414\u0438\u0437\u0430\u0439\u043d-\u0431\u0435\u0437-\u043d\u0430\u0437\u0432\u0430\u043d\u0438\u044f-35.jpg\",\"datePublished\":\"2024-05-10T18:53:06+00:00\",\"dateModified\":\"2025-01-10T14:14:40+00:00\",\"description\":\"ZeoDeo kassiliivav\u00e4rskendaja, mis on spetsiaalselt v\u00e4lja t\u00f6\u00f6tatud maksimaalse l\u00f5hnakontrolli pakkumiseks kuni 50 \u00fchekordse aluslinade jaoks. See pihusti s\u00e4ilitab puhta ja meeldiva keskkonna nii teile kui teie kassile.\",\"breadcrumb\":{\"@id\":\"https:\/\/zeodeo.store\/et\/imavad-aluslinad\/deodorisaator-kandikule-100-ml\/#breadcrumb\"},\"inLanguage\":\"et\",\"potentialAction\":[{\"@type\":\"ReadAction\",\"target\":[\"https:\/\/zeodeo.store\/et\/imavad-aluslinad\/deodorisaator-kandikule-100-ml\/\"]}]},{\"@type\":\"ImageObject\",\"inLanguage\":\"et\",\"@id\":\"https:\/\/zeodeo.store\/et\/imavad-aluslinad\/deodorisaator-kandikule-100-ml\/#primaryimage\",\"url\":\"https:\/\/zeodeo.store\/wp-content\/uploads\/2024\/09\/\u0414\u0438\u0437\u0430\u0439\u043d-\u0431\u0435\u0437-\u043d\u0430\u0437\u0432\u0430\u043d\u0438\u044f-35.jpg\",\"contentUrl\":\"https:\/\/zeodeo.store\/wp-content\/uploads\/2024\/09\/\u0414\u0438\u0437\u0430\u0439\u043d-\u0431\u0435\u0437-\u043d\u0430\u0437\u0432\u0430\u043d\u0438\u044f-35.jpg\",\"width\":959,\"height\":1600,\"caption\":\"Deodorizer Cat Litter Pads Urina Removel\"},{\"@type\":\"BreadcrumbList\",\"@id\":\"https:\/\/zeodeo.store\/et\/imavad-aluslinad\/deodorisaator-kandikule-100-ml\/#breadcrumb\",\"itemListElement\":[{\"@type\":\"ListItem\",\"position\":1,\"name\":\"Home\",\"item\":\"https:\/\/zeodeo.store\/et\/\"},{\"@type\":\"ListItem\",\"position\":2,\"name\":\"Imavad Aluslinad\",\"item\":\"https:\/\/zeodeo.store\/et\/imavad-aluslinad\/\"},{\"@type\":\"ListItem\",\"position\":3,\"name\":\"Deodorant imavate aluslinade jaoks: Piisab 50 t\u00fckist\"}]},{\"@type\":\"WebSite\",\"@id\":\"https:\/\/zeodeo.store\/et\/#website\",\"url\":\"https:\/\/zeodeo.store\/et\/\",\"name\":\"Zeodeo\",\"description\":\"Zeolite pellets for dual layer cat litter pellets\",\"potentialAction\":[{\"@type\":\"SearchAction\",\"target\":{\"@type\":\"EntryPoint\",\"urlTemplate\":\"https:\/\/zeodeo.store\/et\/?s={search_term_string}\"},\"query-input\":{\"@type\":\"PropertyValueSpecification\",\"valueRequired\":true,\"valueName\":\"search_term_string\"}}],\"inLanguage\":\"et\"}]}<\/script>\n<meta property=\"product:price:amount\" content=\"7.90\" \/>\n<meta property=\"product:price:currency\" content=\"EUR\" \/>\n<meta property=\"og:availability\" content=\"instock\" \/>\n<meta property=\"product:availability\" content=\"instock\" \/>\n<meta property=\"product:condition\" content=\"new\" \/>\n<!-- \/ Yoast SEO Premium plugin. -->","yoast_head_json":{"title":"Deodorisaator kandikule - v\u00e4rskus 50 absorbeerivate aluslinade jaoks","description":"ZeoDeo kassiliivav\u00e4rskendaja, mis on spetsiaalselt v\u00e4lja t\u00f6\u00f6tatud maksimaalse l\u00f5hnakontrolli pakkumiseks kuni 50 \u00fchekordse aluslinade jaoks. See pihusti s\u00e4ilitab puhta ja meeldiva keskkonna nii teile kui teie kassile.","robots":{"index":"index","follow":"follow","max-snippet":"max-snippet:-1","max-image-preview":"max-image-preview:large","max-video-preview":"max-video-preview:-1"},"canonical":"https:\/\/zeodeo.store\/et\/imavad-aluslinad\/deodorisaator-kandikule-100-ml\/","og_locale":"et_EE","og_type":"article","og_title":"Deodorant imavate aluslinade jaoks: Piisab 50 t\u00fckist","og_description":"ZeoDeo kassiliivav\u00e4rskendaja, mis on spetsiaalselt v\u00e4lja t\u00f6\u00f6tatud maksimaalse l\u00f5hnakontrolli pakkumiseks kuni 50 \u00fchekordse aluslinade jaoks. See pihusti s\u00e4ilitab puhta ja meeldiva keskkonna nii teile kui teie kassile.","og_url":"https:\/\/zeodeo.store\/et\/imavad-aluslinad\/deodorisaator-kandikule-100-ml\/","og_site_name":"Zeodeo","article_modified_time":"2025-01-10T14:14:40+00:00","og_image":[{"width":959,"height":1600,"url":"https:\/\/zeodeo.store\/wp-content\/uploads\/2024\/09\/\u0414\u0438\u0437\u0430\u0439\u043d-\u0431\u0435\u0437-\u043d\u0430\u0437\u0432\u0430\u043d\u0438\u044f-35.jpg","type":"image\/jpeg"}],"twitter_card":"summary_large_image","schema":{"@context":"https:\/\/schema.org","@graph":[{"@type":"WebPage","@id":"https:\/\/zeodeo.store\/et\/imavad-aluslinad\/deodorisaator-kandikule-100-ml\/","url":"https:\/\/zeodeo.store\/et\/imavad-aluslinad\/deodorisaator-kandikule-100-ml\/","name":"Deodorisaator kandikule - v\u00e4rskus 50 absorbeerivate aluslinade jaoks","isPartOf":{"@id":"https:\/\/zeodeo.store\/et\/#website"},"primaryImageOfPage":{"@id":"https:\/\/zeodeo.store\/et\/imavad-aluslinad\/deodorisaator-kandikule-100-ml\/#primaryimage"},"image":{"@id":"https:\/\/zeodeo.store\/et\/imavad-aluslinad\/deodorisaator-kandikule-100-ml\/#primaryimage"},"thumbnailUrl":"https:\/\/zeodeo.store\/wp-content\/uploads\/2024\/09\/\u0414\u0438\u0437\u0430\u0439\u043d-\u0431\u0435\u0437-\u043d\u0430\u0437\u0432\u0430\u043d\u0438\u044f-35.jpg","datePublished":"2024-05-10T18:53:06+00:00","dateModified":"2025-01-10T14:14:40+00:00","description":"ZeoDeo kassiliivav\u00e4rskendaja, mis on spetsiaalselt v\u00e4lja t\u00f6\u00f6tatud maksimaalse l\u00f5hnakontrolli pakkumiseks kuni 50 \u00fchekordse aluslinade jaoks. See pihusti s\u00e4ilitab puhta ja meeldiva keskkonna nii teile kui teie kassile.","breadcrumb":{"@id":"https:\/\/zeodeo.store\/et\/imavad-aluslinad\/deodorisaator-kandikule-100-ml\/#breadcrumb"},"inLanguage":"et","potentialAction":[{"@type":"ReadAction","target":["https:\/\/zeodeo.store\/et\/imavad-aluslinad\/deodorisaator-kandikule-100-ml\/"]}]},{"@type":"ImageObject","inLanguage":"et","@id":"https:\/\/zeodeo.store\/et\/imavad-aluslinad\/deodorisaator-kandikule-100-ml\/#primaryimage","url":"https:\/\/zeodeo.store\/wp-content\/uploads\/2024\/09\/\u0414\u0438\u0437\u0430\u0439\u043d-\u0431\u0435\u0437-\u043d\u0430\u0437\u0432\u0430\u043d\u0438\u044f-35.jpg","contentUrl":"https:\/\/zeodeo.store\/wp-content\/uploads\/2024\/09\/\u0414\u0438\u0437\u0430\u0439\u043d-\u0431\u0435\u0437-\u043d\u0430\u0437\u0432\u0430\u043d\u0438\u044f-35.jpg","width":959,"height":1600,"caption":"Deodorizer Cat Litter Pads Urina Removel"},{"@type":"BreadcrumbList","@id":"https:\/\/zeodeo.store\/et\/imavad-aluslinad\/deodorisaator-kandikule-100-ml\/#breadcrumb","itemListElement":[{"@type":"ListItem","position":1,"name":"Home","item":"https:\/\/zeodeo.store\/et\/"},{"@type":"ListItem","position":2,"name":"Imavad Aluslinad","item":"https:\/\/zeodeo.store\/et\/imavad-aluslinad\/"},{"@type":"ListItem","position":3,"name":"Deodorant imavate aluslinade jaoks: Piisab 50 t\u00fckist"}]},{"@type":"WebSite","@id":"https:\/\/zeodeo.store\/et\/#website","url":"https:\/\/zeodeo.store\/et\/","name":"Zeodeo","description":"Zeolite pellets for dual layer cat litter pellets","potentialAction":[{"@type":"SearchAction","target":{"@type":"EntryPoint","urlTemplate":"https:\/\/zeodeo.store\/et\/?s={search_term_string}"},"query-input":{"@type":"PropertyValueSpecification","valueRequired":true,"valueName":"search_term_string"}}],"inLanguage":"et"}]},"product_price_amount":"7.90","product_price_currency":"EUR","og_availability":"instock","product_availability":"instock","product_condition":"new"},"_links":{"self":[{"href":"https:\/\/zeodeo.store\/et\/wp-json\/wp\/v2\/product\/7285"}],"collection":[{"href":"https:\/\/zeodeo.store\/et\/wp-json\/wp\/v2\/product"}],"about":[{"href":"https:\/\/zeodeo.store\/et\/wp-json\/wp\/v2\/types\/product"}],"wp:featuredmedia":[{"embeddable":true,"href":"https:\/\/zeodeo.store\/et\/wp-json\/wp\/v2\/media\/9122"}],"wp:attachment":[{"href":"https:\/\/zeodeo.store\/et\/wp-json\/wp\/v2\/media?parent=7285"}],"wp:term":[{"taxonomy":"product_cat","embeddable":true,"href":"https:\/\/zeodeo.store\/et\/wp-json\/wp\/v2\/product_cat?post=7285"},{"taxonomy":"product_tag","embeddable":true,"href":"https:\/\/zeodeo.store\/et\/wp-json\/wp\/v2\/product_tag?post=7285"}],"curies":[{"name":"wp","href":"https:\/\/api.w.org\/{rel}","templated":true}]}}