{"id":2863,"date":"2023-05-13T19:04:59","date_gmt":"2023-05-13T17:04:59","guid":{"rendered":"https:\/\/zeodeo.store\/shop__trashed-3\/kapuutsiga-kahekihiline-kassiliiva-susteemi-stardikomplekt-karpgraanulid-16kg-4-padjandit\/"},"modified":"2024-12-06T15:31:54","modified_gmt":"2024-12-06T13:31:54","slug":"suletud-kassitualett-komplekt","status":"publish","type":"product","link":"https:\/\/zeodeo.store\/et\/kahetasandilised-kassitualetid\/suletud-kassitualett-komplekt\/","title":{"rendered":"Suletud kassitualett: Stardikomplekt"},"content":{"rendered":"<p><iframe loading=\"lazy\" title=\"Hooded Dual layer cat litter box and zeolite cat litter pellets\" width=\"1220\" height=\"686\" src=\"https:\/\/www.youtube.com\/embed\/Kj6b0QC4A1E?feature=oembed\" frameborder=\"0\" allow=\"accelerometer; autoplay; clipboard-write; encrypted-media; gyroscope; picture-in-picture; web-share\" referrerpolicy=\"strict-origin-when-cross-origin\" allowfullscreen><\/iframe><\/p>\n<h2>Revolutsiooniline kassiliiva s\u00fcsteem<\/h2>\n<p>M\u00f5\u00f5dud: 54 x 42 x 43 cm<\/p>\n<p>Kahekihiline, lihtsalt kasutatav s\u00fcsteem:<\/p>\n<p>Pelletid asetatakse aluse peale ja pelletite alla kergesti sisset\u00f5mmatavasse alusele asetatakse imav padi. See kahekihiline disain tagab konkurentsitu l\u00f5hnakontrolli ning seda saab kiiremini ja lihtsamalt v\u00e4lja vahetada kui tavalised tualetis\u00fcsteemid \u2013 lihtsalt vahetage imav padi kord* n\u00e4dalas ja kandikud kord kuus.<\/p>\n<p>Suurep\u00e4rane l\u00f5hnakontroll:<\/p>\n<p>looduslikud tseoliidigraanulid deh\u00fcdreeruvad ja tilguvad allapanu all olevale imavale padjale. Imav padi hoiab vedeliku ja l\u00f5hnad eemal, samas kui \u00fclemised kandikud j\u00e4\u00e4vad kuivaks, pakkudes teie kassile maksimaalset mugavust ja v\u00e4hem l\u00f5hnu teie kodus.<\/p>\n<p>Kiire ja lihtne puhastamine:<\/p>\n<p>Puhastamine on v\u00e4ga lihtne, kuna aluse p\u00f5hjas ei ole puhastamiseks m\u00e4rja allapanu t\u00fckke \u2013 lihtsalt avage salv, eemaldage ja vahetage vooder kord n\u00e4dalas. Tahkeid j\u00e4\u00e4tmeid saab k\u00fchveldada \u00fclevalt ja pelletite t\u00e4ielik vahetus tuleb teha vaid kord kuus!<br \/>\nLitris\u00fcsteem sisaldab kulbi ja k\u00f5ike, mida vajate kuu aja jooksul alustamiseks, sealhulgas pelletite kotti ja 4 imavat padjakest.<\/p>\n<p>Naturaalsest tseoliidist kassiliivagraanulid on sama l\u00e4bim\u00f5\u00f5duga ja ligikaudu sama pikkusega, need ei pudene ega j\u00e4\u00e4 kassi k\u00e4ppadesse kinni. Need omadused v\u00e4hendavad v\u00f5imalust, et teie kass viskab graanulid kassiliivast v\u00e4lja ja laotab need m\u00f6\u00f6da korterit laiali.<\/p>\n<p>Kuidas see t\u00f6\u00f6tab:<\/p>\n<p>Litris\u00fcsteem on t\u00e4iesti erinev v\u00f5rreldes traditsiooniliste liivakastidega. M\u00f5nel kassil v\u00f5ib \u00fclemineku tegemiseks kuluda paar p\u00e4eva kauem aega.<\/p>\n<p>Lihtne ja korralik allapanus\u00fcsteem<br \/>\nSelle s\u00fcsteemi jaoks spetsiaalsed graanulid on j\u00e4lgimisvastased ja t\u00f5rjuvad uriini, hoides teie kasti kuivana.<\/p>\n<p>Iga t\u00e4ielik allapanus\u00fcsteem tagab garanteeritud l\u00f5hnakontrolli, mis on t\u00f5esti kiire ja lihtne.<\/p>\n<p>Teie kassi uriin liigub l\u00e4bi riivialuse all olevasse \u00fcliimavasse padjandisse ja see on \u00fche kassi jaoks seitsmeks p\u00e4evaks lukustatud.<\/p>\n","protected":false},"excerpt":{"rendered":"<p>Starter set:<br \/>\nkassiliivakast+ t\u00e4itmine \u00fcheks kuuks (1 kott tseoliidigraanuleid 1,6 kg, 4 imavat padjakest.)<\/p>\n","protected":false},"featured_media":5606,"template":"","meta":[],"product_cat":[328],"product_tag":[269,222,265,266,198,289,268,267,287,288],"yoast_head":"<!-- This site is optimized with the Yoast SEO Premium plugin v22.2 (Yoast SEO v23.5) - https:\/\/yoast.com\/wordpress\/plugins\/seo\/ -->\n<title>Suletud kassitualetid \u2013 kassidele m\u00f5eldud kahetasandiline s\u00fcsteem<\/title>\n<meta name=\"description\" content=\"Avastage ZeoDeo originaalne kahekorruseline kaanega kassikast. See valik sobib ideaalselt \u00fchele v\u00f5i mitmele kassile ning see on komplektis graanulite ja imavate aluslinadega. Lisateabe saamiseks kl\u00f5psake!\" \/>\n<meta name=\"robots\" content=\"index, follow, max-snippet:-1, max-image-preview:large, max-video-preview:-1\" \/>\n<link rel=\"canonical\" href=\"https:\/\/zeodeo.store\/et\/kahetasandilised-kassitualetid\/suletud-kassitualett-komplekt\/\" \/>\n<meta property=\"og:locale\" content=\"et_EE\" \/>\n<meta property=\"og:type\" content=\"article\" \/>\n<meta property=\"og:title\" content=\"Suletud kassitualett: Stardikomplekt\" \/>\n<meta property=\"og:description\" content=\"Avastage ZeoDeo originaalne kahekorruseline kaanega kassikast. See valik sobib ideaalselt \u00fchele v\u00f5i mitmele kassile ning see on komplektis graanulite ja imavate aluslinadega. Lisateabe saamiseks kl\u00f5psake!\" \/>\n<meta property=\"og:url\" content=\"https:\/\/zeodeo.store\/et\/kahetasandilised-kassitualetid\/suletud-kassitualett-komplekt\/\" \/>\n<meta property=\"og:site_name\" content=\"Zeodeo\" \/>\n<meta property=\"article:modified_time\" content=\"2024-12-06T13:31:54+00:00\" \/>\n<meta property=\"og:image\" content=\"https:\/\/zeodeo.store\/wp-content\/uploads\/2023\/05\/Obszar-kompozycji-1-kopia-2-e1726038426336.jpg\" \/>\n\t<meta property=\"og:image:width\" content=\"2000\" \/>\n\t<meta property=\"og:image:height\" content=\"2000\" \/>\n\t<meta property=\"og:image:type\" content=\"image\/jpeg\" \/>\n<meta name=\"twitter:card\" content=\"summary_large_image\" \/>\n<script type=\"application\/ld+json\" class=\"yoast-schema-graph\">{\"@context\":\"https:\/\/schema.org\",\"@graph\":[{\"@type\":\"WebPage\",\"@id\":\"https:\/\/zeodeo.store\/et\/kahetasandilised-kassitualetid\/suletud-kassitualett-komplekt\/\",\"url\":\"https:\/\/zeodeo.store\/et\/kahetasandilised-kassitualetid\/suletud-kassitualett-komplekt\/\",\"name\":\"Suletud kassitualetid \u2013 kassidele m\u00f5eldud kahetasandiline s\u00fcsteem\",\"isPartOf\":{\"@id\":\"https:\/\/zeodeo.store\/et\/#website\"},\"primaryImageOfPage\":{\"@id\":\"https:\/\/zeodeo.store\/et\/kahetasandilised-kassitualetid\/suletud-kassitualett-komplekt\/#primaryimage\"},\"image\":{\"@id\":\"https:\/\/zeodeo.store\/et\/kahetasandilised-kassitualetid\/suletud-kassitualett-komplekt\/#primaryimage\"},\"thumbnailUrl\":\"https:\/\/zeodeo.store\/wp-content\/uploads\/2023\/05\/Obszar-kompozycji-1-kopia-2-e1726038426336.jpg\",\"datePublished\":\"2023-05-13T17:04:59+00:00\",\"dateModified\":\"2024-12-06T13:31:54+00:00\",\"description\":\"Avastage ZeoDeo originaalne kahekorruseline kaanega kassikast. See valik sobib ideaalselt \u00fchele v\u00f5i mitmele kassile ning see on komplektis graanulite ja imavate aluslinadega. Lisateabe saamiseks kl\u00f5psake!\",\"breadcrumb\":{\"@id\":\"https:\/\/zeodeo.store\/et\/kahetasandilised-kassitualetid\/suletud-kassitualett-komplekt\/#breadcrumb\"},\"inLanguage\":\"et\",\"potentialAction\":[{\"@type\":\"ReadAction\",\"target\":[\"https:\/\/zeodeo.store\/et\/kahetasandilised-kassitualetid\/suletud-kassitualett-komplekt\/\"]}]},{\"@type\":\"ImageObject\",\"inLanguage\":\"et\",\"@id\":\"https:\/\/zeodeo.store\/et\/kahetasandilised-kassitualetid\/suletud-kassitualett-komplekt\/#primaryimage\",\"url\":\"https:\/\/zeodeo.store\/wp-content\/uploads\/2023\/05\/Obszar-kompozycji-1-kopia-2-e1726038426336.jpg\",\"contentUrl\":\"https:\/\/zeodeo.store\/wp-content\/uploads\/2023\/05\/Obszar-kompozycji-1-kopia-2-e1726038426336.jpg\",\"width\":2000,\"height\":2000,\"caption\":\"Unicharm-DeoToilet-Hooded-Set\"},{\"@type\":\"BreadcrumbList\",\"@id\":\"https:\/\/zeodeo.store\/et\/kahetasandilised-kassitualetid\/suletud-kassitualett-komplekt\/#breadcrumb\",\"itemListElement\":[{\"@type\":\"ListItem\",\"position\":1,\"name\":\"Home\",\"item\":\"https:\/\/zeodeo.store\/et\/\"},{\"@type\":\"ListItem\",\"position\":2,\"name\":\"Kassitualetid\",\"item\":\"https:\/\/zeodeo.store\/et\/kahetasandilised-kassitualetid\/\"},{\"@type\":\"ListItem\",\"position\":3,\"name\":\"Suletud kassitualett: Stardikomplekt\"}]},{\"@type\":\"WebSite\",\"@id\":\"https:\/\/zeodeo.store\/et\/#website\",\"url\":\"https:\/\/zeodeo.store\/et\/\",\"name\":\"Zeodeo\",\"description\":\"Zeolite pellets for dual layer cat litter pellets\",\"potentialAction\":[{\"@type\":\"SearchAction\",\"target\":{\"@type\":\"EntryPoint\",\"urlTemplate\":\"https:\/\/zeodeo.store\/et\/?s={search_term_string}\"},\"query-input\":{\"@type\":\"PropertyValueSpecification\",\"valueRequired\":true,\"valueName\":\"search_term_string\"}}],\"inLanguage\":\"et\"}]}<\/script>\n<meta property=\"product:price:amount\" content=\"85.00\" \/>\n<meta property=\"product:price:currency\" content=\"EUR\" \/>\n<meta property=\"og:availability\" content=\"instock\" \/>\n<meta property=\"product:availability\" content=\"instock\" \/>\n<meta property=\"product:condition\" content=\"new\" \/>\n<!-- \/ Yoast SEO Premium plugin. -->","yoast_head_json":{"title":"Suletud kassitualetid \u2013 kassidele m\u00f5eldud kahetasandiline s\u00fcsteem","description":"Avastage ZeoDeo originaalne kahekorruseline kaanega kassikast. See valik sobib ideaalselt \u00fchele v\u00f5i mitmele kassile ning see on komplektis graanulite ja imavate aluslinadega. Lisateabe saamiseks kl\u00f5psake!","robots":{"index":"index","follow":"follow","max-snippet":"max-snippet:-1","max-image-preview":"max-image-preview:large","max-video-preview":"max-video-preview:-1"},"canonical":"https:\/\/zeodeo.store\/et\/kahetasandilised-kassitualetid\/suletud-kassitualett-komplekt\/","og_locale":"et_EE","og_type":"article","og_title":"Suletud kassitualett: Stardikomplekt","og_description":"Avastage ZeoDeo originaalne kahekorruseline kaanega kassikast. See valik sobib ideaalselt \u00fchele v\u00f5i mitmele kassile ning see on komplektis graanulite ja imavate aluslinadega. Lisateabe saamiseks kl\u00f5psake!","og_url":"https:\/\/zeodeo.store\/et\/kahetasandilised-kassitualetid\/suletud-kassitualett-komplekt\/","og_site_name":"Zeodeo","article_modified_time":"2024-12-06T13:31:54+00:00","og_image":[{"width":2000,"height":2000,"url":"https:\/\/zeodeo.store\/wp-content\/uploads\/2023\/05\/Obszar-kompozycji-1-kopia-2-e1726038426336.jpg","type":"image\/jpeg"}],"twitter_card":"summary_large_image","schema":{"@context":"https:\/\/schema.org","@graph":[{"@type":"WebPage","@id":"https:\/\/zeodeo.store\/et\/kahetasandilised-kassitualetid\/suletud-kassitualett-komplekt\/","url":"https:\/\/zeodeo.store\/et\/kahetasandilised-kassitualetid\/suletud-kassitualett-komplekt\/","name":"Suletud kassitualetid \u2013 kassidele m\u00f5eldud kahetasandiline s\u00fcsteem","isPartOf":{"@id":"https:\/\/zeodeo.store\/et\/#website"},"primaryImageOfPage":{"@id":"https:\/\/zeodeo.store\/et\/kahetasandilised-kassitualetid\/suletud-kassitualett-komplekt\/#primaryimage"},"image":{"@id":"https:\/\/zeodeo.store\/et\/kahetasandilised-kassitualetid\/suletud-kassitualett-komplekt\/#primaryimage"},"thumbnailUrl":"https:\/\/zeodeo.store\/wp-content\/uploads\/2023\/05\/Obszar-kompozycji-1-kopia-2-e1726038426336.jpg","datePublished":"2023-05-13T17:04:59+00:00","dateModified":"2024-12-06T13:31:54+00:00","description":"Avastage ZeoDeo originaalne kahekorruseline kaanega kassikast. See valik sobib ideaalselt \u00fchele v\u00f5i mitmele kassile ning see on komplektis graanulite ja imavate aluslinadega. Lisateabe saamiseks kl\u00f5psake!","breadcrumb":{"@id":"https:\/\/zeodeo.store\/et\/kahetasandilised-kassitualetid\/suletud-kassitualett-komplekt\/#breadcrumb"},"inLanguage":"et","potentialAction":[{"@type":"ReadAction","target":["https:\/\/zeodeo.store\/et\/kahetasandilised-kassitualetid\/suletud-kassitualett-komplekt\/"]}]},{"@type":"ImageObject","inLanguage":"et","@id":"https:\/\/zeodeo.store\/et\/kahetasandilised-kassitualetid\/suletud-kassitualett-komplekt\/#primaryimage","url":"https:\/\/zeodeo.store\/wp-content\/uploads\/2023\/05\/Obszar-kompozycji-1-kopia-2-e1726038426336.jpg","contentUrl":"https:\/\/zeodeo.store\/wp-content\/uploads\/2023\/05\/Obszar-kompozycji-1-kopia-2-e1726038426336.jpg","width":2000,"height":2000,"caption":"Unicharm-DeoToilet-Hooded-Set"},{"@type":"BreadcrumbList","@id":"https:\/\/zeodeo.store\/et\/kahetasandilised-kassitualetid\/suletud-kassitualett-komplekt\/#breadcrumb","itemListElement":[{"@type":"ListItem","position":1,"name":"Home","item":"https:\/\/zeodeo.store\/et\/"},{"@type":"ListItem","position":2,"name":"Kassitualetid","item":"https:\/\/zeodeo.store\/et\/kahetasandilised-kassitualetid\/"},{"@type":"ListItem","position":3,"name":"Suletud kassitualett: Stardikomplekt"}]},{"@type":"WebSite","@id":"https:\/\/zeodeo.store\/et\/#website","url":"https:\/\/zeodeo.store\/et\/","name":"Zeodeo","description":"Zeolite pellets for dual layer cat litter pellets","potentialAction":[{"@type":"SearchAction","target":{"@type":"EntryPoint","urlTemplate":"https:\/\/zeodeo.store\/et\/?s={search_term_string}"},"query-input":{"@type":"PropertyValueSpecification","valueRequired":true,"valueName":"search_term_string"}}],"inLanguage":"et"}]},"product_price_amount":"85.00","product_price_currency":"EUR","og_availability":"instock","product_availability":"instock","product_condition":"new"},"_links":{"self":[{"href":"https:\/\/zeodeo.store\/et\/wp-json\/wp\/v2\/product\/2863"}],"collection":[{"href":"https:\/\/zeodeo.store\/et\/wp-json\/wp\/v2\/product"}],"about":[{"href":"https:\/\/zeodeo.store\/et\/wp-json\/wp\/v2\/types\/product"}],"wp:featuredmedia":[{"embeddable":true,"href":"https:\/\/zeodeo.store\/et\/wp-json\/wp\/v2\/media\/5606"}],"wp:attachment":[{"href":"https:\/\/zeodeo.store\/et\/wp-json\/wp\/v2\/media?parent=2863"}],"wp:term":[{"taxonomy":"product_cat","embeddable":true,"href":"https:\/\/zeodeo.store\/et\/wp-json\/wp\/v2\/product_cat?post=2863"},{"taxonomy":"product_tag","embeddable":true,"href":"https:\/\/zeodeo.store\/et\/wp-json\/wp\/v2\/product_tag?post=2863"}],"curies":[{"name":"wp","href":"https:\/\/api.w.org\/{rel}","templated":true}]}}