{"id":2494,"date":"2023-02-13T21:54:56","date_gmt":"2023-02-13T19:54:56","guid":{"rendered":"https:\/\/zeodeo.store\/?post_type=product&#038;p=2494"},"modified":"2024-12-06T15:48:00","modified_gmt":"2024-12-06T13:48:00","slug":"light-aluslinad","status":"publish","type":"product","link":"https:\/\/zeodeo.store\/et\/imavad-aluslinad\/light-aluslinad\/","title":{"rendered":"Imavad aluslinad &#8211; LIGHT"},"content":{"rendered":"<p><span style=\"vertical-align: inherit;\"><span style=\"vertical-align: inherit;\">\u0412 \u0434\u0432\u0443\u0445\u0441\u043b\u043e\u0439\u043d\u043e\u0439 \u0441\u0438\u0441\u0442\u0435\u043c\u0435 \u043d\u0430\u043f\u043e\u043b\u043d\u0438\u0442\u0435\u043b\u044f \u0434\u043b\u044f \u043a\u043e\u0448\u0435\u043a \u0442\u0430\u043a\u0436\u0435 \u0438\u0441\u043f\u043e\u043b\u044c\u0437\u0443\u044e\u0442\u0441\u044f \u0432\u043f\u0438\u0442\u044b\u0432\u0430\u044e\u0449\u0438\u0435 \u043f\u043e\u0434\u0443\u0448\u0435\u0447\u043a\u0438, \u043a\u043e\u0442\u043e\u0440\u044b\u0435 \u043f\u043e\u043c\u0435\u0449\u0430\u044e\u0442\u0441\u044f \u043d\u0430 \u0432\u044b\u0434\u0432\u0438\u0436\u043d\u043e\u0439 \u043b\u043e\u0442\u043e\u043a \u0432 \u043d\u0438\u0436\u043d\u0435\u0439 \u0447\u0430\u0441\u0442\u0438 \u043d\u0430\u043f\u043e\u043b\u043d\u0438\u0442\u0435\u043b\u044f.<\/span><\/span><\/p>\n<p><span style=\"vertical-align: inherit;\"><span style=\"vertical-align: inherit;\">\u042d\u0442\u043e\u0442 \u0432\u043a\u043b\u0430\u0434\u044b\u0448 \u043c\u0433\u043d\u043e\u0432\u0435\u043d\u043d\u043e \u0432\u043f\u0438\u0442\u044b\u0432\u0430\u0435\u0442 \u0438 \u0443\u0434\u0435\u0440\u0436\u0438\u0432\u0430\u0435\u0442 \u0436\u0438\u0434\u043a\u043e\u0441\u0442\u044c \u0438 \u0437\u0430\u043f\u0430\u0445, \u0435\u0433\u043e \u043c\u043e\u0436\u043d\u043e \u0431\u044b\u0441\u0442\u0440\u043e \u0438 \u043b\u0435\u0433\u043a\u043e \u0437\u0430\u043c\u0435\u043d\u0438\u0442\u044c.<\/span><\/span><\/p>\n<p><span style=\"vertical-align: inherit;\"><span style=\"vertical-align: inherit;\">\u043f\u043e\u0434\u0443\u0448\u0435\u0447\u043a\u0438 \u0440\u0430\u0437\u043c\u0435\u0440\u043e\u043c 16,9 x 11,4 \u0434\u044e\u0439\u043c\u0430 (43 x 29 \u0441\u043c) \u0438\u0434\u0435\u0430\u043b\u044c\u043d\u043e \u043f\u043e\u043c\u0435\u0449\u0430\u044e\u0442\u0441\u044f \u0432 \u0442\u0443\u0430\u043b\u0435\u0442\u043d\u044b\u0439 \u043b\u043e\u0442\u043e\u043a Breeze* \u0438\u043b\u0438 \u0430\u043d\u0430\u043b\u043e\u0433\u0438\u0447\u043d\u043e\u0433\u043e \u0440\u0430\u0437\u043c\u0435\u0440\u0430. <\/span><\/span><br \/>\n<span style=\"vertical-align: inherit;\"><span style=\"vertical-align: inherit;\">\u0421\u0443\u043f\u0435\u0440\u0432\u043f\u0438\u0442\u044b\u0432\u0430\u044e\u0449\u0438\u0435 \u043f\u043e\u0434\u0443\u0448\u0435\u0447\u043a\u0438 \u043d\u0435\u043e\u0431\u0445\u043e\u0434\u0438\u043c\u043e \u0437\u0430\u043c\u0435\u043d\u044f\u0442\u044c, \u043a\u043e\u0433\u0434\u0430 \u043e\u043d\u0438 \u0437\u0430\u043f\u043e\u043b\u043d\u044f\u0442\u0441\u044f \u2013 \u043e\u0431\u044b\u0447\u043d\u043e \u0447\u0435\u0440\u0435\u0437 4\u20137 \u0434\u043d\u0435\u0439 (\u0432 \u0437\u0430\u0432\u0438\u0441\u0438\u043c\u043e\u0441\u0442\u0438 \u043e\u0442 \u0440\u0430\u0437\u043c\u0435\u0440\u0430 \u043f\u0438\u0442\u043e\u043c\u0446\u0430).<\/span><\/span><\/p>\n<p><img loading=\"lazy\" decoding=\"async\" class=\"alignnone size-medium wp-image-1324\" src=\"https:\/\/zeodeo.store\/wp-content\/uploads\/2022\/05\/85318_tidy_cats_breeze_starter_box_hs_13_3-360x360.jpg\" alt=\"\" width=\"360\" height=\"360\" srcset=\"https:\/\/zeodeo.store\/wp-content\/uploads\/2022\/05\/85318_tidy_cats_breeze_starter_box_hs_13_3-360x360.jpg 360w, https:\/\/zeodeo.store\/wp-content\/uploads\/2022\/05\/85318_tidy_cats_breeze_starter_box_hs_13_3-70x70.jpg 70w, https:\/\/zeodeo.store\/wp-content\/uploads\/2022\/05\/85318_tidy_cats_breeze_starter_box_hs_13_3-142x142.jpg 142w, https:\/\/zeodeo.store\/wp-content\/uploads\/2022\/05\/85318_tidy_cats_breeze_starter_box_hs_13_3-250x250.jpg 250w, https:\/\/zeodeo.store\/wp-content\/uploads\/2022\/05\/85318_tidy_cats_breeze_starter_box_hs_13_3-53x53.jpg 53w, https:\/\/zeodeo.store\/wp-content\/uploads\/2022\/05\/85318_tidy_cats_breeze_starter_box_hs_13_3-140x140.jpg 140w, https:\/\/zeodeo.store\/wp-content\/uploads\/2022\/05\/85318_tidy_cats_breeze_starter_box_hs_13_3-210x210.jpg 210w, https:\/\/zeodeo.store\/wp-content\/uploads\/2022\/05\/85318_tidy_cats_breeze_starter_box_hs_13_3-50x50.jpg 50w, https:\/\/zeodeo.store\/wp-content\/uploads\/2022\/05\/85318_tidy_cats_breeze_starter_box_hs_13_3-100x100.jpg 100w, https:\/\/zeodeo.store\/wp-content\/uploads\/2022\/05\/85318_tidy_cats_breeze_starter_box_hs_13_3.jpg 400w\" sizes=\"(max-width: 360px) 100vw, 360px\" \/><\/p>\n<p><span style=\"vertical-align: inherit;\"><span style=\"vertical-align: inherit;\">\u0412 \u0441\u0435\u0440\u0435\u0434\u0438\u043d\u0435 \u043f\u0435\u0440\u0438\u043e\u0434\u0430 \u0441\u043c\u0435\u043d\u044b \u043f\u043e\u0434\u0443\u0448\u0435\u0447\u043a\u0438 \u0435\u0435 \u043c\u043e\u0436\u043d\u043e \u043f\u043e\u0432\u0435\u0440\u043d\u0443\u0442\u044c \u043d\u0430 180 \u0433\u0440\u0430\u0434\u0443\u0441\u043e\u0432, \u0447\u0442\u043e\u0431\u044b \u043c\u043e\u0447\u0430 \u0440\u0430\u0432\u043d\u043e\u043c\u0435\u0440\u043d\u043e \u0440\u0430\u0441\u043f\u0440\u0435\u0434\u0435\u043b\u0438\u043b\u0430\u0441\u044c \u043f\u043e \u043f\u043e\u0434\u0443\u0448\u0435\u0447\u043a\u0435, \u043f\u043e\u0441\u043a\u043e\u043b\u044c\u043a\u0443 \u043a\u043e\u0448\u043a\u0438 \u043e\u0431\u044b\u0447\u043d\u043e \u043f\u0438\u0441\u0430\u044e\u0442 \u0432 \u043e\u0434\u043d\u043e \u0438 \u0442\u043e \u0436\u0435 \u043c\u0435\u0441\u0442\u043e \u0442\u0443\u0430\u043b\u0435\u0442\u043d\u043e\u0433\u043e \u043b\u043e\u0442\u043a\u0430.<\/span><\/span><\/p>\n<p><img loading=\"lazy\" decoding=\"async\" class=\"alignnone size-full wp-image-1388\" src=\"https:\/\/zeodeo.store\/wp-content\/uploads\/2022\/05\/Tidy-cats-breeze-cat-disposable-pads-refill-ZeoDeo-1.png\" alt=\"\" width=\"220\" height=\"220\" srcset=\"https:\/\/zeodeo.store\/wp-content\/uploads\/2022\/05\/Tidy-cats-breeze-cat-disposable-pads-refill-ZeoDeo-1.png 220w, https:\/\/zeodeo.store\/wp-content\/uploads\/2022\/05\/Tidy-cats-breeze-cat-disposable-pads-refill-ZeoDeo-1-70x70.png 70w, https:\/\/zeodeo.store\/wp-content\/uploads\/2022\/05\/Tidy-cats-breeze-cat-disposable-pads-refill-ZeoDeo-1-142x142.png 142w, https:\/\/zeodeo.store\/wp-content\/uploads\/2022\/05\/Tidy-cats-breeze-cat-disposable-pads-refill-ZeoDeo-1-53x53.png 53w, https:\/\/zeodeo.store\/wp-content\/uploads\/2022\/05\/Tidy-cats-breeze-cat-disposable-pads-refill-ZeoDeo-1-140x140.png 140w, https:\/\/zeodeo.store\/wp-content\/uploads\/2022\/05\/Tidy-cats-breeze-cat-disposable-pads-refill-ZeoDeo-1-210x210.png 210w, https:\/\/zeodeo.store\/wp-content\/uploads\/2022\/05\/Tidy-cats-breeze-cat-disposable-pads-refill-ZeoDeo-1-50x50.png 50w, https:\/\/zeodeo.store\/wp-content\/uploads\/2022\/05\/Tidy-cats-breeze-cat-disposable-pads-refill-ZeoDeo-1-100x100.png 100w\" sizes=\"(max-width: 220px) 100vw, 220px\" \/><\/p>\n<p><img loading=\"lazy\" decoding=\"async\" class=\"alignnone size-full wp-image-1389\" src=\"https:\/\/zeodeo.store\/wp-content\/uploads\/2022\/05\/Tidy-cats-breeze-cat-disposable-pads-refill-ZeoDeo-2.png\" alt=\"\" width=\"220\" height=\"220\" srcset=\"https:\/\/zeodeo.store\/wp-content\/uploads\/2022\/05\/Tidy-cats-breeze-cat-disposable-pads-refill-ZeoDeo-2.png 220w, https:\/\/zeodeo.store\/wp-content\/uploads\/2022\/05\/Tidy-cats-breeze-cat-disposable-pads-refill-ZeoDeo-2-70x70.png 70w, https:\/\/zeodeo.store\/wp-content\/uploads\/2022\/05\/Tidy-cats-breeze-cat-disposable-pads-refill-ZeoDeo-2-142x142.png 142w, https:\/\/zeodeo.store\/wp-content\/uploads\/2022\/05\/Tidy-cats-breeze-cat-disposable-pads-refill-ZeoDeo-2-53x53.png 53w, https:\/\/zeodeo.store\/wp-content\/uploads\/2022\/05\/Tidy-cats-breeze-cat-disposable-pads-refill-ZeoDeo-2-140x140.png 140w, https:\/\/zeodeo.store\/wp-content\/uploads\/2022\/05\/Tidy-cats-breeze-cat-disposable-pads-refill-ZeoDeo-2-210x210.png 210w, https:\/\/zeodeo.store\/wp-content\/uploads\/2022\/05\/Tidy-cats-breeze-cat-disposable-pads-refill-ZeoDeo-2-50x50.png 50w, https:\/\/zeodeo.store\/wp-content\/uploads\/2022\/05\/Tidy-cats-breeze-cat-disposable-pads-refill-ZeoDeo-2-100x100.png 100w\" sizes=\"(max-width: 220px) 100vw, 220px\" \/><\/p>\n","protected":false},"excerpt":{"rendered":"<p>Ideaalne Tidy Cats Breeze Tray jaoks.<\/p>\n<p>&nbsp;<\/p>\n","protected":false},"featured_media":17527,"template":"","meta":[],"product_cat":[327],"product_tag":[222,223,227,226,225,224],"yoast_head":"<!-- This site is optimized with the Yoast SEO Premium plugin v22.2 (Yoast SEO v23.5) - https:\/\/yoast.com\/wordpress\/plugins\/seo\/ -->\n<title>Kerged ja t\u00f5husad, super-absorbeerivad aluslinad ZeoDeo kassitualettide jaoks<\/title>\n<meta name=\"description\" content=\"Avasta LIGHT imavad padjad kahetasandilise kassikasti jaoks 10, 20 ja 50 tk pakendites. Kerged ja puhtad kasside aluspadjad hoiavad teie kodu v\u00e4rskena. Ideaalne k\u00f5ikidele kahekihilistele tualettide s\u00fcsteemidele.\" \/>\n<meta name=\"robots\" content=\"index, follow, max-snippet:-1, max-image-preview:large, max-video-preview:-1\" \/>\n<link rel=\"canonical\" href=\"https:\/\/zeodeo.store\/et\/imavad-aluslinad\/light-aluslinad\/\" \/>\n<meta property=\"og:locale\" content=\"et_EE\" \/>\n<meta property=\"og:type\" content=\"article\" \/>\n<meta property=\"og:title\" content=\"Imavad aluslinad - LIGHT\" \/>\n<meta property=\"og:description\" content=\"Avasta LIGHT imavad padjad kahetasandilise kassikasti jaoks 10, 20 ja 50 tk pakendites. Kerged ja puhtad kasside aluspadjad hoiavad teie kodu v\u00e4rskena. Ideaalne k\u00f5ikidele kahekihilistele tualettide s\u00fcsteemidele.\" \/>\n<meta property=\"og:url\" content=\"https:\/\/zeodeo.store\/et\/imavad-aluslinad\/light-aluslinad\/\" \/>\n<meta property=\"og:site_name\" content=\"Zeodeo\" \/>\n<meta property=\"article:modified_time\" content=\"2024-12-06T13:48:00+00:00\" \/>\n<meta property=\"og:image\" content=\"https:\/\/zeodeo.store\/wp-content\/uploads\/2024\/09\/Light-3x.jpg\" \/>\n\t<meta property=\"og:image:width\" content=\"1563\" \/>\n\t<meta property=\"og:image:height\" content=\"1563\" \/>\n\t<meta property=\"og:image:type\" content=\"image\/jpeg\" \/>\n<meta name=\"twitter:card\" content=\"summary_large_image\" \/>\n<script type=\"application\/ld+json\" class=\"yoast-schema-graph\">{\"@context\":\"https:\/\/schema.org\",\"@graph\":[{\"@type\":\"WebPage\",\"@id\":\"https:\/\/zeodeo.store\/et\/imavad-aluslinad\/light-aluslinad\/\",\"url\":\"https:\/\/zeodeo.store\/et\/imavad-aluslinad\/light-aluslinad\/\",\"name\":\"Kerged ja t\u00f5husad, super-absorbeerivad aluslinad ZeoDeo kassitualettide jaoks\",\"isPartOf\":{\"@id\":\"https:\/\/zeodeo.store\/et\/#website\"},\"primaryImageOfPage\":{\"@id\":\"https:\/\/zeodeo.store\/et\/imavad-aluslinad\/light-aluslinad\/#primaryimage\"},\"image\":{\"@id\":\"https:\/\/zeodeo.store\/et\/imavad-aluslinad\/light-aluslinad\/#primaryimage\"},\"thumbnailUrl\":\"https:\/\/zeodeo.store\/wp-content\/uploads\/2023\/02\/absorbing-pads-3.png\",\"datePublished\":\"2023-02-13T19:54:56+00:00\",\"dateModified\":\"2024-12-06T13:48:00+00:00\",\"description\":\"Avasta LIGHT imavad padjad kahetasandilise kassikasti jaoks 10, 20 ja 50 tk pakendites. Kerged ja puhtad kasside aluspadjad hoiavad teie kodu v\u00e4rskena. Ideaalne k\u00f5ikidele kahekihilistele tualettide s\u00fcsteemidele.\",\"breadcrumb\":{\"@id\":\"https:\/\/zeodeo.store\/et\/imavad-aluslinad\/light-aluslinad\/#breadcrumb\"},\"inLanguage\":\"et\",\"potentialAction\":[{\"@type\":\"ReadAction\",\"target\":[\"https:\/\/zeodeo.store\/et\/imavad-aluslinad\/light-aluslinad\/\"]}]},{\"@type\":\"ImageObject\",\"inLanguage\":\"et\",\"@id\":\"https:\/\/zeodeo.store\/et\/imavad-aluslinad\/light-aluslinad\/#primaryimage\",\"url\":\"https:\/\/zeodeo.store\/wp-content\/uploads\/2023\/02\/absorbing-pads-3.png\",\"contentUrl\":\"https:\/\/zeodeo.store\/wp-content\/uploads\/2023\/02\/absorbing-pads-3.png\",\"width\":2000,\"height\":2000,\"caption\":\"ZeoDeo absorbing pads Light for dual cat liiter systems use with zeolite mordenite pellets\"},{\"@type\":\"BreadcrumbList\",\"@id\":\"https:\/\/zeodeo.store\/et\/imavad-aluslinad\/light-aluslinad\/#breadcrumb\",\"itemListElement\":[{\"@type\":\"ListItem\",\"position\":1,\"name\":\"Home\",\"item\":\"https:\/\/zeodeo.store\/et\/\"},{\"@type\":\"ListItem\",\"position\":2,\"name\":\"Imavad Aluslinad\",\"item\":\"https:\/\/zeodeo.store\/et\/imavad-aluslinad\/\"},{\"@type\":\"ListItem\",\"position\":3,\"name\":\"Imavad aluslinad &#8211; LIGHT\"}]},{\"@type\":\"WebSite\",\"@id\":\"https:\/\/zeodeo.store\/et\/#website\",\"url\":\"https:\/\/zeodeo.store\/et\/\",\"name\":\"Zeodeo\",\"description\":\"Zeolite pellets for dual layer cat litter pellets\",\"potentialAction\":[{\"@type\":\"SearchAction\",\"target\":{\"@type\":\"EntryPoint\",\"urlTemplate\":\"https:\/\/zeodeo.store\/et\/?s={search_term_string}\"},\"query-input\":{\"@type\":\"PropertyValueSpecification\",\"valueRequired\":true,\"valueName\":\"search_term_string\"}}],\"inLanguage\":\"et\"}]}<\/script>\n<meta property=\"og:availability\" content=\"instock\" \/>\n<meta property=\"product:availability\" content=\"instock\" \/>\n<meta property=\"product:condition\" content=\"new\" \/>\n<!-- \/ Yoast SEO Premium plugin. -->","yoast_head_json":{"title":"Kerged ja t\u00f5husad, super-absorbeerivad aluslinad ZeoDeo kassitualettide jaoks","description":"Avasta LIGHT imavad padjad kahetasandilise kassikasti jaoks 10, 20 ja 50 tk pakendites. Kerged ja puhtad kasside aluspadjad hoiavad teie kodu v\u00e4rskena. Ideaalne k\u00f5ikidele kahekihilistele tualettide s\u00fcsteemidele.","robots":{"index":"index","follow":"follow","max-snippet":"max-snippet:-1","max-image-preview":"max-image-preview:large","max-video-preview":"max-video-preview:-1"},"canonical":"https:\/\/zeodeo.store\/et\/imavad-aluslinad\/light-aluslinad\/","og_locale":"et_EE","og_type":"article","og_title":"Imavad aluslinad - LIGHT","og_description":"Avasta LIGHT imavad padjad kahetasandilise kassikasti jaoks 10, 20 ja 50 tk pakendites. Kerged ja puhtad kasside aluspadjad hoiavad teie kodu v\u00e4rskena. Ideaalne k\u00f5ikidele kahekihilistele tualettide s\u00fcsteemidele.","og_url":"https:\/\/zeodeo.store\/et\/imavad-aluslinad\/light-aluslinad\/","og_site_name":"Zeodeo","article_modified_time":"2024-12-06T13:48:00+00:00","og_image":[{"width":1563,"height":1563,"url":"https:\/\/zeodeo.store\/wp-content\/uploads\/2024\/09\/Light-3x.jpg","type":"image\/jpeg"}],"twitter_card":"summary_large_image","schema":{"@context":"https:\/\/schema.org","@graph":[{"@type":"WebPage","@id":"https:\/\/zeodeo.store\/et\/imavad-aluslinad\/light-aluslinad\/","url":"https:\/\/zeodeo.store\/et\/imavad-aluslinad\/light-aluslinad\/","name":"Kerged ja t\u00f5husad, super-absorbeerivad aluslinad ZeoDeo kassitualettide jaoks","isPartOf":{"@id":"https:\/\/zeodeo.store\/et\/#website"},"primaryImageOfPage":{"@id":"https:\/\/zeodeo.store\/et\/imavad-aluslinad\/light-aluslinad\/#primaryimage"},"image":{"@id":"https:\/\/zeodeo.store\/et\/imavad-aluslinad\/light-aluslinad\/#primaryimage"},"thumbnailUrl":"https:\/\/zeodeo.store\/wp-content\/uploads\/2023\/02\/absorbing-pads-3.png","datePublished":"2023-02-13T19:54:56+00:00","dateModified":"2024-12-06T13:48:00+00:00","description":"Avasta LIGHT imavad padjad kahetasandilise kassikasti jaoks 10, 20 ja 50 tk pakendites. Kerged ja puhtad kasside aluspadjad hoiavad teie kodu v\u00e4rskena. Ideaalne k\u00f5ikidele kahekihilistele tualettide s\u00fcsteemidele.","breadcrumb":{"@id":"https:\/\/zeodeo.store\/et\/imavad-aluslinad\/light-aluslinad\/#breadcrumb"},"inLanguage":"et","potentialAction":[{"@type":"ReadAction","target":["https:\/\/zeodeo.store\/et\/imavad-aluslinad\/light-aluslinad\/"]}]},{"@type":"ImageObject","inLanguage":"et","@id":"https:\/\/zeodeo.store\/et\/imavad-aluslinad\/light-aluslinad\/#primaryimage","url":"https:\/\/zeodeo.store\/wp-content\/uploads\/2023\/02\/absorbing-pads-3.png","contentUrl":"https:\/\/zeodeo.store\/wp-content\/uploads\/2023\/02\/absorbing-pads-3.png","width":2000,"height":2000,"caption":"ZeoDeo absorbing pads Light for dual cat liiter systems use with zeolite mordenite pellets"},{"@type":"BreadcrumbList","@id":"https:\/\/zeodeo.store\/et\/imavad-aluslinad\/light-aluslinad\/#breadcrumb","itemListElement":[{"@type":"ListItem","position":1,"name":"Home","item":"https:\/\/zeodeo.store\/et\/"},{"@type":"ListItem","position":2,"name":"Imavad Aluslinad","item":"https:\/\/zeodeo.store\/et\/imavad-aluslinad\/"},{"@type":"ListItem","position":3,"name":"Imavad aluslinad &#8211; LIGHT"}]},{"@type":"WebSite","@id":"https:\/\/zeodeo.store\/et\/#website","url":"https:\/\/zeodeo.store\/et\/","name":"Zeodeo","description":"Zeolite pellets for dual layer cat litter pellets","potentialAction":[{"@type":"SearchAction","target":{"@type":"EntryPoint","urlTemplate":"https:\/\/zeodeo.store\/et\/?s={search_term_string}"},"query-input":{"@type":"PropertyValueSpecification","valueRequired":true,"valueName":"search_term_string"}}],"inLanguage":"et"}]},"og_availability":"instock","product_availability":"instock","product_condition":"new"},"_links":{"self":[{"href":"https:\/\/zeodeo.store\/et\/wp-json\/wp\/v2\/product\/2494"}],"collection":[{"href":"https:\/\/zeodeo.store\/et\/wp-json\/wp\/v2\/product"}],"about":[{"href":"https:\/\/zeodeo.store\/et\/wp-json\/wp\/v2\/types\/product"}],"wp:featuredmedia":[{"embeddable":true,"href":"https:\/\/zeodeo.store\/et\/wp-json\/wp\/v2\/media\/17527"}],"wp:attachment":[{"href":"https:\/\/zeodeo.store\/et\/wp-json\/wp\/v2\/media?parent=2494"}],"wp:term":[{"taxonomy":"product_cat","embeddable":true,"href":"https:\/\/zeodeo.store\/et\/wp-json\/wp\/v2\/product_cat?post=2494"},{"taxonomy":"product_tag","embeddable":true,"href":"https:\/\/zeodeo.store\/et\/wp-json\/wp\/v2\/product_tag?post=2494"}],"curies":[{"name":"wp","href":"https:\/\/api.w.org\/{rel}","templated":true}]}}