{"id":2052,"date":"2022-10-23T19:26:18","date_gmt":"2022-10-23T17:26:18","guid":{"rendered":"https:\/\/zeodeo.store\/?page_id=2052"},"modified":"2023-06-27T00:03:38","modified_gmt":"2023-06-26T22:03:38","slug":"meist-2","status":"publish","type":"page","link":"https:\/\/zeodeo.store\/et\/meist-2\/","title":{"rendered":"Meist"},"content":{"rendered":"<div class=\"wp-block-image\">\n<figure class=\"aligncenter size-large\"><img loading=\"lazy\" decoding=\"async\" width=\"474\" height=\"590\" src=\"https:\/\/zeodeo.store\/wp-content\/uploads\/2023\/06\/IMG-5729-ZeoDeo-on-the-top-of-europe.-Breeze-cat-Zeolite-pellets-refill-474x590.jpg\" alt=\"\" class=\"wp-image-3227\" srcset=\"https:\/\/zeodeo.store\/wp-content\/uploads\/2023\/06\/IMG-5729-ZeoDeo-on-the-top-of-europe.-Breeze-cat-Zeolite-pellets-refill-474x590.jpg 474w, https:\/\/zeodeo.store\/wp-content\/uploads\/2023\/06\/IMG-5729-ZeoDeo-on-the-top-of-europe.-Breeze-cat-Zeolite-pellets-refill-360x449.jpg 360w, https:\/\/zeodeo.store\/wp-content\/uploads\/2023\/06\/IMG-5729-ZeoDeo-on-the-top-of-europe.-Breeze-cat-Zeolite-pellets-refill-947x1180.jpg 947w, https:\/\/zeodeo.store\/wp-content\/uploads\/2023\/06\/IMG-5729-ZeoDeo-on-the-top-of-europe.-Breeze-cat-Zeolite-pellets-refill.jpg 1440w\" sizes=\"(max-width: 474px) 100vw, 474px\" \/><\/figure><\/div>\n\n<div class=\"wp-block-image\">\n<figure class=\"aligncenter size-large is-resized\"><img decoding=\"async\" src=\"https:\/\/zeodeo.store\/wp-content\/uploads\/2023\/06\/IMG-0779-ZeoDeo-on-the-top-of-europe.-Breeze-cat-Zeolite-pellets-refill-1-787x590.jpg\" alt=\"\" class=\"wp-image-3302\" width=\"474\" srcset=\"https:\/\/zeodeo.store\/wp-content\/uploads\/2023\/06\/IMG-0779-ZeoDeo-on-the-top-of-europe.-Breeze-cat-Zeolite-pellets-refill-1-787x590.jpg 787w, https:\/\/zeodeo.store\/wp-content\/uploads\/2023\/06\/IMG-0779-ZeoDeo-on-the-top-of-europe.-Breeze-cat-Zeolite-pellets-refill-1-1573x1180.jpg 1573w\" sizes=\"(max-width: 787px) 100vw, 787px\" \/><\/figure><\/div>\n\n<div class=\"wp-block-image\">\n<figure class=\"aligncenter size-large is-resized\"><img decoding=\"async\" src=\"https:\/\/zeodeo.store\/wp-content\/uploads\/2023\/06\/ZeoDeo-on-the-top-of-europe.-Breeze-cat-Zeolite-pellets-refill-44018-787x590.jpg\" alt=\"\" class=\"wp-image-3217\" width=\"474\" srcset=\"https:\/\/zeodeo.store\/wp-content\/uploads\/2023\/06\/ZeoDeo-on-the-top-of-europe.-Breeze-cat-Zeolite-pellets-refill-44018-787x590.jpg 787w, https:\/\/zeodeo.store\/wp-content\/uploads\/2023\/06\/ZeoDeo-on-the-top-of-europe.-Breeze-cat-Zeolite-pellets-refill-44018-1573x1180.jpg 1573w, https:\/\/zeodeo.store\/wp-content\/uploads\/2023\/06\/ZeoDeo-on-the-top-of-europe.-Breeze-cat-Zeolite-pellets-refill-44018.jpg 2048w\" sizes=\"(max-width: 787px) 100vw, 787px\" \/><\/figure><\/div>\n\n<div class=\"wp-block-image\">\n<figure class=\"aligncenter size-large is-resized\"><img decoding=\"async\" src=\"https:\/\/zeodeo.store\/wp-content\/uploads\/2023\/06\/IMG-5730-ZeoDeo-on-the-top-of-europe.-Breeze-cat-Zeolite-pellets-refill-472x590.jpg\" alt=\"\" class=\"wp-image-3232\" width=\"474\" srcset=\"https:\/\/zeodeo.store\/wp-content\/uploads\/2023\/06\/IMG-5730-ZeoDeo-on-the-top-of-europe.-Breeze-cat-Zeolite-pellets-refill-472x590.jpg 472w, https:\/\/zeodeo.store\/wp-content\/uploads\/2023\/06\/IMG-5730-ZeoDeo-on-the-top-of-europe.-Breeze-cat-Zeolite-pellets-refill-360x450.jpg 360w, https:\/\/zeodeo.store\/wp-content\/uploads\/2023\/06\/IMG-5730-ZeoDeo-on-the-top-of-europe.-Breeze-cat-Zeolite-pellets-refill-944x1180.jpg 944w, https:\/\/zeodeo.store\/wp-content\/uploads\/2023\/06\/IMG-5730-ZeoDeo-on-the-top-of-europe.-Breeze-cat-Zeolite-pellets-refill.jpg 1440w\" sizes=\"(max-width: 472px) 100vw, 472px\" \/><\/figure><\/div>\n\n<div class=\"wp-block-image\">\n<figure class=\"aligncenter size-large is-resized\"><img decoding=\"async\" src=\"https:\/\/zeodeo.store\/wp-content\/uploads\/2023\/06\/IMG-3222-ZeoDeo-on-the-top-of-europe.-Breeze-cat-Zeolite-pellets-refill-1-787x590.jpg\" alt=\"\" class=\"wp-image-3297\" width=\"474\" srcset=\"https:\/\/zeodeo.store\/wp-content\/uploads\/2023\/06\/IMG-3222-ZeoDeo-on-the-top-of-europe.-Breeze-cat-Zeolite-pellets-refill-1-787x590.jpg 787w, https:\/\/zeodeo.store\/wp-content\/uploads\/2023\/06\/IMG-3222-ZeoDeo-on-the-top-of-europe.-Breeze-cat-Zeolite-pellets-refill-1-1573x1180.jpg 1573w\" sizes=\"(max-width: 787px) 100vw, 787px\" \/><\/figure><\/div>\n\n<div class=\"wp-block-image\">\n<figure class=\"aligncenter size-large is-resized\"><img decoding=\"async\" src=\"https:\/\/zeodeo.store\/wp-content\/uploads\/2023\/06\/IMG-3333-ZeoDeo-on-the-top-of-europe.-Breeze-cat-Zeolite-pellets-refill-2-443x590.jpg\" alt=\"\" class=\"wp-image-3322\" width=\"474\" srcset=\"https:\/\/zeodeo.store\/wp-content\/uploads\/2023\/06\/IMG-3333-ZeoDeo-on-the-top-of-europe.-Breeze-cat-Zeolite-pellets-refill-2-443x590.jpg 443w, https:\/\/zeodeo.store\/wp-content\/uploads\/2023\/06\/IMG-3333-ZeoDeo-on-the-top-of-europe.-Breeze-cat-Zeolite-pellets-refill-2-360x480.jpg 360w, https:\/\/zeodeo.store\/wp-content\/uploads\/2023\/06\/IMG-3333-ZeoDeo-on-the-top-of-europe.-Breeze-cat-Zeolite-pellets-refill-2-885x1180.jpg 885w, https:\/\/zeodeo.store\/wp-content\/uploads\/2023\/06\/IMG-3333-ZeoDeo-on-the-top-of-europe.-Breeze-cat-Zeolite-pellets-refill-2-scaled.jpg 1920w\" sizes=\"(max-width: 443px) 100vw, 443px\" \/><\/figure><\/div>\n\n<div class=\"wp-block-image\">\n<figure class=\"aligncenter size-large is-resized\"><img decoding=\"async\" src=\"https:\/\/zeodeo.store\/wp-content\/uploads\/2023\/06\/ZeoDeo-on-the-top-of-europe.-Breeze-cat-Zeolite-pellets-refill-443x590.jpg\" alt=\"\" class=\"wp-image-3212\" width=\"474\" srcset=\"https:\/\/zeodeo.store\/wp-content\/uploads\/2023\/06\/ZeoDeo-on-the-top-of-europe.-Breeze-cat-Zeolite-pellets-refill-443x590.jpg 443w, https:\/\/zeodeo.store\/wp-content\/uploads\/2023\/06\/ZeoDeo-on-the-top-of-europe.-Breeze-cat-Zeolite-pellets-refill-360x480.jpg 360w, https:\/\/zeodeo.store\/wp-content\/uploads\/2023\/06\/ZeoDeo-on-the-top-of-europe.-Breeze-cat-Zeolite-pellets-refill-885x1180.jpg 885w, https:\/\/zeodeo.store\/wp-content\/uploads\/2023\/06\/ZeoDeo-on-the-top-of-europe.-Breeze-cat-Zeolite-pellets-refill.jpg 960w\" sizes=\"(max-width: 443px) 100vw, 443px\" \/><\/figure><\/div>\n\n\n<p><strong>Me armastame kasse nii v\u00e4ga!<\/strong><\/p>\n\n\n\n<p>Seet\u00f5ttu oleme v\u00e4lja t\u00f6\u00f6tanud ja tootnud ainulaadseid looduslikke tseoliidist kassiliivagraanuleid, mis muudavad teie kassi eest hoolitsemise uskumatult lihtsaks ja senisest palju nauditavamaks. J\u00e4\u00e4te meie pakutava lahendusega rahule.<\/p>\n\n\n\n<p class=\"has-small-font-size\">M\u00f5eldud kasutamiseks ainult imava padjaga kahekihilistes kassiliivakastides*<\/p>\n\n\n\n<p><strong>ZeoDeo\u2122 \u2013 looduslikud tseoliidigraanulid kahe kassiliivakasti jaoks:<\/strong><\/p>\n\n\n\n<ul>\n<li>Silindrilised tooted l\u00e4bim\u00f5\u00f5duga 5 ja 6 mm (suurus 5mm-M, suurus 6mm-L) ja pikkusega 5-15 mm.<\/li>\n<\/ul>\n\n\n\n<p>Sellise suurusega graanulid ei j\u00e4\u00e4 kassi k\u00e4ppadesse kinni, mist\u00f5ttu ei saa kass graanuleid oma kandikust v\u00e4lja t\u00f5mmata. Enam ei pea koguma kassiliiva kogu majast ja liivakasti \u00fcmbert.<\/p>\n\n\n\n<ul>\n<li>Tahke, ilma puruta.<\/li>\n<\/ul>\n\n\n\n<p>Isegi kui pelletile peale astuda, ei l\u00e4he see katki ja ei pea puru kokku korjama. V\u00f5ite pelleti lihtsalt p\u00f5randalt \u00fcles t\u00f5sta ja alusele tagasi viia.<\/p>\n\n\n\n<p>Pelletid neelavad ainult aurud ja s\u00e4ilitavad selektiivselt ammoniaagi molekule.<\/p>\n\n\n\n<p>Kuni 8 kg kaaluvatel kassidel puudub l\u00f5hn umbes 30 p\u00e4eva ja kahe kassi puhul 15 p\u00e4eva. Kui teie kass on v\u00e4ike, n\u00e4iteks Munchkin, Napoleon jne, s\u00e4ilitavad graanulid l\u00f5hna kuni 7 n\u00e4dalat.<\/p>\n\n\n\n<p>Kuidas see t\u00f6\u00f6tab:<\/p>\n\n\n\n<p>ZeoDeo pelletid ei ima uriini (vedelikku) ja lasevad sellel voolata \u00fcle oma pinna alumisse kihti, kus see imab imav padi. Pelletid neelavad ainult atmosf\u00e4\u00e4rist aurustunud kassi uriini.<\/p>\n\n\n\n<p>Materjalil, millest graanulid valmistatakse, on mikroskoopilised poorid, mis suudavad valikuliselt absorbeerida ja s\u00e4ilitada atmosf\u00e4\u00e4rist ammoniaagi molekule. Pelletid kuivatavad ka kassi tahket &#8220;\u00e4ri&#8221; ja imavad suitsu.<\/p>\n\n\n\n<p>1 cm2 tseoliidigraanuli ZeoDeo mikropooride kogupindala on umbes 700-800 m2. Just need poorid neelavad ammoniaagi molekule.<\/p>\n\n\n\n<p>Samuti tuleb meeles pidada, et meie tseoliidigraanulid on kompleksne ja \u00fcsna tehnoloogiline toode, mille puhul oleme l\u00f5pptoote omaduste parandamiseks parandanud l\u00e4htematerjali omadusi. Meie t\u00e4iteaine lahendab ideaalselt talle pandud \u00fclesanded.<\/p>\n\n\n\n<p><strong>Peate ainult:<\/strong><\/p>\n\n\n\n<ul>\n<li>Eemalda spaatliga kassid \u201ctugev \u00e4ri\u201d<\/li>\n\n\n\n<li>Vahetage imavat padjakest kord n\u00e4dalas<\/li>\n\n\n\n<li>Vahetage ZeoDeo pelletid kord kuus uute vastu<\/li>\n<\/ul>\n\n\n\n<p><\/p>\n","protected":false},"excerpt":{"rendered":"<p>Me armastame kasse nii v\u00e4ga! Seet\u00f5ttu oleme v\u00e4lja t\u00f6\u00f6tanud ja tootnud ainulaadseid looduslikke tseoliidist kassiliivagraanuleid, mis muudavad teie kassi eest hoolitsemise uskumatult lihtsaks ja senisest palju nauditavamaks. J\u00e4\u00e4te meie pakutava lahendusega rahule. M\u00f5eldud kasutamiseks ainult imava padjaga kahekihilistes kassiliivakastides* ZeoDeo\u2122 \u2013 looduslikud tseoliidigraanulid kahe kassiliivakasti jaoks: Sellise suurusega graanulid ei j\u00e4\u00e4 kassi k\u00e4ppadesse kinni, mist\u00f5ttu ei saa kass graanuleid oma kandikust v\u00e4lja t\u00f5mmata. Enam ei pea koguma kassiliiva kogu majast ja liivakasti \u00fcmbert. Isegi kui pelletile peale astuda, ei l\u00e4he see katki ja ei&hellip;<\/p>\n","protected":false},"author":1,"featured_media":0,"parent":0,"menu_order":0,"comment_status":"closed","ping_status":"closed","template":"","meta":{"footnotes":""},"yoast_head":"<!-- This site is optimized with the Yoast SEO Premium plugin v22.2 (Yoast SEO v23.5) - https:\/\/yoast.com\/wordpress\/plugins\/seo\/ -->\n<title>Meist - Zeodeo<\/title>\n<meta name=\"robots\" content=\"index, follow, max-snippet:-1, max-image-preview:large, max-video-preview:-1\" \/>\n<link rel=\"canonical\" href=\"https:\/\/zeodeo.store\/et\/meist-2\/\" \/>\n<meta property=\"og:locale\" content=\"et_EE\" \/>\n<meta property=\"og:type\" content=\"article\" \/>\n<meta property=\"og:title\" content=\"Meist\" \/>\n<meta property=\"og:description\" content=\"Me armastame kasse nii v\u00e4ga! Seet\u00f5ttu oleme v\u00e4lja t\u00f6\u00f6tanud ja tootnud ainulaadseid looduslikke tseoliidist kassiliivagraanuleid, mis muudavad teie kassi eest hoolitsemise uskumatult lihtsaks ja senisest palju nauditavamaks. J\u00e4\u00e4te meie pakutava lahendusega rahule. M\u00f5eldud kasutamiseks ainult imava padjaga kahekihilistes kassiliivakastides* ZeoDeo\u2122 \u2013 looduslikud tseoliidigraanulid kahe kassiliivakasti jaoks: Sellise suurusega graanulid ei j\u00e4\u00e4 kassi k\u00e4ppadesse kinni, mist\u00f5ttu ei saa kass graanuleid oma kandikust v\u00e4lja t\u00f5mmata. Enam ei pea koguma kassiliiva kogu majast ja liivakasti \u00fcmbert. Isegi kui pelletile peale astuda, ei l\u00e4he see katki ja ei&hellip;\" \/>\n<meta property=\"og:url\" content=\"https:\/\/zeodeo.store\/et\/meist-2\/\" \/>\n<meta property=\"og:site_name\" content=\"Zeodeo\" \/>\n<meta property=\"article:modified_time\" content=\"2023-06-26T22:03:38+00:00\" \/>\n<meta property=\"og:image\" content=\"https:\/\/zeodeo.store\/wp-content\/uploads\/2023\/06\/IMG-5729-ZeoDeo-on-the-top-of-europe.-Breeze-cat-Zeolite-pellets-refill-474x590.jpg\" \/>\n<meta name=\"twitter:card\" content=\"summary_large_image\" \/>\n<script type=\"application\/ld+json\" class=\"yoast-schema-graph\">{\"@context\":\"https:\/\/schema.org\",\"@graph\":[{\"@type\":\"WebPage\",\"@id\":\"https:\/\/zeodeo.store\/et\/meist-2\/\",\"url\":\"https:\/\/zeodeo.store\/et\/meist-2\/\",\"name\":\"Meist - Zeodeo\",\"isPartOf\":{\"@id\":\"https:\/\/zeodeo.store\/et\/#website\"},\"primaryImageOfPage\":{\"@id\":\"https:\/\/zeodeo.store\/et\/meist-2\/#primaryimage\"},\"image\":{\"@id\":\"https:\/\/zeodeo.store\/et\/meist-2\/#primaryimage\"},\"thumbnailUrl\":\"https:\/\/zeodeo.store\/wp-content\/uploads\/2023\/06\/IMG-5729-ZeoDeo-on-the-top-of-europe.-Breeze-cat-Zeolite-pellets-refill-474x590.jpg\",\"datePublished\":\"2022-10-23T17:26:18+00:00\",\"dateModified\":\"2023-06-26T22:03:38+00:00\",\"breadcrumb\":{\"@id\":\"https:\/\/zeodeo.store\/et\/meist-2\/#breadcrumb\"},\"inLanguage\":\"et\",\"potentialAction\":[{\"@type\":\"ReadAction\",\"target\":[\"https:\/\/zeodeo.store\/et\/meist-2\/\"]}]},{\"@type\":\"ImageObject\",\"inLanguage\":\"et\",\"@id\":\"https:\/\/zeodeo.store\/et\/meist-2\/#primaryimage\",\"url\":\"https:\/\/zeodeo.store\/wp-content\/uploads\/2023\/06\/IMG-5729-ZeoDeo-on-the-top-of-europe.-Breeze-cat-Zeolite-pellets-refill-474x590.jpg\",\"contentUrl\":\"https:\/\/zeodeo.store\/wp-content\/uploads\/2023\/06\/IMG-5729-ZeoDeo-on-the-top-of-europe.-Breeze-cat-Zeolite-pellets-refill-474x590.jpg\"},{\"@type\":\"BreadcrumbList\",\"@id\":\"https:\/\/zeodeo.store\/et\/meist-2\/#breadcrumb\",\"itemListElement\":[{\"@type\":\"ListItem\",\"position\":1,\"name\":\"Home\",\"item\":\"https:\/\/zeodeo.store\/et\/\"},{\"@type\":\"ListItem\",\"position\":2,\"name\":\"Meist\"}]},{\"@type\":\"WebSite\",\"@id\":\"https:\/\/zeodeo.store\/et\/#website\",\"url\":\"https:\/\/zeodeo.store\/et\/\",\"name\":\"Zeodeo\",\"description\":\"Zeolite pellets for dual layer cat litter pellets\",\"potentialAction\":[{\"@type\":\"SearchAction\",\"target\":{\"@type\":\"EntryPoint\",\"urlTemplate\":\"https:\/\/zeodeo.store\/et\/?s={search_term_string}\"},\"query-input\":{\"@type\":\"PropertyValueSpecification\",\"valueRequired\":true,\"valueName\":\"search_term_string\"}}],\"inLanguage\":\"et\"}]}<\/script>\n<!-- \/ Yoast SEO Premium plugin. -->","yoast_head_json":{"title":"Meist - Zeodeo","robots":{"index":"index","follow":"follow","max-snippet":"max-snippet:-1","max-image-preview":"max-image-preview:large","max-video-preview":"max-video-preview:-1"},"canonical":"https:\/\/zeodeo.store\/et\/meist-2\/","og_locale":"et_EE","og_type":"article","og_title":"Meist","og_description":"Me armastame kasse nii v\u00e4ga! Seet\u00f5ttu oleme v\u00e4lja t\u00f6\u00f6tanud ja tootnud ainulaadseid looduslikke tseoliidist kassiliivagraanuleid, mis muudavad teie kassi eest hoolitsemise uskumatult lihtsaks ja senisest palju nauditavamaks. J\u00e4\u00e4te meie pakutava lahendusega rahule. M\u00f5eldud kasutamiseks ainult imava padjaga kahekihilistes kassiliivakastides* ZeoDeo\u2122 \u2013 looduslikud tseoliidigraanulid kahe kassiliivakasti jaoks: Sellise suurusega graanulid ei j\u00e4\u00e4 kassi k\u00e4ppadesse kinni, mist\u00f5ttu ei saa kass graanuleid oma kandikust v\u00e4lja t\u00f5mmata. Enam ei pea koguma kassiliiva kogu majast ja liivakasti \u00fcmbert. Isegi kui pelletile peale astuda, ei l\u00e4he see katki ja ei&hellip;","og_url":"https:\/\/zeodeo.store\/et\/meist-2\/","og_site_name":"Zeodeo","article_modified_time":"2023-06-26T22:03:38+00:00","og_image":[{"url":"https:\/\/zeodeo.store\/wp-content\/uploads\/2023\/06\/IMG-5729-ZeoDeo-on-the-top-of-europe.-Breeze-cat-Zeolite-pellets-refill-474x590.jpg"}],"twitter_card":"summary_large_image","schema":{"@context":"https:\/\/schema.org","@graph":[{"@type":"WebPage","@id":"https:\/\/zeodeo.store\/et\/meist-2\/","url":"https:\/\/zeodeo.store\/et\/meist-2\/","name":"Meist - Zeodeo","isPartOf":{"@id":"https:\/\/zeodeo.store\/et\/#website"},"primaryImageOfPage":{"@id":"https:\/\/zeodeo.store\/et\/meist-2\/#primaryimage"},"image":{"@id":"https:\/\/zeodeo.store\/et\/meist-2\/#primaryimage"},"thumbnailUrl":"https:\/\/zeodeo.store\/wp-content\/uploads\/2023\/06\/IMG-5729-ZeoDeo-on-the-top-of-europe.-Breeze-cat-Zeolite-pellets-refill-474x590.jpg","datePublished":"2022-10-23T17:26:18+00:00","dateModified":"2023-06-26T22:03:38+00:00","breadcrumb":{"@id":"https:\/\/zeodeo.store\/et\/meist-2\/#breadcrumb"},"inLanguage":"et","potentialAction":[{"@type":"ReadAction","target":["https:\/\/zeodeo.store\/et\/meist-2\/"]}]},{"@type":"ImageObject","inLanguage":"et","@id":"https:\/\/zeodeo.store\/et\/meist-2\/#primaryimage","url":"https:\/\/zeodeo.store\/wp-content\/uploads\/2023\/06\/IMG-5729-ZeoDeo-on-the-top-of-europe.-Breeze-cat-Zeolite-pellets-refill-474x590.jpg","contentUrl":"https:\/\/zeodeo.store\/wp-content\/uploads\/2023\/06\/IMG-5729-ZeoDeo-on-the-top-of-europe.-Breeze-cat-Zeolite-pellets-refill-474x590.jpg"},{"@type":"BreadcrumbList","@id":"https:\/\/zeodeo.store\/et\/meist-2\/#breadcrumb","itemListElement":[{"@type":"ListItem","position":1,"name":"Home","item":"https:\/\/zeodeo.store\/et\/"},{"@type":"ListItem","position":2,"name":"Meist"}]},{"@type":"WebSite","@id":"https:\/\/zeodeo.store\/et\/#website","url":"https:\/\/zeodeo.store\/et\/","name":"Zeodeo","description":"Zeolite pellets for dual layer cat litter pellets","potentialAction":[{"@type":"SearchAction","target":{"@type":"EntryPoint","urlTemplate":"https:\/\/zeodeo.store\/et\/?s={search_term_string}"},"query-input":{"@type":"PropertyValueSpecification","valueRequired":true,"valueName":"search_term_string"}}],"inLanguage":"et"}]}},"_links":{"self":[{"href":"https:\/\/zeodeo.store\/et\/wp-json\/wp\/v2\/pages\/2052"}],"collection":[{"href":"https:\/\/zeodeo.store\/et\/wp-json\/wp\/v2\/pages"}],"about":[{"href":"https:\/\/zeodeo.store\/et\/wp-json\/wp\/v2\/types\/page"}],"author":[{"embeddable":true,"href":"https:\/\/zeodeo.store\/et\/wp-json\/wp\/v2\/users\/1"}],"replies":[{"embeddable":true,"href":"https:\/\/zeodeo.store\/et\/wp-json\/wp\/v2\/comments?post=2052"}],"version-history":[{"count":3,"href":"https:\/\/zeodeo.store\/et\/wp-json\/wp\/v2\/pages\/2052\/revisions"}],"predecessor-version":[{"id":3345,"href":"https:\/\/zeodeo.store\/et\/wp-json\/wp\/v2\/pages\/2052\/revisions\/3345"}],"wp:attachment":[{"href":"https:\/\/zeodeo.store\/et\/wp-json\/wp\/v2\/media?parent=2052"}],"curies":[{"name":"wp","href":"https:\/\/api.w.org\/{rel}","templated":true}]}}