{"id":2027,"date":"2016-08-29T07:48:13","date_gmt":"2016-08-29T05:48:13","guid":{"rendered":"https:\/\/zeodeo.store\/revolutsiooniline-kassiliiva-susteem\/"},"modified":"2023-07-20T17:10:52","modified_gmt":"2023-07-20T15:10:52","slug":"revolutsiooniline-kassiliiva-susteem","status":"publish","type":"page","link":"https:\/\/zeodeo.store\/et\/","title":{"rendered":"Toode, mis <em>jagas<\/em> elu &#8220;<em>enne<\/em>&#8221; ja &#8220;<em>p\u00e4rast<\/em>&#8220;"},"content":{"rendered":"\n<figure class=\"wp-block-pullquote has-vivid-cyan-blue-color has-pale-cyan-blue-background-color has-text-color has-background has-medium-font-size\" style=\"border-width:7px;border-radius:26px\"><blockquote><p>Tere tulemast ZeoDeo maailma &#8211; revolutsioonilisse s\u00fcsteemi oma kassi liivakasti jaoks, kus sinu kassi mugavus ja sinu mugavus on meie peamised prioriteedid!<\/p><cite>\ud83d\udc3e Kui sa pole veel ZeoDeot proovinud, siis kindlasti peaksid seda tegema. See v\u00f5ib saada \u00fcheks k\u00f5ige kasulikumaks ostuks sinu lemmiklooma hooldusrutiinis. Liivakasti hooldamine muutub palju lihtsamaks ja nauditavamaks. Lisaks unustad \u00e4ra k\u00f5ik ebameeldivad l\u00f5hnad kassiliivakastist oma kodus. <br>\ud83d\udc3e Paku oma kassile mugavust ja hoolt ning naudi r\u00f5\u00f5mu oma armsa lemmiku eest hoolitsemisest ZeoDeo abil!<\/cite><\/blockquote><\/figure>\n\n\n\n<figure class=\"wp-block-embed is-type-video is-provider-youtube wp-block-embed-youtube wp-embed-aspect-16-9 wp-has-aspect-ratio\"><div class=\"wp-block-embed__wrapper\">\n<iframe loading=\"lazy\" title=\"ZeoDeo Zeolite pellets for dual layer cat litter systems video\" width=\"1220\" height=\"686\" src=\"https:\/\/www.youtube.com\/embed\/Ep_9IqdZGXw?feature=oembed\" frameborder=\"0\" allow=\"accelerometer; autoplay; clipboard-write; encrypted-media; gyroscope; picture-in-picture\" allowfullscreen><\/iframe>\n<\/div><\/figure>\n","protected":false},"excerpt":{"rendered":"<p>Tere tulemast ZeoDeo maailma &#8211; revolutsioonilisse s\u00fcsteemi oma kassi liivakasti jaoks, kus sinu kassi mugavus ja sinu mugavus on meie peamised prioriteedid! \ud83d\udc3e Kui sa pole veel ZeoDeot proovinud, siis kindlasti peaksid seda tegema. See v\u00f5ib saada \u00fcheks k\u00f5ige kasulikumaks ostuks sinu lemmiklooma hooldusrutiinis. Liivakasti hooldamine muutub palju lihtsamaks ja nauditavamaks. Lisaks unustad \u00e4ra k\u00f5ik ebameeldivad l\u00f5hnad kassiliivakastist oma kodus. \ud83d\udc3e Paku oma kassile mugavust ja hoolt ning naudi r\u00f5\u00f5mu oma armsa lemmiku eest hoolitsemisest ZeoDeo abil!<\/p>\n","protected":false},"author":1,"featured_media":0,"parent":0,"menu_order":0,"comment_status":"closed","ping_status":"open","template":"","meta":{"footnotes":""},"yoast_head":"<!-- This site is optimized with the Yoast SEO Premium plugin v22.2 (Yoast SEO v23.5) - https:\/\/yoast.com\/wordpress\/plugins\/seo\/ -->\n<title>Toode, mis jagas elu &quot;enne&quot; ja &quot;p\u00e4rast&quot; - Zeodeo<\/title>\n<meta name=\"robots\" content=\"index, follow, max-snippet:-1, max-image-preview:large, max-video-preview:-1\" \/>\n<link rel=\"canonical\" href=\"https:\/\/zeodeo.store\/et\/\" \/>\n<meta property=\"og:locale\" content=\"et_EE\" \/>\n<meta property=\"og:type\" content=\"article\" \/>\n<meta property=\"og:title\" content=\"Toode, mis jagas elu &quot;enne&quot; ja &quot;p\u00e4rast&quot;\" \/>\n<meta property=\"og:description\" content=\"Tere tulemast ZeoDeo maailma &#8211; revolutsioonilisse s\u00fcsteemi oma kassi liivakasti jaoks, kus sinu kassi mugavus ja sinu mugavus on meie peamised prioriteedid! \ud83d\udc3e Kui sa pole veel ZeoDeot proovinud, siis kindlasti peaksid seda tegema. See v\u00f5ib saada \u00fcheks k\u00f5ige kasulikumaks ostuks sinu lemmiklooma hooldusrutiinis. Liivakasti hooldamine muutub palju lihtsamaks ja nauditavamaks. Lisaks unustad \u00e4ra k\u00f5ik ebameeldivad l\u00f5hnad kassiliivakastist oma kodus. \ud83d\udc3e Paku oma kassile mugavust ja hoolt ning naudi r\u00f5\u00f5mu oma armsa lemmiku eest hoolitsemisest ZeoDeo abil!\" \/>\n<meta property=\"og:url\" content=\"https:\/\/zeodeo.store\/et\/\" \/>\n<meta property=\"og:site_name\" content=\"Zeodeo\" \/>\n<meta property=\"article:modified_time\" content=\"2023-07-20T15:10:52+00:00\" \/>\n<meta name=\"twitter:card\" content=\"summary_large_image\" \/>\n<script type=\"application\/ld+json\" class=\"yoast-schema-graph\">{\"@context\":\"https:\/\/schema.org\",\"@graph\":[{\"@type\":\"WebPage\",\"@id\":\"https:\/\/zeodeo.store\/et\/\",\"url\":\"https:\/\/zeodeo.store\/et\/\",\"name\":\"Toode, mis jagas elu \\\"enne\\\" ja \\\"p\u00e4rast\\\" - Zeodeo\",\"isPartOf\":{\"@id\":\"https:\/\/zeodeo.store\/et\/#website\"},\"datePublished\":\"2016-08-29T05:48:13+00:00\",\"dateModified\":\"2023-07-20T15:10:52+00:00\",\"breadcrumb\":{\"@id\":\"https:\/\/zeodeo.store\/et\/#breadcrumb\"},\"inLanguage\":\"et\",\"potentialAction\":[{\"@type\":\"ReadAction\",\"target\":[\"https:\/\/zeodeo.store\/et\/\"]}]},{\"@type\":\"BreadcrumbList\",\"@id\":\"https:\/\/zeodeo.store\/et\/#breadcrumb\",\"itemListElement\":[{\"@type\":\"ListItem\",\"position\":1,\"name\":\"Home\",\"item\":\"https:\/\/zeodeo.store\/et\/\"},{\"@type\":\"ListItem\",\"position\":2,\"name\":\"Toode, mis jagas elu &#8220;enne&#8221; ja &#8220;p\u00e4rast&#8220;\"}]},{\"@type\":\"WebSite\",\"@id\":\"https:\/\/zeodeo.store\/et\/#website\",\"url\":\"https:\/\/zeodeo.store\/et\/\",\"name\":\"Zeodeo\",\"description\":\"Zeolite pellets for dual layer cat litter pellets\",\"potentialAction\":[{\"@type\":\"SearchAction\",\"target\":{\"@type\":\"EntryPoint\",\"urlTemplate\":\"https:\/\/zeodeo.store\/et\/?s={search_term_string}\"},\"query-input\":{\"@type\":\"PropertyValueSpecification\",\"valueRequired\":true,\"valueName\":\"search_term_string\"}}],\"inLanguage\":\"et\"}]}<\/script>\n<!-- \/ Yoast SEO Premium plugin. -->","yoast_head_json":{"title":"Toode, mis jagas elu \"enne\" ja \"p\u00e4rast\" - Zeodeo","robots":{"index":"index","follow":"follow","max-snippet":"max-snippet:-1","max-image-preview":"max-image-preview:large","max-video-preview":"max-video-preview:-1"},"canonical":"https:\/\/zeodeo.store\/et\/","og_locale":"et_EE","og_type":"article","og_title":"Toode, mis jagas elu \"enne\" ja \"p\u00e4rast\"","og_description":"Tere tulemast ZeoDeo maailma &#8211; revolutsioonilisse s\u00fcsteemi oma kassi liivakasti jaoks, kus sinu kassi mugavus ja sinu mugavus on meie peamised prioriteedid! \ud83d\udc3e Kui sa pole veel ZeoDeot proovinud, siis kindlasti peaksid seda tegema. See v\u00f5ib saada \u00fcheks k\u00f5ige kasulikumaks ostuks sinu lemmiklooma hooldusrutiinis. Liivakasti hooldamine muutub palju lihtsamaks ja nauditavamaks. Lisaks unustad \u00e4ra k\u00f5ik ebameeldivad l\u00f5hnad kassiliivakastist oma kodus. \ud83d\udc3e Paku oma kassile mugavust ja hoolt ning naudi r\u00f5\u00f5mu oma armsa lemmiku eest hoolitsemisest ZeoDeo abil!","og_url":"https:\/\/zeodeo.store\/et\/","og_site_name":"Zeodeo","article_modified_time":"2023-07-20T15:10:52+00:00","twitter_card":"summary_large_image","schema":{"@context":"https:\/\/schema.org","@graph":[{"@type":"WebPage","@id":"https:\/\/zeodeo.store\/et\/","url":"https:\/\/zeodeo.store\/et\/","name":"Toode, mis jagas elu \"enne\" ja \"p\u00e4rast\" - Zeodeo","isPartOf":{"@id":"https:\/\/zeodeo.store\/et\/#website"},"datePublished":"2016-08-29T05:48:13+00:00","dateModified":"2023-07-20T15:10:52+00:00","breadcrumb":{"@id":"https:\/\/zeodeo.store\/et\/#breadcrumb"},"inLanguage":"et","potentialAction":[{"@type":"ReadAction","target":["https:\/\/zeodeo.store\/et\/"]}]},{"@type":"BreadcrumbList","@id":"https:\/\/zeodeo.store\/et\/#breadcrumb","itemListElement":[{"@type":"ListItem","position":1,"name":"Home","item":"https:\/\/zeodeo.store\/et\/"},{"@type":"ListItem","position":2,"name":"Toode, mis jagas elu &#8220;enne&#8221; ja &#8220;p\u00e4rast&#8220;"}]},{"@type":"WebSite","@id":"https:\/\/zeodeo.store\/et\/#website","url":"https:\/\/zeodeo.store\/et\/","name":"Zeodeo","description":"Zeolite pellets for dual layer cat litter pellets","potentialAction":[{"@type":"SearchAction","target":{"@type":"EntryPoint","urlTemplate":"https:\/\/zeodeo.store\/et\/?s={search_term_string}"},"query-input":{"@type":"PropertyValueSpecification","valueRequired":true,"valueName":"search_term_string"}}],"inLanguage":"et"}]}},"_links":{"self":[{"href":"https:\/\/zeodeo.store\/et\/wp-json\/wp\/v2\/pages\/2027"}],"collection":[{"href":"https:\/\/zeodeo.store\/et\/wp-json\/wp\/v2\/pages"}],"about":[{"href":"https:\/\/zeodeo.store\/et\/wp-json\/wp\/v2\/types\/page"}],"author":[{"embeddable":true,"href":"https:\/\/zeodeo.store\/et\/wp-json\/wp\/v2\/users\/1"}],"replies":[{"embeddable":true,"href":"https:\/\/zeodeo.store\/et\/wp-json\/wp\/v2\/comments?post=2027"}],"version-history":[{"count":8,"href":"https:\/\/zeodeo.store\/et\/wp-json\/wp\/v2\/pages\/2027\/revisions"}],"predecessor-version":[{"id":3565,"href":"https:\/\/zeodeo.store\/et\/wp-json\/wp\/v2\/pages\/2027\/revisions\/3565"}],"wp:attachment":[{"href":"https:\/\/zeodeo.store\/et\/wp-json\/wp\/v2\/media?parent=2027"}],"curies":[{"name":"wp","href":"https:\/\/api.w.org\/{rel}","templated":true}]}}