{"id":1961,"date":"2022-10-23T19:27:15","date_gmt":"2022-10-23T17:27:15","guid":{"rendered":"https:\/\/zeodeo.store\/tarne\/"},"modified":"2024-05-23T16:50:29","modified_gmt":"2024-05-23T14:50:29","slug":"tarne","status":"publish","type":"page","link":"https:\/\/zeodeo.store\/et\/tarne\/","title":{"rendered":"Tarne"},"content":{"rendered":"\n<p>Teated p\u00fchade ja n\u00e4dalavahetuste kohta avaldatakse sotsiaalv\u00f5rgustikes    <a href=\"https:\/\/www.facebook.com\/people\/ZeoDeo\/100087670567419\/\" target=\"_blank\" rel=\"noreferrer noopener\"><img loading=\"lazy\" decoding=\"async\" width=\"512\" height=\"512\" class=\"wp-image-5276\" style=\"width: 50px;\" src=\"https:\/\/zeodeo.store\/wp-content\/uploads\/2023\/12\/Facebook-logo.png\" alt=\"\" srcset=\"https:\/\/zeodeo.store\/wp-content\/uploads\/2023\/12\/Facebook-logo.png 512w, https:\/\/zeodeo.store\/wp-content\/uploads\/2023\/12\/Facebook-logo-360x360.png 360w, https:\/\/zeodeo.store\/wp-content\/uploads\/2023\/12\/Facebook-logo-70x70.png 70w, https:\/\/zeodeo.store\/wp-content\/uploads\/2023\/12\/Facebook-logo-142x142.png 142w, https:\/\/zeodeo.store\/wp-content\/uploads\/2023\/12\/Facebook-logo-250x250.png 250w, https:\/\/zeodeo.store\/wp-content\/uploads\/2023\/12\/Facebook-logo-53x53.png 53w, https:\/\/zeodeo.store\/wp-content\/uploads\/2023\/12\/Facebook-logo-420x420.png 420w, https:\/\/zeodeo.store\/wp-content\/uploads\/2023\/12\/Facebook-logo-140x140.png 140w, https:\/\/zeodeo.store\/wp-content\/uploads\/2023\/12\/Facebook-logo-210x210.png 210w, https:\/\/zeodeo.store\/wp-content\/uploads\/2023\/12\/Facebook-logo-50x50.png 50w, https:\/\/zeodeo.store\/wp-content\/uploads\/2023\/12\/Facebook-logo-100x100.png 100w\" sizes=\"(max-width: 512px) 100vw, 512px\" \/><\/a>   <a href=\"https:\/\/www.instagram.com\/zeodeo.store\/\" data-type=\"link\" data-id=\"https:\/\/www.instagram.com\/zeodeo.store\/\" target=\"_blank\" rel=\"noreferrer noopener\"><img loading=\"lazy\" decoding=\"async\" width=\"240\" height=\"240\" class=\"wp-image-5281\" style=\"width: 50px;\" src=\"https:\/\/zeodeo.store\/wp-content\/uploads\/2023\/12\/instagram-logo.png\" alt=\"\" srcset=\"https:\/\/zeodeo.store\/wp-content\/uploads\/2023\/12\/instagram-logo.png 240w, https:\/\/zeodeo.store\/wp-content\/uploads\/2023\/12\/instagram-logo-70x70.png 70w, https:\/\/zeodeo.store\/wp-content\/uploads\/2023\/12\/instagram-logo-142x142.png 142w, https:\/\/zeodeo.store\/wp-content\/uploads\/2023\/12\/instagram-logo-53x53.png 53w, https:\/\/zeodeo.store\/wp-content\/uploads\/2023\/12\/instagram-logo-140x140.png 140w, https:\/\/zeodeo.store\/wp-content\/uploads\/2023\/12\/instagram-logo-210x210.png 210w, https:\/\/zeodeo.store\/wp-content\/uploads\/2023\/12\/instagram-logo-50x50.png 50w, https:\/\/zeodeo.store\/wp-content\/uploads\/2023\/12\/instagram-logo-100x100.png 100w\" sizes=\"(max-width: 240px) 100vw, 240px\" \/><\/a><\/p>\n\n\n\n<p>Tellimused, mis on tehtud ja tasutud enne kella 13:00, saadetakse teele samal p\u00e4eval,<\/p>\n\n\n\n<p>P\u00e4rast kella 13.00 tehtud ja tasutud tellimused saadetakse teele j\u00e4rgmisel t\u00f6\u00f6p\u00e4eval,<\/p>\n\n\n\n<p>Laup\u00e4eval ja p\u00fchap\u00e4eval tehtud ja tasutud tellimused saadetakse teele esmasp\u00e4eval.<\/p>\n\n\n\n<h2 class=\"wp-block-heading\" id=\"h-tarneteave-balti-riikide-jaoks-lv-lt-ee\">Tarneteave Balti riikide jaoks (LV, LT, EE)<\/h2>\n\n\n\n<figure class=\"wp-block-table\"><table><tbody><tr><td><br><img loading=\"lazy\" decoding=\"async\" width=\"250\" height=\"47\" src=\"https:\/\/lh4.googleusercontent.com\/CjBa7CrjN2QcuQeAf-TLSpEI1rgF-bnsaaKcht1D2w9XanDw1mk312qRZFIaXQXqGPh8QMePrxWdBDELvVKPXF7LRvBT6BYorAwrPN1POi5kkbSn1r1FcsLwJCos-ZRxK06blKUqs_aNGa9FO37vvgKpZBA00TRHgahRSx6NHtvPR_h-FTOEl_oC1g\"> <br><img loading=\"lazy\" decoding=\"async\" width=\"412\" height=\"122\" class=\"wp-image-2965\" style=\"width: 250px;\" src=\"https:\/\/zeodeo.store\/wp-content\/uploads\/2023\/06\/itella.png\" alt=\"\" srcset=\"https:\/\/zeodeo.store\/wp-content\/uploads\/2023\/06\/itella.png 412w, https:\/\/zeodeo.store\/wp-content\/uploads\/2023\/06\/itella-360x107.png 360w, https:\/\/zeodeo.store\/wp-content\/uploads\/2023\/06\/itella-142x42.png 142w, https:\/\/zeodeo.store\/wp-content\/uploads\/2023\/06\/itella-179x53.png 179w\" sizes=\"(max-width: 412px) 100vw, 412px\" \/><br>Tarneaeg: 1-2 W\/D<br><br><strong>1-V\u00f5tke kaubad vastu koju <\/strong><br>Kohaletoimetamise hind: <br>Tellimustele \u00fcle 55 EUR &#8211; 0 Euro<br>Tellimustele 1-55 EUR &#8211; 5 Euro<br><br><strong>2-Lockers and Pick-up points<\/strong> (Pickup Points)<br>Kohaletoimetamise hind: <br>Tellimustele \u00fcle 35 EUR &#8211; 0 Euro<br>Tellimustele 1-34 EUR &#8211; 3 Euro<\/td><\/tr><\/tbody><\/table><\/figure>\n\n\n\n<p class=\"has-large-font-size\"><strong>\u00dchendkuningriigi kohaletoimetamise teave<\/strong><\/p>\n\n\n\n<figure class=\"wp-block-table\"><table><tbody><tr><td><img loading=\"lazy\" decoding=\"async\" width=\"503\" height=\"100\" class=\"wp-image-2970\" style=\"width: 350px;\" src=\"https:\/\/zeodeo.store\/wp-content\/uploads\/2023\/06\/parcepgorce.png\" alt=\"\" srcset=\"https:\/\/zeodeo.store\/wp-content\/uploads\/2023\/06\/parcepgorce.png 503w, https:\/\/zeodeo.store\/wp-content\/uploads\/2023\/06\/parcepgorce-360x72.png 360w, https:\/\/zeodeo.store\/wp-content\/uploads\/2023\/06\/parcepgorce-142x28.png 142w, https:\/\/zeodeo.store\/wp-content\/uploads\/2023\/06\/parcepgorce-267x53.png 267w\" sizes=\"(max-width: 503px) 100vw, 503px\" \/><br>Tarneaeg 6-8 p\/p.<br>Kohaletoimetamise hind:<br>Tellimustele \u00fcle 99 EUR &#8211; 0 Euro<br>Tellimustele 1-99 EUR &#8211; 20 Euro<\/td><\/tr><\/tbody><\/table><\/figure>\n\n\n\n<p class=\"has-large-font-size\"><strong>Kohaletoimetamise teave Euroopa Liidu jaoks<\/strong><\/p>\n\n\n\n<figure class=\"wp-block-table\"><table><tbody><tr><td>Kohaletoimetamise viis:<br>EMS, Carrier<br>Saatekulu kuvatakse teie ostukorvis.<\/td><\/tr><\/tbody><\/table><\/figure>\n\n\n\n<figure class=\"wp-block-table\"><table><tbody><tr><td><strong>Riik<\/strong><\/td><td><strong>Tarneaeg (t\u00f6\u00f6p\u00e4evades)<\/strong><\/td><\/tr><tr><td>Austria<\/td><td>4-5<\/td><\/tr><tr><td>Belgium<\/td><td>4-5<\/td><\/tr><tr><td>Bulgaria<\/td><td>6-7<\/td><\/tr><tr><td>Croatia<\/td><td>4-5<\/td><\/tr><tr><td>Cyprus<\/td><td>4-6<\/td><\/tr><tr><td>Czech Republic<\/td><td>3-4<\/td><\/tr><tr><td>Denmark<\/td><td>4-5<\/td><\/tr><tr><td>Finland<\/td><td>2-3<\/td><\/tr><tr><td>France<\/td><td>4-5<\/td><\/tr><tr><td>Germany<\/td><td>3-4<\/td><\/tr><tr><td>Greece<\/td><td>8-10<\/td><\/tr><tr><td>Hungary<\/td><td>3-4<\/td><\/tr><tr><td>Ireland<\/td><td>4-5<\/td><\/tr><tr><td>Italy<\/td><td>4-5<\/td><\/tr><tr><td>Luxembourg<\/td><td>3-4<\/td><\/tr><tr><td>Malta<\/td><td>4-6<\/td><\/tr><tr><td>Netherlands<\/td><td>4-5<\/td><\/tr><tr><td>Poland<\/td><td>2-3<\/td><\/tr><tr><td>Portugal<\/td><td>6-7<\/td><\/tr><tr><td>Romania<\/td><td>5-6<\/td><\/tr><tr><td>Slovak Republic<\/td><td>3-4<\/td><\/tr><tr><td>Slovenia<\/td><td>4-5<\/td><\/tr><tr><td>Spain<\/td><td>5-6<\/td><\/tr><tr><td>Sweden<\/td><td>3-4<\/td><\/tr><\/tbody><\/table><\/figure>\n\n\n\n<p>L\u00f5plikku tarnekulu saad vaadata ja arvutada Ostukorvis v\u00f5i\/ja n\u00e4ha seda tellimust vormistades.<\/p>\n\n\n\n<p>Kui te ei leidnud oma riiki, v\u00f5tke meiega \u00fchendust posti v\u00f5i telefoni teel.<\/p>\n","protected":false},"excerpt":{"rendered":"<p>Teated p\u00fchade ja n\u00e4dalavahetuste kohta avaldatakse sotsiaalv\u00f5rgustikes Tellimused, mis on tehtud ja tasutud enne kella 13:00, saadetakse teele samal p\u00e4eval, P\u00e4rast kella 13.00 tehtud ja tasutud tellimused saadetakse teele j\u00e4rgmisel t\u00f6\u00f6p\u00e4eval, Laup\u00e4eval ja p\u00fchap\u00e4eval tehtud ja tasutud tellimused saadetakse teele esmasp\u00e4eval. Tarneteave Balti riikide jaoks (LV, LT, EE) Tarneaeg: 1-2 W\/D 1-V\u00f5tke kaubad vastu koju Kohaletoimetamise hind: Tellimustele \u00fcle 55 EUR &#8211; 0 EuroTellimustele 1-55 EUR &#8211; 5 Euro 2-Lockers and Pick-up points (Pickup Points)Kohaletoimetamise hind: Tellimustele \u00fcle 35 EUR &#8211; 0 EuroTellimustele 1-34&hellip;<\/p>\n","protected":false},"author":1,"featured_media":0,"parent":0,"menu_order":0,"comment_status":"closed","ping_status":"closed","template":"","meta":{"footnotes":""},"yoast_head":"<!-- This site is optimized with the Yoast SEO Premium plugin v22.2 (Yoast SEO v23.5) - https:\/\/yoast.com\/wordpress\/plugins\/seo\/ -->\n<title>Tarne - Zeodeo<\/title>\n<meta name=\"robots\" content=\"index, follow, max-snippet:-1, max-image-preview:large, max-video-preview:-1\" \/>\n<link rel=\"canonical\" href=\"https:\/\/zeodeo.store\/et\/tarne\/\" \/>\n<meta property=\"og:locale\" content=\"et_EE\" \/>\n<meta property=\"og:type\" content=\"article\" \/>\n<meta property=\"og:title\" content=\"Tarne\" \/>\n<meta property=\"og:description\" content=\"Teated p\u00fchade ja n\u00e4dalavahetuste kohta avaldatakse sotsiaalv\u00f5rgustikes Tellimused, mis on tehtud ja tasutud enne kella 13:00, saadetakse teele samal p\u00e4eval, P\u00e4rast kella 13.00 tehtud ja tasutud tellimused saadetakse teele j\u00e4rgmisel t\u00f6\u00f6p\u00e4eval, Laup\u00e4eval ja p\u00fchap\u00e4eval tehtud ja tasutud tellimused saadetakse teele esmasp\u00e4eval. Tarneteave Balti riikide jaoks (LV, LT, EE) Tarneaeg: 1-2 W\/D 1-V\u00f5tke kaubad vastu koju Kohaletoimetamise hind: Tellimustele \u00fcle 55 EUR &#8211; 0 EuroTellimustele 1-55 EUR &#8211; 5 Euro 2-Lockers and Pick-up points (Pickup Points)Kohaletoimetamise hind: Tellimustele \u00fcle 35 EUR &#8211; 0 EuroTellimustele 1-34&hellip;\" \/>\n<meta property=\"og:url\" content=\"https:\/\/zeodeo.store\/et\/tarne\/\" \/>\n<meta property=\"og:site_name\" content=\"Zeodeo\" \/>\n<meta property=\"article:modified_time\" content=\"2024-05-23T14:50:29+00:00\" \/>\n<meta property=\"og:image\" content=\"https:\/\/zeodeo.store\/wp-content\/uploads\/2023\/12\/Facebook-logo.png\" \/>\n<meta name=\"twitter:card\" content=\"summary_large_image\" \/>\n<script type=\"application\/ld+json\" class=\"yoast-schema-graph\">{\"@context\":\"https:\/\/schema.org\",\"@graph\":[{\"@type\":\"WebPage\",\"@id\":\"https:\/\/zeodeo.store\/et\/tarne\/\",\"url\":\"https:\/\/zeodeo.store\/et\/tarne\/\",\"name\":\"Tarne - Zeodeo\",\"isPartOf\":{\"@id\":\"https:\/\/zeodeo.store\/et\/#website\"},\"primaryImageOfPage\":{\"@id\":\"https:\/\/zeodeo.store\/et\/tarne\/#primaryimage\"},\"image\":{\"@id\":\"https:\/\/zeodeo.store\/et\/tarne\/#primaryimage\"},\"thumbnailUrl\":\"https:\/\/zeodeo.store\/wp-content\/uploads\/2023\/12\/Facebook-logo.png\",\"datePublished\":\"2022-10-23T17:27:15+00:00\",\"dateModified\":\"2024-05-23T14:50:29+00:00\",\"breadcrumb\":{\"@id\":\"https:\/\/zeodeo.store\/et\/tarne\/#breadcrumb\"},\"inLanguage\":\"et\",\"potentialAction\":[{\"@type\":\"ReadAction\",\"target\":[\"https:\/\/zeodeo.store\/et\/tarne\/\"]}]},{\"@type\":\"ImageObject\",\"inLanguage\":\"et\",\"@id\":\"https:\/\/zeodeo.store\/et\/tarne\/#primaryimage\",\"url\":\"https:\/\/zeodeo.store\/wp-content\/uploads\/2023\/12\/Facebook-logo.png\",\"contentUrl\":\"https:\/\/zeodeo.store\/wp-content\/uploads\/2023\/12\/Facebook-logo.png\"},{\"@type\":\"BreadcrumbList\",\"@id\":\"https:\/\/zeodeo.store\/et\/tarne\/#breadcrumb\",\"itemListElement\":[{\"@type\":\"ListItem\",\"position\":1,\"name\":\"Home\",\"item\":\"https:\/\/zeodeo.store\/et\/\"},{\"@type\":\"ListItem\",\"position\":2,\"name\":\"Tarne\"}]},{\"@type\":\"WebSite\",\"@id\":\"https:\/\/zeodeo.store\/et\/#website\",\"url\":\"https:\/\/zeodeo.store\/et\/\",\"name\":\"Zeodeo\",\"description\":\"Zeolite pellets for dual layer cat litter pellets\",\"potentialAction\":[{\"@type\":\"SearchAction\",\"target\":{\"@type\":\"EntryPoint\",\"urlTemplate\":\"https:\/\/zeodeo.store\/et\/?s={search_term_string}\"},\"query-input\":{\"@type\":\"PropertyValueSpecification\",\"valueRequired\":true,\"valueName\":\"search_term_string\"}}],\"inLanguage\":\"et\"}]}<\/script>\n<!-- \/ Yoast SEO Premium plugin. -->","yoast_head_json":{"title":"Tarne - Zeodeo","robots":{"index":"index","follow":"follow","max-snippet":"max-snippet:-1","max-image-preview":"max-image-preview:large","max-video-preview":"max-video-preview:-1"},"canonical":"https:\/\/zeodeo.store\/et\/tarne\/","og_locale":"et_EE","og_type":"article","og_title":"Tarne","og_description":"Teated p\u00fchade ja n\u00e4dalavahetuste kohta avaldatakse sotsiaalv\u00f5rgustikes Tellimused, mis on tehtud ja tasutud enne kella 13:00, saadetakse teele samal p\u00e4eval, P\u00e4rast kella 13.00 tehtud ja tasutud tellimused saadetakse teele j\u00e4rgmisel t\u00f6\u00f6p\u00e4eval, Laup\u00e4eval ja p\u00fchap\u00e4eval tehtud ja tasutud tellimused saadetakse teele esmasp\u00e4eval. Tarneteave Balti riikide jaoks (LV, LT, EE) Tarneaeg: 1-2 W\/D 1-V\u00f5tke kaubad vastu koju Kohaletoimetamise hind: Tellimustele \u00fcle 55 EUR &#8211; 0 EuroTellimustele 1-55 EUR &#8211; 5 Euro 2-Lockers and Pick-up points (Pickup Points)Kohaletoimetamise hind: Tellimustele \u00fcle 35 EUR &#8211; 0 EuroTellimustele 1-34&hellip;","og_url":"https:\/\/zeodeo.store\/et\/tarne\/","og_site_name":"Zeodeo","article_modified_time":"2024-05-23T14:50:29+00:00","og_image":[{"url":"https:\/\/zeodeo.store\/wp-content\/uploads\/2023\/12\/Facebook-logo.png"}],"twitter_card":"summary_large_image","schema":{"@context":"https:\/\/schema.org","@graph":[{"@type":"WebPage","@id":"https:\/\/zeodeo.store\/et\/tarne\/","url":"https:\/\/zeodeo.store\/et\/tarne\/","name":"Tarne - Zeodeo","isPartOf":{"@id":"https:\/\/zeodeo.store\/et\/#website"},"primaryImageOfPage":{"@id":"https:\/\/zeodeo.store\/et\/tarne\/#primaryimage"},"image":{"@id":"https:\/\/zeodeo.store\/et\/tarne\/#primaryimage"},"thumbnailUrl":"https:\/\/zeodeo.store\/wp-content\/uploads\/2023\/12\/Facebook-logo.png","datePublished":"2022-10-23T17:27:15+00:00","dateModified":"2024-05-23T14:50:29+00:00","breadcrumb":{"@id":"https:\/\/zeodeo.store\/et\/tarne\/#breadcrumb"},"inLanguage":"et","potentialAction":[{"@type":"ReadAction","target":["https:\/\/zeodeo.store\/et\/tarne\/"]}]},{"@type":"ImageObject","inLanguage":"et","@id":"https:\/\/zeodeo.store\/et\/tarne\/#primaryimage","url":"https:\/\/zeodeo.store\/wp-content\/uploads\/2023\/12\/Facebook-logo.png","contentUrl":"https:\/\/zeodeo.store\/wp-content\/uploads\/2023\/12\/Facebook-logo.png"},{"@type":"BreadcrumbList","@id":"https:\/\/zeodeo.store\/et\/tarne\/#breadcrumb","itemListElement":[{"@type":"ListItem","position":1,"name":"Home","item":"https:\/\/zeodeo.store\/et\/"},{"@type":"ListItem","position":2,"name":"Tarne"}]},{"@type":"WebSite","@id":"https:\/\/zeodeo.store\/et\/#website","url":"https:\/\/zeodeo.store\/et\/","name":"Zeodeo","description":"Zeolite pellets for dual layer cat litter pellets","potentialAction":[{"@type":"SearchAction","target":{"@type":"EntryPoint","urlTemplate":"https:\/\/zeodeo.store\/et\/?s={search_term_string}"},"query-input":{"@type":"PropertyValueSpecification","valueRequired":true,"valueName":"search_term_string"}}],"inLanguage":"et"}]}},"_links":{"self":[{"href":"https:\/\/zeodeo.store\/et\/wp-json\/wp\/v2\/pages\/1961"}],"collection":[{"href":"https:\/\/zeodeo.store\/et\/wp-json\/wp\/v2\/pages"}],"about":[{"href":"https:\/\/zeodeo.store\/et\/wp-json\/wp\/v2\/types\/page"}],"author":[{"embeddable":true,"href":"https:\/\/zeodeo.store\/et\/wp-json\/wp\/v2\/users\/1"}],"replies":[{"embeddable":true,"href":"https:\/\/zeodeo.store\/et\/wp-json\/wp\/v2\/comments?post=1961"}],"version-history":[{"count":14,"href":"https:\/\/zeodeo.store\/et\/wp-json\/wp\/v2\/pages\/1961\/revisions"}],"predecessor-version":[{"id":7412,"href":"https:\/\/zeodeo.store\/et\/wp-json\/wp\/v2\/pages\/1961\/revisions\/7412"}],"wp:attachment":[{"href":"https:\/\/zeodeo.store\/et\/wp-json\/wp\/v2\/media?parent=1961"}],"curies":[{"name":"wp","href":"https:\/\/api.w.org\/{rel}","templated":true}]}}