{"id":1258,"date":"2022-10-26T15:48:59","date_gmt":"2022-10-26T15:48:59","guid":{"rendered":"http:\/\/zeodeo.store\/?page_id=1258"},"modified":"2022-12-06T20:23:32","modified_gmt":"2022-12-06T18:23:32","slug":"privacy-policy","status":"publish","type":"page","link":"https:\/\/zeodeo.store\/et\/privacy-policy\/","title":{"rendered":"Privaatsuspoliitika"},"content":{"rendered":"\n<p>J\u00f5ustumiskuup\u00e4ev: 05.09.2022<\/p>\n\n\n\n<p>Emako LTD (&#8220;meie&#8221;, &#8220;meie&#8221; v\u00f5i &#8220;meie&#8221;) haldab veebisaiti https:\/\/zeodeo.store\/ (edaspidi &#8220;teenus&#8221;).<\/p>\n\n\n\n<p>See leht teavitab teid meie poliitikast, mis puudutab isikuandmete kogumist, kasutamist ja avaldamist, kui kasutate meie teenust, ning valikutest, mille olete nende andmetega seostanud.<\/p>\n\n\n\n<p>Kasutame teie andmeid teenuse osutamiseks ja t\u00e4iustamiseks. Teenust kasutades n\u00f5ustute teabe kogumise ja kasutamisega vastavalt k\u00e4esolevale poliitikale. Kui k\u00e4esolevas privaatsuspoliitikas ei ole teisiti m\u00e4\u00e4ratletud, on selles privaatsuspoliitikas kasutatud terminid samad t\u00e4hendused kui meie Tingimustes, millele p\u00e4\u00e4seb juurde aadressilt https:\/\/zeodeo.store\/<\/p>\n\n\n\n<p>Definitsioonid<\/p>\n\n\n\n<p>Teenindus<\/p>\n\n\n\n<p>Teenus on https:\/\/zeodeo.store\/ veebisait, mida haldab Emako LTD<\/p>\n\n\n\n<p>Isiklikud andmed<\/p>\n\n\n\n<p>Isikuandmed t\u00e4hendavad andmeid elava isiku kohta, kes on nende andmete (v\u00f5i nende ja muu meie valduses oleva v\u00f5i t\u00f5en\u00e4oliselt meie valdusesse j\u00f5udva teabe) p\u00f5hjal tuvastatav.<\/p>\n\n\n\n<p>Kasutusandmed<\/p>\n\n\n\n<p>Kasutusandmed on automaatselt kogutavad andmed, mis on genereeritud kas Teenuse kasutamise v\u00f5i Teenuse infrastruktuuri enda kaudu (n\u00e4iteks lehe k\u00fclastuse kestus).<\/p>\n\n\n\n<p>K\u00fcpsised<\/p>\n\n\n\n<p>K\u00fcpsised on v\u00e4ikesed failid, mis salvestatakse teie seadmesse (arvutisse v\u00f5i mobiilseadmesse).<\/p>\n\n\n\n<p>Teabe kogumine ja kasutamine<\/p>\n\n\n\n<p>Kogume mitut erinevat t\u00fc\u00fcpi teavet erinevatel eesm\u00e4rkidel, et pakkuda ja t\u00e4iustada teile oma teenust.<\/p>\n\n\n\n<p>Kogutud andmete t\u00fc\u00fcbid<\/p>\n\n\n\n<p>Isiklikud andmed<\/p>\n\n\n\n<p>Teenuse kasutamise ajal v\u00f5ime paluda teil esitada meile teatud isikut tuvastav teave, mida saab kasutada teiega \u00fchenduse v\u00f5tmiseks v\u00f5i teie tuvastamiseks (&#8220;Isikuandmed&#8221;). Isiku tuvastamise teave v\u00f5ib h\u00f5lmata, kuid mitte ainult:<\/p>\n\n\n\n<p>E-posti aadress<\/p>\n\n\n\n<p>Eesnimi ja perekonnanimi<\/p>\n\n\n\n<p>Telefoninumber<\/p>\n\n\n\n<p>Aadress, osariik, provints, sihtnumber, linn<\/p>\n\n\n\n<p>K\u00fcpsised ja kasutusandmed<\/p>\n\n\n\n<p>V\u00f5ime kasutada teie isikuandmeid teiega \u00fchenduse v\u00f5tmiseks uudiskirjade, turundus- v\u00f5i reklaammaterjalide ja muu teile huvipakkuva teabe edastamiseks. V\u00f5ite meiega \u00fchendust v\u00f5ttes loobuda meilt m\u00f5ne v\u00f5i k\u00f5igi nende teadete saamisest.<\/p>\n\n\n\n<p>Kasutusandmed<\/p>\n\n\n\n<p>Samuti v\u00f5ime koguda teavet selle kohta, kuidas Teenusele juurde p\u00e4\u00e4seb ja kuidas seda kasutatakse (&#8220;Kasutusandmed&#8221;). Need kasutusandmed v\u00f5ivad sisaldada sellist teavet nagu teie arvuti Interneti-protokolli aadress (nt IP-aadress), brauseri t\u00fc\u00fcp, brauseri versioon, meie teenuse lehed, mida k\u00fclastate, teie k\u00fclastuse aeg ja kuup\u00e4ev, nendel lehtedel veedetud aeg, kordumatu seadme identifikaatorid ja muud diagnostikaandmed.<\/p>\n\n\n\n<p>Asukohaandmed<\/p>\n\n\n\n<p>V\u00f5ime kasutada ja salvestada teavet teie asukoha kohta, kui annate meile selleks loa (&#8220;asukohaandmed&#8221;). Kasutame neid andmeid oma teenuse funktsioonide pakkumiseks, teenuse t\u00e4iustamiseks ja kohandamiseks.<\/p>\n\n\n\n<p>Saate asukohateenused lubada v\u00f5i keelata, kui kasutate meie teenust igal ajal oma seadme seadete kaudu.<\/p>\n\n\n\n<p>J\u00e4lgimis- ja k\u00fcpsiste andmed<\/p>\n\n\n\n<p>Kasutame oma teenuses toimuva tegevuse j\u00e4lgimiseks k\u00fcpsiseid ja sarnaseid j\u00e4lgimistehnoloogiaid ning hoiame teatud teavet.<\/p>\n\n\n\n<p>K\u00fcpsised on v\u00e4ikese andmemahuga failid, mis v\u00f5ivad sisaldada anon\u00fc\u00fcmset kordumatut identifikaatorit. K\u00fcpsised saadetakse veebisaidilt teie brauserisse ja salvestatakse teie seadmesse. Teabe kogumiseks ja j\u00e4lgimiseks ning meie teenuse t\u00e4iustamiseks ja anal\u00fc\u00fcsimiseks kasutatakse ka muid j\u00e4lgimistehnoloogiaid, nagu majakad, sildid ja skriptid.<\/p>\n\n\n\n<p>Saate anda brauserile k\u00e4su keelduda k\u00f5igist k\u00fcpsistest v\u00f5i anda m\u00e4rku k\u00fcpsise saatmisest. Kui te aga k\u00fcpsiseid ei aktsepteeri, ei pruugi teil olla v\u00f5imalik m\u00f5nda meie teenuse osa kasutada.<\/p>\n\n\n\n<p>N\u00e4ited meie kasutatavatest k\u00fcpsistest:<\/p>\n\n\n\n<p>Seansik\u00fcpsised. Kasutame oma teenuse kasutamiseks seansik\u00fcpsiseid.<\/p>\n\n\n\n<p>Eelistusk\u00fcpsised. Kasutame eelistuste k\u00fcpsiseid, et meeles pidada teie eelistusi ja erinevaid seadeid.<\/p>\n\n\n\n<p>Turvak\u00fcpsised. Turvalisuse eesm\u00e4rgil kasutame turvak\u00fcpsiseid.<\/p>\n\n\n\n<p>Andmete kasutamine<\/p>\n\n\n\n<p>Emako LTD kasutab kogutud andmeid erinevatel eesm\u00e4rkidel:<\/p>\n\n\n\n<p>Meie teenuse osutamiseks ja hooldamiseks<\/p>\n\n\n\n<p>Et teavitada teid meie teenuse muudatustest<\/p>\n\n\n\n<p>V\u00f5imaldamaks teil osaleda meie teenuse interaktiivsetes funktsioonides, kui soovite seda teha<\/p>\n\n\n\n<p>Klienditoe pakkumiseks<\/p>\n\n\n\n<p>Anal\u00fc\u00fcsi v\u00f5i v\u00e4\u00e4rtusliku teabe kogumiseks, et saaksime oma teenust t\u00e4iustada<\/p>\n\n\n\n<p>Meie teenuse kasutamise j\u00e4lgimiseks<\/p>\n\n\n\n<p>Tehniliste probleemide tuvastamiseks, ennetamiseks ja lahendamiseks<\/p>\n\n\n\n<p>Et pakkuda teile uudiseid, eripakkumisi ja \u00fcldist teavet muude meie pakutavate kaupade, teenuste ja s\u00fcndmuste kohta, mis on sarnased nendega, mille olete juba ostnud v\u00f5i mille kohta olete k\u00fcsinud, v\u00e4lja arvatud juhul, kui olete otsustanud sellist teavet mitte saada.<br>SAIDIL SISESTATUD ANDMETE KASUTAMINE JA KONFIDENTSIAALSUS<\/p>\n\n\n\n<p>O\u00dc &#8220;Emako&#8221; teatab, et oma e-posti aadressi t\u00e4psustamisega n\u00f5ustute, et see lisatakse andmebaasi ja talle saab veebilehelt saata teate\/meeldetuletuse alanud, kuid veel l\u00f5petamata kaubatellimuste kohta. www.Zeodeo.store<\/p>\n\n\n\n<p>Veebipoodi kasutades n\u00f5ustute, et LTD &#8220;Emako&#8221; v\u00f5i m\u00f5ni muu kolmas isik, kes tegutseb LTD &#8220;Emako&#8221; nimel, v\u00f5ib koguda ja salvestada andmeid, mis v\u00f5imaldavad j\u00e4lgida ja valida:<br>veebisaidi k\u00fclastajate koguarv,<\/p>\n\n\n\n<p>veebisaidi iga eraldi jaotise k\u00fclastajate arv,<\/p>\n\n\n\n<p>k\u00fclastajaid teenindanud Interneti-teenuse pakkujate domeeninimed LTD &#8220;Emako&#8221;,<\/p>\n\n\n\n<p>IP-aadressid,<\/p>\n\n\n\n<p>muud andmed, mille kasutamise eesm\u00e4rgiks on s\u00fcsteemi haldamine, samuti veebilehe www.Zeodeo.store kasutamise j\u00e4lgimiseks ja paremaks korraldamiseks<\/p>\n\n\n\n<p>LTD &#8220;Emako&#8221; ei seo kasutaja IP-aadressi ja e-posti andmetega, mis v\u00f5imaldavad seda kasutajat tuvastada. See t\u00e4hendab, et iga kasutaja seanss registreeritakse, kuid veebilehe kasutaja j\u00e4\u00e4b anon\u00fc\u00fcmseks.<br>K\u00f5ik materjalid, mis saadetakse v\u00f5i sisestatakse Veebipoodi, l\u00e4hevad O\u00dc &#8220;Emako&#8221; omandisse, mida O\u00dc &#8220;Emako&#8221; kui Veebipoe omanikul on \u00f5igus kasutada isiklikeks vajadusteks, v\u00e4lja arvatud \u00fcksikisikute andmed.<\/p>\n\n\n\n<p>Andmete edastamine<\/p>\n\n\n\n<p>Teie teavet, sealhulgas isikuandmeid, v\u00f5idakse edastada arvutitesse, mis asuvad v\u00e4ljaspool teie osariiki, provintsi, riiki v\u00f5i muud valitsuse jurisdiktsiooni, kus andmekaitseseadused v\u00f5ivad teie jurisdiktsiooni omadest erineda, ja neid v\u00f5ib s\u00e4ilitada.<\/p>\n\n\n\n<p>Kui asute v\u00e4ljaspool L\u00e4tit ja otsustate meile teavet edastada, v\u00f5tke arvesse, et edastame andmed, sealhulgas Isikuandmed, L\u00e4tti ja t\u00f6\u00f6tleme neid seal.<\/p>\n\n\n\n<p>Teie n\u00f5usolek selle privaatsuspoliitikaga, millele j\u00e4rgneb sellise teabe esitamine, n\u00e4itab teie n\u00f5usolekut selle edastamisega.<\/p>\n\n\n\n<p>Emako LTD v\u00f5tab k\u00f5ik m\u00f5istlikult vajalikud meetmed tagamaks, et teie andmeid t\u00f6\u00f6deldakse turvaliselt ja koosk\u00f5las k\u00e4esoleva privaatsuspoliitikaga ning teie isikuandmeid ei edastata organisatsioonile v\u00f5i riigile, v\u00e4lja arvatud juhul, kui on olemas piisavad kontrollid, sealhulgas turvalisus. teie andmetest ja muust isikuandmetest.<\/p>\n\n\n\n<p>Andmete avalikustamine<\/p>\n\n\n\n<p>Seaduslikud n\u00f5udmised<\/p>\n\n\n\n<p>Emako LTD v\u00f5ib avaldada teie isikuandmeid heas usus, et selline tegevus on vajalik selleks, et:<\/p>\n\n\n\n<p>T\u00e4itma seadusest tulenevat kohustust<\/p>\n\n\n\n<p>Emako LTD \u00f5iguste v\u00f5i vara kaitsmiseks ja kaitsmiseks<\/p>\n\n\n\n<p>Teenusega seotud v\u00f5imalike \u00f5igusrikkumiste ennetamiseks v\u00f5i uurimiseks<\/p>\n\n\n\n<p>Teenuse kasutajate v\u00f5i avalikkuse isikliku turvalisuse kaitsmiseks<\/p>\n\n\n\n<p>Kaitseks juriidilise vastutuse eest<\/p>\n\n\n\n<p>Andmete turvalisus<\/p>\n\n\n\n<p>Teie andmete turvalisus on meie jaoks oluline, kuid pidage meeles, et \u00fckski Interneti kaudu edastamise meetod ega elektrooniline s\u00e4ilitamisviis ei ole 100% turvaline. Kuigi me p\u00fc\u00fcame kasutada teie isikuandmete kaitsmiseks \u00e4riliselt vastuv\u00f5etavaid vahendeid, ei saa me tagada nende t\u00e4ielikku turvalisust.<\/p>\n\n\n\n<p>Teenusepakkujad<\/p>\n\n\n\n<p>V\u00f5ime oma teenuse h\u00f5lbustamiseks (&#8220;teenusepakkujad&#8221;), teenuse osutamiseks meie nimel, teenusega seotud teenuste osutamiseks v\u00f5i meie teenuse kasutamise anal\u00fc\u00fcsimisel abistamiseks t\u00f6\u00f6le v\u00f5tta kolmandatest osapooltest ettev\u00f5tteid ja isikuid (&#8220;teenusepakkujad&#8221;).<\/p>\n\n\n\n<p>Nendel kolmandatel isikutel on juurdep\u00e4\u00e4s teie isikuandmetele ainult nende \u00fclesannete t\u00e4itmiseks meie nimel ja nad on kohustatud neid mitte avaldama ega kasutama muul eesm\u00e4rgil.<\/p>\n\n\n\n<p>K\u00e4itumuslik uuesti turundamine<\/p>\n\n\n\n<p>Emako LTD kasutab uuesti turundamise teenuseid, et p\u00e4rast meie teenuse k\u00fclastamist teile kolmandate osapoolte veebisaitidel reklaamida. Meie ja meie kolmandatest osapooltest m\u00fc\u00fcjad kasutame k\u00fcpsiseid, et teavitada, optimeerida ja esitada reklaame teie varasemate meie teenuse k\u00fclastuste p\u00f5hjal.<\/p>\n\n\n\n<p>Google Ads (AdWords)<\/p>\n\n\n\n<p>Google Adsi (AdWords) uuesti turundamise teenust pakub Google Inc.<\/p>\n\n\n\n<p>Saate Google Analyticsist displeireklaamide jaoks loobuda ja Google&#8217;i Display-v\u00f5rgustiku reklaame kohandada, k\u00fclastades Google&#8217;i reklaamide seadete lehte: http:\/\/www.google.com\/settings\/ads<\/p>\n\n\n\n<p>Google soovitab oma veebibrauseri jaoks installida ka Google Analyticsi loobumisbrauseri lisandmooduli https:\/\/tools.google.com\/dlpage\/gaoptout. Google Analyticsi loobumisbrauseri lisandmoodul annab k\u00fclastajatele v\u00f5imaluse takistada nende andmete kogumist ja kasutamist Google Analyticsi poolt.<\/p>\n\n\n\n<p>Lisateabe saamiseks Google&#8217;i privaatsustavade kohta k\u00fclastage Google&#8217;i privaatsuse ja tingimuste veebilehte: https:\/\/policies.google.com\/privacy?hl=et<\/p>\n\n\n\n<p>Facebook<\/p>\n\n\n\n<p>Facebooki uuesti turundamise teenust pakub Facebook Inc.<\/p>\n\n\n\n<p>Facebooki huvip\u00f5hise reklaamimise kohta saate lisateavet, k\u00fclastades seda lehte: https:\/\/www.facebook.com\/help\/164968693837950<\/p>\n\n\n\n<p>Facebooki huvip\u00f5histest reklaamidest loobumiseks j\u00e4rgige Facebooki juhiseid: https:\/\/www.facebook.com\/help\/568137493302217<\/p>\n\n\n\n<p>Facebook j\u00e4rgib k\u00e4itumisp\u00f5hise veebireklaami isereguleerivaid p\u00f5him\u00f5tteid, mille on kehtestanud Digital Advertising Alliance. Samuti saate Facebookist ja teistest osalevatest ettev\u00f5tetest loobuda USA Digital Advertising Alliance&#8217;i http:\/\/www.aboutads.info\/choices\/, Kanada Digital Advertising Alliance&#8217;i kaudu Kanadas http:\/\/youradchoices.ca\/ v\u00f5i European Interactive Digital Advertising Alliance in Europe http:\/\/www.youronlinechoices.eu\/ v\u00f5i loobuge oma mobiilseadme seadete abil.<\/p>\n\n\n\n<p>Facebooki privaatsustavade kohta lisateabe saamiseks k\u00fclastage Facebooki andmepoliitikat: https:\/\/www.facebook.com\/privacy\/explanation<\/p>\n\n\n\n<p>Teenusepakkujad<\/p>\n\n\n\n<p>T\u00f6\u00f6tame kolmandate osapoolte ettev\u00f5tteid ja \u00fcksikisikuid, et h\u00f5lbustada meie veebisaiti (&#8220;teenusepakkujad&#8221;), pakkuda meie nimel veebisaiti, osutada veebisaidiga seotud teenuseid v\u00f5i aidata meil anal\u00fc\u00fcsida, kuidas meie veebisaiti kasutatakse. Nendel kolmandatel osapooltel on juurdep\u00e4\u00e4s teie isikuandmetele ainult nende \u00fclesannete t\u00e4itmiseks meie nimel ja nad on kohustatud neid mitte avaldama ega kasutama muul eesm\u00e4rgil.<\/p>\n\n\n\n<p>Anal\u00fc\u00fctika<\/p>\n\n\n\n<p>Google Analytics on Google&#8217;i pakutav veebianal\u00fc\u00fctika teenus, mis j\u00e4lgib ja annab aru veebisaidi liiklusest. Google kasutab kogutud andmeid meie teenuse kasutamise j\u00e4lgimiseks ja j\u00e4lgimiseks. Neid andmeid jagatakse teiste Google&#8217;i teenustega. Google v\u00f5ib kasutada kogutud andmeid oma reklaamiv\u00f5rgustiku reklaamide kontekstualiseerimiseks ja isikup\u00e4rastamiseks.<\/p>\n\n\n\n<p>Saate loobuda oma tegevuse teenuses Google Analyticsile k\u00e4ttesaadavaks tegemisest, installides Google Analyticsi loobumisbrauseri lisandmooduli. Lisandmoodul takistab Google Analyticsi JavaScriptil (ga.js, analytics.js ja dc.js) jagamast Google Analyticsiga teavet k\u00fclastustegevuse kohta.<\/p>\n\n\n\n<p>Google&#8217;i privaatsustavade kohta lisateabe saamiseks k\u00fclastage Google&#8217;i privaatsuse ja tingimuste veebisaiti: http:\/\/www.google.com\/intl\/et\/policies\/privacy\/<\/p>\n\n\n\n<p>Maksete t\u00f6\u00f6tlejad<\/p>\n\n\n\n<p>Pakume oma veebisaidil tasulisi tooteid ja\/v\u00f5i teenuseid. Sel juhul kasutame maksete t\u00f6\u00f6tlemiseks kolmandate osapoolte teenuseid (nt makset\u00f6\u00f6tlejaid).<\/p>\n\n\n\n<p>Me ei salvesta ega kogu teie maksekaardi andmeid. See teave edastatakse otse meie kolmandatest osapooltest makset\u00f6\u00f6tlejatele, kelle isikuandmete kasutamist reguleerivad nende privaatsuspoliitika. Need makset\u00f6\u00f6tlejad j\u00e4rgivad PCI-DSS-i kehtestatud standardeid, mida haldab PCI turvastandardite n\u00f5ukogu.<\/p>\n","protected":false},"excerpt":{"rendered":"<p>J\u00f5ustumiskuup\u00e4ev: 05.09.2022 Emako LTD (&#8220;meie&#8221;, &#8220;meie&#8221; v\u00f5i &#8220;meie&#8221;) haldab veebisaiti https:\/\/zeodeo.store\/ (edaspidi &#8220;teenus&#8221;). See leht teavitab teid meie poliitikast, mis puudutab isikuandmete kogumist, kasutamist ja avaldamist, kui kasutate meie teenust, ning valikutest, mille olete nende andmetega seostanud. Kasutame teie andmeid teenuse osutamiseks ja t\u00e4iustamiseks. Teenust kasutades n\u00f5ustute teabe kogumise ja kasutamisega vastavalt k\u00e4esolevale poliitikale. Kui k\u00e4esolevas privaatsuspoliitikas ei ole teisiti m\u00e4\u00e4ratletud, on selles privaatsuspoliitikas kasutatud terminid samad t\u00e4hendused kui meie Tingimustes, millele p\u00e4\u00e4seb juurde aadressilt https:\/\/zeodeo.store\/ Definitsioonid Teenindus Teenus on https:\/\/zeodeo.store\/ veebisait, mida haldab&hellip;<\/p>\n","protected":false},"author":1,"featured_media":0,"parent":0,"menu_order":0,"comment_status":"closed","ping_status":"closed","template":"","meta":{"footnotes":""},"yoast_head":"<!-- This site is optimized with the Yoast SEO Premium plugin v22.2 (Yoast SEO v23.5) - https:\/\/yoast.com\/wordpress\/plugins\/seo\/ -->\n<title>Privaatsuspoliitika - Zeodeo<\/title>\n<meta name=\"robots\" content=\"index, follow, max-snippet:-1, max-image-preview:large, max-video-preview:-1\" \/>\n<link rel=\"canonical\" href=\"https:\/\/zeodeo.store\/et\/privacy-policy\/\" \/>\n<meta property=\"og:locale\" content=\"et_EE\" \/>\n<meta property=\"og:type\" content=\"article\" \/>\n<meta property=\"og:title\" content=\"Privaatsuspoliitika\" \/>\n<meta property=\"og:description\" content=\"J\u00f5ustumiskuup\u00e4ev: 05.09.2022 Emako LTD (&#8220;meie&#8221;, &#8220;meie&#8221; v\u00f5i &#8220;meie&#8221;) haldab veebisaiti https:\/\/zeodeo.store\/ (edaspidi &#8220;teenus&#8221;). See leht teavitab teid meie poliitikast, mis puudutab isikuandmete kogumist, kasutamist ja avaldamist, kui kasutate meie teenust, ning valikutest, mille olete nende andmetega seostanud. Kasutame teie andmeid teenuse osutamiseks ja t\u00e4iustamiseks. Teenust kasutades n\u00f5ustute teabe kogumise ja kasutamisega vastavalt k\u00e4esolevale poliitikale. Kui k\u00e4esolevas privaatsuspoliitikas ei ole teisiti m\u00e4\u00e4ratletud, on selles privaatsuspoliitikas kasutatud terminid samad t\u00e4hendused kui meie Tingimustes, millele p\u00e4\u00e4seb juurde aadressilt https:\/\/zeodeo.store\/ Definitsioonid Teenindus Teenus on https:\/\/zeodeo.store\/ veebisait, mida haldab&hellip;\" \/>\n<meta property=\"og:url\" content=\"https:\/\/zeodeo.store\/et\/privacy-policy\/\" \/>\n<meta property=\"og:site_name\" content=\"Zeodeo\" \/>\n<meta property=\"article:modified_time\" content=\"2022-12-06T18:23:32+00:00\" \/>\n<meta name=\"twitter:card\" content=\"summary_large_image\" \/>\n<script type=\"application\/ld+json\" class=\"yoast-schema-graph\">{\"@context\":\"https:\/\/schema.org\",\"@graph\":[{\"@type\":\"WebPage\",\"@id\":\"https:\/\/zeodeo.store\/et\/privacy-policy\/\",\"url\":\"https:\/\/zeodeo.store\/et\/privacy-policy\/\",\"name\":\"Privaatsuspoliitika - Zeodeo\",\"isPartOf\":{\"@id\":\"https:\/\/zeodeo.store\/et\/#website\"},\"datePublished\":\"2022-10-26T15:48:59+00:00\",\"dateModified\":\"2022-12-06T18:23:32+00:00\",\"breadcrumb\":{\"@id\":\"https:\/\/zeodeo.store\/et\/privacy-policy\/#breadcrumb\"},\"inLanguage\":\"et\",\"potentialAction\":[{\"@type\":\"ReadAction\",\"target\":[\"https:\/\/zeodeo.store\/et\/privacy-policy\/\"]}]},{\"@type\":\"BreadcrumbList\",\"@id\":\"https:\/\/zeodeo.store\/et\/privacy-policy\/#breadcrumb\",\"itemListElement\":[{\"@type\":\"ListItem\",\"position\":1,\"name\":\"Home\",\"item\":\"https:\/\/zeodeo.store\/et\/\"},{\"@type\":\"ListItem\",\"position\":2,\"name\":\"Privaatsuspoliitika\"}]},{\"@type\":\"WebSite\",\"@id\":\"https:\/\/zeodeo.store\/et\/#website\",\"url\":\"https:\/\/zeodeo.store\/et\/\",\"name\":\"Zeodeo\",\"description\":\"Zeolite pellets for dual layer cat litter pellets\",\"potentialAction\":[{\"@type\":\"SearchAction\",\"target\":{\"@type\":\"EntryPoint\",\"urlTemplate\":\"https:\/\/zeodeo.store\/et\/?s={search_term_string}\"},\"query-input\":{\"@type\":\"PropertyValueSpecification\",\"valueRequired\":true,\"valueName\":\"search_term_string\"}}],\"inLanguage\":\"et\"}]}<\/script>\n<!-- \/ Yoast SEO Premium plugin. -->","yoast_head_json":{"title":"Privaatsuspoliitika - Zeodeo","robots":{"index":"index","follow":"follow","max-snippet":"max-snippet:-1","max-image-preview":"max-image-preview:large","max-video-preview":"max-video-preview:-1"},"canonical":"https:\/\/zeodeo.store\/et\/privacy-policy\/","og_locale":"et_EE","og_type":"article","og_title":"Privaatsuspoliitika","og_description":"J\u00f5ustumiskuup\u00e4ev: 05.09.2022 Emako LTD (&#8220;meie&#8221;, &#8220;meie&#8221; v\u00f5i &#8220;meie&#8221;) haldab veebisaiti https:\/\/zeodeo.store\/ (edaspidi &#8220;teenus&#8221;). See leht teavitab teid meie poliitikast, mis puudutab isikuandmete kogumist, kasutamist ja avaldamist, kui kasutate meie teenust, ning valikutest, mille olete nende andmetega seostanud. Kasutame teie andmeid teenuse osutamiseks ja t\u00e4iustamiseks. Teenust kasutades n\u00f5ustute teabe kogumise ja kasutamisega vastavalt k\u00e4esolevale poliitikale. Kui k\u00e4esolevas privaatsuspoliitikas ei ole teisiti m\u00e4\u00e4ratletud, on selles privaatsuspoliitikas kasutatud terminid samad t\u00e4hendused kui meie Tingimustes, millele p\u00e4\u00e4seb juurde aadressilt https:\/\/zeodeo.store\/ Definitsioonid Teenindus Teenus on https:\/\/zeodeo.store\/ veebisait, mida haldab&hellip;","og_url":"https:\/\/zeodeo.store\/et\/privacy-policy\/","og_site_name":"Zeodeo","article_modified_time":"2022-12-06T18:23:32+00:00","twitter_card":"summary_large_image","schema":{"@context":"https:\/\/schema.org","@graph":[{"@type":"WebPage","@id":"https:\/\/zeodeo.store\/et\/privacy-policy\/","url":"https:\/\/zeodeo.store\/et\/privacy-policy\/","name":"Privaatsuspoliitika - Zeodeo","isPartOf":{"@id":"https:\/\/zeodeo.store\/et\/#website"},"datePublished":"2022-10-26T15:48:59+00:00","dateModified":"2022-12-06T18:23:32+00:00","breadcrumb":{"@id":"https:\/\/zeodeo.store\/et\/privacy-policy\/#breadcrumb"},"inLanguage":"et","potentialAction":[{"@type":"ReadAction","target":["https:\/\/zeodeo.store\/et\/privacy-policy\/"]}]},{"@type":"BreadcrumbList","@id":"https:\/\/zeodeo.store\/et\/privacy-policy\/#breadcrumb","itemListElement":[{"@type":"ListItem","position":1,"name":"Home","item":"https:\/\/zeodeo.store\/et\/"},{"@type":"ListItem","position":2,"name":"Privaatsuspoliitika"}]},{"@type":"WebSite","@id":"https:\/\/zeodeo.store\/et\/#website","url":"https:\/\/zeodeo.store\/et\/","name":"Zeodeo","description":"Zeolite pellets for dual layer cat litter pellets","potentialAction":[{"@type":"SearchAction","target":{"@type":"EntryPoint","urlTemplate":"https:\/\/zeodeo.store\/et\/?s={search_term_string}"},"query-input":{"@type":"PropertyValueSpecification","valueRequired":true,"valueName":"search_term_string"}}],"inLanguage":"et"}]}},"_links":{"self":[{"href":"https:\/\/zeodeo.store\/et\/wp-json\/wp\/v2\/pages\/1258"}],"collection":[{"href":"https:\/\/zeodeo.store\/et\/wp-json\/wp\/v2\/pages"}],"about":[{"href":"https:\/\/zeodeo.store\/et\/wp-json\/wp\/v2\/types\/page"}],"author":[{"embeddable":true,"href":"https:\/\/zeodeo.store\/et\/wp-json\/wp\/v2\/users\/1"}],"replies":[{"embeddable":true,"href":"https:\/\/zeodeo.store\/et\/wp-json\/wp\/v2\/comments?post=1258"}],"version-history":[{"count":4,"href":"https:\/\/zeodeo.store\/et\/wp-json\/wp\/v2\/pages\/1258\/revisions"}],"predecessor-version":[{"id":2385,"href":"https:\/\/zeodeo.store\/et\/wp-json\/wp\/v2\/pages\/1258\/revisions\/2385"}],"wp:attachment":[{"href":"https:\/\/zeodeo.store\/et\/wp-json\/wp\/v2\/media?parent=1258"}],"curies":[{"name":"wp","href":"https:\/\/api.w.org\/{rel}","templated":true}]}}